{"id":1813,"date":"2020-10-25T07:35:00","date_gmt":"2020-10-25T07:35:00","guid":{"rendered":"http:\/\/www.skagentraad.dk\/?page_id=1813"},"modified":"2021-06-14T07:16:10","modified_gmt":"2021-06-14T07:16:10","slug":"om-os","status":"publish","type":"page","link":"https:\/\/www.skagentraad.dk\/en\/om-os\/","title":{"rendered":"ABOUT US"},"content":{"rendered":"<h1 style=\"text-align: center;\">Skagen Tr\u00e5dindustri har tradition for h\u00f8j kvalitet<\/h1>\n<p><strong>Skagen Tr\u00e5dindustri has a clear mission: We want to deliver products of high quality for better prices than our competitors.\u00a0<\/strong><\/p>\n<p><strong>It does already succeed because we have been doing product development actively since 1986 \u2013 this applies for both general <a href=\"https:\/\/www.skagentraad.dk\/en\/produkter\/\">wire solutions<\/a> for the construction industry and for specific customer needs, where our flexible production has the opportunity to fulfill specific wishes. We have a clear desire to be our customers favorite supplier, which also means that we are capable to deliver high quality products and do it fast.\u00a0<\/strong><\/p>\n<p><strong>As our name indicates, the company was founded in the northernmost city \u2013 Skagen. But due to persistent growth in many years, and despite to a streamlined production and a small organization, we ended up being too big for our facilities in Skagen.&nbsp;<br \/>Therefore, we have moved both our production and administration to bigger facilities in Aalborg. But we have kept the positive name \u2013 Skagen Tr\u00e5dindustri. Translated this means Skagen Wire Industry.<\/strong><\/p>\n<p><strong>It is clearly our goal to be in close dialogue with our supplier of raw materials. This gives us clarity about the delivery situation and large purchases gives us better prices. It\u2019s that simple.<\/strong><\/p>\n<p><strong>Our focus for the future is to be even more focused in our business area. A part of this focus is to make it easier for our customers to get advices and guidance. And in that context, we have developed this website as an alternative to price lists and information in paper form. Furthermore, we have a persistent focus on delivering quality products for better prices than our competitors. <\/strong><\/p>","protected":false},"excerpt":{"rendered":"<p>Skagen Tr\u00e5dindustri har tradition for h\u00f8j kvalitet Skagen Tr\u00e5dindustri har en klar mission: Vi \u00f8nsker at levere kvalitetsprodukter til bedre priser end vores konkurrenter.\u00a0 N\u00e5r det allerede lykkes nu, er det fordi, vi siden 1986 har v\u00e6ret aktive p\u00e5 produktudvikling &#8211; dette b\u00e5de p\u00e5 generelle tr\u00e5dl\u00f8sninger til bygningsindustrien men ogs\u00e5 [&#8230;]<\/p>\n","protected":false},"author":4,"featured_media":0,"parent":0,"menu_order":0,"comment_status":"closed","ping_status":"closed","template":"","meta":[],"yoast_head":"<!-- This site is optimized with the Yoast SEO plugin v19.13 - https:\/\/yoast.com\/wordpress\/plugins\/seo\/ -->\n<title>Skagen Tr\u00e5dindustri - Kvalitetsprodukter til bedre priser<\/title>\n<meta name=\"description\" content=\"Skagen Tr\u00e5dindustri har lange traditioner inden for produktion kvalitetsprodukter til bedre priser - b\u00e5de generelle tr\u00e5dvarer og specifikke kunde\u00f8nsker.\" \/>\n<meta name=\"robots\" content=\"index, follow, max-snippet:-1, max-image-preview:large, max-video-preview:-1\" \/>\n<link rel=\"canonical\" href=\"https:\/\/www.skagentraad.dk\/en\/om-os\/\" \/>\n<meta property=\"og:locale\" content=\"en_GB\" \/>\n<meta property=\"og:type\" content=\"article\" \/>\n<meta property=\"og:title\" content=\"Skagen Tr\u00e5dindustri - Kvalitetsprodukter til bedre priser\" \/>\n<meta property=\"og:description\" content=\"Skagen Tr\u00e5dindustri har lange traditioner inden for produktion kvalitetsprodukter til bedre priser - b\u00e5de generelle tr\u00e5dvarer og specifikke kunde\u00f8nsker.\" \/>\n<meta property=\"og:url\" content=\"https:\/\/www.skagentraad.dk\/en\/om-os\/\" \/>\n<meta property=\"og:site_name\" content=\"Skagen Tr\u00e5dindustri\" \/>\n<meta property=\"article:modified_time\" content=\"2021-06-14T07:16:10+00:00\" \/>\n<meta name=\"twitter:card\" content=\"summary_large_image\" \/>\n<meta name=\"twitter:label1\" content=\"Estimated reading time\" \/>\n\t<meta name=\"twitter:data1\" content=\"2 minutes\" \/>\n<script type=\"application\/ld+json\" class=\"yoast-schema-graph\">{\"@context\":\"https:\/\/schema.org\",\"@graph\":[{\"@type\":\"WebPage\",\"@id\":\"https:\/\/www.skagentraad.dk\/om-os\/\",\"url\":\"https:\/\/www.skagentraad.dk\/om-os\/\",\"name\":\"Skagen Tr\u00e5dindustri - Kvalitetsprodukter til bedre priser\",\"isPartOf\":{\"@id\":\"https:\/\/www.skagentraad.dk\/#website\"},\"datePublished\":\"2020-10-25T07:35:00+00:00\",\"dateModified\":\"2021-06-14T07:16:10+00:00\",\"description\":\"Skagen Tr\u00e5dindustri har lange traditioner inden for produktion kvalitetsprodukter til bedre priser - b\u00e5de generelle tr\u00e5dvarer og specifikke kunde\u00f8nsker.\",\"breadcrumb\":{\"@id\":\"https:\/\/www.skagentraad.dk\/om-os\/#breadcrumb\"},\"inLanguage\":\"en-GB\",\"potentialAction\":[{\"@type\":\"ReadAction\",\"target\":[\"https:\/\/www.skagentraad.dk\/om-os\/\"]}]},{\"@type\":\"BreadcrumbList\",\"@id\":\"https:\/\/www.skagentraad.dk\/om-os\/#breadcrumb\",\"itemListElement\":[{\"@type\":\"ListItem\",\"position\":1,\"name\":\"Hjem\",\"item\":\"https:\/\/www.skagentraad.dk\/\"},{\"@type\":\"ListItem\",\"position\":2,\"name\":\"OM OS\"}]},{\"@type\":\"WebSite\",\"@id\":\"https:\/\/www.skagentraad.dk\/#website\",\"url\":\"https:\/\/www.skagentraad.dk\/\",\"name\":\"Skagen Tr\u00e5dindustri\",\"description\":\"Leverand\u00f8r af rustfrit armeringsst\u00e5l til brug for bygge- og anl\u00e6gsbranchen\",\"publisher\":{\"@id\":\"https:\/\/www.skagentraad.dk\/#organization\"},\"potentialAction\":[{\"@type\":\"SearchAction\",\"target\":{\"@type\":\"EntryPoint\",\"urlTemplate\":\"https:\/\/www.skagentraad.dk\/?s={search_term_string}\"},\"query-input\":\"required name=search_term_string\"}],\"inLanguage\":\"en-GB\"},{\"@type\":\"Organization\",\"@id\":\"https:\/\/www.skagentraad.dk\/#organization\",\"name\":\"Skagen Tr\u00e5dindustri\",\"url\":\"https:\/\/www.skagentraad.dk\/\",\"logo\":{\"@type\":\"ImageObject\",\"inLanguage\":\"en-GB\",\"@id\":\"https:\/\/www.skagentraad.dk\/#\/schema\/logo\/image\/\",\"url\":\"https:\/\/www.skagentraad.dk\/wp-content\/uploads\/2015\/01\/logo_top.png\",\"contentUrl\":\"https:\/\/www.skagentraad.dk\/wp-content\/uploads\/2015\/01\/logo_top.png\",\"width\":350,\"height\":108,\"caption\":\"Skagen Tr\u00e5dindustri\"},\"image\":{\"@id\":\"https:\/\/www.skagentraad.dk\/#\/schema\/logo\/image\/\"}}]}<\/script>\n<!-- \/ Yoast SEO plugin. -->","yoast_head_json":{"title":"Skagen Tr\u00e5dindustri - Kvalitetsprodukter til bedre priser","description":"Skagen Tr\u00e5dindustri har lange traditioner inden for produktion kvalitetsprodukter til bedre priser - b\u00e5de generelle tr\u00e5dvarer og specifikke kunde\u00f8nsker.","robots":{"index":"index","follow":"follow","max-snippet":"max-snippet:-1","max-image-preview":"max-image-preview:large","max-video-preview":"max-video-preview:-1"},"canonical":"https:\/\/www.skagentraad.dk\/en\/om-os\/","og_locale":"en_GB","og_type":"article","og_title":"Skagen Tr\u00e5dindustri - Kvalitetsprodukter til bedre priser","og_description":"Skagen Tr\u00e5dindustri har lange traditioner inden for produktion kvalitetsprodukter til bedre priser - b\u00e5de generelle tr\u00e5dvarer og specifikke kunde\u00f8nsker.","og_url":"https:\/\/www.skagentraad.dk\/en\/om-os\/","og_site_name":"Skagen Tr\u00e5dindustri","article_modified_time":"2021-06-14T07:16:10+00:00","twitter_card":"summary_large_image","twitter_misc":{"Estimated reading time":"2 minutes"},"schema":{"@context":"https:\/\/schema.org","@graph":[{"@type":"WebPage","@id":"https:\/\/www.skagentraad.dk\/om-os\/","url":"https:\/\/www.skagentraad.dk\/om-os\/","name":"Skagen Tr\u00e5dindustri - Kvalitetsprodukter til bedre priser","isPartOf":{"@id":"https:\/\/www.skagentraad.dk\/#website"},"datePublished":"2020-10-25T07:35:00+00:00","dateModified":"2021-06-14T07:16:10+00:00","description":"Skagen Tr\u00e5dindustri har lange traditioner inden for produktion kvalitetsprodukter til bedre priser - b\u00e5de generelle tr\u00e5dvarer og specifikke kunde\u00f8nsker.","breadcrumb":{"@id":"https:\/\/www.skagentraad.dk\/om-os\/#breadcrumb"},"inLanguage":"en-GB","potentialAction":[{"@type":"ReadAction","target":["https:\/\/www.skagentraad.dk\/om-os\/"]}]},{"@type":"BreadcrumbList","@id":"https:\/\/www.skagentraad.dk\/om-os\/#breadcrumb","itemListElement":[{"@type":"ListItem","position":1,"name":"Hjem","item":"https:\/\/www.skagentraad.dk\/"},{"@type":"ListItem","position":2,"name":"OM OS"}]},{"@type":"WebSite","@id":"https:\/\/www.skagentraad.dk\/#website","url":"https:\/\/www.skagentraad.dk\/","name":"Skagen Tr\u00e5dindustri","description":"Supplier of stainless reinforcing steel to the construction industry","publisher":{"@id":"https:\/\/www.skagentraad.dk\/#organization"},"potentialAction":[{"@type":"SearchAction","target":{"@type":"EntryPoint","urlTemplate":"https:\/\/www.skagentraad.dk\/?s={search_term_string}"},"query-input":"required name=search_term_string"}],"inLanguage":"en-GB"},{"@type":"Organization","@id":"https:\/\/www.skagentraad.dk\/#organization","name":"Skagen Tr\u00e5dindustri","url":"https:\/\/www.skagentraad.dk\/","logo":{"@type":"ImageObject","inLanguage":"en-GB","@id":"https:\/\/www.skagentraad.dk\/#\/schema\/logo\/image\/","url":"https:\/\/www.skagentraad.dk\/wp-content\/uploads\/2015\/01\/logo_top.png","contentUrl":"https:\/\/www.skagentraad.dk\/wp-content\/uploads\/2015\/01\/logo_top.png","width":350,"height":108,"caption":"Skagen Tr\u00e5dindustri"},"image":{"@id":"https:\/\/www.skagentraad.dk\/#\/schema\/logo\/image\/"}}]}},"_links":{"self":[{"href":"https:\/\/www.skagentraad.dk\/en\/wp-json\/wp\/v2\/pages\/1813"}],"collection":[{"href":"https:\/\/www.skagentraad.dk\/en\/wp-json\/wp\/v2\/pages"}],"about":[{"href":"https:\/\/www.skagentraad.dk\/en\/wp-json\/wp\/v2\/types\/page"}],"author":[{"embeddable":true,"href":"https:\/\/www.skagentraad.dk\/en\/wp-json\/wp\/v2\/users\/4"}],"replies":[{"embeddable":true,"href":"https:\/\/www.skagentraad.dk\/en\/wp-json\/wp\/v2\/comments?post=1813"}],"version-history":[{"count":10,"href":"https:\/\/www.skagentraad.dk\/en\/wp-json\/wp\/v2\/pages\/1813\/revisions"}],"predecessor-version":[{"id":3700,"href":"https:\/\/www.skagentraad.dk\/en\/wp-json\/wp\/v2\/pages\/1813\/revisions\/3700"}],"wp:attachment":[{"href":"https:\/\/www.skagentraad.dk\/en\/wp-json\/wp\/v2\/media?parent=1813"}],"curies":[{"name":"wp","href":"https:\/\/api.w.org\/{rel}","templated":true}]}}