{"id":1826,"date":"2020-10-25T09:00:00","date_gmt":"2020-10-25T09:00:00","guid":{"rendered":"http:\/\/www.skagentraad.dk\/?page_id=1826"},"modified":"2023-12-22T11:26:46","modified_gmt":"2023-12-22T10:26:46","slug":"produktinformation","status":"publish","type":"page","link":"https:\/\/www.skagentraad.dk\/en\/produktinformation\/","title":{"rendered":"Download"},"content":{"rendered":"<h1>DOWNLOAD<\/h1>\n<h3>You have here the opportunity to find and download our performance statements, our assembly instructions and our terms and conditions.<\/h3>\n<p>All products from Skagen Tr\u00e5dindustri can be delivered in different qualities of material. You can for instance choose between smooth stainless steel EN 1.4301, EN 1.4401 and tinbronze CuSn6, ribbed reinforcing steel in EN 10080 strength classes and 500B and smooth reinforcing steel S235, S275 and S355. Stainless reinforcing steel in BS 6744, strength class 500 Mpa.<\/p>\n<ul>\n<li><a href=\"http:\/\/www.skagentraad.dk\/en\/?page_id=2626\">Click here to download performance statements\u00a0<\/a><\/li>\n<li><a href=\"http:\/\/www.skagentraad.dk\/en\/?page_id=2631\">Click here to download assembly instructions<\/a><\/li>\n<\/ul>\n<p>Do you have any questions about our product, then you are more than welcome to <a href=\"https:\/\/www.skagentraad.dk\/en\/kontakt\/\">contact us.<\/a>.<\/p>\n<p>Do you want to download our terms and conditions, you can do it right here:<\/p>\n<ul>\n<li><a href=\"https:\/\/www.skagentraad.dk\/wp-content\/uploads\/2023\/12\/Salg-og-leveringsbetingelser-Skagen-Tra\u030adindustri-2023.pdf\">Click here to download terms and conditions<\/a><\/li>\n<\/ul>","protected":false},"excerpt":{"rendered":"<p>DOWNLOAD Her har du muglighed for at finde og downloade vores erkl\u00e6ringer, vejledninger og vores salgs- og leveringsbetingelser. Alle produkter fra Skagen Tr\u00e5dindustri kan leveres i forskellige materialekvaliteter. I kan fx.\u00a0v\u00e6lge mellem glat Rustfri st\u00e5l EN 1.4301, EN 1.4401 og Tinbronze CuSn6,\u00a0Ribbet armeringsst\u00e5l efter EN 10080 i styrke klasser og [&#8230;]<\/p>\n","protected":false},"author":4,"featured_media":0,"parent":0,"menu_order":0,"comment_status":"closed","ping_status":"closed","template":"","meta":[],"yoast_head":"<!-- This site is optimized with the Yoast SEO plugin v19.13 - https:\/\/yoast.com\/wordpress\/plugins\/seo\/ -->\n<title>Download produktinformation - Skagen Tr\u00e5dindustri<\/title>\n<meta name=\"description\" content=\"Interesseret i vores erkl\u00e6ringer om ydeevne, montagevejledninger eller m\u00e5ske vores salgs- og leveringsbetingelser, s\u00e5 finder du dem her.\" \/>\n<meta name=\"robots\" content=\"index, follow, max-snippet:-1, max-image-preview:large, max-video-preview:-1\" \/>\n<link rel=\"canonical\" href=\"https:\/\/www.skagentraad.dk\/en\/produktinformation\/\" \/>\n<meta property=\"og:locale\" content=\"en_GB\" \/>\n<meta property=\"og:type\" content=\"article\" \/>\n<meta property=\"og:title\" content=\"Download produktinformation - Skagen Tr\u00e5dindustri\" \/>\n<meta property=\"og:description\" content=\"Interesseret i vores erkl\u00e6ringer om ydeevne, montagevejledninger eller m\u00e5ske vores salgs- og leveringsbetingelser, s\u00e5 finder du dem her.\" \/>\n<meta property=\"og:url\" content=\"https:\/\/www.skagentraad.dk\/en\/produktinformation\/\" \/>\n<meta property=\"og:site_name\" content=\"Skagen Tr\u00e5dindustri\" \/>\n<meta property=\"article:modified_time\" content=\"2023-12-22T10:26:46+00:00\" \/>\n<meta name=\"twitter:card\" content=\"summary_large_image\" \/>\n<meta name=\"twitter:label1\" content=\"Estimated reading time\" \/>\n\t<meta name=\"twitter:data1\" content=\"1 minute\" \/>\n<script type=\"application\/ld+json\" class=\"yoast-schema-graph\">{\"@context\":\"https:\/\/schema.org\",\"@graph\":[{\"@type\":\"WebPage\",\"@id\":\"https:\/\/www.skagentraad.dk\/produktinformation\/\",\"url\":\"https:\/\/www.skagentraad.dk\/produktinformation\/\",\"name\":\"Download produktinformation - Skagen Tr\u00e5dindustri\",\"isPartOf\":{\"@id\":\"https:\/\/www.skagentraad.dk\/#website\"},\"datePublished\":\"2020-10-25T09:00:00+00:00\",\"dateModified\":\"2023-12-22T10:26:46+00:00\",\"description\":\"Interesseret i vores erkl\u00e6ringer om ydeevne, montagevejledninger eller m\u00e5ske vores salgs- og leveringsbetingelser, s\u00e5 finder du dem her.\",\"breadcrumb\":{\"@id\":\"https:\/\/www.skagentraad.dk\/produktinformation\/#breadcrumb\"},\"inLanguage\":\"en-GB\",\"potentialAction\":[{\"@type\":\"ReadAction\",\"target\":[\"https:\/\/www.skagentraad.dk\/produktinformation\/\"]}]},{\"@type\":\"BreadcrumbList\",\"@id\":\"https:\/\/www.skagentraad.dk\/produktinformation\/#breadcrumb\",\"itemListElement\":[{\"@type\":\"ListItem\",\"position\":1,\"name\":\"Hjem\",\"item\":\"https:\/\/www.skagentraad.dk\/\"},{\"@type\":\"ListItem\",\"position\":2,\"name\":\"Download\"}]},{\"@type\":\"WebSite\",\"@id\":\"https:\/\/www.skagentraad.dk\/#website\",\"url\":\"https:\/\/www.skagentraad.dk\/\",\"name\":\"Skagen Tr\u00e5dindustri\",\"description\":\"Leverand\u00f8r af rustfrit armeringsst\u00e5l til brug for bygge- og anl\u00e6gsbranchen\",\"publisher\":{\"@id\":\"https:\/\/www.skagentraad.dk\/#organization\"},\"potentialAction\":[{\"@type\":\"SearchAction\",\"target\":{\"@type\":\"EntryPoint\",\"urlTemplate\":\"https:\/\/www.skagentraad.dk\/?s={search_term_string}\"},\"query-input\":\"required name=search_term_string\"}],\"inLanguage\":\"en-GB\"},{\"@type\":\"Organization\",\"@id\":\"https:\/\/www.skagentraad.dk\/#organization\",\"name\":\"Skagen Tr\u00e5dindustri\",\"url\":\"https:\/\/www.skagentraad.dk\/\",\"logo\":{\"@type\":\"ImageObject\",\"inLanguage\":\"en-GB\",\"@id\":\"https:\/\/www.skagentraad.dk\/#\/schema\/logo\/image\/\",\"url\":\"https:\/\/www.skagentraad.dk\/wp-content\/uploads\/2015\/01\/logo_top.png\",\"contentUrl\":\"https:\/\/www.skagentraad.dk\/wp-content\/uploads\/2015\/01\/logo_top.png\",\"width\":350,\"height\":108,\"caption\":\"Skagen Tr\u00e5dindustri\"},\"image\":{\"@id\":\"https:\/\/www.skagentraad.dk\/#\/schema\/logo\/image\/\"}}]}<\/script>\n<!-- \/ Yoast SEO plugin. -->","yoast_head_json":{"title":"Download produktinformation - Skagen Tr\u00e5dindustri","description":"Interesseret i vores erkl\u00e6ringer om ydeevne, montagevejledninger eller m\u00e5ske vores salgs- og leveringsbetingelser, s\u00e5 finder du dem her.","robots":{"index":"index","follow":"follow","max-snippet":"max-snippet:-1","max-image-preview":"max-image-preview:large","max-video-preview":"max-video-preview:-1"},"canonical":"https:\/\/www.skagentraad.dk\/en\/produktinformation\/","og_locale":"en_GB","og_type":"article","og_title":"Download produktinformation - Skagen Tr\u00e5dindustri","og_description":"Interesseret i vores erkl\u00e6ringer om ydeevne, montagevejledninger eller m\u00e5ske vores salgs- og leveringsbetingelser, s\u00e5 finder du dem her.","og_url":"https:\/\/www.skagentraad.dk\/en\/produktinformation\/","og_site_name":"Skagen Tr\u00e5dindustri","article_modified_time":"2023-12-22T10:26:46+00:00","twitter_card":"summary_large_image","twitter_misc":{"Estimated reading time":"1 minute"},"schema":{"@context":"https:\/\/schema.org","@graph":[{"@type":"WebPage","@id":"https:\/\/www.skagentraad.dk\/produktinformation\/","url":"https:\/\/www.skagentraad.dk\/produktinformation\/","name":"Download produktinformation - Skagen Tr\u00e5dindustri","isPartOf":{"@id":"https:\/\/www.skagentraad.dk\/#website"},"datePublished":"2020-10-25T09:00:00+00:00","dateModified":"2023-12-22T10:26:46+00:00","description":"Interesseret i vores erkl\u00e6ringer om ydeevne, montagevejledninger eller m\u00e5ske vores salgs- og leveringsbetingelser, s\u00e5 finder du dem her.","breadcrumb":{"@id":"https:\/\/www.skagentraad.dk\/produktinformation\/#breadcrumb"},"inLanguage":"en-GB","potentialAction":[{"@type":"ReadAction","target":["https:\/\/www.skagentraad.dk\/produktinformation\/"]}]},{"@type":"BreadcrumbList","@id":"https:\/\/www.skagentraad.dk\/produktinformation\/#breadcrumb","itemListElement":[{"@type":"ListItem","position":1,"name":"Hjem","item":"https:\/\/www.skagentraad.dk\/"},{"@type":"ListItem","position":2,"name":"Download"}]},{"@type":"WebSite","@id":"https:\/\/www.skagentraad.dk\/#website","url":"https:\/\/www.skagentraad.dk\/","name":"Skagen Tr\u00e5dindustri","description":"Supplier of stainless reinforcing steel to the construction industry","publisher":{"@id":"https:\/\/www.skagentraad.dk\/#organization"},"potentialAction":[{"@type":"SearchAction","target":{"@type":"EntryPoint","urlTemplate":"https:\/\/www.skagentraad.dk\/?s={search_term_string}"},"query-input":"required name=search_term_string"}],"inLanguage":"en-GB"},{"@type":"Organization","@id":"https:\/\/www.skagentraad.dk\/#organization","name":"Skagen Tr\u00e5dindustri","url":"https:\/\/www.skagentraad.dk\/","logo":{"@type":"ImageObject","inLanguage":"en-GB","@id":"https:\/\/www.skagentraad.dk\/#\/schema\/logo\/image\/","url":"https:\/\/www.skagentraad.dk\/wp-content\/uploads\/2015\/01\/logo_top.png","contentUrl":"https:\/\/www.skagentraad.dk\/wp-content\/uploads\/2015\/01\/logo_top.png","width":350,"height":108,"caption":"Skagen Tr\u00e5dindustri"},"image":{"@id":"https:\/\/www.skagentraad.dk\/#\/schema\/logo\/image\/"}}]}},"_links":{"self":[{"href":"https:\/\/www.skagentraad.dk\/en\/wp-json\/wp\/v2\/pages\/1826"}],"collection":[{"href":"https:\/\/www.skagentraad.dk\/en\/wp-json\/wp\/v2\/pages"}],"about":[{"href":"https:\/\/www.skagentraad.dk\/en\/wp-json\/wp\/v2\/types\/page"}],"author":[{"embeddable":true,"href":"https:\/\/www.skagentraad.dk\/en\/wp-json\/wp\/v2\/users\/4"}],"replies":[{"embeddable":true,"href":"https:\/\/www.skagentraad.dk\/en\/wp-json\/wp\/v2\/comments?post=1826"}],"version-history":[{"count":41,"href":"https:\/\/www.skagentraad.dk\/en\/wp-json\/wp\/v2\/pages\/1826\/revisions"}],"predecessor-version":[{"id":4038,"href":"https:\/\/www.skagentraad.dk\/en\/wp-json\/wp\/v2\/pages\/1826\/revisions\/4038"}],"wp:attachment":[{"href":"https:\/\/www.skagentraad.dk\/en\/wp-json\/wp\/v2\/media?parent=1826"}],"curies":[{"name":"wp","href":"https:\/\/api.w.org\/{rel}","templated":true}]}}