{"id":1866,"date":"2020-10-25T09:14:00","date_gmt":"2020-10-25T09:14:00","guid":{"rendered":"http:\/\/www.skagentraad.dk\/?page_id=1866"},"modified":"2024-11-01T10:54:49","modified_gmt":"2024-11-01T09:54:49","slug":"kontakt","status":"publish","type":"page","link":"https:\/\/www.skagentraad.dk\/en\/kontakt\/","title":{"rendered":"CONTACT"},"content":{"rendered":"<p><strong>\r\n<div class=\"two-fourth \"><p><\/strong><\/p>\n<p><strong>SKAGEN TR\u00c5DINDUSTRI<br \/>\nANKER ENGELUNDS VEJ 4<br \/>\n9200 AALBORG SV<\/strong><\/p>\n<p><strong>Tel. +45 70 20 05 07<\/strong><\/p>\n<p><strong>E-mail:\u00a0 <\/strong><a href=\"mailto:info@skagen-traad.dk\">info@skagen-traad.dk<\/a><br \/>\n<strong> Web:\u00a0\u00a0\u00a0\u00a0 \u00a0<\/strong><a href=\"http:\/\/www.skagentraad.dk\">www.skagentraad.dk<\/a><\/p>\n<p><strong>CVR-nr. 15 76 30 35<\/strong><\/p>\n<\/div>\n\r\n<div class=\"two-fourth last\"><p><strong>Vi svarer p\u00e5 telefonen:<\/strong><br \/>\n<strong> Mandag \u2013 Torsdag: 08:00 \u2013 15:30<\/strong><br \/>\n<strong> Fredag: 08:00 \u2013 13:00<\/strong><\/p>\n<p>Forsendelse af lagervarer: Sendes samme dag ved ordre inden kl. 11.00, og om fredagen inden kl. 10.00.<\/p>\n<p><strong>Alle ordre sendes til:\u00a0 <\/strong><a href=\"mailto:info@skagen-traad.dk\">info@skagen-traad.dk\u00a0<\/a><\/p>\n<p><strong> \u00d8konomi:\u00a0 \u00a0 \u00a0 \u00a0<a href=\"mailto:bogholderi@skagen-traad.dk\">bogholderi@skagen-traad.dk<\/a><\/strong><\/p>\n<p><strong>Faktura:\u00a0<\/strong> \u00a0 \u00a0 \u00a0 \u00a0 faktura@skagen-traad.dk<\/p>\n<p style=\"text-align: left;\">\n<\/div><\/p>\n<p style=\"text-align: left;\">\r\n<div class=\"two-third \"><\/p>\n<p dir=\"ltr\" style=\"text-align: left;\"><form id=\"contact-form-contact-form\" class=\"contact-form row-fluid\" method=\"post\" action=\"\" enctype=\"multipart\/form-data\">\n\n\t<div class=\"usermessagea\"><\/div>\n\t<fieldset>\n\n\t\t<ul>\n\n\t\t\t<li class=\"textarea-field span9\">\n\t\t\t\t<div class=\"input-prepend\"><textarea name=\"yit_contact[message]\" id=\"message-contact-form\" rows=\"8\" cols=\"30\" class=\"\" placeholder=\"BESKED\"><\/textarea><\/div>\n\t\t\t\t<div class=\"msg-error\"><\/div><div class=\"clear\"><\/div>\n\t\t\t<\/li>\n\t\t\t<li class=\"text-field  right-margin with-icon span3\">\n\t\t\t\t<div class=\"input-prepend\"><span class=\"add-on\"><i class=\"icon-contact-name\"><\/i><\/span><input type=\"text\" name=\"yit_contact[name]\" id=\"name-contact-form\" class=\"with-icon required\" value=\"\" placeholder=\"NAVN\" \/><\/div>\n\t\t\t\t<div class=\"msg-error\"><\/div><div class=\"clear\"><\/div>\n\t\t\t<\/li>\n\t\t\t<li class=\"text-field  right-margin with-icon span3\">\n\t\t\t\t<div class=\"input-prepend\"><span class=\"add-on\"><i class=\"icon-contact-email\"><\/i><\/span><input type=\"text\" name=\"yit_contact[email]\" id=\"email-contact-form\" class=\"with-icon required email-validate\" value=\"\" placeholder=\"EMAIL\" \/><\/div>\n\t\t\t\t<div class=\"msg-error\"><\/div><div class=\"clear\"><\/div>\n\t\t\t<\/li>\n\t\t\t<li class=\"text-field  right-margin with-icon span3\">\n\t\t\t\t<div class=\"input-prepend\"><span class=\"add-on\"><i class=\"icon-contact-url\"><\/i><\/span><input type=\"text\" name=\"yit_contact[phone]\" id=\"phone-contact-form\" class=\"with-icon required\" value=\"\" placeholder=\"TELEFON\" \/><\/div>\n\t\t\t\t<div class=\"msg-error\"><\/div><div class=\"clear\"><\/div>\n\t\t\t<\/li>\n\t\t\t<li class=\"submit-button span9\">\n\t\t\t\t<input type=\"text\" name=\"yit_bot\" id=\"yit_bot\" \/>\n\t\t\t\t<input type=\"hidden\" name=\"yit_action\" value=\"sendemail\" id=\"yit_action\" \/>\n\t\t\t\t<input type=\"hidden\" name=\"yit_referer\" value=\"http:\/\/www.skagentraad.dk\/en\/wp-json\/wp\/v2\/pages\/1866\" \/>\n\t\t\t\t<input type=\"hidden\" name=\"id_form\" value=\"4\" \/>\n\t\t\t\t<input type=\"submit\" name=\"yit_sendemail\" value=\"Send besked\" class=\"sendmail alignright\" \/>\t\t\t\t<input type=\"hidden\" id=\"_wpnonce\" name=\"_wpnonce\" value=\"4ad1fc9680\" \/><input type=\"hidden\" name=\"_wp_http_referer\" value=\"\/en\/wp-json\/wp\/v2\/pages\/1866\" \/>\t\t\t\t<div class=\"clear\"><\/div>\t\t\t<\/li>\n\t\t<\/ul>\n\n\t<\/fieldset>\n<div class=\"contact-form-error-messages\"><div class=\"contact-form-error-message contact-form-error\">* Beskriv dit sp\u00f8rgsm\u00e5l<\/div>\n<div class=\"contact-form-error-name contact-form-error\">* Insert the name<\/div>\n<div class=\"contact-form-error-email contact-form-error\">* Insert a valid email<\/div>\n<div class=\"contact-form-error-phone contact-form-error\">* Venligst angiv dit telefonnummer<\/div>\n<\/div>\n<\/form>\n\n<div class=\"clear\"><\/div><script type=\"text\/javascript\" src=\"https:\/\/www.skagentraad.dk\/wp-content\/themes\/bazar\/theme\/assets\/js\/contact.js\"><\/script><\/p>\n<p style=\"text-align: left;\">\n<\/div><\/p>\n<p dir=\"ltr\" style=\"text-align: left;\">\n","protected":false},"excerpt":{"rendered":"","protected":false},"author":4,"featured_media":0,"parent":0,"menu_order":0,"comment_status":"closed","ping_status":"closed","template":"","meta":[],"yoast_head":"<!-- This site is optimized with the Yoast SEO plugin v19.13 - https:\/\/yoast.com\/wordpress\/plugins\/seo\/ -->\n<title>Kontakt os - Skagen Tr\u00e5dindustri - Leverand\u00f8r af armeringsst\u00e5l<\/title>\n<meta name=\"description\" content=\"Har du sp\u00f8rgsm\u00e5l til pris, produkter, leverancer eller har du nogle specifikke \u00f8nsker til et produkt, s\u00e5 kontakt os gerne med det samme.\" \/>\n<meta name=\"robots\" content=\"index, follow, max-snippet:-1, max-image-preview:large, max-video-preview:-1\" \/>\n<link rel=\"canonical\" href=\"https:\/\/www.skagentraad.dk\/en\/kontakt\/\" \/>\n<meta property=\"og:locale\" content=\"en_GB\" \/>\n<meta property=\"og:type\" content=\"article\" \/>\n<meta property=\"og:title\" content=\"Kontakt os - Skagen Tr\u00e5dindustri - Leverand\u00f8r af armeringsst\u00e5l\" \/>\n<meta property=\"og:description\" content=\"Har du sp\u00f8rgsm\u00e5l til pris, produkter, leverancer eller har du nogle specifikke \u00f8nsker til et produkt, s\u00e5 kontakt os gerne med det samme.\" \/>\n<meta property=\"og:url\" content=\"https:\/\/www.skagentraad.dk\/en\/kontakt\/\" \/>\n<meta property=\"og:site_name\" content=\"Skagen Tr\u00e5dindustri\" \/>\n<meta property=\"article:modified_time\" content=\"2024-11-01T09:54:49+00:00\" \/>\n<meta name=\"twitter:card\" content=\"summary_large_image\" \/>\n<meta name=\"twitter:label1\" content=\"Estimated reading time\" \/>\n\t<meta name=\"twitter:data1\" content=\"1 minute\" \/>\n<script type=\"application\/ld+json\" class=\"yoast-schema-graph\">{\"@context\":\"https:\/\/schema.org\",\"@graph\":[{\"@type\":\"WebPage\",\"@id\":\"https:\/\/www.skagentraad.dk\/kontakt\/\",\"url\":\"https:\/\/www.skagentraad.dk\/kontakt\/\",\"name\":\"Kontakt os - Skagen Tr\u00e5dindustri - Leverand\u00f8r af armeringsst\u00e5l\",\"isPartOf\":{\"@id\":\"https:\/\/www.skagentraad.dk\/#website\"},\"datePublished\":\"2020-10-25T09:14:00+00:00\",\"dateModified\":\"2024-11-01T09:54:49+00:00\",\"description\":\"Har du sp\u00f8rgsm\u00e5l til pris, produkter, leverancer eller har du nogle specifikke \u00f8nsker til et produkt, s\u00e5 kontakt os gerne med det samme.\",\"breadcrumb\":{\"@id\":\"https:\/\/www.skagentraad.dk\/kontakt\/#breadcrumb\"},\"inLanguage\":\"en-GB\",\"potentialAction\":[{\"@type\":\"ReadAction\",\"target\":[\"https:\/\/www.skagentraad.dk\/kontakt\/\"]}]},{\"@type\":\"BreadcrumbList\",\"@id\":\"https:\/\/www.skagentraad.dk\/kontakt\/#breadcrumb\",\"itemListElement\":[{\"@type\":\"ListItem\",\"position\":1,\"name\":\"Hjem\",\"item\":\"https:\/\/www.skagentraad.dk\/\"},{\"@type\":\"ListItem\",\"position\":2,\"name\":\"KONTAKT\"}]},{\"@type\":\"WebSite\",\"@id\":\"https:\/\/www.skagentraad.dk\/#website\",\"url\":\"https:\/\/www.skagentraad.dk\/\",\"name\":\"Skagen Tr\u00e5dindustri\",\"description\":\"Leverand\u00f8r af rustfrit armeringsst\u00e5l til brug for bygge- og anl\u00e6gsbranchen\",\"publisher\":{\"@id\":\"https:\/\/www.skagentraad.dk\/#organization\"},\"potentialAction\":[{\"@type\":\"SearchAction\",\"target\":{\"@type\":\"EntryPoint\",\"urlTemplate\":\"https:\/\/www.skagentraad.dk\/?s={search_term_string}\"},\"query-input\":\"required name=search_term_string\"}],\"inLanguage\":\"en-GB\"},{\"@type\":\"Organization\",\"@id\":\"https:\/\/www.skagentraad.dk\/#organization\",\"name\":\"Skagen Tr\u00e5dindustri\",\"url\":\"https:\/\/www.skagentraad.dk\/\",\"logo\":{\"@type\":\"ImageObject\",\"inLanguage\":\"en-GB\",\"@id\":\"https:\/\/www.skagentraad.dk\/#\/schema\/logo\/image\/\",\"url\":\"https:\/\/www.skagentraad.dk\/wp-content\/uploads\/2015\/01\/logo_top.png\",\"contentUrl\":\"https:\/\/www.skagentraad.dk\/wp-content\/uploads\/2015\/01\/logo_top.png\",\"width\":350,\"height\":108,\"caption\":\"Skagen Tr\u00e5dindustri\"},\"image\":{\"@id\":\"https:\/\/www.skagentraad.dk\/#\/schema\/logo\/image\/\"}}]}<\/script>\n<!-- \/ Yoast SEO plugin. -->","yoast_head_json":{"title":"Kontakt os - Skagen Tr\u00e5dindustri - Leverand\u00f8r af armeringsst\u00e5l","description":"Har du sp\u00f8rgsm\u00e5l til pris, produkter, leverancer eller har du nogle specifikke \u00f8nsker til et produkt, s\u00e5 kontakt os gerne med det samme.","robots":{"index":"index","follow":"follow","max-snippet":"max-snippet:-1","max-image-preview":"max-image-preview:large","max-video-preview":"max-video-preview:-1"},"canonical":"https:\/\/www.skagentraad.dk\/en\/kontakt\/","og_locale":"en_GB","og_type":"article","og_title":"Kontakt os - Skagen Tr\u00e5dindustri - Leverand\u00f8r af armeringsst\u00e5l","og_description":"Har du sp\u00f8rgsm\u00e5l til pris, produkter, leverancer eller har du nogle specifikke \u00f8nsker til et produkt, s\u00e5 kontakt os gerne med det samme.","og_url":"https:\/\/www.skagentraad.dk\/en\/kontakt\/","og_site_name":"Skagen Tr\u00e5dindustri","article_modified_time":"2024-11-01T09:54:49+00:00","twitter_card":"summary_large_image","twitter_misc":{"Estimated reading time":"1 minute"},"schema":{"@context":"https:\/\/schema.org","@graph":[{"@type":"WebPage","@id":"https:\/\/www.skagentraad.dk\/kontakt\/","url":"https:\/\/www.skagentraad.dk\/kontakt\/","name":"Kontakt os - Skagen Tr\u00e5dindustri - Leverand\u00f8r af armeringsst\u00e5l","isPartOf":{"@id":"https:\/\/www.skagentraad.dk\/#website"},"datePublished":"2020-10-25T09:14:00+00:00","dateModified":"2024-11-01T09:54:49+00:00","description":"Har du sp\u00f8rgsm\u00e5l til pris, produkter, leverancer eller har du nogle specifikke \u00f8nsker til et produkt, s\u00e5 kontakt os gerne med det samme.","breadcrumb":{"@id":"https:\/\/www.skagentraad.dk\/kontakt\/#breadcrumb"},"inLanguage":"en-GB","potentialAction":[{"@type":"ReadAction","target":["https:\/\/www.skagentraad.dk\/kontakt\/"]}]},{"@type":"BreadcrumbList","@id":"https:\/\/www.skagentraad.dk\/kontakt\/#breadcrumb","itemListElement":[{"@type":"ListItem","position":1,"name":"Hjem","item":"https:\/\/www.skagentraad.dk\/"},{"@type":"ListItem","position":2,"name":"KONTAKT"}]},{"@type":"WebSite","@id":"https:\/\/www.skagentraad.dk\/#website","url":"https:\/\/www.skagentraad.dk\/","name":"Skagen Tr\u00e5dindustri","description":"Supplier of stainless reinforcing steel to the construction industry","publisher":{"@id":"https:\/\/www.skagentraad.dk\/#organization"},"potentialAction":[{"@type":"SearchAction","target":{"@type":"EntryPoint","urlTemplate":"https:\/\/www.skagentraad.dk\/?s={search_term_string}"},"query-input":"required name=search_term_string"}],"inLanguage":"en-GB"},{"@type":"Organization","@id":"https:\/\/www.skagentraad.dk\/#organization","name":"Skagen Tr\u00e5dindustri","url":"https:\/\/www.skagentraad.dk\/","logo":{"@type":"ImageObject","inLanguage":"en-GB","@id":"https:\/\/www.skagentraad.dk\/#\/schema\/logo\/image\/","url":"https:\/\/www.skagentraad.dk\/wp-content\/uploads\/2015\/01\/logo_top.png","contentUrl":"https:\/\/www.skagentraad.dk\/wp-content\/uploads\/2015\/01\/logo_top.png","width":350,"height":108,"caption":"Skagen Tr\u00e5dindustri"},"image":{"@id":"https:\/\/www.skagentraad.dk\/#\/schema\/logo\/image\/"}}]}},"_links":{"self":[{"href":"https:\/\/www.skagentraad.dk\/en\/wp-json\/wp\/v2\/pages\/1866"}],"collection":[{"href":"https:\/\/www.skagentraad.dk\/en\/wp-json\/wp\/v2\/pages"}],"about":[{"href":"https:\/\/www.skagentraad.dk\/en\/wp-json\/wp\/v2\/types\/page"}],"author":[{"embeddable":true,"href":"https:\/\/www.skagentraad.dk\/en\/wp-json\/wp\/v2\/users\/4"}],"replies":[{"embeddable":true,"href":"https:\/\/www.skagentraad.dk\/en\/wp-json\/wp\/v2\/comments?post=1866"}],"version-history":[{"count":58,"href":"https:\/\/www.skagentraad.dk\/en\/wp-json\/wp\/v2\/pages\/1866\/revisions"}],"predecessor-version":[{"id":4101,"href":"https:\/\/www.skagentraad.dk\/en\/wp-json\/wp\/v2\/pages\/1866\/revisions\/4101"}],"wp:attachment":[{"href":"https:\/\/www.skagentraad.dk\/en\/wp-json\/wp\/v2\/media?parent=1866"}],"curies":[{"name":"wp","href":"https:\/\/api.w.org\/{rel}","templated":true}]}}