{"id":1872,"date":"2020-10-13T16:00:36","date_gmt":"2020-10-13T16:00:36","guid":{"rendered":"http:\/\/www.skagentraad.dk\/?page_id=1872"},"modified":"2021-08-11T09:15:00","modified_gmt":"2021-08-11T09:15:00","slug":"leverandoer-af-rustfrit-armeringsstaal","status":"publish","type":"page","link":"https:\/\/www.skagentraad.dk\/en\/","title":{"rendered":"SKAGEN Tr\u00e5dindustri"},"content":{"rendered":"<h1 class=\"has-text-align-center\">Quality products in reinforcement steel<\/h1>\n<p class=\"has-text-align-center\">Skagen Tr\u00e5dindustri has a great tradition for producing quality products in stainless reinforcing steel, which happens in our own production facilities. We prioritize high quality and flexibility highly, and therefore do we have a target about delivering exactly what you need and do it fast. We are manufacturing metal items to the business areas below, which includes <a href=\"https:\/\/www.skagentraad.dk\/en\/?s=murbindere&amp;post_type=product\">wall ties<\/a>, <a href=\"https:\/\/www.skagentraad.dk\/en\/?s=bindetr%C3%A5d&amp;post_type=product\">wires<\/a> and <a href=\"https:\/\/www.skagentraad.dk\/en\/product-category\/armeringsstaal\/\">reinforcement steel.<\/a>You can see our large sortiment <a href=\"https:\/\/www.skagentraad.dk\/en\/produkter\/\">here<\/a>.<\/p>\n<div style=\"height:32px\" aria-hidden=\"true\" class=\"wp-block-spacer\"><\/div>\n<h2 class=\"has-text-align-center\"><em><span style=\"color: #000000;\">Special design?<\/span><\/em><\/h2>\n<p class=\"has-text-align-center\">As mentioned, we have a flexible production and we want to accommodate your wishes and specific needs or changes to current products. Therefore, it we don't have what you are seeking, then don't hesitate to <a href=\"https:\/\/www.skagentraad.dk\/en\/kontakt\/\">contact us<\/a> and then we will find a solution.<\/p>\n<div style=\"height:44px\" aria-hidden=\"true\" class=\"wp-block-spacer\"><\/div>\n\t\t<div class=\"show-category transparent numbers-yes\">\r\n  \t\t\t<ul class=\"products\">\t\t\r\n\t\t\t<li class=\"product-category product first category group grid with-hover span3\">\n\n    <div class=\"product-thumbnail group\">\n\n        <div class=\"thumbnail-wrapper\">\n            \n            <a href=\"https:\/\/www.skagentraad.dk\/en\/product-category\/porebeton-produkter\/\">\n                \n            <h3>\n                Aerated concrete                 <mark class=\"count\">(7)<\/mark>            <\/h3>\n                    <\/a>\n\n                    <\/div>\n    <\/div>\n<\/li>\n<li class=\"product-category product category group grid with-hover span3\">\n\n    <div class=\"product-thumbnail group\">\n\n        <div class=\"thumbnail-wrapper\">\n            \n            <a href=\"https:\/\/www.skagentraad.dk\/en\/product-category\/mur\/\">\n                \n            <h3>\n                Masonry                 <mark class=\"count\">(28)<\/mark>            <\/h3>\n                    <\/a>\n\n                    <\/div>\n    <\/div>\n<\/li>\n<li class=\"product-category product last category group grid with-hover span3\">\n\n    <div class=\"product-thumbnail group\">\n\n        <div class=\"thumbnail-wrapper\">\n            \n            <a href=\"https:\/\/www.skagentraad.dk\/en\/product-category\/betonelementer\/\">\n                \n            <h3>\n                Concrete elements                 <mark class=\"count\">(15)<\/mark>            <\/h3>\n                    <\/a>\n\n                    <\/div>\n    <\/div>\n<\/li>\n<li class=\"product-category product first category group grid with-hover span3\">\n\n    <div class=\"product-thumbnail group\">\n\n        <div class=\"thumbnail-wrapper\">\n            \n            <a href=\"https:\/\/www.skagentraad.dk\/en\/product-category\/armeringsstaal\/\">\n                \n            <h3>\n                Reinforcing steel                 <mark class=\"count\">(9)<\/mark>            <\/h3>\n                    <\/a>\n\n                    <\/div>\n    <\/div>\n<\/li>\n\t\t\t<\/ul>\r\n\t\t<\/div>\r\n\t\n\r\n<div class=\"one-fourth\"><h3>LATEST NEWS<\/h3>\n\n<div class=\"recent-post group\">\n<div class=\"hentry-post group\">\n<div class=\"text without-thumbnail\"><a href=\"https:\/\/www.skagentraad.dk\/en\/sommerferielukket-2025\/\" title=\"Sommerferielukket 2025\" class=\"title\">Sommerferielukket 2025<\/a><span class=\"postedby\">posted by <a href=\"https:\/\/www.skagentraad.dk\/en\/author\/alex\/\" class=\"author\">Alex Jensen<\/a><\/span><\/div>\n<\/div>\n<\/div>\n<\/div>\n\r\n<div class=\"one-fourth\"><h2><strong>HIGH QUALITY <span style=\"color: #339966;\">MATERIALS<\/span><\/strong><\/h2>\n<p>Skagen Tr\u00e5dindustri manufactures all of the products in their own danish production facilities in controlled conditions. We are only using raw materials from ISO 9001 : 2008 certificated suppliers. You can download our performance statements right <a href=\"https:\/\/www.skagentraad.dk\/en\/ydeevne-erklaeringer\/\">here<\/a> <\/p>\n<\/div><\/p>\n\r\n<div class=\"one-fourth\"><h2><strong>DELIVERED WITH <\/strong><span style=\"color: #61431a;\"><strong>ACCURACY<\/strong><\/span><\/h2>\n<p>We can deliver directly to you or at another desired adress with our own cars or by the freight forwarder. All of our shipments are trackable and will be send from day to day. Shipment of our stock items: If we have the order no later than 11 o'clock AM, will be shipped the same day.<\/p>\n<\/div><\/p>\n\r\n<div class=\"one-fourth last\"><h2><span style=\"color: #1f2dab;\"><strong>TECHNICALLY DOCUMENTED&nbsp;<\/strong><\/span><\/h2>\n<p>Our GlobeCert product certification is your warranty for a well-documented process and delivery. We are happy to send you additional technical documentation. <\/p>\n<\/div><\/p>\n<div class=\"clear\"><\/div>\n<div class=\"call-three\">\r\n\t\t\t<div class=\"text\">\r\n\t\t\t<h2>Do you want to read our Terms and Conditions?<\/h2>\t\t\t<h4>Please give us your email-adress, and then we will send them to you. No spam - we promise.<\/h4>\t\t<\/div>\r\n\t\t<div class=\"newsletter-call3  group\">\r\n\t\t<form method=\"post\" action=\"\" data-trp-original-action=\"\">\r\n\t\t\t<div class=\"newsletter-icon\"><label for=\"email\"><\/label><\/div>\r\n\t\t\t<div class=\"newsletter-input\">\t\t\t\r\n\t\t\t\t<input type=\"text\" name=\"email\" id=\"email\" placeholder=\"E-mail\" class=\"email-field text-field autoclear\" \/>\r\n\t\t\t<\/div>\r\n\t\t\t<div class=\"newsletter-submit\">\r\n\t\t\t\t<input type=\"hidden\" id=\"_mc_submit_signup_form_nonce\" name=\"_mc_submit_signup_form_nonce\" value=\"2b76cfc982\" \/><input type=\"hidden\" id=\"_wpnonce\" name=\"_wpnonce\" value=\"42f749b8b9\" \/>\t\t\t\t<input type=\"submit\" value=\"Send\" class=\"submit-field\" \/>\r\n\t\t\t<\/div>\r\n\t\t<input type=\"hidden\" name=\"trp-form-language\" value=\"en\"\/><\/form>\r\n\t<\/div>\r\n\t<div class=\"clear\"><\/div>\r\n<\/div>","protected":false},"excerpt":{"rendered":"<p>Kvalitetsprodukter i armeringsst\u00e5l Skagen Tr\u00e5dindustri har stor tradition for produktion af kvalitetsprodukter i rustfrit armeringsst\u00e5l, hvilket sker i vores egne produktionsfaciliteter. Vi prioriterer kvalitet og fleksibilitet rigtig h\u00f8jt, og derfor har vi ogs\u00e5 som m\u00e5l at kunne levere pr\u00e6cis det du s\u00f8ger, og levere det hurtigt. Vi laver metalemner til [&#8230;]<\/p>\n","protected":false},"author":4,"featured_media":0,"parent":0,"menu_order":0,"comment_status":"closed","ping_status":"closed","template":"","meta":[],"yoast_head":"<!-- This site is optimized with the Yoast SEO plugin v19.13 - https:\/\/yoast.com\/wordpress\/plugins\/seo\/ -->\n<title>Skagen Tr\u00e5dindustri - Leverand\u00f8r af rustfrit armeringsst\u00e5l<\/title>\n<meta name=\"description\" content=\"Leverand\u00f8r af kvalitetsprodukter til brug for bygge- og anl\u00e6gsbranchen. Heriblandt rustfrit armeringsst\u00e5l, murbindere, bindetr\u00e5d og meget mere.\" \/>\n<meta name=\"robots\" content=\"index, follow, max-snippet:-1, max-image-preview:large, max-video-preview:-1\" \/>\n<link rel=\"canonical\" href=\"https:\/\/www.skagentraad.dk\/en\/\" \/>\n<meta property=\"og:locale\" content=\"en_GB\" \/>\n<meta property=\"og:type\" content=\"article\" \/>\n<meta property=\"og:title\" content=\"Skagen Tr\u00e5dindustri - Leverand\u00f8r af rustfrit armeringsst\u00e5l\" \/>\n<meta property=\"og:description\" content=\"Leverand\u00f8r af kvalitetsprodukter til brug for bygge- og anl\u00e6gsbranchen. Heriblandt rustfrit armeringsst\u00e5l, murbindere, bindetr\u00e5d og meget mere.\" \/>\n<meta property=\"og:url\" content=\"https:\/\/www.skagentraad.dk\/en\/\" \/>\n<meta property=\"og:site_name\" content=\"Skagen Tr\u00e5dindustri\" \/>\n<meta property=\"article:modified_time\" content=\"2021-08-11T09:15:00+00:00\" \/>\n<meta name=\"twitter:card\" content=\"summary_large_image\" \/>\n<meta name=\"twitter:label1\" content=\"Estimated reading time\" \/>\n\t<meta name=\"twitter:data1\" content=\"2 minutes\" \/>\n<script type=\"application\/ld+json\" class=\"yoast-schema-graph\">{\"@context\":\"https:\/\/schema.org\",\"@graph\":[{\"@type\":\"WebPage\",\"@id\":\"https:\/\/www.skagentraad.dk\/\",\"url\":\"https:\/\/www.skagentraad.dk\/\",\"name\":\"Skagen Tr\u00e5dindustri - Leverand\u00f8r af rustfrit armeringsst\u00e5l\",\"isPartOf\":{\"@id\":\"https:\/\/www.skagentraad.dk\/#website\"},\"datePublished\":\"2020-10-13T16:00:36+00:00\",\"dateModified\":\"2021-08-11T09:15:00+00:00\",\"description\":\"Leverand\u00f8r af kvalitetsprodukter til brug for bygge- og anl\u00e6gsbranchen. Heriblandt rustfrit armeringsst\u00e5l, murbindere, bindetr\u00e5d og meget mere.\",\"breadcrumb\":{\"@id\":\"https:\/\/www.skagentraad.dk\/#breadcrumb\"},\"inLanguage\":\"en-GB\",\"potentialAction\":[{\"@type\":\"ReadAction\",\"target\":[\"https:\/\/www.skagentraad.dk\/\"]}]},{\"@type\":\"BreadcrumbList\",\"@id\":\"https:\/\/www.skagentraad.dk\/#breadcrumb\",\"itemListElement\":[{\"@type\":\"ListItem\",\"position\":1,\"name\":\"Hjem\",\"item\":\"https:\/\/www.skagentraad.dk\/\"},{\"@type\":\"ListItem\",\"position\":2,\"name\":\"SKAGEN Tr\u00e5dindustri\"}]},{\"@type\":\"WebSite\",\"@id\":\"https:\/\/www.skagentraad.dk\/#website\",\"url\":\"https:\/\/www.skagentraad.dk\/\",\"name\":\"Skagen Tr\u00e5dindustri\",\"description\":\"Leverand\u00f8r af rustfrit armeringsst\u00e5l til brug for bygge- og anl\u00e6gsbranchen\",\"publisher\":{\"@id\":\"https:\/\/www.skagentraad.dk\/#organization\"},\"potentialAction\":[{\"@type\":\"SearchAction\",\"target\":{\"@type\":\"EntryPoint\",\"urlTemplate\":\"https:\/\/www.skagentraad.dk\/?s={search_term_string}\"},\"query-input\":\"required name=search_term_string\"}],\"inLanguage\":\"en-GB\"},{\"@type\":\"Organization\",\"@id\":\"https:\/\/www.skagentraad.dk\/#organization\",\"name\":\"Skagen Tr\u00e5dindustri\",\"url\":\"https:\/\/www.skagentraad.dk\/\",\"logo\":{\"@type\":\"ImageObject\",\"inLanguage\":\"en-GB\",\"@id\":\"https:\/\/www.skagentraad.dk\/#\/schema\/logo\/image\/\",\"url\":\"https:\/\/www.skagentraad.dk\/wp-content\/uploads\/2015\/01\/logo_top.png\",\"contentUrl\":\"https:\/\/www.skagentraad.dk\/wp-content\/uploads\/2015\/01\/logo_top.png\",\"width\":350,\"height\":108,\"caption\":\"Skagen Tr\u00e5dindustri\"},\"image\":{\"@id\":\"https:\/\/www.skagentraad.dk\/#\/schema\/logo\/image\/\"}}]}<\/script>\n<!-- \/ Yoast SEO plugin. -->","yoast_head_json":{"title":"Skagen Tr\u00e5dindustri - Leverand\u00f8r af rustfrit armeringsst\u00e5l","description":"Leverand\u00f8r af kvalitetsprodukter til brug for bygge- og anl\u00e6gsbranchen. Heriblandt rustfrit armeringsst\u00e5l, murbindere, bindetr\u00e5d og meget mere.","robots":{"index":"index","follow":"follow","max-snippet":"max-snippet:-1","max-image-preview":"max-image-preview:large","max-video-preview":"max-video-preview:-1"},"canonical":"https:\/\/www.skagentraad.dk\/en\/","og_locale":"en_GB","og_type":"article","og_title":"Skagen Tr\u00e5dindustri - Leverand\u00f8r af rustfrit armeringsst\u00e5l","og_description":"Leverand\u00f8r af kvalitetsprodukter til brug for bygge- og anl\u00e6gsbranchen. Heriblandt rustfrit armeringsst\u00e5l, murbindere, bindetr\u00e5d og meget mere.","og_url":"https:\/\/www.skagentraad.dk\/en\/","og_site_name":"Skagen Tr\u00e5dindustri","article_modified_time":"2021-08-11T09:15:00+00:00","twitter_card":"summary_large_image","twitter_misc":{"Estimated reading time":"2 minutes"},"schema":{"@context":"https:\/\/schema.org","@graph":[{"@type":"WebPage","@id":"https:\/\/www.skagentraad.dk\/","url":"https:\/\/www.skagentraad.dk\/","name":"Skagen Tr\u00e5dindustri - Leverand\u00f8r af rustfrit armeringsst\u00e5l","isPartOf":{"@id":"https:\/\/www.skagentraad.dk\/#website"},"datePublished":"2020-10-13T16:00:36+00:00","dateModified":"2021-08-11T09:15:00+00:00","description":"Leverand\u00f8r af kvalitetsprodukter til brug for bygge- og anl\u00e6gsbranchen. Heriblandt rustfrit armeringsst\u00e5l, murbindere, bindetr\u00e5d og meget mere.","breadcrumb":{"@id":"https:\/\/www.skagentraad.dk\/#breadcrumb"},"inLanguage":"en-GB","potentialAction":[{"@type":"ReadAction","target":["https:\/\/www.skagentraad.dk\/"]}]},{"@type":"BreadcrumbList","@id":"https:\/\/www.skagentraad.dk\/#breadcrumb","itemListElement":[{"@type":"ListItem","position":1,"name":"Hjem","item":"https:\/\/www.skagentraad.dk\/"},{"@type":"ListItem","position":2,"name":"SKAGEN Tr\u00e5dindustri"}]},{"@type":"WebSite","@id":"https:\/\/www.skagentraad.dk\/#website","url":"https:\/\/www.skagentraad.dk\/","name":"Skagen Tr\u00e5dindustri","description":"Supplier of stainless reinforcing steel to the construction industry","publisher":{"@id":"https:\/\/www.skagentraad.dk\/#organization"},"potentialAction":[{"@type":"SearchAction","target":{"@type":"EntryPoint","urlTemplate":"https:\/\/www.skagentraad.dk\/?s={search_term_string}"},"query-input":"required name=search_term_string"}],"inLanguage":"en-GB"},{"@type":"Organization","@id":"https:\/\/www.skagentraad.dk\/#organization","name":"Skagen Tr\u00e5dindustri","url":"https:\/\/www.skagentraad.dk\/","logo":{"@type":"ImageObject","inLanguage":"en-GB","@id":"https:\/\/www.skagentraad.dk\/#\/schema\/logo\/image\/","url":"https:\/\/www.skagentraad.dk\/wp-content\/uploads\/2015\/01\/logo_top.png","contentUrl":"https:\/\/www.skagentraad.dk\/wp-content\/uploads\/2015\/01\/logo_top.png","width":350,"height":108,"caption":"Skagen Tr\u00e5dindustri"},"image":{"@id":"https:\/\/www.skagentraad.dk\/#\/schema\/logo\/image\/"}}]}},"_links":{"self":[{"href":"https:\/\/www.skagentraad.dk\/en\/wp-json\/wp\/v2\/pages\/1872"}],"collection":[{"href":"https:\/\/www.skagentraad.dk\/en\/wp-json\/wp\/v2\/pages"}],"about":[{"href":"https:\/\/www.skagentraad.dk\/en\/wp-json\/wp\/v2\/types\/page"}],"author":[{"embeddable":true,"href":"https:\/\/www.skagentraad.dk\/en\/wp-json\/wp\/v2\/users\/4"}],"replies":[{"embeddable":true,"href":"https:\/\/www.skagentraad.dk\/en\/wp-json\/wp\/v2\/comments?post=1872"}],"version-history":[{"count":101,"href":"https:\/\/www.skagentraad.dk\/en\/wp-json\/wp\/v2\/pages\/1872\/revisions"}],"predecessor-version":[{"id":3769,"href":"https:\/\/www.skagentraad.dk\/en\/wp-json\/wp\/v2\/pages\/1872\/revisions\/3769"}],"wp:attachment":[{"href":"https:\/\/www.skagentraad.dk\/en\/wp-json\/wp\/v2\/media?parent=1872"}],"curies":[{"name":"wp","href":"https:\/\/api.w.org\/{rel}","templated":true}]}}