{"id":2626,"date":"2020-10-15T08:00:51","date_gmt":"2020-10-15T08:00:51","guid":{"rendered":"http:\/\/www.skagentraad.dk\/?page_id=2626"},"modified":"2025-01-30T15:10:32","modified_gmt":"2025-01-30T14:10:32","slug":"ydeevne-erklaeringer","status":"publish","type":"page","link":"https:\/\/www.skagentraad.dk\/en\/ydeevne-erklaeringer\/","title":{"rendered":"Performance statements"},"content":{"rendered":"<h1>Download vores ydeevneerkl\u00e6ringer her<\/h1>\n<p>All products from Skagen Tr\u00e5dindustri can be delivered in different qualities of material. You can for instance choose between smooth stainless steel EN 1.4301, EN 1.4401 and tinbronze CuSn6, ribbed reinforcing steel in EN 10080 strength classes and 500B and smooth reinforcing steel S235, S275 and S355. Stainless reinforcing steel in BS 6744, strength class 500 Mpa.<\/p>\n<p>You can download our performance statements here:<\/p>\n<ul>\n<li><a href=\"http:\/\/www.skagentraad.dk\/wp-content\/uploads\/2015\/08\/YDEEVNEDEKLARATION-Unikke-nr-ST-21303Safe-\u00f83-Dokument-14-1..pdf\">Safe+ <\/a><a href=\"https:\/\/www.skagentraad.dk\/wp-content\/uploads\/2022\/10\/YDEEVNEDEKLARATION-Unikke-nr-ST-21303Safe-oe3-Dokument-14-1.pdf\">wall tie<\/a>\u00a0<a href=\"http:\/\/www.skagentraad.dk\/wp-content\/uploads\/2015\/08\/YDEEVNEDEKLARATION-Unikke-nr-ST-21303Safe-\u00f83-Dokument-14-1..pdf\">- diam. 3 mm.<\/a><\/li>\n<li><a href=\"http:\/\/www.skagentraad.dk\/wp-content\/uploads\/2015\/08\/YDEEVNEDEKLARATION-Unikke-nr-ST-21404Safe-\u00f84-Dokument-14-2.pdf\">Safe+ wall tie - diam. 4 mm.<\/a><\/li>\n<li><a href=\"http:\/\/www.skagentraad.dk\/wp-content\/uploads\/2014\/12\/YDEEVNEDEKLARATION-Unikke-nr-ST-10404Beton-elementbinder-\u00f8-40mm-nr-15-17..pdf\">Concrete element tie - diam. 4 mm.<\/a><\/li>\n<li><a href=\"https:\/\/www.skagentraad.dk\/wp-content\/uploads\/2021\/05\/Ydeevneerklaering-betonelementbinder-med-boelge.pdf\" target=\"_blank\" rel=\"noopener\">Beton elementbinder med b\u00f8lge \u00d84mm.\u00a0<\/a><\/li>\n<li><a href=\"http:\/\/www.skagentraad.dk\/wp-content\/uploads\/2015\/08\/YDEEVNEDEKLARATION-Unikke-nr-ST-16104Indslagsanker-med-st\u00e5lhylse-\u00f8-40mm-nr-14-4..pdf\">Expansion wall tie w. steel bushing - diam. 4 mm.<\/a><\/li>\n<li><a href=\"https:\/\/www.skagentraad.dk\/wp-content\/uploads\/2022\/10\/Ydeevneerklaering-Soejlebinder.pdf\">Pillar wall tie for HEB 120, 0-150 mm.<\/a><\/li>\n<li><a href=\"https:\/\/www.skagentraad.dk\/wp-content\/uploads\/2022\/09\/YDEEVNEDEKLARATIONUnikke-nr-ST-19104-Soejlebinder-for-HEB-100-0-150mm-14-9.pdf\">Pillar wall tie for HEB 100, 0-150 mm.<\/a><\/li>\n<li><a href=\"https:\/\/www.skagentraad.dk\/wp-content\/uploads\/2024\/10\/Forankringsskine-med-monterede-murbindere-t-skinne.pdf\">Anchoring rail<\/a><\/li>\n<li><a href=\"http:\/\/www.skagentraad.dk\/wp-content\/uploads\/2015\/08\/YDEEVNEDEKLARATION-Unikke-nr-ST21004-Murv\u00e6rksarmering-4080mmDokument-14-12.pdf\">Masonry reinforcement 4080 mm.<\/a><\/li>\n<li><a href=\"http:\/\/www.skagentraad.dk\/wp-content\/uploads\/2015\/08\/YDEEVNEDEKLARATION-Unikke-nr-ST21003-Murv\u00e6rksarmering-3050mmDokument-14-11..pdf\">Masonry reinforcement 3050 mm.<\/a><\/li>\n<li><a href=\"http:\/\/www.skagentraad.dk\/wp-content\/uploads\/2015\/08\/YDEEVNEDEKLARATION-Unikke-nr-ST-21804Safe-Porebeton-\u00f84-Dokument-15-14..pdf\">Safe wall tie for aerated concrete - diam. 4 mm.<\/a><\/li>\n<li><a href=\"http:\/\/www.skagentraad.dk\/wp-content\/uploads\/2015\/08\/YDEEVNEDEKLARATION-Unikke-nr-ST-21703Safe-Porebeton-\u00f83-Dokument-14-3.pdf\">Safe tie for aerated concrete - diam. 3 mm.<\/a><\/li>\n<li><a href=\"http:\/\/www.skagentraad.dk\/wp-content\/uploads\/2015\/08\/YDEEVNEDEKLARATION-Unikke-nr-ST-21604.-Safe-Asym-\u00f840mm-Dokument-14-13..pdf\">Safe asymmetric wall tie - diam. 4 mm.<\/a><\/li>\n<li><a href=\"http:\/\/www.skagentraad.dk\/wp-content\/uploads\/2015\/08\/YDEEVNEDEKLARATION-Unikke-nr-ST-21503.-Safe-Asym-\u00f83mm-Dokument-14-12..pdf\">Safe asymmetric wall tie - diam. 3 mm.<\/a><\/li>\n<li><a href=\"http:\/\/www.skagentraad.dk\/wp-content\/uploads\/2015\/08\/YDEEVNEDEKLARATION-Unikke-nr-ST-15304Tr\u00e6gevind-anker-med-B\u00f8lge\u00f8-40-mm-Dokument-14-6..pdf\">Wall tie w. wood screw thread and wave - diam. 4 mm.<\/a><\/li>\n<li><a href=\"http:\/\/www.skagentraad.dk\/wp-content\/uploads\/2015\/08\/YDEEVNEDEKLARATION-Unikke-nr-ST-15204Tr\u00e6gevind-anker-med-B\u00f8lge\u00f830-mm-Dokument-15-15..pdf\">Wall tie w. wood screw-thread and wave - diam. 3 mm.<\/a><\/li>\n<li><a href=\"http:\/\/www.skagentraad.dk\/wp-content\/uploads\/2015\/08\/YDEEVNEDEKLARATION-Unikke-nr-ST-14204Selvsk\u00e6rende-gevindanker\u00f8-42-mm-Dokument-14-5..pdf\">Selvsk\u00e6rende murbinder \u00d84,2mm<\/a><\/li>\n<li><a href=\"https:\/\/www.skagentraad.dk\/wp-content\/uploads\/2021\/05\/Ydeevneerklaering-Selvskaerende-murbinder-med-boelge.pdf\" target=\"_blank\" rel=\"noopener\">Selvsk\u00e6rende murbinder med b\u00f8lge \u00d84,2mm.<\/a><\/li>\n<li><a href=\"http:\/\/www.skagentraad.dk\/wp-content\/uploads\/2015\/08\/YDEEVNEDEKLARATION-Unikke-nr-ST-13104.Indslag-dybelanker-\u00f840mm-Dokument-14-8.pdf\">Dybel indslagsbinder \u00d84mm<\/a><\/li>\n<li><a href=\"http:\/\/www.skagentraad.dk\/wp-content\/uploads\/2015\/08\/YDEEVNEDEKLARATION-Unikke-nr-ST-13103.Indslag-dybelanker-\u00f83mm-Dokument-14-8.pdf\">Dybel indslagsbinder \u00d83mm<\/a><\/li>\n<li><a href=\"http:\/\/www.skagentraad.dk\/wp-content\/uploads\/2015\/09\/YDEEVNEDEKLARATIONUnikke-nr-ST-19005-Z-Clamp-S\u00f8jlebinder-for-HEB-IPE.-0-45-mm-dokument-15-19..pdf\">Z-Clamp pillar tie for HEB-IPE<\/a><\/li>\n<li><a href=\"https:\/\/www.skagentraad.dk\/wp-content\/uploads\/2021\/05\/Ydeevneerklaering-renoveringsmurbinder.pdf\">Wall tie for renovation\u00a0<\/a><\/li>\n<li><a href=\"https:\/\/www.skagentraad.dk\/wp-content\/uploads\/2021\/05\/YDEEVNEDEKLARATION-250-Pudsehjoerne.pdf\" target=\"_blank\" rel=\"noopener\">Pudsehj\u00f8rne\/hj\u00f8rnejern<\/a><\/li>\n<li><a href=\"https:\/\/www.skagentraad.dk\/wp-content\/uploads\/2023\/10\/Ydeevneerklaering-ISO-Fix-dybel-m.-binder-slaggevind.pdf\" target=\"_blank\" rel=\"noopener\">ISO-Fix Dybel m. slaggevindbinder\u00a0<\/a><\/li>\n<li><a href=\"https:\/\/www.skagentraad.dk\/wp-content\/uploads\/2023\/10\/Ydeevneerklaering-ISO-Fix-dybel-m.-traegevind-og-boelge.pdf\" target=\"_blank\" rel=\"noopener\">ISO-Fix Dybel m. tr\u00e6gevindbinder m. b\u00f8lge<\/a><\/li>\n<li><a href=\"https:\/\/www.skagentraad.dk\/wp-content\/uploads\/2025\/01\/Ydeevneerklaering-Dobbeltbinder-m.-pendel-til-trae.pdf\">Pendel m. tr\u00e6gevind (Glidebinder)<\/a><\/li>\n<\/ul>","protected":false},"excerpt":{"rendered":"<p>Download vores ydeevneerkl\u00e6ringer her Alle produkter fra Skagen Tr\u00e5dindustri kan leveres i forskellige materialekvaliteter. I kan fx.\u00a0v\u00e6lge mellem glat Rustfri st\u00e5l EN 1.4301, EN 1.4401 og Tinbronze CuSn6,\u00a0Ribbet armeringsst\u00e5l efter EN 10080 i styrke klasser og 500B og glat armeringsst\u00e5l S235. S275 og S355. Rustfrit armeringsst\u00e5l efter BS 6744 Styrke [&#8230;]<\/p>\n","protected":false},"author":4,"featured_media":0,"parent":0,"menu_order":0,"comment_status":"closed","ping_status":"closed","template":"","meta":[],"yoast_head":"<!-- This site is optimized with the Yoast SEO plugin v19.13 - https:\/\/yoast.com\/wordpress\/plugins\/seo\/ -->\n<title>Ydeevne erkl\u00e6ringer - Skagen Tr\u00e5dindustri<\/title>\n<meta name=\"description\" content=\"Her finder du Skagen Tr\u00e5dindustri&#039;s erkl\u00e6ringer om ydeevne p\u00e5 vores produkter.\" \/>\n<meta name=\"robots\" content=\"index, follow, max-snippet:-1, max-image-preview:large, max-video-preview:-1\" \/>\n<link rel=\"canonical\" href=\"https:\/\/www.skagentraad.dk\/en\/ydeevne-erklaeringer\/\" \/>\n<meta property=\"og:locale\" content=\"en_GB\" \/>\n<meta property=\"og:type\" content=\"article\" \/>\n<meta property=\"og:title\" content=\"Ydeevne erkl\u00e6ringer - Skagen Tr\u00e5dindustri\" \/>\n<meta property=\"og:description\" content=\"Her finder du Skagen Tr\u00e5dindustri&#039;s erkl\u00e6ringer om ydeevne p\u00e5 vores produkter.\" \/>\n<meta property=\"og:url\" content=\"https:\/\/www.skagentraad.dk\/en\/ydeevne-erklaeringer\/\" \/>\n<meta property=\"og:site_name\" content=\"Skagen Tr\u00e5dindustri\" \/>\n<meta property=\"article:modified_time\" content=\"2025-01-30T14:10:32+00:00\" \/>\n<meta name=\"twitter:card\" content=\"summary_large_image\" \/>\n<meta name=\"twitter:label1\" content=\"Estimated reading time\" \/>\n\t<meta name=\"twitter:data1\" content=\"1 minute\" \/>\n<script type=\"application\/ld+json\" class=\"yoast-schema-graph\">{\"@context\":\"https:\/\/schema.org\",\"@graph\":[{\"@type\":\"WebPage\",\"@id\":\"https:\/\/www.skagentraad.dk\/ydeevne-erklaeringer\/\",\"url\":\"https:\/\/www.skagentraad.dk\/ydeevne-erklaeringer\/\",\"name\":\"Ydeevne erkl\u00e6ringer - Skagen Tr\u00e5dindustri\",\"isPartOf\":{\"@id\":\"https:\/\/www.skagentraad.dk\/#website\"},\"datePublished\":\"2020-10-15T08:00:51+00:00\",\"dateModified\":\"2025-01-30T14:10:32+00:00\",\"description\":\"Her finder du Skagen Tr\u00e5dindustri's erkl\u00e6ringer om ydeevne p\u00e5 vores produkter.\",\"breadcrumb\":{\"@id\":\"https:\/\/www.skagentraad.dk\/ydeevne-erklaeringer\/#breadcrumb\"},\"inLanguage\":\"en-GB\",\"potentialAction\":[{\"@type\":\"ReadAction\",\"target\":[\"https:\/\/www.skagentraad.dk\/ydeevne-erklaeringer\/\"]}]},{\"@type\":\"BreadcrumbList\",\"@id\":\"https:\/\/www.skagentraad.dk\/ydeevne-erklaeringer\/#breadcrumb\",\"itemListElement\":[{\"@type\":\"ListItem\",\"position\":1,\"name\":\"Hjem\",\"item\":\"https:\/\/www.skagentraad.dk\/\"},{\"@type\":\"ListItem\",\"position\":2,\"name\":\"Ydeevne erkl\u00e6ringer\"}]},{\"@type\":\"WebSite\",\"@id\":\"https:\/\/www.skagentraad.dk\/#website\",\"url\":\"https:\/\/www.skagentraad.dk\/\",\"name\":\"Skagen Tr\u00e5dindustri\",\"description\":\"Leverand\u00f8r af rustfrit armeringsst\u00e5l til brug for bygge- og anl\u00e6gsbranchen\",\"publisher\":{\"@id\":\"https:\/\/www.skagentraad.dk\/#organization\"},\"potentialAction\":[{\"@type\":\"SearchAction\",\"target\":{\"@type\":\"EntryPoint\",\"urlTemplate\":\"https:\/\/www.skagentraad.dk\/?s={search_term_string}\"},\"query-input\":\"required name=search_term_string\"}],\"inLanguage\":\"en-GB\"},{\"@type\":\"Organization\",\"@id\":\"https:\/\/www.skagentraad.dk\/#organization\",\"name\":\"Skagen Tr\u00e5dindustri\",\"url\":\"https:\/\/www.skagentraad.dk\/\",\"logo\":{\"@type\":\"ImageObject\",\"inLanguage\":\"en-GB\",\"@id\":\"https:\/\/www.skagentraad.dk\/#\/schema\/logo\/image\/\",\"url\":\"https:\/\/www.skagentraad.dk\/wp-content\/uploads\/2015\/01\/logo_top.png\",\"contentUrl\":\"https:\/\/www.skagentraad.dk\/wp-content\/uploads\/2015\/01\/logo_top.png\",\"width\":350,\"height\":108,\"caption\":\"Skagen Tr\u00e5dindustri\"},\"image\":{\"@id\":\"https:\/\/www.skagentraad.dk\/#\/schema\/logo\/image\/\"}}]}<\/script>\n<!-- \/ Yoast SEO plugin. -->","yoast_head_json":{"title":"Ydeevne erkl\u00e6ringer - Skagen Tr\u00e5dindustri","description":"Her finder du Skagen Tr\u00e5dindustri's erkl\u00e6ringer om ydeevne p\u00e5 vores produkter.","robots":{"index":"index","follow":"follow","max-snippet":"max-snippet:-1","max-image-preview":"max-image-preview:large","max-video-preview":"max-video-preview:-1"},"canonical":"https:\/\/www.skagentraad.dk\/en\/ydeevne-erklaeringer\/","og_locale":"en_GB","og_type":"article","og_title":"Ydeevne erkl\u00e6ringer - Skagen Tr\u00e5dindustri","og_description":"Her finder du Skagen Tr\u00e5dindustri's erkl\u00e6ringer om ydeevne p\u00e5 vores produkter.","og_url":"https:\/\/www.skagentraad.dk\/en\/ydeevne-erklaeringer\/","og_site_name":"Skagen Tr\u00e5dindustri","article_modified_time":"2025-01-30T14:10:32+00:00","twitter_card":"summary_large_image","twitter_misc":{"Estimated reading time":"1 minute"},"schema":{"@context":"https:\/\/schema.org","@graph":[{"@type":"WebPage","@id":"https:\/\/www.skagentraad.dk\/ydeevne-erklaeringer\/","url":"https:\/\/www.skagentraad.dk\/ydeevne-erklaeringer\/","name":"Ydeevne erkl\u00e6ringer - Skagen Tr\u00e5dindustri","isPartOf":{"@id":"https:\/\/www.skagentraad.dk\/#website"},"datePublished":"2020-10-15T08:00:51+00:00","dateModified":"2025-01-30T14:10:32+00:00","description":"Her finder du Skagen Tr\u00e5dindustri's erkl\u00e6ringer om ydeevne p\u00e5 vores produkter.","breadcrumb":{"@id":"https:\/\/www.skagentraad.dk\/ydeevne-erklaeringer\/#breadcrumb"},"inLanguage":"en-GB","potentialAction":[{"@type":"ReadAction","target":["https:\/\/www.skagentraad.dk\/ydeevne-erklaeringer\/"]}]},{"@type":"BreadcrumbList","@id":"https:\/\/www.skagentraad.dk\/ydeevne-erklaeringer\/#breadcrumb","itemListElement":[{"@type":"ListItem","position":1,"name":"Hjem","item":"https:\/\/www.skagentraad.dk\/"},{"@type":"ListItem","position":2,"name":"Ydeevne erkl\u00e6ringer"}]},{"@type":"WebSite","@id":"https:\/\/www.skagentraad.dk\/#website","url":"https:\/\/www.skagentraad.dk\/","name":"Skagen Tr\u00e5dindustri","description":"Supplier of stainless reinforcing steel to the construction industry","publisher":{"@id":"https:\/\/www.skagentraad.dk\/#organization"},"potentialAction":[{"@type":"SearchAction","target":{"@type":"EntryPoint","urlTemplate":"https:\/\/www.skagentraad.dk\/?s={search_term_string}"},"query-input":"required name=search_term_string"}],"inLanguage":"en-GB"},{"@type":"Organization","@id":"https:\/\/www.skagentraad.dk\/#organization","name":"Skagen Tr\u00e5dindustri","url":"https:\/\/www.skagentraad.dk\/","logo":{"@type":"ImageObject","inLanguage":"en-GB","@id":"https:\/\/www.skagentraad.dk\/#\/schema\/logo\/image\/","url":"https:\/\/www.skagentraad.dk\/wp-content\/uploads\/2015\/01\/logo_top.png","contentUrl":"https:\/\/www.skagentraad.dk\/wp-content\/uploads\/2015\/01\/logo_top.png","width":350,"height":108,"caption":"Skagen Tr\u00e5dindustri"},"image":{"@id":"https:\/\/www.skagentraad.dk\/#\/schema\/logo\/image\/"}}]}},"_links":{"self":[{"href":"https:\/\/www.skagentraad.dk\/en\/wp-json\/wp\/v2\/pages\/2626"}],"collection":[{"href":"https:\/\/www.skagentraad.dk\/en\/wp-json\/wp\/v2\/pages"}],"about":[{"href":"https:\/\/www.skagentraad.dk\/en\/wp-json\/wp\/v2\/types\/page"}],"author":[{"embeddable":true,"href":"https:\/\/www.skagentraad.dk\/en\/wp-json\/wp\/v2\/users\/4"}],"replies":[{"embeddable":true,"href":"https:\/\/www.skagentraad.dk\/en\/wp-json\/wp\/v2\/comments?post=2626"}],"version-history":[{"count":20,"href":"https:\/\/www.skagentraad.dk\/en\/wp-json\/wp\/v2\/pages\/2626\/revisions"}],"predecessor-version":[{"id":4121,"href":"https:\/\/www.skagentraad.dk\/en\/wp-json\/wp\/v2\/pages\/2626\/revisions\/4121"}],"wp:attachment":[{"href":"https:\/\/www.skagentraad.dk\/en\/wp-json\/wp\/v2\/media?parent=2626"}],"curies":[{"name":"wp","href":"https:\/\/api.w.org\/{rel}","templated":true}]}}