{"id":2631,"date":"2020-10-25T08:00:00","date_gmt":"2020-10-25T08:00:00","guid":{"rendered":"http:\/\/www.skagentraad.dk\/?page_id=2631"},"modified":"2025-01-30T15:12:44","modified_gmt":"2025-01-30T14:12:44","slug":"montagevejledninger","status":"publish","type":"page","link":"https:\/\/www.skagentraad.dk\/en\/montagevejledninger\/","title":{"rendered":"Assembly instructions"},"content":{"rendered":"<h1>Download montagevejledninger for vores produkter<\/h1>\n<p>Alle produkter fra Skagen Tr\u00e5dindustri kan leveres i forskellige materialekvaliteter. I kan fx. v\u00e6lge mellem glat Rustfri st\u00e5l EN 1.4301, EN 1.4401 og Tinbronze CuSn6, Ribbet armeringsst\u00e5l efter EN 10080 i styrke klasser og 500B og glat armeringsst\u00e5l S235, S275 og S355. Rustfrit armeringsst\u00e5l efter BS 6744 Styrke klasse 500 Mpa .<\/p>\n<p>Hent vores montagevejledninger nedenfor:<\/p>\n<ul>\n<li><a href=\"http:\/\/www.skagentraad.dk\/wp-content\/uploads\/2018\/07\/safe-murbinder.pdf\" target=\"_blank\" rel=\"noopener\">SAFE wall tie<\/a><\/li>\n<li><a href=\"http:\/\/www.skagentraad.dk\/wp-content\/uploads\/2018\/07\/safe-asymetrisk-binder.pdf\" target=\"_blank\" rel=\"noopener\">SAFE asymetrisk murbinder<\/a><\/li>\n<li><span style=\"color: #005005;\"><a href=\"http:\/\/www.skagentraad.dk\/wp-content\/uploads\/2018\/07\/safe-porebeton-binder-blokke.pdf\" target=\"_blank\" rel=\"noopener\">SAFE porebeton murbinder, blokke<\/a><\/span><\/li>\n<li><span style=\"color: #000120;\"><a href=\"http:\/\/www.skagentraad.dk\/wp-content\/uploads\/2018\/07\/safe-asymetrisk-porebetonbinder.pdf\" target=\"_blank\" rel=\"noopener\">SAFE asymetrisk porebeton murbinder, element<\/a><\/span><\/li>\n<li><a href=\"http:\/\/www.skagentraad.dk\/wp-content\/uploads\/2018\/07\/slagmurbinder-nylon-dybel.pdf\" target=\"_blank\" rel=\"noopener\">Dybel indslagsbinder<\/a><\/li>\n<li><a href=\"http:\/\/www.skagentraad.dk\/wp-content\/uploads\/2018\/07\/UMBA-ekspansionsmurbinder.pdf\" target=\"_blank\" rel=\"noopener\">Ekspansionsmurbinder<\/a><\/li>\n<li><a href=\"http:\/\/www.skagentraad.dk\/wp-content\/uploads\/2018\/07\/gamba-selvsk\u00e6rende-binder.pdf\" target=\"_blank\" rel=\"noopener\">Selvsk\u00e6rende murbinder<\/a><\/li>\n<li><a href=\"http:\/\/www.skagentraad.dk\/wp-content\/uploads\/2018\/07\/selvsk\u00e6rende-anker-med-b\u00f8lge.pdf\" target=\"_blank\" rel=\"noopener\">Selvsk\u00e6rende murbinder med b\u00f8lge<\/a><\/li>\n<li><a href=\"http:\/\/www.skagentraad.dk\/wp-content\/uploads\/2018\/07\/tr\u00e6gevindbinder-med-b\u00f8lge.pdf\" target=\"_blank\" rel=\"noopener\">Murbinder med tr\u00e6gevind og b\u00f8lge<\/a><\/li>\n<li><a href=\"http:\/\/www.skagentraad.dk\/wp-content\/uploads\/2018\/07\/st\u00e5l-s\u00f8jlebinder-HEP.pdf\" target=\"_blank\" rel=\"noopener\">S\u00f8jlemurbinder &#8211; HEB-IPE<\/a><\/li>\n<li><a href=\"https:\/\/www.skagentraad.dk\/wp-content\/uploads\/2024\/10\/Montagevejledning-Forankringsskinne-T-Type.pdf\" target=\"_blank\" rel=\"noopener\">Anchoring rail for shell wall<\/a><\/li>\n<li><a href=\"https:\/\/www.skagentraad.dk\/wp-content\/uploads\/2022\/03\/Montagevejledning-ISO-clips.pdf\" target=\"_blank\" rel=\"noopener\">Insulation clips<\/a><\/li>\n<li><a href=\"https:\/\/www.skagentraad.dk\/wp-content\/uploads\/2021\/05\/Montagevejledning-isoleringsplade-dybel.pdf\" target=\"_blank\" rel=\"noopener\">Isoleringsplade dybel \u00d88 mm.<\/a><\/li>\n<li><a href=\"https:\/\/www.skagentraad.dk\/wp-content\/uploads\/2021\/05\/Montagevejledning-isoleringsplade-dybel-med-murbinder.pdf\" target=\"_blank\" rel=\"noopener\">Isoleringsplade dybel \u00d88 mm. med murbinder<\/a><\/li>\n<li><a href=\"https:\/\/www.skagentraad.dk\/wp-content\/uploads\/2022\/06\/Renoveringsmurbinder.pdf\">Renoveringsmurbinder \u00d88mm.<\/a><\/li>\n<li><a href=\"https:\/\/www.skagentraad.dk\/wp-content\/uploads\/2025\/01\/Montagevejledning-Pendel-m.-traegevind.pdf\">Pendel m. tr\u00e6gevind (glidebinder)<\/a><\/li>\n<\/ul>","protected":false},"excerpt":{"rendered":"<p>Download montagevejledninger for vores produkter Alle produkter fra Skagen Tr\u00e5dindustri kan leveres i forskellige materialekvaliteter. I kan fx. v\u00e6lge mellem glat Rustfri st\u00e5l EN 1.4301, EN 1.4401 og Tinbronze CuSn6, Ribbet armeringsst\u00e5l efter EN 10080 i styrke klasser og 500B og glat armeringsst\u00e5l S235, S275 og S355. Rustfrit armeringsst\u00e5l efter [&#8230;]<\/p>\n","protected":false},"author":4,"featured_media":0,"parent":0,"menu_order":0,"comment_status":"closed","ping_status":"closed","template":"","meta":[],"yoast_head":"<!-- This site is optimized with the Yoast SEO plugin v19.13 - https:\/\/yoast.com\/wordpress\/plugins\/seo\/ -->\n<title>Skagen Tr\u00e5dindustri - Vejledninger til monterning af vores produkter<\/title>\n<meta name=\"description\" content=\"Vi fremstiller st\u00e5lvarer i forskellige materialekvaliteter alt efter hvad du har brug for. Vi st\u00e5r ogs\u00e5 gerne klar med r\u00e5d og vejledning til montering.\" \/>\n<meta name=\"robots\" content=\"index, follow, max-snippet:-1, max-image-preview:large, max-video-preview:-1\" \/>\n<link rel=\"canonical\" href=\"https:\/\/www.skagentraad.dk\/en\/montagevejledninger\/\" \/>\n<meta property=\"og:locale\" content=\"en_GB\" \/>\n<meta property=\"og:type\" content=\"article\" \/>\n<meta property=\"og:title\" content=\"Skagen Tr\u00e5dindustri - Vejledninger til monterning af vores produkter\" \/>\n<meta property=\"og:description\" content=\"Vi fremstiller st\u00e5lvarer i forskellige materialekvaliteter alt efter hvad du har brug for. Vi st\u00e5r ogs\u00e5 gerne klar med r\u00e5d og vejledning til montering.\" \/>\n<meta property=\"og:url\" content=\"https:\/\/www.skagentraad.dk\/en\/montagevejledninger\/\" \/>\n<meta property=\"og:site_name\" content=\"Skagen Tr\u00e5dindustri\" \/>\n<meta property=\"article:modified_time\" content=\"2025-01-30T14:12:44+00:00\" \/>\n<meta name=\"twitter:card\" content=\"summary_large_image\" \/>\n<meta name=\"twitter:label1\" content=\"Estimated reading time\" \/>\n\t<meta name=\"twitter:data1\" content=\"1 minute\" \/>\n<script type=\"application\/ld+json\" class=\"yoast-schema-graph\">{\"@context\":\"https:\/\/schema.org\",\"@graph\":[{\"@type\":\"WebPage\",\"@id\":\"https:\/\/www.skagentraad.dk\/montagevejledninger\/\",\"url\":\"https:\/\/www.skagentraad.dk\/montagevejledninger\/\",\"name\":\"Skagen Tr\u00e5dindustri - Vejledninger til monterning af vores produkter\",\"isPartOf\":{\"@id\":\"https:\/\/www.skagentraad.dk\/#website\"},\"datePublished\":\"2020-10-25T08:00:00+00:00\",\"dateModified\":\"2025-01-30T14:12:44+00:00\",\"description\":\"Vi fremstiller st\u00e5lvarer i forskellige materialekvaliteter alt efter hvad du har brug for. Vi st\u00e5r ogs\u00e5 gerne klar med r\u00e5d og vejledning til montering.\",\"breadcrumb\":{\"@id\":\"https:\/\/www.skagentraad.dk\/montagevejledninger\/#breadcrumb\"},\"inLanguage\":\"en-GB\",\"potentialAction\":[{\"@type\":\"ReadAction\",\"target\":[\"https:\/\/www.skagentraad.dk\/montagevejledninger\/\"]}]},{\"@type\":\"BreadcrumbList\",\"@id\":\"https:\/\/www.skagentraad.dk\/montagevejledninger\/#breadcrumb\",\"itemListElement\":[{\"@type\":\"ListItem\",\"position\":1,\"name\":\"Hjem\",\"item\":\"https:\/\/www.skagentraad.dk\/\"},{\"@type\":\"ListItem\",\"position\":2,\"name\":\"Montagevejledninger\"}]},{\"@type\":\"WebSite\",\"@id\":\"https:\/\/www.skagentraad.dk\/#website\",\"url\":\"https:\/\/www.skagentraad.dk\/\",\"name\":\"Skagen Tr\u00e5dindustri\",\"description\":\"Leverand\u00f8r af rustfrit armeringsst\u00e5l til brug for bygge- og anl\u00e6gsbranchen\",\"publisher\":{\"@id\":\"https:\/\/www.skagentraad.dk\/#organization\"},\"potentialAction\":[{\"@type\":\"SearchAction\",\"target\":{\"@type\":\"EntryPoint\",\"urlTemplate\":\"https:\/\/www.skagentraad.dk\/?s={search_term_string}\"},\"query-input\":\"required name=search_term_string\"}],\"inLanguage\":\"en-GB\"},{\"@type\":\"Organization\",\"@id\":\"https:\/\/www.skagentraad.dk\/#organization\",\"name\":\"Skagen Tr\u00e5dindustri\",\"url\":\"https:\/\/www.skagentraad.dk\/\",\"logo\":{\"@type\":\"ImageObject\",\"inLanguage\":\"en-GB\",\"@id\":\"https:\/\/www.skagentraad.dk\/#\/schema\/logo\/image\/\",\"url\":\"https:\/\/www.skagentraad.dk\/wp-content\/uploads\/2015\/01\/logo_top.png\",\"contentUrl\":\"https:\/\/www.skagentraad.dk\/wp-content\/uploads\/2015\/01\/logo_top.png\",\"width\":350,\"height\":108,\"caption\":\"Skagen Tr\u00e5dindustri\"},\"image\":{\"@id\":\"https:\/\/www.skagentraad.dk\/#\/schema\/logo\/image\/\"}}]}<\/script>\n<!-- \/ Yoast SEO plugin. -->","yoast_head_json":{"title":"Skagen Tr\u00e5dindustri - Vejledninger til monterning af vores produkter","description":"Vi fremstiller st\u00e5lvarer i forskellige materialekvaliteter alt efter hvad du har brug for. Vi st\u00e5r ogs\u00e5 gerne klar med r\u00e5d og vejledning til montering.","robots":{"index":"index","follow":"follow","max-snippet":"max-snippet:-1","max-image-preview":"max-image-preview:large","max-video-preview":"max-video-preview:-1"},"canonical":"https:\/\/www.skagentraad.dk\/en\/montagevejledninger\/","og_locale":"en_GB","og_type":"article","og_title":"Skagen Tr\u00e5dindustri - Vejledninger til monterning af vores produkter","og_description":"Vi fremstiller st\u00e5lvarer i forskellige materialekvaliteter alt efter hvad du har brug for. Vi st\u00e5r ogs\u00e5 gerne klar med r\u00e5d og vejledning til montering.","og_url":"https:\/\/www.skagentraad.dk\/en\/montagevejledninger\/","og_site_name":"Skagen Tr\u00e5dindustri","article_modified_time":"2025-01-30T14:12:44+00:00","twitter_card":"summary_large_image","twitter_misc":{"Estimated reading time":"1 minute"},"schema":{"@context":"https:\/\/schema.org","@graph":[{"@type":"WebPage","@id":"https:\/\/www.skagentraad.dk\/montagevejledninger\/","url":"https:\/\/www.skagentraad.dk\/montagevejledninger\/","name":"Skagen Tr\u00e5dindustri - Vejledninger til monterning af vores produkter","isPartOf":{"@id":"https:\/\/www.skagentraad.dk\/#website"},"datePublished":"2020-10-25T08:00:00+00:00","dateModified":"2025-01-30T14:12:44+00:00","description":"Vi fremstiller st\u00e5lvarer i forskellige materialekvaliteter alt efter hvad du har brug for. Vi st\u00e5r ogs\u00e5 gerne klar med r\u00e5d og vejledning til montering.","breadcrumb":{"@id":"https:\/\/www.skagentraad.dk\/montagevejledninger\/#breadcrumb"},"inLanguage":"en-GB","potentialAction":[{"@type":"ReadAction","target":["https:\/\/www.skagentraad.dk\/montagevejledninger\/"]}]},{"@type":"BreadcrumbList","@id":"https:\/\/www.skagentraad.dk\/montagevejledninger\/#breadcrumb","itemListElement":[{"@type":"ListItem","position":1,"name":"Hjem","item":"https:\/\/www.skagentraad.dk\/"},{"@type":"ListItem","position":2,"name":"Montagevejledninger"}]},{"@type":"WebSite","@id":"https:\/\/www.skagentraad.dk\/#website","url":"https:\/\/www.skagentraad.dk\/","name":"Skagen Tr\u00e5dindustri","description":"Supplier of stainless reinforcing steel to the construction industry","publisher":{"@id":"https:\/\/www.skagentraad.dk\/#organization"},"potentialAction":[{"@type":"SearchAction","target":{"@type":"EntryPoint","urlTemplate":"https:\/\/www.skagentraad.dk\/?s={search_term_string}"},"query-input":"required name=search_term_string"}],"inLanguage":"en-GB"},{"@type":"Organization","@id":"https:\/\/www.skagentraad.dk\/#organization","name":"Skagen Tr\u00e5dindustri","url":"https:\/\/www.skagentraad.dk\/","logo":{"@type":"ImageObject","inLanguage":"en-GB","@id":"https:\/\/www.skagentraad.dk\/#\/schema\/logo\/image\/","url":"https:\/\/www.skagentraad.dk\/wp-content\/uploads\/2015\/01\/logo_top.png","contentUrl":"https:\/\/www.skagentraad.dk\/wp-content\/uploads\/2015\/01\/logo_top.png","width":350,"height":108,"caption":"Skagen Tr\u00e5dindustri"},"image":{"@id":"https:\/\/www.skagentraad.dk\/#\/schema\/logo\/image\/"}}]}},"_links":{"self":[{"href":"https:\/\/www.skagentraad.dk\/en\/wp-json\/wp\/v2\/pages\/2631"}],"collection":[{"href":"https:\/\/www.skagentraad.dk\/en\/wp-json\/wp\/v2\/pages"}],"about":[{"href":"https:\/\/www.skagentraad.dk\/en\/wp-json\/wp\/v2\/types\/page"}],"author":[{"embeddable":true,"href":"https:\/\/www.skagentraad.dk\/en\/wp-json\/wp\/v2\/users\/4"}],"replies":[{"embeddable":true,"href":"https:\/\/www.skagentraad.dk\/en\/wp-json\/wp\/v2\/comments?post=2631"}],"version-history":[{"count":29,"href":"https:\/\/www.skagentraad.dk\/en\/wp-json\/wp\/v2\/pages\/2631\/revisions"}],"predecessor-version":[{"id":4122,"href":"https:\/\/www.skagentraad.dk\/en\/wp-json\/wp\/v2\/pages\/2631\/revisions\/4122"}],"wp:attachment":[{"href":"https:\/\/www.skagentraad.dk\/en\/wp-json\/wp\/v2\/media?parent=2631"}],"curies":[{"name":"wp","href":"https:\/\/api.w.org\/{rel}","templated":true}]}}