{"id":2702,"date":"2020-07-09T19:14:12","date_gmt":"2020-07-09T19:14:12","guid":{"rendered":"http:\/\/www.skagentraad.dk\/?page_id=2702"},"modified":"2023-12-22T11:26:19","modified_gmt":"2023-12-22T10:26:19","slug":"garanti","status":"publish","type":"page","link":"https:\/\/www.skagentraad.dk\/en\/garanti\/","title":{"rendered":"Garanti og levering"},"content":{"rendered":"<h1>Handelsbetingelser<\/h1>\n<p>These conditions apply to all orders:<\/p>\n<ul>\n<li><strong>Prices: Prices given are net prices exclusive VAT<\/strong><\/li>\n<li><strong>Levering: Frit leveret ved ordre p\u00e5 min. 10.000 kr. excl. moms<\/strong><\/li>\n<li><strong>Price reservations: Given prices can be changed within a 1-month notice<\/strong><\/li>\n<li><strong>Returnering af varer:\u00a0Vi henviser til vores salgs og leveringsbetingelser punkt 4<\/strong><\/li>\n<\/ul>\n<p>All of our deliveries are with a 5-year construction delivery guarantee and product liability insurance of 10 million DKK.<\/p>\n<p>Please read our overall terms and conditions by downloading here:<\/p>\n<ul>\n<li><strong><span style=\"color: #000000;\"><a style=\"color: #000000;\" href=\"https:\/\/www.skagentraad.dk\/wp-content\/uploads\/2023\/12\/Salg-og-leveringsbetingelser-Skagen-Tra\u030adindustri-2023.pdf\">Salg og leveringsbetingelser, Skagen Tr\u00e5dindustri<\/a><\/span><\/strong><\/li>\n<\/ul>\n<p>Som yderligere garanti for holdbare produkter med lang levetid, er Skagen Tr\u00e5dindustri\u00a0overv\u00e5get og kontrolleret af GlobeCert AB. Hvis du har yderligere kommentarer eller sp\u00f8rgsm\u00e5l, er du naturligvis velkommen til at kontakte os pr <a href=\"mailto:info@skagen-traad.dk\">e-mail<\/a>\u00a0or by phone.<\/p><\/p>","protected":false},"excerpt":{"rendered":"<p>Handelsbetingelser For alle ordrer er f\u00f8lgende betingelser g\u00e6ldende: Priser: Givne priser er nettopriser excl. moms Levering: Frit leveret ved ordre p\u00e5 min. 10.000 kr. excl. moms Prisforbehold: Givne priser kan \u00e6ndres med varsel p\u00e5 1 m\u00e5ned Returnering af varer:\u00a0Vi henviser til vores salgs og leveringsbetingelser punkt 4 Alle vore leverancer [&#8230;]<\/p>\n","protected":false},"author":4,"featured_media":0,"parent":0,"menu_order":0,"comment_status":"closed","ping_status":"closed","template":"","meta":[],"yoast_head":"<!-- This site is optimized with the Yoast SEO plugin v19.13 - https:\/\/yoast.com\/wordpress\/plugins\/seo\/ -->\n<title>Garanti og levering - Skagen Tr\u00e5dindustri<\/title>\n<meta name=\"description\" content=\"Her kan du finde Skagen Tr\u00e5dindustri&#039;s garanti- og leveringsbetingelser.\" \/>\n<meta name=\"robots\" content=\"index, follow, max-snippet:-1, max-image-preview:large, max-video-preview:-1\" \/>\n<link rel=\"canonical\" href=\"https:\/\/www.skagentraad.dk\/en\/garanti\/\" \/>\n<meta property=\"og:locale\" content=\"en_GB\" \/>\n<meta property=\"og:type\" content=\"article\" \/>\n<meta property=\"og:title\" content=\"Garanti og levering - Skagen Tr\u00e5dindustri\" \/>\n<meta property=\"og:description\" content=\"Her kan du finde Skagen Tr\u00e5dindustri&#039;s garanti- og leveringsbetingelser.\" \/>\n<meta property=\"og:url\" content=\"https:\/\/www.skagentraad.dk\/en\/garanti\/\" \/>\n<meta property=\"og:site_name\" content=\"Skagen Tr\u00e5dindustri\" \/>\n<meta property=\"article:modified_time\" content=\"2023-12-22T10:26:19+00:00\" \/>\n<meta name=\"twitter:card\" content=\"summary_large_image\" \/>\n<meta name=\"twitter:label1\" content=\"Estimated reading time\" \/>\n\t<meta name=\"twitter:data1\" content=\"1 minute\" \/>\n<script type=\"application\/ld+json\" class=\"yoast-schema-graph\">{\"@context\":\"https:\/\/schema.org\",\"@graph\":[{\"@type\":\"WebPage\",\"@id\":\"https:\/\/www.skagentraad.dk\/garanti\/\",\"url\":\"https:\/\/www.skagentraad.dk\/garanti\/\",\"name\":\"Garanti og levering - Skagen Tr\u00e5dindustri\",\"isPartOf\":{\"@id\":\"https:\/\/www.skagentraad.dk\/#website\"},\"datePublished\":\"2020-07-09T19:14:12+00:00\",\"dateModified\":\"2023-12-22T10:26:19+00:00\",\"description\":\"Her kan du finde Skagen Tr\u00e5dindustri's garanti- og leveringsbetingelser.\",\"breadcrumb\":{\"@id\":\"https:\/\/www.skagentraad.dk\/garanti\/#breadcrumb\"},\"inLanguage\":\"en-GB\",\"potentialAction\":[{\"@type\":\"ReadAction\",\"target\":[\"https:\/\/www.skagentraad.dk\/garanti\/\"]}]},{\"@type\":\"BreadcrumbList\",\"@id\":\"https:\/\/www.skagentraad.dk\/garanti\/#breadcrumb\",\"itemListElement\":[{\"@type\":\"ListItem\",\"position\":1,\"name\":\"Hjem\",\"item\":\"https:\/\/www.skagentraad.dk\/\"},{\"@type\":\"ListItem\",\"position\":2,\"name\":\"Garanti og levering\"}]},{\"@type\":\"WebSite\",\"@id\":\"https:\/\/www.skagentraad.dk\/#website\",\"url\":\"https:\/\/www.skagentraad.dk\/\",\"name\":\"Skagen Tr\u00e5dindustri\",\"description\":\"Leverand\u00f8r af rustfrit armeringsst\u00e5l til brug for bygge- og anl\u00e6gsbranchen\",\"publisher\":{\"@id\":\"https:\/\/www.skagentraad.dk\/#organization\"},\"potentialAction\":[{\"@type\":\"SearchAction\",\"target\":{\"@type\":\"EntryPoint\",\"urlTemplate\":\"https:\/\/www.skagentraad.dk\/?s={search_term_string}\"},\"query-input\":\"required name=search_term_string\"}],\"inLanguage\":\"en-GB\"},{\"@type\":\"Organization\",\"@id\":\"https:\/\/www.skagentraad.dk\/#organization\",\"name\":\"Skagen Tr\u00e5dindustri\",\"url\":\"https:\/\/www.skagentraad.dk\/\",\"logo\":{\"@type\":\"ImageObject\",\"inLanguage\":\"en-GB\",\"@id\":\"https:\/\/www.skagentraad.dk\/#\/schema\/logo\/image\/\",\"url\":\"https:\/\/www.skagentraad.dk\/wp-content\/uploads\/2015\/01\/logo_top.png\",\"contentUrl\":\"https:\/\/www.skagentraad.dk\/wp-content\/uploads\/2015\/01\/logo_top.png\",\"width\":350,\"height\":108,\"caption\":\"Skagen Tr\u00e5dindustri\"},\"image\":{\"@id\":\"https:\/\/www.skagentraad.dk\/#\/schema\/logo\/image\/\"}}]}<\/script>\n<!-- \/ Yoast SEO plugin. -->","yoast_head_json":{"title":"Garanti og levering - Skagen Tr\u00e5dindustri","description":"Her kan du finde Skagen Tr\u00e5dindustri's garanti- og leveringsbetingelser.","robots":{"index":"index","follow":"follow","max-snippet":"max-snippet:-1","max-image-preview":"max-image-preview:large","max-video-preview":"max-video-preview:-1"},"canonical":"https:\/\/www.skagentraad.dk\/en\/garanti\/","og_locale":"en_GB","og_type":"article","og_title":"Garanti og levering - Skagen Tr\u00e5dindustri","og_description":"Her kan du finde Skagen Tr\u00e5dindustri's garanti- og leveringsbetingelser.","og_url":"https:\/\/www.skagentraad.dk\/en\/garanti\/","og_site_name":"Skagen Tr\u00e5dindustri","article_modified_time":"2023-12-22T10:26:19+00:00","twitter_card":"summary_large_image","twitter_misc":{"Estimated reading time":"1 minute"},"schema":{"@context":"https:\/\/schema.org","@graph":[{"@type":"WebPage","@id":"https:\/\/www.skagentraad.dk\/garanti\/","url":"https:\/\/www.skagentraad.dk\/garanti\/","name":"Garanti og levering - Skagen Tr\u00e5dindustri","isPartOf":{"@id":"https:\/\/www.skagentraad.dk\/#website"},"datePublished":"2020-07-09T19:14:12+00:00","dateModified":"2023-12-22T10:26:19+00:00","description":"Her kan du finde Skagen Tr\u00e5dindustri's garanti- og leveringsbetingelser.","breadcrumb":{"@id":"https:\/\/www.skagentraad.dk\/garanti\/#breadcrumb"},"inLanguage":"en-GB","potentialAction":[{"@type":"ReadAction","target":["https:\/\/www.skagentraad.dk\/garanti\/"]}]},{"@type":"BreadcrumbList","@id":"https:\/\/www.skagentraad.dk\/garanti\/#breadcrumb","itemListElement":[{"@type":"ListItem","position":1,"name":"Hjem","item":"https:\/\/www.skagentraad.dk\/"},{"@type":"ListItem","position":2,"name":"Garanti og levering"}]},{"@type":"WebSite","@id":"https:\/\/www.skagentraad.dk\/#website","url":"https:\/\/www.skagentraad.dk\/","name":"Skagen Tr\u00e5dindustri","description":"Supplier of stainless reinforcing steel to the construction industry","publisher":{"@id":"https:\/\/www.skagentraad.dk\/#organization"},"potentialAction":[{"@type":"SearchAction","target":{"@type":"EntryPoint","urlTemplate":"https:\/\/www.skagentraad.dk\/?s={search_term_string}"},"query-input":"required name=search_term_string"}],"inLanguage":"en-GB"},{"@type":"Organization","@id":"https:\/\/www.skagentraad.dk\/#organization","name":"Skagen Tr\u00e5dindustri","url":"https:\/\/www.skagentraad.dk\/","logo":{"@type":"ImageObject","inLanguage":"en-GB","@id":"https:\/\/www.skagentraad.dk\/#\/schema\/logo\/image\/","url":"https:\/\/www.skagentraad.dk\/wp-content\/uploads\/2015\/01\/logo_top.png","contentUrl":"https:\/\/www.skagentraad.dk\/wp-content\/uploads\/2015\/01\/logo_top.png","width":350,"height":108,"caption":"Skagen Tr\u00e5dindustri"},"image":{"@id":"https:\/\/www.skagentraad.dk\/#\/schema\/logo\/image\/"}}]}},"_links":{"self":[{"href":"https:\/\/www.skagentraad.dk\/en\/wp-json\/wp\/v2\/pages\/2702"}],"collection":[{"href":"https:\/\/www.skagentraad.dk\/en\/wp-json\/wp\/v2\/pages"}],"about":[{"href":"https:\/\/www.skagentraad.dk\/en\/wp-json\/wp\/v2\/types\/page"}],"author":[{"embeddable":true,"href":"https:\/\/www.skagentraad.dk\/en\/wp-json\/wp\/v2\/users\/4"}],"replies":[{"embeddable":true,"href":"https:\/\/www.skagentraad.dk\/en\/wp-json\/wp\/v2\/comments?post=2702"}],"version-history":[{"count":9,"href":"https:\/\/www.skagentraad.dk\/en\/wp-json\/wp\/v2\/pages\/2702\/revisions"}],"predecessor-version":[{"id":4037,"href":"https:\/\/www.skagentraad.dk\/en\/wp-json\/wp\/v2\/pages\/2702\/revisions\/4037"}],"wp:attachment":[{"href":"https:\/\/www.skagentraad.dk\/en\/wp-json\/wp\/v2\/media?parent=2702"}],"curies":[{"name":"wp","href":"https:\/\/api.w.org\/{rel}","templated":true}]}}