{"id":2954,"date":"2021-01-18T09:45:34","date_gmt":"2021-01-18T09:45:34","guid":{"rendered":"https:\/\/www.skagentraad.dk\/?page_id=2954"},"modified":"2021-01-18T09:45:35","modified_gmt":"2021-01-18T09:45:35","slug":"cookie-politik","status":"publish","type":"page","link":"https:\/\/www.skagentraad.dk\/en\/cookie-politik\/","title":{"rendered":"Vores cookie-politik"},"content":{"rendered":"<p><strong>Cookie policy<\/strong><br \/>Below you can read and inform you about how we are using cookies on our website and which tools we are using for it. We are constantly trying to optimize our website by continuously improving it. For doing so, we are using cookies to give us insights in how you are using the website, which pages you are visiting and what you find relevant.<br \/>Besides that, we are using cookies to technically optimize our website to improve the performance and speed of it.<\/p>\n<p><strong>How do we use cookies?<\/strong><br \/>As mentioned, we are using cookies to optimize our website and your experience with it, but we are also using it for some other purposes. Among other things, we also use cookies to ensure that our content is relevant and that the website works as it should.<\/p>\n<ul>\n<li>Cookies for statistics \u2013 We are using Google Analytics to get more information about you and our website. These information are used to create statistics for our visitors and to see which pages you are visiting, the demography of the visitors and how long time the visitors are visiting our website.<\/li>\n<li>Cookies for marketing \u2013 We are using these statistics to create targeted ads to our segments. This is for ads both on Google and for remarketing.<\/li>\n<\/ul>\n<p><strong>Which cookies are we using?<\/strong><\/p>\n<ul>\n<li>Google Analytics \u2013 As mentioned above, we are using Google Analytics for both statistics and marketing.<\/li>\n<\/ul>\n<p><strong>Regretted?<\/strong><\/p>\n<p>If you no longer want information to be collected, you can any day delete your cookies.<\/p>\n<p>Do you have any further questions about our use of cookies, please reach out to us <a href=\"https:\/\/www.skagentraad.dk\/en\/kontakt\/\">here<\/a>. &nbsp;<\/p>\n<p><strong>Publisher:<\/strong><br \/>The website is owned and published by:<br \/>Skagen Tr\u00e5dindustri<br \/>Anker Engelunds Vej 4<br \/>9200 Aalborg SV<br \/>Tel. +45 7020 0507<br \/>Mail: <a href=\"mailto:info@skagen-traad.dk\">info@skagen-traad.dk<\/a><\/p>","protected":false},"excerpt":{"rendered":"<p>Vores Cookie-politikDu kan herunder l\u00e6se og orientere dig om, hvordan vi bruger cookies p\u00e5 vores hjemmeside samt hvilke v\u00e6rkt\u00f8jer vi bruger. Vi fors\u00f8ger hele tiden at optimere din oplevelse med vores hjemmeside ved at forbedre den l\u00f8bende. Til dette bruger vi cookies for at give os et indblik i hvordan [&#8230;]<\/p>\n","protected":false},"author":5,"featured_media":0,"parent":0,"menu_order":0,"comment_status":"closed","ping_status":"closed","template":"","meta":[],"yoast_head":"<!-- This site is optimized with the Yoast SEO plugin v19.13 - https:\/\/yoast.com\/wordpress\/plugins\/seo\/ -->\n<title>Vores cookie-politik - Skagen Tr\u00e5dindustri<\/title>\n<meta name=\"robots\" content=\"index, follow, max-snippet:-1, max-image-preview:large, max-video-preview:-1\" \/>\n<link rel=\"canonical\" href=\"https:\/\/www.skagentraad.dk\/en\/cookie-politik\/\" \/>\n<meta property=\"og:locale\" content=\"en_GB\" \/>\n<meta property=\"og:type\" content=\"article\" \/>\n<meta property=\"og:title\" content=\"Vores cookie-politik - Skagen Tr\u00e5dindustri\" \/>\n<meta property=\"og:description\" content=\"Vores Cookie-politikDu kan herunder l\u00e6se og orientere dig om, hvordan vi bruger cookies p\u00e5 vores hjemmeside samt hvilke v\u00e6rkt\u00f8jer vi bruger. Vi fors\u00f8ger hele tiden at optimere din oplevelse med vores hjemmeside ved at forbedre den l\u00f8bende. Til dette bruger vi cookies for at give os et indblik i hvordan [...]\" \/>\n<meta property=\"og:url\" content=\"https:\/\/www.skagentraad.dk\/en\/cookie-politik\/\" \/>\n<meta property=\"og:site_name\" content=\"Skagen Tr\u00e5dindustri\" \/>\n<meta property=\"article:modified_time\" content=\"2021-01-18T09:45:35+00:00\" \/>\n<meta name=\"twitter:card\" content=\"summary_large_image\" \/>\n<meta name=\"twitter:label1\" content=\"Estimated reading time\" \/>\n\t<meta name=\"twitter:data1\" content=\"2 minutes\" \/>\n<script type=\"application\/ld+json\" class=\"yoast-schema-graph\">{\"@context\":\"https:\/\/schema.org\",\"@graph\":[{\"@type\":\"WebPage\",\"@id\":\"https:\/\/www.skagentraad.dk\/cookie-politik\/\",\"url\":\"https:\/\/www.skagentraad.dk\/cookie-politik\/\",\"name\":\"Vores cookie-politik - Skagen Tr\u00e5dindustri\",\"isPartOf\":{\"@id\":\"https:\/\/www.skagentraad.dk\/#website\"},\"datePublished\":\"2021-01-18T09:45:34+00:00\",\"dateModified\":\"2021-01-18T09:45:35+00:00\",\"breadcrumb\":{\"@id\":\"https:\/\/www.skagentraad.dk\/cookie-politik\/#breadcrumb\"},\"inLanguage\":\"en-GB\",\"potentialAction\":[{\"@type\":\"ReadAction\",\"target\":[\"https:\/\/www.skagentraad.dk\/cookie-politik\/\"]}]},{\"@type\":\"BreadcrumbList\",\"@id\":\"https:\/\/www.skagentraad.dk\/cookie-politik\/#breadcrumb\",\"itemListElement\":[{\"@type\":\"ListItem\",\"position\":1,\"name\":\"Hjem\",\"item\":\"https:\/\/www.skagentraad.dk\/\"},{\"@type\":\"ListItem\",\"position\":2,\"name\":\"Vores cookie-politik\"}]},{\"@type\":\"WebSite\",\"@id\":\"https:\/\/www.skagentraad.dk\/#website\",\"url\":\"https:\/\/www.skagentraad.dk\/\",\"name\":\"Skagen Tr\u00e5dindustri\",\"description\":\"Leverand\u00f8r af rustfrit armeringsst\u00e5l til brug for bygge- og anl\u00e6gsbranchen\",\"publisher\":{\"@id\":\"https:\/\/www.skagentraad.dk\/#organization\"},\"potentialAction\":[{\"@type\":\"SearchAction\",\"target\":{\"@type\":\"EntryPoint\",\"urlTemplate\":\"https:\/\/www.skagentraad.dk\/?s={search_term_string}\"},\"query-input\":\"required name=search_term_string\"}],\"inLanguage\":\"en-GB\"},{\"@type\":\"Organization\",\"@id\":\"https:\/\/www.skagentraad.dk\/#organization\",\"name\":\"Skagen Tr\u00e5dindustri\",\"url\":\"https:\/\/www.skagentraad.dk\/\",\"logo\":{\"@type\":\"ImageObject\",\"inLanguage\":\"en-GB\",\"@id\":\"https:\/\/www.skagentraad.dk\/#\/schema\/logo\/image\/\",\"url\":\"https:\/\/www.skagentraad.dk\/wp-content\/uploads\/2015\/01\/logo_top.png\",\"contentUrl\":\"https:\/\/www.skagentraad.dk\/wp-content\/uploads\/2015\/01\/logo_top.png\",\"width\":350,\"height\":108,\"caption\":\"Skagen Tr\u00e5dindustri\"},\"image\":{\"@id\":\"https:\/\/www.skagentraad.dk\/#\/schema\/logo\/image\/\"}}]}<\/script>\n<!-- \/ Yoast SEO plugin. -->","yoast_head_json":{"title":"Vores cookie-politik - Skagen Tr\u00e5dindustri","robots":{"index":"index","follow":"follow","max-snippet":"max-snippet:-1","max-image-preview":"max-image-preview:large","max-video-preview":"max-video-preview:-1"},"canonical":"https:\/\/www.skagentraad.dk\/en\/cookie-politik\/","og_locale":"en_GB","og_type":"article","og_title":"Vores cookie-politik - Skagen Tr\u00e5dindustri","og_description":"Vores Cookie-politikDu kan herunder l\u00e6se og orientere dig om, hvordan vi bruger cookies p\u00e5 vores hjemmeside samt hvilke v\u00e6rkt\u00f8jer vi bruger. Vi fors\u00f8ger hele tiden at optimere din oplevelse med vores hjemmeside ved at forbedre den l\u00f8bende. Til dette bruger vi cookies for at give os et indblik i hvordan [...]","og_url":"https:\/\/www.skagentraad.dk\/en\/cookie-politik\/","og_site_name":"Skagen Tr\u00e5dindustri","article_modified_time":"2021-01-18T09:45:35+00:00","twitter_card":"summary_large_image","twitter_misc":{"Estimated reading time":"2 minutes"},"schema":{"@context":"https:\/\/schema.org","@graph":[{"@type":"WebPage","@id":"https:\/\/www.skagentraad.dk\/cookie-politik\/","url":"https:\/\/www.skagentraad.dk\/cookie-politik\/","name":"Vores cookie-politik - Skagen Tr\u00e5dindustri","isPartOf":{"@id":"https:\/\/www.skagentraad.dk\/#website"},"datePublished":"2021-01-18T09:45:34+00:00","dateModified":"2021-01-18T09:45:35+00:00","breadcrumb":{"@id":"https:\/\/www.skagentraad.dk\/cookie-politik\/#breadcrumb"},"inLanguage":"en-GB","potentialAction":[{"@type":"ReadAction","target":["https:\/\/www.skagentraad.dk\/cookie-politik\/"]}]},{"@type":"BreadcrumbList","@id":"https:\/\/www.skagentraad.dk\/cookie-politik\/#breadcrumb","itemListElement":[{"@type":"ListItem","position":1,"name":"Hjem","item":"https:\/\/www.skagentraad.dk\/"},{"@type":"ListItem","position":2,"name":"Vores cookie-politik"}]},{"@type":"WebSite","@id":"https:\/\/www.skagentraad.dk\/#website","url":"https:\/\/www.skagentraad.dk\/","name":"Skagen Tr\u00e5dindustri","description":"Supplier of stainless reinforcing steel to the construction industry","publisher":{"@id":"https:\/\/www.skagentraad.dk\/#organization"},"potentialAction":[{"@type":"SearchAction","target":{"@type":"EntryPoint","urlTemplate":"https:\/\/www.skagentraad.dk\/?s={search_term_string}"},"query-input":"required name=search_term_string"}],"inLanguage":"en-GB"},{"@type":"Organization","@id":"https:\/\/www.skagentraad.dk\/#organization","name":"Skagen Tr\u00e5dindustri","url":"https:\/\/www.skagentraad.dk\/","logo":{"@type":"ImageObject","inLanguage":"en-GB","@id":"https:\/\/www.skagentraad.dk\/#\/schema\/logo\/image\/","url":"https:\/\/www.skagentraad.dk\/wp-content\/uploads\/2015\/01\/logo_top.png","contentUrl":"https:\/\/www.skagentraad.dk\/wp-content\/uploads\/2015\/01\/logo_top.png","width":350,"height":108,"caption":"Skagen Tr\u00e5dindustri"},"image":{"@id":"https:\/\/www.skagentraad.dk\/#\/schema\/logo\/image\/"}}]}},"_links":{"self":[{"href":"https:\/\/www.skagentraad.dk\/en\/wp-json\/wp\/v2\/pages\/2954"}],"collection":[{"href":"https:\/\/www.skagentraad.dk\/en\/wp-json\/wp\/v2\/pages"}],"about":[{"href":"https:\/\/www.skagentraad.dk\/en\/wp-json\/wp\/v2\/types\/page"}],"author":[{"embeddable":true,"href":"https:\/\/www.skagentraad.dk\/en\/wp-json\/wp\/v2\/users\/5"}],"replies":[{"embeddable":true,"href":"https:\/\/www.skagentraad.dk\/en\/wp-json\/wp\/v2\/comments?post=2954"}],"version-history":[{"count":2,"href":"https:\/\/www.skagentraad.dk\/en\/wp-json\/wp\/v2\/pages\/2954\/revisions"}],"predecessor-version":[{"id":2956,"href":"https:\/\/www.skagentraad.dk\/en\/wp-json\/wp\/v2\/pages\/2954\/revisions\/2956"}],"wp:attachment":[{"href":"https:\/\/www.skagentraad.dk\/en\/wp-json\/wp\/v2\/media?parent=2954"}],"curies":[{"name":"wp","href":"https:\/\/api.w.org\/{rel}","templated":true}]}}