{"id":3547,"date":"2021-04-23T10:24:40","date_gmt":"2021-04-23T10:24:40","guid":{"rendered":"https:\/\/www.skagentraad.dk\/?page_id=3547"},"modified":"2021-06-09T07:23:49","modified_gmt":"2021-06-09T07:23:49","slug":"baeredygtighed-i-skagen-traadindustri","status":"publish","type":"page","link":"https:\/\/www.skagentraad.dk\/en\/baeredygtighed-i-skagen-traadindustri\/","title":{"rendered":"SUSTAINABILITY"},"content":{"rendered":"<span><span><a href=\"https:\/\/www.skagentraad.dk\/en\/\">Home<\/a><\/span><\/span>\n<div style=\"height:20px\" aria-hidden=\"true\" class=\"wp-block-spacer\"><\/div>\n<h1>B\u00e6redygtighed i Skagen Tr\u00e5dindustri<\/h1>\n<h4>Mindre spild = \u00f8get kreativitet<\/h4>\n<p>B\u00e6redygtighed er en ting, som fylder mere og mere hos os i Skagen Tr\u00e5dindustri. Vi er meget bevidste om, at vi skal passe p\u00e5 den jord, som vi alle er glade for. Derfor har vi ogs\u00e5 sat b\u00e6redygtighed i Skagen Tr\u00e5dindustri p\u00e5 tapetet.  <br \/>Vi er en produktionsvirksomhed, og derfor kan det ikke helt undg\u00e5s at der blandt andet forekommer spildaffald. Her er det vores ansvar, at spildaffald bliver h\u00e5ndteret p\u00e5 en ansvarlig m\u00e5de og afh\u00e6ndet til partnere, som vi stoler p\u00e5 kan h\u00e5ndtere affaldet p\u00e5 en forsvarlig m\u00e5de, s\u00e5ledes det forbr\u00e6nder mindst mulig CO2. Vi g\u00f8r naturligvis ogs\u00e5 alt hvad vi kan for, at vores spild af armeringsst\u00e5l bliver formindsket. Derudover er vi blevet bedre til at bruge vores spild til f.eks. \u201dfri leg\u201d til at produktudvikle.<\/p>\n<div style=\"height:20px\" aria-hidden=\"true\" class=\"wp-block-spacer\"><\/div>\n<h4>Nyt ERP-system &#8211; endnu et skridt mod digitalisering<\/h4>\n<p>Herudover har vi investeret i et nyt ERP-system, hvilket har betydet at vi er g\u00e5et et stort skridt p\u00e5 vejen mod at blive digitaliseret. Det nye ERP-system har muliggjort, at vi har kunnet spare en del papir, da det har gjort os digitale p\u00e5 et nyt niveau.<\/p>\n<div style=\"height:20px\" aria-hidden=\"true\" class=\"wp-block-spacer\"><\/div>\n<h4>Renovering fremfor nedrivning<\/h4>\n<p>Hos os, har vi desuden \u00f8get vores fokus p\u00e5, at renovering sagtens kan betale sig i forhold til nedrivning. Derfor har vi gennem vores produktudvikling fokus p\u00e5 produkter, som kan bruges til at renovere f.eks. murv\u00e6rk, s\u00e5ledes at det ikke skal rives ned og genopbygges. Det er vores <a href=\"https:\/\/www.skagentraad.dk\/en\/product\/renoveringsmurbinder\/\">renoveringsmurbinder <\/a>blandt andet et resultat af.<\/p>\n<p>Det her er bare tre af sm\u00e5 skridt som vi g\u00f8r, for hele tiden at forbedre os, og tage initiativ til en gr\u00f8nnere og mere b\u00e6redygtig fremtid.<\/p>\n<p>Vi arbejder i en branche hvor materialet, armeringsst\u00e5l, i sig selv allerede er forholdsvist b\u00e6redygtigt. Blandt andet fordi det er nemt at adskille fra andre materialer grundet dets magnetiske kraft. Derved kan armeringsst\u00e5l udskilles fra f.eks. betonelementer fra betonbyggeri. Det har vi skrevet lidt om <a href=\"https:\/\/www.skagentraad.dk\/en\/er-staal-baeredygtigt\/\">here<\/a>.<\/p>\n<div style=\"height:20px\" aria-hidden=\"true\" class=\"wp-block-spacer\"><\/div>\n<h4>Sm\u00e5 skridt er bedre end ingen skridt<\/h4>\n<p>Vi har desuden valgt at kigge mod <a rel=\"noreferrer noopener\" href=\"https:\/\/www.verdensmaalene.dk\/fakta\/verdensmaalene\" target=\"_blank\">FN\u2019s 17 verdensm\u00e5l<\/a> for at se hvordan vi  har mulighed for at bidrage hertil. Det kan du l\u00e6se om <a href=\"https:\/\/www.skagentraad.dk\/en\/fns-17-verdensmaal-i-handling\/\">here<\/a>.<\/p>\n<p>Det vigtigste for os er, at vi ikke blot er passive, men at vi g\u00f8r noget aktivt. Dette g\u00f8r vi ud fra mantraet, at hellere g\u00f8re lidt end slet ikke at g\u00f8re noget. Og derfor vil vi, i Skagen Tr\u00e5dindustri, ogs\u00e5 gerne opfordre b\u00e5de vores kunder og leverand\u00f8rer til at tage de klimam\u00e6ssige og b\u00e6redygtige overvejelser med sig ind i jeres hverdag.<\/p>","protected":false},"excerpt":{"rendered":"<p>B\u00e6redygtighed i Skagen Tr\u00e5dindustri Mindre spild = \u00f8get kreativitet B\u00e6redygtighed er en ting, som fylder mere og mere hos os i Skagen Tr\u00e5dindustri. Vi er meget bevidste om, at vi skal passe p\u00e5 den jord, som vi alle er glade for. Derfor har vi ogs\u00e5 sat b\u00e6redygtighed i Skagen Tr\u00e5dindustri [&#8230;]<\/p>\n","protected":false},"author":5,"featured_media":3554,"parent":0,"menu_order":0,"comment_status":"closed","ping_status":"closed","template":"","meta":[],"yoast_head":"<!-- This site is optimized with the Yoast SEO plugin v19.13 - https:\/\/yoast.com\/wordpress\/plugins\/seo\/ -->\n<title>B\u00e6redygtighed i Skagen Tr\u00e5dindustri - Skagen Tr\u00e5dindustri<\/title>\n<meta name=\"description\" content=\"B\u00e6redygtighed i Skagen Tr\u00e5dindustri fylder mere og mere. Vi har taget en initiativer som skal g\u00f8re os mere b\u00e6redygtig som virksomhed.\" \/>\n<meta name=\"robots\" content=\"index, follow, max-snippet:-1, max-image-preview:large, max-video-preview:-1\" \/>\n<link rel=\"canonical\" href=\"https:\/\/www.skagentraad.dk\/en\/baeredygtighed-i-skagen-traadindustri\/\" \/>\n<meta property=\"og:locale\" content=\"en_GB\" \/>\n<meta property=\"og:type\" content=\"article\" \/>\n<meta property=\"og:title\" content=\"B\u00e6redygtighed i Skagen Tr\u00e5dindustri - Skagen Tr\u00e5dindustri\" \/>\n<meta property=\"og:description\" content=\"B\u00e6redygtighed i Skagen Tr\u00e5dindustri fylder mere og mere. Vi har taget en initiativer som skal g\u00f8re os mere b\u00e6redygtig som virksomhed.\" \/>\n<meta property=\"og:url\" content=\"https:\/\/www.skagentraad.dk\/en\/baeredygtighed-i-skagen-traadindustri\/\" \/>\n<meta property=\"og:site_name\" content=\"Skagen Tr\u00e5dindustri\" \/>\n<meta property=\"article:modified_time\" content=\"2021-06-09T07:23:49+00:00\" \/>\n<meta property=\"og:image\" content=\"https:\/\/www.skagentraad.dk\/wp-content\/uploads\/2021\/04\/Baeredygtighed.jpeg\" \/>\n\t<meta property=\"og:image:width\" content=\"2333\" \/>\n\t<meta property=\"og:image:height\" content=\"1500\" \/>\n\t<meta property=\"og:image:type\" content=\"image\/jpeg\" \/>\n<meta name=\"twitter:card\" content=\"summary_large_image\" \/>\n<meta name=\"twitter:label1\" content=\"Estimated reading time\" \/>\n\t<meta name=\"twitter:data1\" content=\"2 minutes\" \/>\n<script type=\"application\/ld+json\" class=\"yoast-schema-graph\">{\"@context\":\"https:\/\/schema.org\",\"@graph\":[{\"@type\":\"WebPage\",\"@id\":\"https:\/\/www.skagentraad.dk\/baeredygtighed-i-skagen-traadindustri\/\",\"url\":\"https:\/\/www.skagentraad.dk\/baeredygtighed-i-skagen-traadindustri\/\",\"name\":\"B\u00e6redygtighed i Skagen Tr\u00e5dindustri - Skagen Tr\u00e5dindustri\",\"isPartOf\":{\"@id\":\"https:\/\/www.skagentraad.dk\/#website\"},\"datePublished\":\"2021-04-23T10:24:40+00:00\",\"dateModified\":\"2021-06-09T07:23:49+00:00\",\"description\":\"B\u00e6redygtighed i Skagen Tr\u00e5dindustri fylder mere og mere. Vi har taget en initiativer som skal g\u00f8re os mere b\u00e6redygtig som virksomhed.\",\"breadcrumb\":{\"@id\":\"https:\/\/www.skagentraad.dk\/baeredygtighed-i-skagen-traadindustri\/#breadcrumb\"},\"inLanguage\":\"en-GB\",\"potentialAction\":[{\"@type\":\"ReadAction\",\"target\":[\"https:\/\/www.skagentraad.dk\/baeredygtighed-i-skagen-traadindustri\/\"]}]},{\"@type\":\"BreadcrumbList\",\"@id\":\"https:\/\/www.skagentraad.dk\/baeredygtighed-i-skagen-traadindustri\/#breadcrumb\",\"itemListElement\":[{\"@type\":\"ListItem\",\"position\":1,\"name\":\"Hjem\",\"item\":\"https:\/\/www.skagentraad.dk\/\"},{\"@type\":\"ListItem\",\"position\":2,\"name\":\"B\u00c6REDYGTIGHED\"}]},{\"@type\":\"WebSite\",\"@id\":\"https:\/\/www.skagentraad.dk\/#website\",\"url\":\"https:\/\/www.skagentraad.dk\/\",\"name\":\"Skagen Tr\u00e5dindustri\",\"description\":\"Leverand\u00f8r af rustfrit armeringsst\u00e5l til brug for bygge- og anl\u00e6gsbranchen\",\"publisher\":{\"@id\":\"https:\/\/www.skagentraad.dk\/#organization\"},\"potentialAction\":[{\"@type\":\"SearchAction\",\"target\":{\"@type\":\"EntryPoint\",\"urlTemplate\":\"https:\/\/www.skagentraad.dk\/?s={search_term_string}\"},\"query-input\":\"required name=search_term_string\"}],\"inLanguage\":\"en-GB\"},{\"@type\":\"Organization\",\"@id\":\"https:\/\/www.skagentraad.dk\/#organization\",\"name\":\"Skagen Tr\u00e5dindustri\",\"url\":\"https:\/\/www.skagentraad.dk\/\",\"logo\":{\"@type\":\"ImageObject\",\"inLanguage\":\"en-GB\",\"@id\":\"https:\/\/www.skagentraad.dk\/#\/schema\/logo\/image\/\",\"url\":\"https:\/\/www.skagentraad.dk\/wp-content\/uploads\/2015\/01\/logo_top.png\",\"contentUrl\":\"https:\/\/www.skagentraad.dk\/wp-content\/uploads\/2015\/01\/logo_top.png\",\"width\":350,\"height\":108,\"caption\":\"Skagen Tr\u00e5dindustri\"},\"image\":{\"@id\":\"https:\/\/www.skagentraad.dk\/#\/schema\/logo\/image\/\"}}]}<\/script>\n<!-- \/ Yoast SEO plugin. -->","yoast_head_json":{"title":"B\u00e6redygtighed i Skagen Tr\u00e5dindustri - Skagen Tr\u00e5dindustri","description":"B\u00e6redygtighed i Skagen Tr\u00e5dindustri fylder mere og mere. Vi har taget en initiativer som skal g\u00f8re os mere b\u00e6redygtig som virksomhed.","robots":{"index":"index","follow":"follow","max-snippet":"max-snippet:-1","max-image-preview":"max-image-preview:large","max-video-preview":"max-video-preview:-1"},"canonical":"https:\/\/www.skagentraad.dk\/en\/baeredygtighed-i-skagen-traadindustri\/","og_locale":"en_GB","og_type":"article","og_title":"B\u00e6redygtighed i Skagen Tr\u00e5dindustri - Skagen Tr\u00e5dindustri","og_description":"B\u00e6redygtighed i Skagen Tr\u00e5dindustri fylder mere og mere. Vi har taget en initiativer som skal g\u00f8re os mere b\u00e6redygtig som virksomhed.","og_url":"https:\/\/www.skagentraad.dk\/en\/baeredygtighed-i-skagen-traadindustri\/","og_site_name":"Skagen Tr\u00e5dindustri","article_modified_time":"2021-06-09T07:23:49+00:00","og_image":[{"width":2333,"height":1500,"url":"https:\/\/www.skagentraad.dk\/wp-content\/uploads\/2021\/04\/Baeredygtighed.jpeg","type":"image\/jpeg"}],"twitter_card":"summary_large_image","twitter_misc":{"Estimated reading time":"2 minutes"},"schema":{"@context":"https:\/\/schema.org","@graph":[{"@type":"WebPage","@id":"https:\/\/www.skagentraad.dk\/baeredygtighed-i-skagen-traadindustri\/","url":"https:\/\/www.skagentraad.dk\/baeredygtighed-i-skagen-traadindustri\/","name":"B\u00e6redygtighed i Skagen Tr\u00e5dindustri - Skagen Tr\u00e5dindustri","isPartOf":{"@id":"https:\/\/www.skagentraad.dk\/#website"},"datePublished":"2021-04-23T10:24:40+00:00","dateModified":"2021-06-09T07:23:49+00:00","description":"B\u00e6redygtighed i Skagen Tr\u00e5dindustri fylder mere og mere. Vi har taget en initiativer som skal g\u00f8re os mere b\u00e6redygtig som virksomhed.","breadcrumb":{"@id":"https:\/\/www.skagentraad.dk\/baeredygtighed-i-skagen-traadindustri\/#breadcrumb"},"inLanguage":"en-GB","potentialAction":[{"@type":"ReadAction","target":["https:\/\/www.skagentraad.dk\/baeredygtighed-i-skagen-traadindustri\/"]}]},{"@type":"BreadcrumbList","@id":"https:\/\/www.skagentraad.dk\/baeredygtighed-i-skagen-traadindustri\/#breadcrumb","itemListElement":[{"@type":"ListItem","position":1,"name":"Hjem","item":"https:\/\/www.skagentraad.dk\/"},{"@type":"ListItem","position":2,"name":"B\u00c6REDYGTIGHED"}]},{"@type":"WebSite","@id":"https:\/\/www.skagentraad.dk\/#website","url":"https:\/\/www.skagentraad.dk\/","name":"Skagen Tr\u00e5dindustri","description":"Supplier of stainless reinforcing steel to the construction industry","publisher":{"@id":"https:\/\/www.skagentraad.dk\/#organization"},"potentialAction":[{"@type":"SearchAction","target":{"@type":"EntryPoint","urlTemplate":"https:\/\/www.skagentraad.dk\/?s={search_term_string}"},"query-input":"required name=search_term_string"}],"inLanguage":"en-GB"},{"@type":"Organization","@id":"https:\/\/www.skagentraad.dk\/#organization","name":"Skagen Tr\u00e5dindustri","url":"https:\/\/www.skagentraad.dk\/","logo":{"@type":"ImageObject","inLanguage":"en-GB","@id":"https:\/\/www.skagentraad.dk\/#\/schema\/logo\/image\/","url":"https:\/\/www.skagentraad.dk\/wp-content\/uploads\/2015\/01\/logo_top.png","contentUrl":"https:\/\/www.skagentraad.dk\/wp-content\/uploads\/2015\/01\/logo_top.png","width":350,"height":108,"caption":"Skagen Tr\u00e5dindustri"},"image":{"@id":"https:\/\/www.skagentraad.dk\/#\/schema\/logo\/image\/"}}]}},"_links":{"self":[{"href":"https:\/\/www.skagentraad.dk\/en\/wp-json\/wp\/v2\/pages\/3547"}],"collection":[{"href":"https:\/\/www.skagentraad.dk\/en\/wp-json\/wp\/v2\/pages"}],"about":[{"href":"https:\/\/www.skagentraad.dk\/en\/wp-json\/wp\/v2\/types\/page"}],"author":[{"embeddable":true,"href":"https:\/\/www.skagentraad.dk\/en\/wp-json\/wp\/v2\/users\/5"}],"replies":[{"embeddable":true,"href":"https:\/\/www.skagentraad.dk\/en\/wp-json\/wp\/v2\/comments?post=3547"}],"version-history":[{"count":16,"href":"https:\/\/www.skagentraad.dk\/en\/wp-json\/wp\/v2\/pages\/3547\/revisions"}],"predecessor-version":[{"id":3652,"href":"https:\/\/www.skagentraad.dk\/en\/wp-json\/wp\/v2\/pages\/3547\/revisions\/3652"}],"wp:featuredmedia":[{"embeddable":true,"href":"https:\/\/www.skagentraad.dk\/en\/wp-json\/wp\/v2\/media\/3554"}],"wp:attachment":[{"href":"https:\/\/www.skagentraad.dk\/en\/wp-json\/wp\/v2\/media?parent=3547"}],"curies":[{"name":"wp","href":"https:\/\/api.w.org\/{rel}","templated":true}]}}