{"id":3552,"date":"2021-04-23T10:51:32","date_gmt":"2021-04-23T10:51:32","guid":{"rendered":"https:\/\/www.skagentraad.dk\/?page_id=3552"},"modified":"2021-06-14T07:14:17","modified_gmt":"2021-06-14T07:14:17","slug":"er-staal-baeredygtigt","status":"publish","type":"page","link":"https:\/\/www.skagentraad.dk\/en\/er-staal-baeredygtigt\/","title":{"rendered":"St\u00e5l som et klimavenligt materiale"},"content":{"rendered":"<span><span><a href=\"https:\/\/www.skagentraad.dk\/en\/\">Home<\/a><\/span><\/span>\n<h1>Er armeringsst\u00e5l et b\u00e6redygtigt valg?<\/h1>\n<p>Mange sp\u00f8rger nok sig selv &#8220;Er st\u00e5l b\u00e6redygtigt?&#8221;. <\/p>\n<p>Vi arbejder i en branche, hvor vi har med st\u00e5l og armeringsst\u00e5l at g\u00f8re. Og normalvist vil man ikke t\u00e6nke, at armeringsst\u00e5l og b\u00e6redygtighed g\u00e5r h\u00e5nd i h\u00e5nd. <\/p>\n<p>Selvom fremstilling af armeringsst\u00e5l ikke er specielt b\u00e6redygtig, s\u00e5 kan man godt kategorisere st\u00e5l og <a rel=\"noreferrer noopener\" href=\"https:\/\/csr.dk\/st%C3%A5l-er-klimaguld\" target=\"_blank\">armeringsst\u00e5l som v\u00e6rende b\u00e6redygtigt<\/a>. Og dette er der forskellige grunde til.<\/p>\n<p>Fremstillingen af st\u00e5l og s\u00e6rligt armeringsst\u00e5l forurener en del, men er ogs\u00e5 medvirkende til at \u00f8ge holdbarheden. Og netop holdbarheden er en vigtig faktor i, at st\u00e5l har et b\u00e6redygtigt stempel. St\u00e5l holder utrolig godt og i lang tid. St\u00e5l er rigtig st\u00e6rkt, og kr\u00e6ver samtidig minimal vedligeholdelse, og skal dermed ikke udskiftes s\u00e5 ofte. Derfor opn\u00e5r man ikke samme spild, som man g\u00f8r med andre byggematerialer.<\/p>\n<p>Vores produkter er hovedsageligt til bygge- og anl\u00e6gsindustrien, og best\u00e5r af <a href=\"https:\/\/www.skagentraad.dk\/en\/product-category\/mur\/\">wall tie<\/a>, <a href=\"https:\/\/www.skagentraad.dk\/en\/product-category\/betonelementer\/\">elementbinder til betonelementer<\/a>, <a href=\"https:\/\/www.skagentraad.dk\/en\/product-category\/armeringsstaal\/\">reinforcement steel. <\/a>og andre produkter til betonbyggeri. S\u00e5 derfor er vores produkter af st\u00e5l og armeringsst\u00e5l nemme at udskille fra det resterende byggeaffald. Det betyder dermed, at man kan genanvende st\u00e5let, fordi det kan smeltes om, og gives samme styrke igennem fremstillingsprocessen igen. Dette er endnu en vigtig faktor for at st\u00e5l kan kategoriseres som et klimavenligt materiale.<\/p>","protected":false},"excerpt":{"rendered":"<p>Er armeringsst\u00e5l et b\u00e6redygtigt valg? Mange sp\u00f8rger nok sig selv &#8220;Er st\u00e5l b\u00e6redygtigt?&#8221;. Vi arbejder i en branche, hvor vi har med st\u00e5l og armeringsst\u00e5l at g\u00f8re. Og normalvist vil man ikke t\u00e6nke, at armeringsst\u00e5l og b\u00e6redygtighed g\u00e5r h\u00e5nd i h\u00e5nd. Selvom fremstilling af armeringsst\u00e5l ikke er specielt b\u00e6redygtig, s\u00e5 [&#8230;]<\/p>\n","protected":false},"author":5,"featured_media":3607,"parent":0,"menu_order":0,"comment_status":"closed","ping_status":"closed","template":"","meta":[],"yoast_head":"<!-- This site is optimized with the Yoast SEO plugin v19.13 - https:\/\/yoast.com\/wordpress\/plugins\/seo\/ -->\n<title>Er st\u00e5l b\u00e6redygtigt? - Skagen Tr\u00e5dindustri - Leverand\u00f8r af armeringsst\u00e5l<\/title>\n<meta name=\"description\" content=\"Er st\u00e5l et b\u00e6redygtigt valg? St\u00e5l kan genanvendes uden det mister sin styrke, og derved er det et meget b\u00e6redygtigt materiale.\" \/>\n<meta name=\"robots\" content=\"index, follow, max-snippet:-1, max-image-preview:large, max-video-preview:-1\" \/>\n<link rel=\"canonical\" href=\"https:\/\/www.skagentraad.dk\/en\/er-staal-baeredygtigt\/\" \/>\n<meta property=\"og:locale\" content=\"en_GB\" \/>\n<meta property=\"og:type\" content=\"article\" \/>\n<meta property=\"og:title\" content=\"Er st\u00e5l b\u00e6redygtigt? - Skagen Tr\u00e5dindustri - Leverand\u00f8r af armeringsst\u00e5l\" \/>\n<meta property=\"og:description\" content=\"Er st\u00e5l et b\u00e6redygtigt valg? St\u00e5l kan genanvendes uden det mister sin styrke, og derved er det et meget b\u00e6redygtigt materiale.\" \/>\n<meta property=\"og:url\" content=\"https:\/\/www.skagentraad.dk\/en\/er-staal-baeredygtigt\/\" \/>\n<meta property=\"og:site_name\" content=\"Skagen Tr\u00e5dindustri\" \/>\n<meta property=\"article:modified_time\" content=\"2021-06-14T07:14:17+00:00\" \/>\n<meta property=\"og:image\" content=\"https:\/\/www.skagentraad.dk\/wp-content\/uploads\/2021\/04\/Baeredygtighed.jpg\" \/>\n\t<meta property=\"og:image:width\" content=\"1920\" \/>\n\t<meta property=\"og:image:height\" content=\"1279\" \/>\n\t<meta property=\"og:image:type\" content=\"image\/jpeg\" \/>\n<meta name=\"twitter:card\" content=\"summary_large_image\" \/>\n<meta name=\"twitter:label1\" content=\"Estimated reading time\" \/>\n\t<meta name=\"twitter:data1\" content=\"1 minute\" \/>\n<script type=\"application\/ld+json\" class=\"yoast-schema-graph\">{\"@context\":\"https:\/\/schema.org\",\"@graph\":[{\"@type\":\"WebPage\",\"@id\":\"https:\/\/www.skagentraad.dk\/er-staal-baeredygtigt\/\",\"url\":\"https:\/\/www.skagentraad.dk\/er-staal-baeredygtigt\/\",\"name\":\"Er st\u00e5l b\u00e6redygtigt? - Skagen Tr\u00e5dindustri - Leverand\u00f8r af armeringsst\u00e5l\",\"isPartOf\":{\"@id\":\"https:\/\/www.skagentraad.dk\/#website\"},\"datePublished\":\"2021-04-23T10:51:32+00:00\",\"dateModified\":\"2021-06-14T07:14:17+00:00\",\"description\":\"Er st\u00e5l et b\u00e6redygtigt valg? St\u00e5l kan genanvendes uden det mister sin styrke, og derved er det et meget b\u00e6redygtigt materiale.\",\"breadcrumb\":{\"@id\":\"https:\/\/www.skagentraad.dk\/er-staal-baeredygtigt\/#breadcrumb\"},\"inLanguage\":\"en-GB\",\"potentialAction\":[{\"@type\":\"ReadAction\",\"target\":[\"https:\/\/www.skagentraad.dk\/er-staal-baeredygtigt\/\"]}]},{\"@type\":\"BreadcrumbList\",\"@id\":\"https:\/\/www.skagentraad.dk\/er-staal-baeredygtigt\/#breadcrumb\",\"itemListElement\":[{\"@type\":\"ListItem\",\"position\":1,\"name\":\"Hjem\",\"item\":\"https:\/\/www.skagentraad.dk\/\"},{\"@type\":\"ListItem\",\"position\":2,\"name\":\"St\u00e5l som et klimavenligt materiale\"}]},{\"@type\":\"WebSite\",\"@id\":\"https:\/\/www.skagentraad.dk\/#website\",\"url\":\"https:\/\/www.skagentraad.dk\/\",\"name\":\"Skagen Tr\u00e5dindustri\",\"description\":\"Leverand\u00f8r af rustfrit armeringsst\u00e5l til brug for bygge- og anl\u00e6gsbranchen\",\"publisher\":{\"@id\":\"https:\/\/www.skagentraad.dk\/#organization\"},\"potentialAction\":[{\"@type\":\"SearchAction\",\"target\":{\"@type\":\"EntryPoint\",\"urlTemplate\":\"https:\/\/www.skagentraad.dk\/?s={search_term_string}\"},\"query-input\":\"required name=search_term_string\"}],\"inLanguage\":\"en-GB\"},{\"@type\":\"Organization\",\"@id\":\"https:\/\/www.skagentraad.dk\/#organization\",\"name\":\"Skagen Tr\u00e5dindustri\",\"url\":\"https:\/\/www.skagentraad.dk\/\",\"logo\":{\"@type\":\"ImageObject\",\"inLanguage\":\"en-GB\",\"@id\":\"https:\/\/www.skagentraad.dk\/#\/schema\/logo\/image\/\",\"url\":\"https:\/\/www.skagentraad.dk\/wp-content\/uploads\/2015\/01\/logo_top.png\",\"contentUrl\":\"https:\/\/www.skagentraad.dk\/wp-content\/uploads\/2015\/01\/logo_top.png\",\"width\":350,\"height\":108,\"caption\":\"Skagen Tr\u00e5dindustri\"},\"image\":{\"@id\":\"https:\/\/www.skagentraad.dk\/#\/schema\/logo\/image\/\"}}]}<\/script>\n<!-- \/ Yoast SEO plugin. -->","yoast_head_json":{"title":"Er st\u00e5l b\u00e6redygtigt? - Skagen Tr\u00e5dindustri - Leverand\u00f8r af armeringsst\u00e5l","description":"Er st\u00e5l et b\u00e6redygtigt valg? St\u00e5l kan genanvendes uden det mister sin styrke, og derved er det et meget b\u00e6redygtigt materiale.","robots":{"index":"index","follow":"follow","max-snippet":"max-snippet:-1","max-image-preview":"max-image-preview:large","max-video-preview":"max-video-preview:-1"},"canonical":"https:\/\/www.skagentraad.dk\/en\/er-staal-baeredygtigt\/","og_locale":"en_GB","og_type":"article","og_title":"Er st\u00e5l b\u00e6redygtigt? - Skagen Tr\u00e5dindustri - Leverand\u00f8r af armeringsst\u00e5l","og_description":"Er st\u00e5l et b\u00e6redygtigt valg? St\u00e5l kan genanvendes uden det mister sin styrke, og derved er det et meget b\u00e6redygtigt materiale.","og_url":"https:\/\/www.skagentraad.dk\/en\/er-staal-baeredygtigt\/","og_site_name":"Skagen Tr\u00e5dindustri","article_modified_time":"2021-06-14T07:14:17+00:00","og_image":[{"width":1920,"height":1279,"url":"https:\/\/www.skagentraad.dk\/wp-content\/uploads\/2021\/04\/Baeredygtighed.jpg","type":"image\/jpeg"}],"twitter_card":"summary_large_image","twitter_misc":{"Estimated reading time":"1 minute"},"schema":{"@context":"https:\/\/schema.org","@graph":[{"@type":"WebPage","@id":"https:\/\/www.skagentraad.dk\/er-staal-baeredygtigt\/","url":"https:\/\/www.skagentraad.dk\/er-staal-baeredygtigt\/","name":"Er st\u00e5l b\u00e6redygtigt? - Skagen Tr\u00e5dindustri - Leverand\u00f8r af armeringsst\u00e5l","isPartOf":{"@id":"https:\/\/www.skagentraad.dk\/#website"},"datePublished":"2021-04-23T10:51:32+00:00","dateModified":"2021-06-14T07:14:17+00:00","description":"Er st\u00e5l et b\u00e6redygtigt valg? St\u00e5l kan genanvendes uden det mister sin styrke, og derved er det et meget b\u00e6redygtigt materiale.","breadcrumb":{"@id":"https:\/\/www.skagentraad.dk\/er-staal-baeredygtigt\/#breadcrumb"},"inLanguage":"en-GB","potentialAction":[{"@type":"ReadAction","target":["https:\/\/www.skagentraad.dk\/er-staal-baeredygtigt\/"]}]},{"@type":"BreadcrumbList","@id":"https:\/\/www.skagentraad.dk\/er-staal-baeredygtigt\/#breadcrumb","itemListElement":[{"@type":"ListItem","position":1,"name":"Hjem","item":"https:\/\/www.skagentraad.dk\/"},{"@type":"ListItem","position":2,"name":"St\u00e5l som et klimavenligt materiale"}]},{"@type":"WebSite","@id":"https:\/\/www.skagentraad.dk\/#website","url":"https:\/\/www.skagentraad.dk\/","name":"Skagen Tr\u00e5dindustri","description":"Supplier of stainless reinforcing steel to the construction industry","publisher":{"@id":"https:\/\/www.skagentraad.dk\/#organization"},"potentialAction":[{"@type":"SearchAction","target":{"@type":"EntryPoint","urlTemplate":"https:\/\/www.skagentraad.dk\/?s={search_term_string}"},"query-input":"required name=search_term_string"}],"inLanguage":"en-GB"},{"@type":"Organization","@id":"https:\/\/www.skagentraad.dk\/#organization","name":"Skagen Tr\u00e5dindustri","url":"https:\/\/www.skagentraad.dk\/","logo":{"@type":"ImageObject","inLanguage":"en-GB","@id":"https:\/\/www.skagentraad.dk\/#\/schema\/logo\/image\/","url":"https:\/\/www.skagentraad.dk\/wp-content\/uploads\/2015\/01\/logo_top.png","contentUrl":"https:\/\/www.skagentraad.dk\/wp-content\/uploads\/2015\/01\/logo_top.png","width":350,"height":108,"caption":"Skagen Tr\u00e5dindustri"},"image":{"@id":"https:\/\/www.skagentraad.dk\/#\/schema\/logo\/image\/"}}]}},"_links":{"self":[{"href":"https:\/\/www.skagentraad.dk\/en\/wp-json\/wp\/v2\/pages\/3552"}],"collection":[{"href":"https:\/\/www.skagentraad.dk\/en\/wp-json\/wp\/v2\/pages"}],"about":[{"href":"https:\/\/www.skagentraad.dk\/en\/wp-json\/wp\/v2\/types\/page"}],"author":[{"embeddable":true,"href":"https:\/\/www.skagentraad.dk\/en\/wp-json\/wp\/v2\/users\/5"}],"replies":[{"embeddable":true,"href":"https:\/\/www.skagentraad.dk\/en\/wp-json\/wp\/v2\/comments?post=3552"}],"version-history":[{"count":7,"href":"https:\/\/www.skagentraad.dk\/en\/wp-json\/wp\/v2\/pages\/3552\/revisions"}],"predecessor-version":[{"id":3698,"href":"https:\/\/www.skagentraad.dk\/en\/wp-json\/wp\/v2\/pages\/3552\/revisions\/3698"}],"wp:featuredmedia":[{"embeddable":true,"href":"https:\/\/www.skagentraad.dk\/en\/wp-json\/wp\/v2\/media\/3607"}],"wp:attachment":[{"href":"https:\/\/www.skagentraad.dk\/en\/wp-json\/wp\/v2\/media?parent=3552"}],"curies":[{"name":"wp","href":"https:\/\/api.w.org\/{rel}","templated":true}]}}