{"id":3559,"date":"2021-04-23T11:21:40","date_gmt":"2021-04-23T11:21:40","guid":{"rendered":"https:\/\/www.skagentraad.dk\/?page_id=3559"},"modified":"2023-11-22T10:27:42","modified_gmt":"2023-11-22T09:27:42","slug":"fns-17-verdensmaal-i-handling","status":"publish","type":"page","link":"https:\/\/www.skagentraad.dk\/en\/fns-17-verdensmaal-i-handling\/","title":{"rendered":"FN\u2019s 17 verdensm\u00e5l i Skagen Tr\u00e5dindustri"},"content":{"rendered":"<span><span><a href=\"https:\/\/www.skagentraad.dk\/en\/\">Home<\/a><\/span><\/span>\n<h1>Skagen Tr\u00e5dindustri&#8217;s arbejde med FN&#8217;s 17 verdensm\u00e5l<\/h1>\n<p><a href=\"https:\/\/www.verdensmaalene.dk\/fakta\/verdensmaalene\" target=\"_blank\" rel=\"noreferrer noopener\">FN\u2019s 17 verdensm\u00e5l<\/a> har fyldt og fylder stadig meget i snakken omkring b\u00e6redygtighed. B\u00e5de hvad ang\u00e5r vores klima, men ogs\u00e5 omkring vores sociale forhold. Derfor har vi fors\u00f8gt at s\u00e6tte FN&#8217;s 17 verdensm\u00e5l i handling. Vi har nemlig alle en forpligtelse til at have det med i vores overvejelser og tanker i dagligdagen. Derfor har vi af den grund ogs\u00e5 unders\u00f8gt grundigt hvordan vi som virksomhed kan v\u00e6re med til at bakke op om disse m\u00e5l, og derved bidrage til at verden bliver et bedre sted.<\/p>\n<p>Vi har derfor valgt at arbejde videre og mere konkret med to af de 17 verdensm\u00e5l. Disse to m\u00e5l indeholder tiltag som vi, som virksomhed, allerede arbejder med. Men som vi ogs\u00e5 har kunne konstatere, at vi kan arbejde yderligere med.<\/p>\n<div style=\"height:20px\" aria-hidden=\"true\" class=\"wp-block-spacer\"><\/div>\n<h2>FN&#8217;s 17 verdensm\u00e5l i handling<\/h2>\n<div style=\"height:36px\" aria-hidden=\"true\" class=\"wp-block-spacer\"><\/div>\n<div class=\"wp-block-image\">\n<figure class=\"alignleft size-large\"><img loading=\"lazy\" width=\"190\" height=\"191\" src=\"https:\/\/www.skagentraad.dk\/wp-content\/uploads\/2021\/04\/nr.-12.png\" alt=\"FN's verdensm\u00e5l\" class=\"wp-image-3590\" srcset=\"https:\/\/www.skagentraad.dk\/wp-content\/uploads\/2021\/04\/nr.-12.png 190w, https:\/\/www.skagentraad.dk\/wp-content\/uploads\/2021\/04\/nr.-12-150x150.png 150w\" sizes=\"(max-width: 190px) 100vw, 190px\" \/><\/figure>\n<\/div>\n<h3><em>M\u00e5l nr. 12 \u2013 Ansvarligt forbrug og produktion<\/em><\/h3>\n<p>Vi fors\u00f8ger at optimere vores produktion, s\u00e5 vi opn\u00e5r et ansvarligt forbrug og produktion. Dette sker bl.a. gennem at minimere vores spild mest muligt. Derfor er det kun vores mest g\u00e6ngse produkter, som lagerf\u00f8res. <\/p>\n<p>Det milj\u00f8farlige affald, der forekommer, bliver h\u00e5ndteret p\u00e5 en forsvarlig og milj\u00f8korrekt m\u00e5de. Dette er for eksempel <a href=\"https:\/\/www.skagentraad.dk\/en\/product-category\/armeringsstaal\/\">reinforcement steel. <\/a>som er behandlet og legeret p\u00e5 forskellige m\u00e5der. Det bliver afh\u00e6ndet til partnere, som h\u00e5ndterer materialerne korrekt i forhold til indholdet i legeringerne af st\u00e5let, s\u00e5ledes at vi minimerer risikoen for at farlige stoffer ender i milj\u00f8et.<\/p><\/p>","protected":false},"excerpt":{"rendered":"<p>Skagen Tr\u00e5dindustri&#8217;s arbejde med FN&#8217;s 17 verdensm\u00e5l FN\u2019s 17 verdensm\u00e5l har fyldt og fylder stadig meget i snakken omkring b\u00e6redygtighed. B\u00e5de hvad ang\u00e5r vores klima, men ogs\u00e5 omkring vores sociale forhold. Derfor har vi fors\u00f8gt at s\u00e6tte FN&#8217;s 17 verdensm\u00e5l i handling. Vi har nemlig alle en forpligtelse til at [&#8230;]<\/p>\n","protected":false},"author":5,"featured_media":3605,"parent":0,"menu_order":0,"comment_status":"closed","ping_status":"closed","template":"","meta":[],"yoast_head":"<!-- This site is optimized with the Yoast SEO plugin v19.13 - https:\/\/yoast.com\/wordpress\/plugins\/seo\/ -->\n<title>FN&#039;s 17 verdensm\u00e5l i handling - Skagen Tr\u00e5dindustri<\/title>\n<meta name=\"description\" content=\"I Skagen Tr\u00e5dindustri har vi \u00f8get vores fokus p\u00e5 FN&#039;s 17 verdensm\u00e5l, og gjort handling bag vores ord, da vi mener det er vigtigt at tage ansvar.\" \/>\n<meta name=\"robots\" content=\"index, follow, max-snippet:-1, max-image-preview:large, max-video-preview:-1\" \/>\n<link rel=\"canonical\" href=\"https:\/\/www.skagentraad.dk\/en\/fns-17-verdensmaal-i-handling\/\" \/>\n<meta property=\"og:locale\" content=\"en_GB\" \/>\n<meta property=\"og:type\" content=\"article\" \/>\n<meta property=\"og:title\" content=\"FN&#039;s 17 verdensm\u00e5l i handling - Skagen Tr\u00e5dindustri\" \/>\n<meta property=\"og:description\" content=\"I Skagen Tr\u00e5dindustri har vi \u00f8get vores fokus p\u00e5 FN&#039;s 17 verdensm\u00e5l, og gjort handling bag vores ord, da vi mener det er vigtigt at tage ansvar.\" \/>\n<meta property=\"og:url\" content=\"https:\/\/www.skagentraad.dk\/en\/fns-17-verdensmaal-i-handling\/\" \/>\n<meta property=\"og:site_name\" content=\"Skagen Tr\u00e5dindustri\" \/>\n<meta property=\"article:modified_time\" content=\"2023-11-22T09:27:42+00:00\" \/>\n<meta property=\"og:image\" content=\"https:\/\/www.skagentraad.dk\/wp-content\/uploads\/2021\/04\/17-verdensmaal-e1619511290318.jpg\" \/>\n\t<meta property=\"og:image:width\" content=\"400\" \/>\n\t<meta property=\"og:image:height\" content=\"197\" \/>\n\t<meta property=\"og:image:type\" content=\"image\/jpeg\" \/>\n<meta name=\"twitter:card\" content=\"summary_large_image\" \/>\n<meta name=\"twitter:label1\" content=\"Estimated reading time\" \/>\n\t<meta name=\"twitter:data1\" content=\"2 minutes\" \/>\n<script type=\"application\/ld+json\" class=\"yoast-schema-graph\">{\"@context\":\"https:\/\/schema.org\",\"@graph\":[{\"@type\":\"WebPage\",\"@id\":\"https:\/\/www.skagentraad.dk\/fns-17-verdensmaal-i-handling\/\",\"url\":\"https:\/\/www.skagentraad.dk\/fns-17-verdensmaal-i-handling\/\",\"name\":\"FN's 17 verdensm\u00e5l i handling - Skagen Tr\u00e5dindustri\",\"isPartOf\":{\"@id\":\"https:\/\/www.skagentraad.dk\/#website\"},\"datePublished\":\"2021-04-23T11:21:40+00:00\",\"dateModified\":\"2023-11-22T09:27:42+00:00\",\"description\":\"I Skagen Tr\u00e5dindustri har vi \u00f8get vores fokus p\u00e5 FN's 17 verdensm\u00e5l, og gjort handling bag vores ord, da vi mener det er vigtigt at tage ansvar.\",\"breadcrumb\":{\"@id\":\"https:\/\/www.skagentraad.dk\/fns-17-verdensmaal-i-handling\/#breadcrumb\"},\"inLanguage\":\"en-GB\",\"potentialAction\":[{\"@type\":\"ReadAction\",\"target\":[\"https:\/\/www.skagentraad.dk\/fns-17-verdensmaal-i-handling\/\"]}]},{\"@type\":\"BreadcrumbList\",\"@id\":\"https:\/\/www.skagentraad.dk\/fns-17-verdensmaal-i-handling\/#breadcrumb\",\"itemListElement\":[{\"@type\":\"ListItem\",\"position\":1,\"name\":\"Hjem\",\"item\":\"https:\/\/www.skagentraad.dk\/\"},{\"@type\":\"ListItem\",\"position\":2,\"name\":\"FN\u2019s 17 verdensm\u00e5l i Skagen Tr\u00e5dindustri\"}]},{\"@type\":\"WebSite\",\"@id\":\"https:\/\/www.skagentraad.dk\/#website\",\"url\":\"https:\/\/www.skagentraad.dk\/\",\"name\":\"Skagen Tr\u00e5dindustri\",\"description\":\"Leverand\u00f8r af rustfrit armeringsst\u00e5l til brug for bygge- og anl\u00e6gsbranchen\",\"publisher\":{\"@id\":\"https:\/\/www.skagentraad.dk\/#organization\"},\"potentialAction\":[{\"@type\":\"SearchAction\",\"target\":{\"@type\":\"EntryPoint\",\"urlTemplate\":\"https:\/\/www.skagentraad.dk\/?s={search_term_string}\"},\"query-input\":\"required name=search_term_string\"}],\"inLanguage\":\"en-GB\"},{\"@type\":\"Organization\",\"@id\":\"https:\/\/www.skagentraad.dk\/#organization\",\"name\":\"Skagen Tr\u00e5dindustri\",\"url\":\"https:\/\/www.skagentraad.dk\/\",\"logo\":{\"@type\":\"ImageObject\",\"inLanguage\":\"en-GB\",\"@id\":\"https:\/\/www.skagentraad.dk\/#\/schema\/logo\/image\/\",\"url\":\"https:\/\/www.skagentraad.dk\/wp-content\/uploads\/2015\/01\/logo_top.png\",\"contentUrl\":\"https:\/\/www.skagentraad.dk\/wp-content\/uploads\/2015\/01\/logo_top.png\",\"width\":350,\"height\":108,\"caption\":\"Skagen Tr\u00e5dindustri\"},\"image\":{\"@id\":\"https:\/\/www.skagentraad.dk\/#\/schema\/logo\/image\/\"}}]}<\/script>\n<!-- \/ Yoast SEO plugin. -->","yoast_head_json":{"title":"FN's 17 verdensm\u00e5l i handling - Skagen Tr\u00e5dindustri","description":"I Skagen Tr\u00e5dindustri har vi \u00f8get vores fokus p\u00e5 FN's 17 verdensm\u00e5l, og gjort handling bag vores ord, da vi mener det er vigtigt at tage ansvar.","robots":{"index":"index","follow":"follow","max-snippet":"max-snippet:-1","max-image-preview":"max-image-preview:large","max-video-preview":"max-video-preview:-1"},"canonical":"https:\/\/www.skagentraad.dk\/en\/fns-17-verdensmaal-i-handling\/","og_locale":"en_GB","og_type":"article","og_title":"FN's 17 verdensm\u00e5l i handling - Skagen Tr\u00e5dindustri","og_description":"I Skagen Tr\u00e5dindustri har vi \u00f8get vores fokus p\u00e5 FN's 17 verdensm\u00e5l, og gjort handling bag vores ord, da vi mener det er vigtigt at tage ansvar.","og_url":"https:\/\/www.skagentraad.dk\/en\/fns-17-verdensmaal-i-handling\/","og_site_name":"Skagen Tr\u00e5dindustri","article_modified_time":"2023-11-22T09:27:42+00:00","og_image":[{"width":400,"height":197,"url":"https:\/\/www.skagentraad.dk\/wp-content\/uploads\/2021\/04\/17-verdensmaal-e1619511290318.jpg","type":"image\/jpeg"}],"twitter_card":"summary_large_image","twitter_misc":{"Estimated reading time":"2 minutes"},"schema":{"@context":"https:\/\/schema.org","@graph":[{"@type":"WebPage","@id":"https:\/\/www.skagentraad.dk\/fns-17-verdensmaal-i-handling\/","url":"https:\/\/www.skagentraad.dk\/fns-17-verdensmaal-i-handling\/","name":"FN's 17 verdensm\u00e5l i handling - Skagen Tr\u00e5dindustri","isPartOf":{"@id":"https:\/\/www.skagentraad.dk\/#website"},"datePublished":"2021-04-23T11:21:40+00:00","dateModified":"2023-11-22T09:27:42+00:00","description":"I Skagen Tr\u00e5dindustri har vi \u00f8get vores fokus p\u00e5 FN's 17 verdensm\u00e5l, og gjort handling bag vores ord, da vi mener det er vigtigt at tage ansvar.","breadcrumb":{"@id":"https:\/\/www.skagentraad.dk\/fns-17-verdensmaal-i-handling\/#breadcrumb"},"inLanguage":"en-GB","potentialAction":[{"@type":"ReadAction","target":["https:\/\/www.skagentraad.dk\/fns-17-verdensmaal-i-handling\/"]}]},{"@type":"BreadcrumbList","@id":"https:\/\/www.skagentraad.dk\/fns-17-verdensmaal-i-handling\/#breadcrumb","itemListElement":[{"@type":"ListItem","position":1,"name":"Hjem","item":"https:\/\/www.skagentraad.dk\/"},{"@type":"ListItem","position":2,"name":"FN\u2019s 17 verdensm\u00e5l i Skagen Tr\u00e5dindustri"}]},{"@type":"WebSite","@id":"https:\/\/www.skagentraad.dk\/#website","url":"https:\/\/www.skagentraad.dk\/","name":"Skagen Tr\u00e5dindustri","description":"Supplier of stainless reinforcing steel to the construction industry","publisher":{"@id":"https:\/\/www.skagentraad.dk\/#organization"},"potentialAction":[{"@type":"SearchAction","target":{"@type":"EntryPoint","urlTemplate":"https:\/\/www.skagentraad.dk\/?s={search_term_string}"},"query-input":"required name=search_term_string"}],"inLanguage":"en-GB"},{"@type":"Organization","@id":"https:\/\/www.skagentraad.dk\/#organization","name":"Skagen Tr\u00e5dindustri","url":"https:\/\/www.skagentraad.dk\/","logo":{"@type":"ImageObject","inLanguage":"en-GB","@id":"https:\/\/www.skagentraad.dk\/#\/schema\/logo\/image\/","url":"https:\/\/www.skagentraad.dk\/wp-content\/uploads\/2015\/01\/logo_top.png","contentUrl":"https:\/\/www.skagentraad.dk\/wp-content\/uploads\/2015\/01\/logo_top.png","width":350,"height":108,"caption":"Skagen Tr\u00e5dindustri"},"image":{"@id":"https:\/\/www.skagentraad.dk\/#\/schema\/logo\/image\/"}}]}},"_links":{"self":[{"href":"https:\/\/www.skagentraad.dk\/en\/wp-json\/wp\/v2\/pages\/3559"}],"collection":[{"href":"https:\/\/www.skagentraad.dk\/en\/wp-json\/wp\/v2\/pages"}],"about":[{"href":"https:\/\/www.skagentraad.dk\/en\/wp-json\/wp\/v2\/types\/page"}],"author":[{"embeddable":true,"href":"https:\/\/www.skagentraad.dk\/en\/wp-json\/wp\/v2\/users\/5"}],"replies":[{"embeddable":true,"href":"https:\/\/www.skagentraad.dk\/en\/wp-json\/wp\/v2\/comments?post=3559"}],"version-history":[{"count":22,"href":"https:\/\/www.skagentraad.dk\/en\/wp-json\/wp\/v2\/pages\/3559\/revisions"}],"predecessor-version":[{"id":4027,"href":"https:\/\/www.skagentraad.dk\/en\/wp-json\/wp\/v2\/pages\/3559\/revisions\/4027"}],"wp:featuredmedia":[{"embeddable":true,"href":"https:\/\/www.skagentraad.dk\/en\/wp-json\/wp\/v2\/media\/3605"}],"wp:attachment":[{"href":"https:\/\/www.skagentraad.dk\/en\/wp-json\/wp\/v2\/media?parent=3559"}],"curies":[{"name":"wp","href":"https:\/\/api.w.org\/{rel}","templated":true}]}}