{"id":4053,"date":"2024-02-16T12:57:30","date_gmt":"2024-02-16T11:57:30","guid":{"rendered":"https:\/\/www.skagentraad.dk\/?page_id=4053"},"modified":"2024-02-16T12:57:30","modified_gmt":"2024-02-16T11:57:30","slug":"epd","status":"publish","type":"page","link":"https:\/\/www.skagentraad.dk\/en\/epd\/","title":{"rendered":"EPD"},"content":{"rendered":"<p>Her kan du downloade vores g\u00e6ldende <a href=\"https:\/\/www.skagentraad.dk\/wp-content\/uploads\/2024\/02\/md-23210-en.pdf\" target=\"_blank\" rel=\"noreferrer noopener\">EPD &#8211; EPD- Skagen Tr\u00e5dindustri<\/a><\/p>\n<p>EPD&#8217;en er b\u00e5de g\u00e6ldende for vores glatte samt vores ribbede st\u00e5l.<\/p>\n<p>Hvis der er sp\u00f8rgsm\u00e5l til vores EPD, er du meget velkommen til at kontakte S\u00f8ren Brinkholm soren@skagen-traad.dk <\/p><\/p>","protected":false},"excerpt":{"rendered":"<p>Her kan du downloade vores g\u00e6ldende EPD &#8211; EPD- Skagen Tr\u00e5dindustri EPD&#8217;en er b\u00e5de g\u00e6ldende for vores glatte samt vores ribbede st\u00e5l. Hvis der er sp\u00f8rgsm\u00e5l til vores EPD, er du meget velkommen til at kontakte S\u00f8ren Brinkholm soren@skagen-traad.dk<\/p>","protected":false},"author":5,"featured_media":0,"parent":0,"menu_order":0,"comment_status":"closed","ping_status":"closed","template":"","meta":[],"yoast_head":"<!-- This site is optimized with the Yoast SEO plugin v19.13 - https:\/\/yoast.com\/wordpress\/plugins\/seo\/ -->\n<title>EPD - Skagen Tr\u00e5dindustri<\/title>\n<meta name=\"robots\" content=\"index, follow, max-snippet:-1, max-image-preview:large, max-video-preview:-1\" \/>\n<link rel=\"canonical\" href=\"https:\/\/www.skagentraad.dk\/en\/epd\/\" \/>\n<meta property=\"og:locale\" content=\"en_GB\" \/>\n<meta property=\"og:type\" content=\"article\" \/>\n<meta property=\"og:title\" content=\"EPD - Skagen Tr\u00e5dindustri\" \/>\n<meta property=\"og:description\" content=\"Her kan du downloade vores g\u00e6ldende EPD &#8211; EPD- Skagen Tr\u00e5dindustri EPD&#8217;en er b\u00e5de g\u00e6ldende for vores glatte samt vores ribbede st\u00e5l. Hvis der er sp\u00f8rgsm\u00e5l til vores EPD, er du meget velkommen til at kontakte S\u00f8ren Brinkholm soren@skagen-traad.dk\" \/>\n<meta property=\"og:url\" content=\"https:\/\/www.skagentraad.dk\/en\/epd\/\" \/>\n<meta property=\"og:site_name\" content=\"Skagen Tr\u00e5dindustri\" \/>\n<meta name=\"twitter:card\" content=\"summary_large_image\" \/>\n<script type=\"application\/ld+json\" class=\"yoast-schema-graph\">{\"@context\":\"https:\/\/schema.org\",\"@graph\":[{\"@type\":\"WebPage\",\"@id\":\"https:\/\/www.skagentraad.dk\/epd\/\",\"url\":\"https:\/\/www.skagentraad.dk\/epd\/\",\"name\":\"EPD - Skagen Tr\u00e5dindustri\",\"isPartOf\":{\"@id\":\"https:\/\/www.skagentraad.dk\/#website\"},\"datePublished\":\"2024-02-16T11:57:30+00:00\",\"dateModified\":\"2024-02-16T11:57:30+00:00\",\"breadcrumb\":{\"@id\":\"https:\/\/www.skagentraad.dk\/epd\/#breadcrumb\"},\"inLanguage\":\"en-GB\",\"potentialAction\":[{\"@type\":\"ReadAction\",\"target\":[\"https:\/\/www.skagentraad.dk\/epd\/\"]}]},{\"@type\":\"BreadcrumbList\",\"@id\":\"https:\/\/www.skagentraad.dk\/epd\/#breadcrumb\",\"itemListElement\":[{\"@type\":\"ListItem\",\"position\":1,\"name\":\"Hjem\",\"item\":\"https:\/\/www.skagentraad.dk\/\"},{\"@type\":\"ListItem\",\"position\":2,\"name\":\"EPD\"}]},{\"@type\":\"WebSite\",\"@id\":\"https:\/\/www.skagentraad.dk\/#website\",\"url\":\"https:\/\/www.skagentraad.dk\/\",\"name\":\"Skagen Tr\u00e5dindustri\",\"description\":\"Leverand\u00f8r af rustfrit armeringsst\u00e5l til brug for bygge- og anl\u00e6gsbranchen\",\"publisher\":{\"@id\":\"https:\/\/www.skagentraad.dk\/#organization\"},\"potentialAction\":[{\"@type\":\"SearchAction\",\"target\":{\"@type\":\"EntryPoint\",\"urlTemplate\":\"https:\/\/www.skagentraad.dk\/?s={search_term_string}\"},\"query-input\":\"required name=search_term_string\"}],\"inLanguage\":\"en-GB\"},{\"@type\":\"Organization\",\"@id\":\"https:\/\/www.skagentraad.dk\/#organization\",\"name\":\"Skagen Tr\u00e5dindustri\",\"url\":\"https:\/\/www.skagentraad.dk\/\",\"logo\":{\"@type\":\"ImageObject\",\"inLanguage\":\"en-GB\",\"@id\":\"https:\/\/www.skagentraad.dk\/#\/schema\/logo\/image\/\",\"url\":\"https:\/\/www.skagentraad.dk\/wp-content\/uploads\/2015\/01\/logo_top.png\",\"contentUrl\":\"https:\/\/www.skagentraad.dk\/wp-content\/uploads\/2015\/01\/logo_top.png\",\"width\":350,\"height\":108,\"caption\":\"Skagen Tr\u00e5dindustri\"},\"image\":{\"@id\":\"https:\/\/www.skagentraad.dk\/#\/schema\/logo\/image\/\"}}]}<\/script>\n<!-- \/ Yoast SEO plugin. -->","yoast_head_json":{"title":"EPD - Skagen Tr\u00e5dindustri","robots":{"index":"index","follow":"follow","max-snippet":"max-snippet:-1","max-image-preview":"max-image-preview:large","max-video-preview":"max-video-preview:-1"},"canonical":"https:\/\/www.skagentraad.dk\/en\/epd\/","og_locale":"en_GB","og_type":"article","og_title":"EPD - Skagen Tr\u00e5dindustri","og_description":"Her kan du downloade vores g\u00e6ldende EPD &#8211; EPD- Skagen Tr\u00e5dindustri EPD&#8217;en er b\u00e5de g\u00e6ldende for vores glatte samt vores ribbede st\u00e5l. Hvis der er sp\u00f8rgsm\u00e5l til vores EPD, er du meget velkommen til at kontakte S\u00f8ren Brinkholm soren@skagen-traad.dk","og_url":"https:\/\/www.skagentraad.dk\/en\/epd\/","og_site_name":"Skagen Tr\u00e5dindustri","twitter_card":"summary_large_image","schema":{"@context":"https:\/\/schema.org","@graph":[{"@type":"WebPage","@id":"https:\/\/www.skagentraad.dk\/epd\/","url":"https:\/\/www.skagentraad.dk\/epd\/","name":"EPD - Skagen Tr\u00e5dindustri","isPartOf":{"@id":"https:\/\/www.skagentraad.dk\/#website"},"datePublished":"2024-02-16T11:57:30+00:00","dateModified":"2024-02-16T11:57:30+00:00","breadcrumb":{"@id":"https:\/\/www.skagentraad.dk\/epd\/#breadcrumb"},"inLanguage":"en-GB","potentialAction":[{"@type":"ReadAction","target":["https:\/\/www.skagentraad.dk\/epd\/"]}]},{"@type":"BreadcrumbList","@id":"https:\/\/www.skagentraad.dk\/epd\/#breadcrumb","itemListElement":[{"@type":"ListItem","position":1,"name":"Hjem","item":"https:\/\/www.skagentraad.dk\/"},{"@type":"ListItem","position":2,"name":"EPD"}]},{"@type":"WebSite","@id":"https:\/\/www.skagentraad.dk\/#website","url":"https:\/\/www.skagentraad.dk\/","name":"Skagen Tr\u00e5dindustri","description":"Supplier of stainless reinforcing steel to the construction industry","publisher":{"@id":"https:\/\/www.skagentraad.dk\/#organization"},"potentialAction":[{"@type":"SearchAction","target":{"@type":"EntryPoint","urlTemplate":"https:\/\/www.skagentraad.dk\/?s={search_term_string}"},"query-input":"required name=search_term_string"}],"inLanguage":"en-GB"},{"@type":"Organization","@id":"https:\/\/www.skagentraad.dk\/#organization","name":"Skagen Tr\u00e5dindustri","url":"https:\/\/www.skagentraad.dk\/","logo":{"@type":"ImageObject","inLanguage":"en-GB","@id":"https:\/\/www.skagentraad.dk\/#\/schema\/logo\/image\/","url":"https:\/\/www.skagentraad.dk\/wp-content\/uploads\/2015\/01\/logo_top.png","contentUrl":"https:\/\/www.skagentraad.dk\/wp-content\/uploads\/2015\/01\/logo_top.png","width":350,"height":108,"caption":"Skagen Tr\u00e5dindustri"},"image":{"@id":"https:\/\/www.skagentraad.dk\/#\/schema\/logo\/image\/"}}]}},"_links":{"self":[{"href":"https:\/\/www.skagentraad.dk\/en\/wp-json\/wp\/v2\/pages\/4053"}],"collection":[{"href":"https:\/\/www.skagentraad.dk\/en\/wp-json\/wp\/v2\/pages"}],"about":[{"href":"https:\/\/www.skagentraad.dk\/en\/wp-json\/wp\/v2\/types\/page"}],"author":[{"embeddable":true,"href":"https:\/\/www.skagentraad.dk\/en\/wp-json\/wp\/v2\/users\/5"}],"replies":[{"embeddable":true,"href":"https:\/\/www.skagentraad.dk\/en\/wp-json\/wp\/v2\/comments?post=4053"}],"version-history":[{"count":1,"href":"https:\/\/www.skagentraad.dk\/en\/wp-json\/wp\/v2\/pages\/4053\/revisions"}],"predecessor-version":[{"id":4055,"href":"https:\/\/www.skagentraad.dk\/en\/wp-json\/wp\/v2\/pages\/4053\/revisions\/4055"}],"wp:attachment":[{"href":"https:\/\/www.skagentraad.dk\/en\/wp-json\/wp\/v2\/media?parent=4053"}],"curies":[{"name":"wp","href":"https:\/\/api.w.org\/{rel}","templated":true}]}}