{"id":2093,"date":"2015-03-04T10:26:47","date_gmt":"2015-03-04T10:26:47","guid":{"rendered":"http:\/\/www.skagentraad.dk\/?product=safe-asymetrisk-murbindere-kopiere"},"modified":"2025-08-05T09:23:13","modified_gmt":"2025-08-05T08:23:13","slug":"safe-asymetrisk-murbinder","status":"publish","type":"product","link":"https:\/\/www.skagentraad.dk\/en\/product\/safe-asymetrisk-murbinder\/","title":{"rendered":"ST SAFE ASYMMETRISK MURBINDER"},"content":{"rendered":"<p>Materiale &#8211; ST Safe asymmetrisk murbinder:<br \/>\n- Stainless steel A2 - EN 1.4301 - SS 142 332<br \/>\n- Acid proof steel A4 - EN 1.4401<br \/>\n\u2013 Tin bronze \u2013 2.1022 \u2013 CuSn6<\/p>\n<p>ST Safe Asymmetrisk murbinder er produceret i materialer som er certificeret efter EN 10088-5.<\/p>\n<p>The wall tie is produced by Skagen Tr\u00e5dindustri.<\/p>\n\n<table id=\"tablepress-6\" class=\"tablepress tablepress-id-6\">\n<thead>\n<tr class=\"row-1 odd\">\n\t<th class=\"column-1\">Item number<\/th><th class=\"column-2\">DB-Nummer<\/th><th class=\"column-3\">Diameter<\/th><th class=\"column-4\">Lengths<\/th><th class=\"column-5\">Quantity\/package<\/th><th class=\"column-6\">V\u00e6gt pr. stk. i kg.<\/th>\n<\/tr>\n<\/thead>\n<tbody class=\"row-hover\">\n<tr class=\"row-2 even\">\n\t<td class=\"column-1\">21503150<\/td><td class=\"column-2\">2357960<\/td><td class=\"column-3\">Diam.: 3,00 mm.<\/td><td class=\"column-4\">150\/50mm.<\/td><td class=\"column-5\">500<\/td><td class=\"column-6\">0,011 kg.<\/td>\n<\/tr>\n<tr class=\"row-3 odd\">\n\t<td class=\"column-1\">21503200<\/td><td class=\"column-2\">2357961<\/td><td class=\"column-3\">Diam.: 3,00 mm.<\/td><td class=\"column-4\">200\/50mm.<\/td><td class=\"column-5\">500<\/td><td class=\"column-6\">0,014 kg.<\/td>\n<\/tr>\n<tr class=\"row-4 even\">\n\t<td class=\"column-1\">21503250<\/td><td class=\"column-2\">2357962<\/td><td class=\"column-3\">Diam.: 3,00 mm.<\/td><td class=\"column-4\">250\/50mm.<\/td><td class=\"column-5\">500<\/td><td class=\"column-6\">0,017 kg.<\/td>\n<\/tr>\n<tr class=\"row-5 odd\">\n\t<td class=\"column-1\">21503275<\/td><td class=\"column-2\">2357963<\/td><td class=\"column-3\">Diam.: 3,00 mm.<\/td><td class=\"column-4\">275\/50mm.<\/td><td class=\"column-5\">500<\/td><td class=\"column-6\">0,0185 kg.<\/td>\n<\/tr>\n<tr class=\"row-6 even\">\n\t<td class=\"column-1\">21503300<\/td><td class=\"column-2\">2357964<\/td><td class=\"column-3\">Diam.: 3,00 mm.<\/td><td class=\"column-4\">300\/50mm.<\/td><td class=\"column-5\">500<\/td><td class=\"column-6\">0,02 kg.<\/td>\n<\/tr>\n<tr class=\"row-7 odd\">\n\t<td class=\"column-1\">21503325<\/td><td class=\"column-2\">2357965<\/td><td class=\"column-3\">Diam.: 3,00 mm.<\/td><td class=\"column-4\">325\/50mm.<\/td><td class=\"column-5\">500<\/td><td class=\"column-6\">0,0215 kg.<\/td>\n<\/tr>\n<tr class=\"row-8 even\">\n\t<td class=\"column-1\">21503350<\/td><td class=\"column-2\">2357966<\/td><td class=\"column-3\">Diam.: 3,00 mm.<\/td><td class=\"column-4\">350\/50mm.<\/td><td class=\"column-5\">500<\/td><td class=\"column-6\">0,023 kg. <\/td>\n<\/tr>\n<tr class=\"row-9 odd\">\n\t<td class=\"column-1\"><\/td><td class=\"column-2\"><\/td><td class=\"column-3\"><\/td><td class=\"column-4\"><\/td><td class=\"column-5\"><\/td><td class=\"column-6\"><\/td>\n<\/tr>\n<tr class=\"row-10 even\">\n\t<td class=\"column-1\">21604150<\/td><td class=\"column-2\">2357967<\/td><td class=\"column-3\">Diam. 4,00 mm.<\/td><td class=\"column-4\">150\/50mm.<\/td><td class=\"column-5\">500<\/td><td class=\"column-6\">0,022 kg.<\/td>\n<\/tr>\n<tr class=\"row-11 odd\">\n\t<td class=\"column-1\">21604200<\/td><td class=\"column-2\">2357968<\/td><td class=\"column-3\">Diam. 4,00 mm.<\/td><td class=\"column-4\">200\/50mm.<\/td><td class=\"column-5\">500<\/td><td class=\"column-6\">0,027 kg.<\/td>\n<\/tr>\n<tr class=\"row-12 even\">\n\t<td class=\"column-1\">21604250<\/td><td class=\"column-2\">2357969<\/td><td class=\"column-3\">Diam. 4,00 mm.<\/td><td class=\"column-4\">250\/50mm.<\/td><td class=\"column-5\">500<\/td><td class=\"column-6\">0,032 kg.<\/td>\n<\/tr>\n<tr class=\"row-13 odd\">\n\t<td class=\"column-1\">21604300<\/td><td class=\"column-2\">2357970<\/td><td class=\"column-3\">Diam. 4,00 mm.<\/td><td class=\"column-4\">300\/50mm.<\/td><td class=\"column-5\">500<\/td><td class=\"column-6\">0,037 kg.<\/td>\n<\/tr>\n<tr class=\"row-14 even\">\n\t<td class=\"column-1\">21604325<\/td><td class=\"column-2\">2357971<\/td><td class=\"column-3\">Diam. 4,00 mm.<\/td><td class=\"column-4\">325\/50mm.<\/td><td class=\"column-5\">500<\/td><td class=\"column-6\">0,0395 kg.<\/td>\n<\/tr>\n<tr class=\"row-15 odd\">\n\t<td class=\"column-1\">21604350<\/td><td class=\"column-2\">2357972<\/td><td class=\"column-3\">Diam. 4,00 mm.<\/td><td class=\"column-4\">350\/50mm.<\/td><td class=\"column-5\">500<\/td><td class=\"column-6\">0,042 kg.<\/td>\n<\/tr>\n<tr class=\"row-16 even\">\n\t<td class=\"column-1\">21604375<\/td><td class=\"column-2\">2357973<\/td><td class=\"column-3\">Diam. 4,00 mm.<\/td><td class=\"column-4\">375\/50mm.<\/td><td class=\"column-5\">500<\/td><td class=\"column-6\">0,0445 kg.<\/td>\n<\/tr>\n<tr class=\"row-17 odd\">\n\t<td class=\"column-1\">21604400<\/td><td class=\"column-2\">2357974<\/td><td class=\"column-3\">Diam. 4,00 mm.<\/td><td class=\"column-4\">400\/50mm.<\/td><td class=\"column-5\">250<\/td><td class=\"column-6\">0,047 kg.<\/td>\n<\/tr>\n<tr class=\"row-18 even\">\n\t<td class=\"column-1\">21604450<\/td><td class=\"column-2\">2357975<\/td><td class=\"column-3\">Diam. 4,00 mm.<\/td><td class=\"column-4\">450\/50mm.<\/td><td class=\"column-5\">250<\/td><td class=\"column-6\">0,052 kg.<\/td>\n<\/tr>\n<tr class=\"row-19 odd\">\n\t<td class=\"column-1\">21604500<\/td><td class=\"column-2\">2357976<\/td><td class=\"column-3\">Diam. 4,00 mm.<\/td><td class=\"column-4\">500\/50mm.<\/td><td class=\"column-5\">250<\/td><td class=\"column-6\">0,057 kg.<\/td>\n<\/tr>\n<tr class=\"row-20 even\">\n\t<td class=\"column-1\">21604550<\/td><td class=\"column-2\">2357977<\/td><td class=\"column-3\">Diam. 4,00 mm.<\/td><td class=\"column-4\">550\/50mm.<\/td><td class=\"column-5\">250<\/td><td class=\"column-6\">0,062 kg.<\/td>\n<\/tr>\n<tr class=\"row-21 odd\">\n\t<td class=\"column-1\">21604600<\/td><td class=\"column-2\">2357978<\/td><td class=\"column-3\">Diam. 4,00 mm.<\/td><td class=\"column-4\">600\/50mm.<\/td><td class=\"column-5\">250<\/td><td class=\"column-6\">0,067 kg. <\/td>\n<\/tr>\n<\/tbody>\n<\/table>\n<!-- #tablepress-6 from cache -->\n<span><span><a href=\"https:\/\/www.skagentraad.dk\/en\/\">Home<\/a><\/span><\/span>","protected":false},"excerpt":{"rendered":"[wpseo_breadcrumb]\n<p><strong>ST Safe asymmetrisk murbinder monteres med hammer i porebeton.<\/strong><\/p>\n<p><strong>Murbinderen bruges til grundmuring i nybyggeri og opmuring i sten og blokke med hulrum samt porebeton etageh\u00f8j elementer.<\/strong><\/p>\n<p><strong>Vores Safe Asymetrisk murbinder bruges til porebeton blokke.\u00a0<\/strong><\/p>\n<p><strong>Skagen Tr\u00e5dindustri&#8217;s Safe Asymmetrisk murbinder har rivfri indmuringsende.<\/strong><\/p>\n<p>&nbsp;<\/p>\n","protected":false},"featured_media":3160,"template":"","meta":[],"product_cat":[128,132,57,58],"product_tag":[74,75,76,77],"yoast_head":"<!-- This site is optimized with the Yoast SEO plugin v19.13 - https:\/\/yoast.com\/wordpress\/plugins\/seo\/ -->\n<title>Safe assymetrisk murbinder - Murbinder i rustfrit st\u00e5l - Skagen Tr\u00e5dindustri<\/title>\n<meta name=\"description\" content=\"Hos Skagen Tr\u00e5dindustri producerer vi selv murbindere i allerh\u00f8jeste st\u00e5lkvalitet. Blandt andet denne SAFE assymetrisk murbinder.\" \/>\n<meta name=\"robots\" content=\"index, follow, max-snippet:-1, max-image-preview:large, max-video-preview:-1\" \/>\n<link rel=\"canonical\" href=\"https:\/\/www.skagentraad.dk\/en\/product\/safe-asymetrisk-murbinder\/\" \/>\n<meta property=\"og:locale\" content=\"en_GB\" \/>\n<meta property=\"og:type\" content=\"article\" \/>\n<meta property=\"og:title\" content=\"Safe assymetrisk murbinder - Murbinder i rustfrit st\u00e5l - Skagen Tr\u00e5dindustri\" \/>\n<meta property=\"og:description\" content=\"Hos Skagen Tr\u00e5dindustri producerer vi selv murbindere i allerh\u00f8jeste st\u00e5lkvalitet. Blandt andet denne SAFE assymetrisk murbinder.\" \/>\n<meta property=\"og:url\" content=\"https:\/\/www.skagentraad.dk\/en\/product\/safe-asymetrisk-murbinder\/\" \/>\n<meta property=\"og:site_name\" content=\"Skagen Tr\u00e5dindustri\" \/>\n<meta property=\"article:modified_time\" content=\"2025-08-05T08:23:13+00:00\" \/>\n<meta property=\"og:image\" content=\"https:\/\/www.skagentraad.dk\/wp-content\/uploads\/2021\/02\/Safe-assymetrisk-murbinder.jpg\" \/>\n\t<meta property=\"og:image:width\" content=\"480\" \/>\n\t<meta property=\"og:image:height\" content=\"640\" \/>\n\t<meta property=\"og:image:type\" content=\"image\/jpeg\" \/>\n<meta name=\"twitter:card\" content=\"summary_large_image\" \/>\n<meta name=\"twitter:label1\" content=\"Estimated reading time\" \/>\n\t<meta name=\"twitter:data1\" content=\"1 minute\" \/>\n<script type=\"application\/ld+json\" class=\"yoast-schema-graph\">{\"@context\":\"https:\/\/schema.org\",\"@graph\":[{\"@type\":\"WebPage\",\"@id\":\"https:\/\/www.skagentraad.dk\/product\/safe-asymetrisk-murbinder\/\",\"url\":\"https:\/\/www.skagentraad.dk\/product\/safe-asymetrisk-murbinder\/\",\"name\":\"Safe assymetrisk murbinder - Murbinder i rustfrit st\u00e5l - Skagen Tr\u00e5dindustri\",\"isPartOf\":{\"@id\":\"https:\/\/www.skagentraad.dk\/#website\"},\"datePublished\":\"2015-03-04T10:26:47+00:00\",\"dateModified\":\"2025-08-05T08:23:13+00:00\",\"description\":\"Hos Skagen Tr\u00e5dindustri producerer vi selv murbindere i allerh\u00f8jeste st\u00e5lkvalitet. Blandt andet denne SAFE assymetrisk murbinder.\",\"breadcrumb\":{\"@id\":\"https:\/\/www.skagentraad.dk\/product\/safe-asymetrisk-murbinder\/#breadcrumb\"},\"inLanguage\":\"en-GB\",\"potentialAction\":[{\"@type\":\"ReadAction\",\"target\":[\"https:\/\/www.skagentraad.dk\/product\/safe-asymetrisk-murbinder\/\"]}]},{\"@type\":\"BreadcrumbList\",\"@id\":\"https:\/\/www.skagentraad.dk\/product\/safe-asymetrisk-murbinder\/#breadcrumb\",\"itemListElement\":[{\"@type\":\"ListItem\",\"position\":1,\"name\":\"Hjem\",\"item\":\"https:\/\/www.skagentraad.dk\/\"},{\"@type\":\"ListItem\",\"position\":2,\"name\":\"Produkter\",\"item\":\"https:\/\/www.skagentraad.dk\/produkter\/\"},{\"@type\":\"ListItem\",\"position\":3,\"name\":\"Porebeton\",\"item\":\"https:\/\/www.skagentraad.dk\/product-category\/porebeton-produkter\/\"},{\"@type\":\"ListItem\",\"position\":4,\"name\":\"Murbindere til porebeton\",\"item\":\"https:\/\/www.skagentraad.dk\/en\/product-category\/porebeton-produkter\/murbindere-til-porebeton\/\"},{\"@type\":\"ListItem\",\"position\":5,\"name\":\"ST SAFE ASYMMETRISK MURBINDER\"}]},{\"@type\":\"WebSite\",\"@id\":\"https:\/\/www.skagentraad.dk\/#website\",\"url\":\"https:\/\/www.skagentraad.dk\/\",\"name\":\"Skagen Tr\u00e5dindustri\",\"description\":\"Leverand\u00f8r af rustfrit armeringsst\u00e5l til brug for bygge- og anl\u00e6gsbranchen\",\"publisher\":{\"@id\":\"https:\/\/www.skagentraad.dk\/#organization\"},\"potentialAction\":[{\"@type\":\"SearchAction\",\"target\":{\"@type\":\"EntryPoint\",\"urlTemplate\":\"https:\/\/www.skagentraad.dk\/?s={search_term_string}\"},\"query-input\":\"required name=search_term_string\"}],\"inLanguage\":\"en-GB\"},{\"@type\":\"Organization\",\"@id\":\"https:\/\/www.skagentraad.dk\/#organization\",\"name\":\"Skagen Tr\u00e5dindustri\",\"url\":\"https:\/\/www.skagentraad.dk\/\",\"logo\":{\"@type\":\"ImageObject\",\"inLanguage\":\"en-GB\",\"@id\":\"https:\/\/www.skagentraad.dk\/#\/schema\/logo\/image\/\",\"url\":\"https:\/\/www.skagentraad.dk\/wp-content\/uploads\/2015\/01\/logo_top.png\",\"contentUrl\":\"https:\/\/www.skagentraad.dk\/wp-content\/uploads\/2015\/01\/logo_top.png\",\"width\":350,\"height\":108,\"caption\":\"Skagen Tr\u00e5dindustri\"},\"image\":{\"@id\":\"https:\/\/www.skagentraad.dk\/#\/schema\/logo\/image\/\"}}]}<\/script>\n<!-- \/ Yoast SEO plugin. -->","yoast_head_json":{"title":"Safe assymetrisk murbinder - Murbinder i rustfrit st\u00e5l - Skagen Tr\u00e5dindustri","description":"Hos Skagen Tr\u00e5dindustri producerer vi selv murbindere i allerh\u00f8jeste st\u00e5lkvalitet. Blandt andet denne SAFE assymetrisk murbinder.","robots":{"index":"index","follow":"follow","max-snippet":"max-snippet:-1","max-image-preview":"max-image-preview:large","max-video-preview":"max-video-preview:-1"},"canonical":"https:\/\/www.skagentraad.dk\/en\/product\/safe-asymetrisk-murbinder\/","og_locale":"en_GB","og_type":"article","og_title":"Safe assymetrisk murbinder - Murbinder i rustfrit st\u00e5l - Skagen Tr\u00e5dindustri","og_description":"Hos Skagen Tr\u00e5dindustri producerer vi selv murbindere i allerh\u00f8jeste st\u00e5lkvalitet. Blandt andet denne SAFE assymetrisk murbinder.","og_url":"https:\/\/www.skagentraad.dk\/en\/product\/safe-asymetrisk-murbinder\/","og_site_name":"Skagen Tr\u00e5dindustri","article_modified_time":"2025-08-05T08:23:13+00:00","og_image":[{"width":480,"height":640,"url":"https:\/\/www.skagentraad.dk\/wp-content\/uploads\/2021\/02\/Safe-assymetrisk-murbinder.jpg","type":"image\/jpeg"}],"twitter_card":"summary_large_image","twitter_misc":{"Estimated reading time":"1 minute"},"schema":{"@context":"https:\/\/schema.org","@graph":[{"@type":"WebPage","@id":"https:\/\/www.skagentraad.dk\/product\/safe-asymetrisk-murbinder\/","url":"https:\/\/www.skagentraad.dk\/product\/safe-asymetrisk-murbinder\/","name":"Safe assymetrisk murbinder - Murbinder i rustfrit st\u00e5l - Skagen Tr\u00e5dindustri","isPartOf":{"@id":"https:\/\/www.skagentraad.dk\/#website"},"datePublished":"2015-03-04T10:26:47+00:00","dateModified":"2025-08-05T08:23:13+00:00","description":"Hos Skagen Tr\u00e5dindustri producerer vi selv murbindere i allerh\u00f8jeste st\u00e5lkvalitet. Blandt andet denne SAFE assymetrisk murbinder.","breadcrumb":{"@id":"https:\/\/www.skagentraad.dk\/product\/safe-asymetrisk-murbinder\/#breadcrumb"},"inLanguage":"en-GB","potentialAction":[{"@type":"ReadAction","target":["https:\/\/www.skagentraad.dk\/product\/safe-asymetrisk-murbinder\/"]}]},{"@type":"BreadcrumbList","@id":"https:\/\/www.skagentraad.dk\/product\/safe-asymetrisk-murbinder\/#breadcrumb","itemListElement":[{"@type":"ListItem","position":1,"name":"Hjem","item":"https:\/\/www.skagentraad.dk\/"},{"@type":"ListItem","position":2,"name":"Produkter","item":"https:\/\/www.skagentraad.dk\/produkter\/"},{"@type":"ListItem","position":3,"name":"Porebeton","item":"https:\/\/www.skagentraad.dk\/product-category\/porebeton-produkter\/"},{"@type":"ListItem","position":4,"name":"Murbindere til porebeton","item":"https:\/\/www.skagentraad.dk\/en\/product-category\/porebeton-produkter\/murbindere-til-porebeton\/"},{"@type":"ListItem","position":5,"name":"ST SAFE ASYMMETRISK MURBINDER"}]},{"@type":"WebSite","@id":"https:\/\/www.skagentraad.dk\/#website","url":"https:\/\/www.skagentraad.dk\/","name":"Skagen Tr\u00e5dindustri","description":"Supplier of stainless reinforcing steel to the construction industry","publisher":{"@id":"https:\/\/www.skagentraad.dk\/#organization"},"potentialAction":[{"@type":"SearchAction","target":{"@type":"EntryPoint","urlTemplate":"https:\/\/www.skagentraad.dk\/?s={search_term_string}"},"query-input":"required name=search_term_string"}],"inLanguage":"en-GB"},{"@type":"Organization","@id":"https:\/\/www.skagentraad.dk\/#organization","name":"Skagen Tr\u00e5dindustri","url":"https:\/\/www.skagentraad.dk\/","logo":{"@type":"ImageObject","inLanguage":"en-GB","@id":"https:\/\/www.skagentraad.dk\/#\/schema\/logo\/image\/","url":"https:\/\/www.skagentraad.dk\/wp-content\/uploads\/2015\/01\/logo_top.png","contentUrl":"https:\/\/www.skagentraad.dk\/wp-content\/uploads\/2015\/01\/logo_top.png","width":350,"height":108,"caption":"Skagen Tr\u00e5dindustri"},"image":{"@id":"https:\/\/www.skagentraad.dk\/#\/schema\/logo\/image\/"}}]}},"_links":{"self":[{"href":"https:\/\/www.skagentraad.dk\/en\/wp-json\/wp\/v2\/product\/2093"}],"collection":[{"href":"https:\/\/www.skagentraad.dk\/en\/wp-json\/wp\/v2\/product"}],"about":[{"href":"https:\/\/www.skagentraad.dk\/en\/wp-json\/wp\/v2\/types\/product"}],"wp:featuredmedia":[{"embeddable":true,"href":"https:\/\/www.skagentraad.dk\/en\/wp-json\/wp\/v2\/media\/3160"}],"wp:attachment":[{"href":"https:\/\/www.skagentraad.dk\/en\/wp-json\/wp\/v2\/media?parent=2093"}],"wp:term":[{"taxonomy":"product_cat","embeddable":true,"href":"https:\/\/www.skagentraad.dk\/en\/wp-json\/wp\/v2\/product_cat?post=2093"},{"taxonomy":"product_tag","embeddable":true,"href":"https:\/\/www.skagentraad.dk\/en\/wp-json\/wp\/v2\/product_tag?post=2093"}],"curies":[{"name":"wp","href":"https:\/\/api.w.org\/{rel}","templated":true}]}}