{"id":2096,"date":"2015-03-04T11:01:37","date_gmt":"2015-03-04T11:01:37","guid":{"rendered":"http:\/\/www.skagentraad.dk\/?post_type=product&#038;p=2096"},"modified":"2025-08-05T09:24:58","modified_gmt":"2025-08-05T08:24:58","slug":"soejlemurbindere","status":"publish","type":"product","link":"https:\/\/www.skagentraad.dk\/en\/product\/soejlemurbindere\/","title":{"rendered":"ST S\u00d8JLEMURBINDER"},"content":{"rendered":"<p>Materiale &#8211; ST S\u00f8jlemurbindere:<br \/>\n- Stainless steel A2 - EN 1.4301 - SS 142 332<\/p>\n<p>Certified according to EN 10088-5<\/p>\n<p>ST S\u00f8jlebinder er produceret af Skagen Tr\u00e5dindustri.<\/p>\n\n<table id=\"tablepress-4\" class=\"tablepress tablepress-id-4\">\n<thead>\n<tr class=\"row-1 odd\">\n\t<th class=\"column-1\">Item number<\/th><th class=\"column-2\">DB-nummer:<\/th><th class=\"column-3\">Dimension<\/th><th class=\"column-4\">Diameter<\/th><th class=\"column-5\">Quantity\/package<\/th><th class=\"column-6\">V\u00e6gt pr. stk. i kg.<\/th>\n<\/tr>\n<\/thead>\n<tbody class=\"row-hover\">\n<tr class=\"row-2 even\">\n\t<td class=\"column-1\">19104030<\/td><td class=\"column-2\">2353940<\/td><td class=\"column-3\">HEB100 0-30<\/td><td class=\"column-4\">Diam. 4,00 mm.<\/td><td class=\"column-5\">50<\/td><td class=\"column-6\">0,04 kg.<\/td>\n<\/tr>\n<tr class=\"row-3 odd\">\n\t<td class=\"column-1\">19104060<\/td><td class=\"column-2\">2353942<\/td><td class=\"column-3\">HEB100 30-60<\/td><td class=\"column-4\">Diam. 4,00 mm.<\/td><td class=\"column-5\">50<\/td><td class=\"column-6\">0,053 kg.<\/td>\n<\/tr>\n<tr class=\"row-4 even\">\n\t<td class=\"column-1\">19104090<\/td><td class=\"column-2\">2353943<\/td><td class=\"column-3\">HEB100 60-90<\/td><td class=\"column-4\">Diam. 4,00 mm.<\/td><td class=\"column-5\">50<\/td><td class=\"column-6\">0,065 kg.<\/td>\n<\/tr>\n<tr class=\"row-5 odd\">\n\t<td class=\"column-1\">19104120<\/td><td class=\"column-2\">2357986<\/td><td class=\"column-3\">HEB100 90-120<\/td><td class=\"column-4\">Diam. 4,00 mm.<\/td><td class=\"column-5\">50<\/td><td class=\"column-6\">0,077 kg.<\/td>\n<\/tr>\n<tr class=\"row-6 even\">\n\t<td class=\"column-1\">19104150<\/td><td class=\"column-2\">2357987<\/td><td class=\"column-3\">HEB100 120-150<\/td><td class=\"column-4\">Diam. 4,00 mm.<\/td><td class=\"column-5\">50<\/td><td class=\"column-6\">0,089 kg.<\/td>\n<\/tr>\n<tr class=\"row-7 odd\">\n\t<td class=\"column-1\"><\/td><td class=\"column-2\"><\/td><td class=\"column-3\"><\/td><td class=\"column-4\"><\/td><td class=\"column-5\"><\/td><td class=\"column-6\"><\/td>\n<\/tr>\n<tr class=\"row-8 even\">\n\t<td class=\"column-1\">19204030<\/td><td class=\"column-2\">2353945<\/td><td class=\"column-3\">HEB120 0-30<\/td><td class=\"column-4\">Diam. 4,00 mm.<\/td><td class=\"column-5\">50<\/td><td class=\"column-6\">0,042 kg.<\/td>\n<\/tr>\n<tr class=\"row-9 odd\">\n\t<td class=\"column-1\">19204060<\/td><td class=\"column-2\">2353946<\/td><td class=\"column-3\">HEB120 30-60<\/td><td class=\"column-4\">Diam. 4,00 mm.<\/td><td class=\"column-5\">50<\/td><td class=\"column-6\">0,054 kg.<\/td>\n<\/tr>\n<tr class=\"row-10 even\">\n\t<td class=\"column-1\">19204090<\/td><td class=\"column-2\">2353947<\/td><td class=\"column-3\">HEB120 60-90<\/td><td class=\"column-4\">Diam. 4,00 mm.<\/td><td class=\"column-5\">50<\/td><td class=\"column-6\">0,066 kg.<\/td>\n<\/tr>\n<tr class=\"row-11 odd\">\n\t<td class=\"column-1\">19204120<\/td><td class=\"column-2\">2357988<\/td><td class=\"column-3\">HEB120 90-120<\/td><td class=\"column-4\">Diam. 4,00 mm.<\/td><td class=\"column-5\">50<\/td><td class=\"column-6\">0,078 kg.<\/td>\n<\/tr>\n<tr class=\"row-12 even\">\n\t<td class=\"column-1\">19204150<\/td><td class=\"column-2\">2357989<\/td><td class=\"column-3\">HEB120 120-150<\/td><td class=\"column-4\">Diam. 4,00 mm.<\/td><td class=\"column-5\">50<\/td><td class=\"column-6\">0,09 kg.<\/td>\n<\/tr>\n<tr class=\"row-13 odd\">\n\t<td class=\"column-1\"><\/td><td class=\"column-2\"><\/td><td class=\"column-3\"><\/td><td class=\"column-4\"><\/td><td class=\"column-5\"><\/td><td class=\"column-6\"><\/td>\n<\/tr>\n<tr class=\"row-14 even\">\n\t<td class=\"column-1\">19304030<\/td><td class=\"column-2\">2357997<\/td><td class=\"column-3\">HEB140 0-30<\/td><td class=\"column-4\">Diam. 4,00 mm.<\/td><td class=\"column-5\">50<\/td><td class=\"column-6\">0,044 kg.<\/td>\n<\/tr>\n<tr class=\"row-15 odd\">\n\t<td class=\"column-1\">19304060<\/td><td class=\"column-2\">2353948<\/td><td class=\"column-3\">HEB140 30-60<\/td><td class=\"column-4\">Diam. 4,00 mm.<\/td><td class=\"column-5\">50<\/td><td class=\"column-6\">0,056 kg.<\/td>\n<\/tr>\n<tr class=\"row-16 even\">\n\t<td class=\"column-1\">19304090<\/td><td class=\"column-2\">2357999<\/td><td class=\"column-3\">HEB140 60-90<\/td><td class=\"column-4\">Diam. 4,00 mm.<\/td><td class=\"column-5\">50<\/td><td class=\"column-6\">0,068 kg.<\/td>\n<\/tr>\n<tr class=\"row-17 odd\">\n\t<td class=\"column-1\">19304120<\/td><td class=\"column-2\">2358000<\/td><td class=\"column-3\">HEB140 90-120<\/td><td class=\"column-4\">Diam. 4,00 mm.<\/td><td class=\"column-5\">50<\/td><td class=\"column-6\">0,080 kg.<\/td>\n<\/tr>\n<tr class=\"row-18 even\">\n\t<td class=\"column-1\">19304150<\/td><td class=\"column-2\">2358002<\/td><td class=\"column-3\">HEB140 120-150<\/td><td class=\"column-4\">Diam. 4,00 mm.<\/td><td class=\"column-5\">50<\/td><td class=\"column-6\">0,092 kg.<\/td>\n<\/tr>\n<tr class=\"row-19 odd\">\n\t<td class=\"column-1\"><\/td><td class=\"column-2\"><\/td><td class=\"column-3\"><\/td><td class=\"column-4\"><\/td><td class=\"column-5\"><\/td><td class=\"column-6\"><\/td>\n<\/tr>\n<tr class=\"row-20 even\">\n\t<td class=\"column-1\">19404030<\/td><td class=\"column-2\">2353949<\/td><td class=\"column-3\">HEB160 0-30<\/td><td class=\"column-4\">Diam. 4,00 mm.<\/td><td class=\"column-5\">50<\/td><td class=\"column-6\">0,046 kg.<\/td>\n<\/tr>\n<tr class=\"row-21 odd\">\n\t<td class=\"column-1\">19404060<\/td><td class=\"column-2\">2358003<\/td><td class=\"column-3\">HEB160 30-60<\/td><td class=\"column-4\">Diam. 4,00 mm.<\/td><td class=\"column-5\">50<\/td><td class=\"column-6\">0,058 kg.<\/td>\n<\/tr>\n<tr class=\"row-22 even\">\n\t<td class=\"column-1\">19404090<\/td><td class=\"column-2\">2358005<\/td><td class=\"column-3\">HEB160 60-90<\/td><td class=\"column-4\">Diam. 4,00 mm.<\/td><td class=\"column-5\">50<\/td><td class=\"column-6\">0,07 kg.<\/td>\n<\/tr>\n<tr class=\"row-23 odd\">\n\t<td class=\"column-1\">19404120<\/td><td class=\"column-2\">2358007<\/td><td class=\"column-3\">HEB160 90-120<\/td><td class=\"column-4\">Diam. 4,00 mm.<\/td><td class=\"column-5\">50<\/td><td class=\"column-6\">0,082 kg.<\/td>\n<\/tr>\n<tr class=\"row-24 even\">\n\t<td class=\"column-1\">19404150<\/td><td class=\"column-2\">2358008<\/td><td class=\"column-3\">HEB160 120-150<\/td><td class=\"column-4\">Diam. 4,00 mm.<\/td><td class=\"column-5\">50<\/td><td class=\"column-6\">0,94 kg.<\/td>\n<\/tr>\n<tr class=\"row-25 odd\">\n\t<td class=\"column-1\"><\/td><td class=\"column-2\"><\/td><td class=\"column-3\"><\/td><td class=\"column-4\"><\/td><td class=\"column-5\"><\/td><td class=\"column-6\"><\/td>\n<\/tr>\n<tr class=\"row-26 even\">\n\t<td class=\"column-1\">19504030<\/td><td class=\"column-2\">2353950<\/td><td class=\"column-3\">HEB180 0-30<\/td><td class=\"column-4\">Diam. 4,00 mm.<\/td><td class=\"column-5\">50<\/td><td class=\"column-6\">0,05 kg.<\/td>\n<\/tr>\n<tr class=\"row-27 odd\">\n\t<td class=\"column-1\">19504060<\/td><td class=\"column-2\">2358010<\/td><td class=\"column-3\">HEB180 30-60<\/td><td class=\"column-4\">Diam. 4,00 mm.<\/td><td class=\"column-5\">50<\/td><td class=\"column-6\">0,06 kg.<\/td>\n<\/tr>\n<tr class=\"row-28 even\">\n\t<td class=\"column-1\">19504090<\/td><td class=\"column-2\">2358012<\/td><td class=\"column-3\">HEB180 60-90<\/td><td class=\"column-4\">Diam. 4,00 mm.<\/td><td class=\"column-5\">50<\/td><td class=\"column-6\">0,072 kg. <\/td>\n<\/tr>\n<tr class=\"row-29 odd\">\n\t<td class=\"column-1\">19504120<\/td><td class=\"column-2\">2358013<\/td><td class=\"column-3\">HEB180 90-120<\/td><td class=\"column-4\">Diam. 4,00 mm.<\/td><td class=\"column-5\">50<\/td><td class=\"column-6\">0,084 kg. <\/td>\n<\/tr>\n<tr class=\"row-30 even\">\n\t<td class=\"column-1\"><\/td><td class=\"column-2\"><\/td><td class=\"column-3\"><\/td><td class=\"column-4\"><\/td><td class=\"column-5\"><\/td><td class=\"column-6\"><\/td>\n<\/tr>\n<tr class=\"row-31 odd\">\n\t<td class=\"column-1\">19604030<\/td><td class=\"column-2\">2358014<\/td><td class=\"column-3\">HEB200 0-30<\/td><td class=\"column-4\">Diam. 4,00 mm.<\/td><td class=\"column-5\">50<\/td><td class=\"column-6\">0,054 kg.<\/td>\n<\/tr>\n<tr class=\"row-32 even\">\n\t<td class=\"column-1\">19604060<\/td><td class=\"column-2\">2358015<\/td><td class=\"column-3\">HEB200 30-60<\/td><td class=\"column-4\">Diam. 4,00 mm.<\/td><td class=\"column-5\">50<\/td><td class=\"column-6\">0,066 kg.<\/td>\n<\/tr>\n<tr class=\"row-33 odd\">\n\t<td class=\"column-1\">19604090<\/td><td class=\"column-2\">2358017<\/td><td class=\"column-3\">HEB200 60-90<\/td><td class=\"column-4\">Diam. 4,00 mm.<\/td><td class=\"column-5\">50<\/td><td class=\"column-6\">0,078 kg.<\/td>\n<\/tr>\n<tr class=\"row-34 even\">\n\t<td class=\"column-1\"><\/td><td class=\"column-2\"><\/td><td class=\"column-3\"><\/td><td class=\"column-4\"><\/td><td class=\"column-5\"><\/td><td class=\"column-6\"><\/td>\n<\/tr>\n<tr class=\"row-35 odd\">\n\t<td class=\"column-1\"><\/td><td class=\"column-2\"><\/td><td class=\"column-3\">HEB220 0-30<\/td><td class=\"column-4\">Diam. 4,00 mm.<\/td><td class=\"column-5\">50<\/td><td class=\"column-6\">0,058 kg.<\/td>\n<\/tr>\n<tr class=\"row-36 even\">\n\t<td class=\"column-1\"><\/td><td class=\"column-2\"><\/td><td class=\"column-3\">HEB220 30-60<\/td><td class=\"column-4\">Diam. 4,00 mm.<\/td><td class=\"column-5\">50<\/td><td class=\"column-6\">0,07 kg.<\/td>\n<\/tr>\n<tr class=\"row-37 odd\">\n\t<td class=\"column-1\"><\/td><td class=\"column-2\"><\/td><td class=\"column-3\">HEB220 60-90<\/td><td class=\"column-4\">Diam. 4,00 mm.<\/td><td class=\"column-5\">50<\/td><td class=\"column-6\">0,082 kg. <\/td>\n<\/tr>\n<tr class=\"row-38 even\">\n\t<td class=\"column-1\"><\/td><td class=\"column-2\"><\/td><td class=\"column-3\"><\/td><td class=\"column-4\"><\/td><td class=\"column-5\"><\/td><td class=\"column-6\"><\/td>\n<\/tr>\n<tr class=\"row-39 odd\">\n\t<td class=\"column-1\">18104030<\/td><td class=\"column-2\">2358154<\/td><td class=\"column-3\">IPE80 0-30<\/td><td class=\"column-4\">Diam. 4,00 mm.<\/td><td class=\"column-5\">50<\/td><td class=\"column-6\">0,035 kg.<\/td>\n<\/tr>\n<tr class=\"row-40 even\">\n\t<td class=\"column-1\">18104060<\/td><td class=\"column-2\">2358155<\/td><td class=\"column-3\">IPE80 30-60<\/td><td class=\"column-4\">Diam. 4,00 mm.<\/td><td class=\"column-5\">50<\/td><td class=\"column-6\">0,046 kg.<\/td>\n<\/tr>\n<tr class=\"row-41 odd\">\n\t<td class=\"column-1\">18104090<\/td><td class=\"column-2\">2358156<\/td><td class=\"column-3\">IPE80 60-90<\/td><td class=\"column-4\">Diam. 4,00 mm.<\/td><td class=\"column-5\">50<\/td><td class=\"column-6\">0,056 kg.<\/td>\n<\/tr>\n<tr class=\"row-42 even\">\n\t<td class=\"column-1\">18104180<\/td><td class=\"column-2\">2358157<\/td><td class=\"column-3\">IPE80 150-180<\/td><td class=\"column-4\">Diam. 4,00 mm.<\/td><td class=\"column-5\">50<\/td><td class=\"column-6\">0,094 kg.<\/td>\n<\/tr>\n<tr class=\"row-43 odd\">\n\t<td class=\"column-1\"><\/td><td class=\"column-2\"><\/td><td class=\"column-3\"><\/td><td class=\"column-4\"><\/td><td class=\"column-5\"><\/td><td class=\"column-6\"><\/td>\n<\/tr>\n<tr class=\"row-44 even\">\n\t<td class=\"column-1\">18204030<\/td><td class=\"column-2\">2353937<\/td><td class=\"column-3\">IPE100 0-30<\/td><td class=\"column-4\">Diam. 4,00 mm.<\/td><td class=\"column-5\">50<\/td><td class=\"column-6\">0,038 kg.<\/td>\n<\/tr>\n<tr class=\"row-45 odd\">\n\t<td class=\"column-1\">18204060<\/td><td class=\"column-2\">2358158<\/td><td class=\"column-3\">IPE100 30-60<\/td><td class=\"column-4\">Diam. 4,00 mm.<\/td><td class=\"column-5\">50<\/td><td class=\"column-6\">0,05 kg.<\/td>\n<\/tr>\n<tr class=\"row-46 even\">\n\t<td class=\"column-1\">18204080<\/td><td class=\"column-2\">2353159<\/td><td class=\"column-3\">IPE100 60-80<\/td><td class=\"column-4\">Diam. 4,00 mm.<\/td><td class=\"column-5\">50<\/td><td class=\"column-6\">0,06 kg.<\/td>\n<\/tr>\n<tr class=\"row-47 odd\">\n\t<td class=\"column-1\"><\/td><td class=\"column-2\"><\/td><td class=\"column-3\"><\/td><td class=\"column-4\"><\/td><td class=\"column-5\"><\/td><td class=\"column-6\"><\/td>\n<\/tr>\n<tr class=\"row-48 even\">\n\t<td class=\"column-1\">18304030<\/td><td class=\"column-2\">2358160<\/td><td class=\"column-3\">IPE120 0-30<\/td><td class=\"column-4\">Diam. 4,00 mm.<\/td><td class=\"column-5\">50<\/td><td class=\"column-6\">0,04 kg.<\/td>\n<\/tr>\n<tr class=\"row-49 odd\">\n\t<td class=\"column-1\">18304060<\/td><td class=\"column-2\">2353939<\/td><td class=\"column-3\">IPE120 30-60<\/td><td class=\"column-4\">Diam. 4,00 mm.<\/td><td class=\"column-5\">50<\/td><td class=\"column-6\">0,052 kg.<\/td>\n<\/tr>\n<tr class=\"row-50 even\">\n\t<td class=\"column-1\">18304095<\/td><td class=\"column-2\">2358161<\/td><td class=\"column-3\">IPE120 60-95<\/td><td class=\"column-4\">Diam. 4,00 mm. <\/td><td class=\"column-5\">50<\/td><td class=\"column-6\">0,063 kg.<\/td>\n<\/tr>\n<tr class=\"row-51 odd\">\n\t<td class=\"column-1\"><\/td><td class=\"column-2\"><\/td><td class=\"column-3\"><\/td><td class=\"column-4\"><\/td><td class=\"column-5\"><\/td><td class=\"column-6\"><\/td>\n<\/tr>\n<tr class=\"row-52 even\">\n\t<td class=\"column-1\">18504030<\/td><td class=\"column-2\">2358162<\/td><td class=\"column-3\">IPE160 0-30<\/td><td class=\"column-4\">Diam. 4,00 mm.<\/td><td class=\"column-5\">50<\/td><td class=\"column-6\">0,062 kg.<\/td>\n<\/tr>\n<tr class=\"row-53 odd\">\n\t<td class=\"column-1\">18504060<\/td><td class=\"column-2\">2358163<\/td><td class=\"column-3\">IPE160 30-60<\/td><td class=\"column-4\">Diam. 4,00 mm.<\/td><td class=\"column-5\">50<\/td><td class=\"column-6\">0,076 kg.<\/td>\n<\/tr>\n<tr class=\"row-54 even\">\n\t<td class=\"column-1\"><\/td><td class=\"column-2\"><\/td><td class=\"column-3\">IPE160 60-90<\/td><td class=\"column-4\">Diam. 4,00 mm.<\/td><td class=\"column-5\">50<\/td><td class=\"column-6\">0,09 kg.<\/td>\n<\/tr>\n<\/tbody>\n<\/table>\n<!-- #tablepress-4 from cache -->\n<span><span><a href=\"https:\/\/www.skagentraad.dk\/en\/\">Home<\/a><\/span><\/span>","protected":false},"excerpt":{"rendered":"[wpseo_breadcrumb]\n<p>ST S\u00f8jlemurbinderen bruges til at forbinde bj\u00e6lken og muren.<\/p>\n<p>ST S\u00f8jlemurbinderen kan monteres p\u00e5 bj\u00e6lker af typen HEB og IPE &#8211; uden brug af v\u00e6rkt\u00f8j.<\/p>\n<p>Bindererens dimension b\u00f8r v\u00e6re afstanden mellem s\u00f8jleflange og mursten.<\/p>\n<p>Eks. 0-30, 30-60, 60-90, 90-120mm.<\/p>\n<p>Skagen Tr\u00e5dindustri producerer ogs\u00e5 andre st\u00f8rrelser end n\u00e6vnt i skemaet. Kontakt os for at h\u00f8re n\u00e6rmere.<\/p>\n","protected":false},"featured_media":3125,"template":"","meta":[],"product_cat":[57,59],"product_tag":[82,85,84],"yoast_head":"<!-- This site is optimized with the Yoast SEO plugin v19.13 - https:\/\/yoast.com\/wordpress\/plugins\/seo\/ -->\n<title>S\u00f8jlemurbindere - Skagen Tr\u00e5dindustri - S\u00f8jlemurbindere i h\u00f8j kvalitet<\/title>\n<meta name=\"description\" content=\"Skagen Tr\u00e5dindustri producerer selv murbindere i allerh\u00f8jeste st\u00e5lkvalitet. Blandt andet s\u00f8jlemurbindere, som findes i mange varianter.\" \/>\n<meta name=\"robots\" content=\"index, follow, max-snippet:-1, max-image-preview:large, max-video-preview:-1\" \/>\n<link rel=\"canonical\" href=\"https:\/\/www.skagentraad.dk\/en\/product\/soejlemurbindere\/\" \/>\n<meta property=\"og:locale\" content=\"en_GB\" \/>\n<meta property=\"og:type\" content=\"article\" \/>\n<meta property=\"og:title\" content=\"S\u00f8jlemurbindere - Skagen Tr\u00e5dindustri - S\u00f8jlemurbindere i h\u00f8j kvalitet\" \/>\n<meta property=\"og:description\" content=\"Skagen Tr\u00e5dindustri producerer selv murbindere i allerh\u00f8jeste st\u00e5lkvalitet. Blandt andet s\u00f8jlemurbindere, som findes i mange varianter.\" \/>\n<meta property=\"og:url\" content=\"https:\/\/www.skagentraad.dk\/en\/product\/soejlemurbindere\/\" \/>\n<meta property=\"og:site_name\" content=\"Skagen Tr\u00e5dindustri\" \/>\n<meta property=\"article:modified_time\" content=\"2025-08-05T08:24:58+00:00\" \/>\n<meta property=\"og:image\" content=\"https:\/\/www.skagentraad.dk\/wp-content\/uploads\/2021\/02\/Soejle-murbinder-scaled.jpg\" \/>\n\t<meta property=\"og:image:width\" content=\"2041\" \/>\n\t<meta property=\"og:image:height\" content=\"2560\" \/>\n\t<meta property=\"og:image:type\" content=\"image\/jpeg\" \/>\n<meta name=\"twitter:card\" content=\"summary_large_image\" \/>\n<meta name=\"twitter:label1\" content=\"Estimated reading time\" \/>\n\t<meta name=\"twitter:data1\" content=\"1 minute\" \/>\n<script type=\"application\/ld+json\" class=\"yoast-schema-graph\">{\"@context\":\"https:\/\/schema.org\",\"@graph\":[{\"@type\":\"WebPage\",\"@id\":\"https:\/\/www.skagentraad.dk\/product\/soejlemurbindere\/\",\"url\":\"https:\/\/www.skagentraad.dk\/product\/soejlemurbindere\/\",\"name\":\"S\u00f8jlemurbindere - Skagen Tr\u00e5dindustri - S\u00f8jlemurbindere i h\u00f8j kvalitet\",\"isPartOf\":{\"@id\":\"https:\/\/www.skagentraad.dk\/#website\"},\"datePublished\":\"2015-03-04T11:01:37+00:00\",\"dateModified\":\"2025-08-05T08:24:58+00:00\",\"description\":\"Skagen Tr\u00e5dindustri producerer selv murbindere i allerh\u00f8jeste st\u00e5lkvalitet. Blandt andet s\u00f8jlemurbindere, som findes i mange varianter.\",\"breadcrumb\":{\"@id\":\"https:\/\/www.skagentraad.dk\/product\/soejlemurbindere\/#breadcrumb\"},\"inLanguage\":\"en-GB\",\"potentialAction\":[{\"@type\":\"ReadAction\",\"target\":[\"https:\/\/www.skagentraad.dk\/product\/soejlemurbindere\/\"]}]},{\"@type\":\"BreadcrumbList\",\"@id\":\"https:\/\/www.skagentraad.dk\/product\/soejlemurbindere\/#breadcrumb\",\"itemListElement\":[{\"@type\":\"ListItem\",\"position\":1,\"name\":\"Hjem\",\"item\":\"https:\/\/www.skagentraad.dk\/\"},{\"@type\":\"ListItem\",\"position\":2,\"name\":\"Produkter\",\"item\":\"https:\/\/www.skagentraad.dk\/produkter\/\"},{\"@type\":\"ListItem\",\"position\":3,\"name\":\"Mur\",\"item\":\"https:\/\/www.skagentraad.dk\/product-category\/mur\/\"},{\"@type\":\"ListItem\",\"position\":4,\"name\":\"Montagebindere\",\"item\":\"https:\/\/www.skagentraad.dk\/en\/product-category\/mur\/montagebindere\/\"},{\"@type\":\"ListItem\",\"position\":5,\"name\":\"ST S\u00d8JLEMURBINDER\"}]},{\"@type\":\"WebSite\",\"@id\":\"https:\/\/www.skagentraad.dk\/#website\",\"url\":\"https:\/\/www.skagentraad.dk\/\",\"name\":\"Skagen Tr\u00e5dindustri\",\"description\":\"Leverand\u00f8r af rustfrit armeringsst\u00e5l til brug for bygge- og anl\u00e6gsbranchen\",\"publisher\":{\"@id\":\"https:\/\/www.skagentraad.dk\/#organization\"},\"potentialAction\":[{\"@type\":\"SearchAction\",\"target\":{\"@type\":\"EntryPoint\",\"urlTemplate\":\"https:\/\/www.skagentraad.dk\/?s={search_term_string}\"},\"query-input\":\"required name=search_term_string\"}],\"inLanguage\":\"en-GB\"},{\"@type\":\"Organization\",\"@id\":\"https:\/\/www.skagentraad.dk\/#organization\",\"name\":\"Skagen Tr\u00e5dindustri\",\"url\":\"https:\/\/www.skagentraad.dk\/\",\"logo\":{\"@type\":\"ImageObject\",\"inLanguage\":\"en-GB\",\"@id\":\"https:\/\/www.skagentraad.dk\/#\/schema\/logo\/image\/\",\"url\":\"https:\/\/www.skagentraad.dk\/wp-content\/uploads\/2015\/01\/logo_top.png\",\"contentUrl\":\"https:\/\/www.skagentraad.dk\/wp-content\/uploads\/2015\/01\/logo_top.png\",\"width\":350,\"height\":108,\"caption\":\"Skagen Tr\u00e5dindustri\"},\"image\":{\"@id\":\"https:\/\/www.skagentraad.dk\/#\/schema\/logo\/image\/\"}}]}<\/script>\n<!-- \/ Yoast SEO plugin. -->","yoast_head_json":{"title":"S\u00f8jlemurbindere - Skagen Tr\u00e5dindustri - S\u00f8jlemurbindere i h\u00f8j kvalitet","description":"Skagen Tr\u00e5dindustri producerer selv murbindere i allerh\u00f8jeste st\u00e5lkvalitet. Blandt andet s\u00f8jlemurbindere, som findes i mange varianter.","robots":{"index":"index","follow":"follow","max-snippet":"max-snippet:-1","max-image-preview":"max-image-preview:large","max-video-preview":"max-video-preview:-1"},"canonical":"https:\/\/www.skagentraad.dk\/en\/product\/soejlemurbindere\/","og_locale":"en_GB","og_type":"article","og_title":"S\u00f8jlemurbindere - Skagen Tr\u00e5dindustri - S\u00f8jlemurbindere i h\u00f8j kvalitet","og_description":"Skagen Tr\u00e5dindustri producerer selv murbindere i allerh\u00f8jeste st\u00e5lkvalitet. Blandt andet s\u00f8jlemurbindere, som findes i mange varianter.","og_url":"https:\/\/www.skagentraad.dk\/en\/product\/soejlemurbindere\/","og_site_name":"Skagen Tr\u00e5dindustri","article_modified_time":"2025-08-05T08:24:58+00:00","og_image":[{"width":2041,"height":2560,"url":"https:\/\/www.skagentraad.dk\/wp-content\/uploads\/2021\/02\/Soejle-murbinder-scaled.jpg","type":"image\/jpeg"}],"twitter_card":"summary_large_image","twitter_misc":{"Estimated reading time":"1 minute"},"schema":{"@context":"https:\/\/schema.org","@graph":[{"@type":"WebPage","@id":"https:\/\/www.skagentraad.dk\/product\/soejlemurbindere\/","url":"https:\/\/www.skagentraad.dk\/product\/soejlemurbindere\/","name":"S\u00f8jlemurbindere - Skagen Tr\u00e5dindustri - S\u00f8jlemurbindere i h\u00f8j kvalitet","isPartOf":{"@id":"https:\/\/www.skagentraad.dk\/#website"},"datePublished":"2015-03-04T11:01:37+00:00","dateModified":"2025-08-05T08:24:58+00:00","description":"Skagen Tr\u00e5dindustri producerer selv murbindere i allerh\u00f8jeste st\u00e5lkvalitet. Blandt andet s\u00f8jlemurbindere, som findes i mange varianter.","breadcrumb":{"@id":"https:\/\/www.skagentraad.dk\/product\/soejlemurbindere\/#breadcrumb"},"inLanguage":"en-GB","potentialAction":[{"@type":"ReadAction","target":["https:\/\/www.skagentraad.dk\/product\/soejlemurbindere\/"]}]},{"@type":"BreadcrumbList","@id":"https:\/\/www.skagentraad.dk\/product\/soejlemurbindere\/#breadcrumb","itemListElement":[{"@type":"ListItem","position":1,"name":"Hjem","item":"https:\/\/www.skagentraad.dk\/"},{"@type":"ListItem","position":2,"name":"Produkter","item":"https:\/\/www.skagentraad.dk\/produkter\/"},{"@type":"ListItem","position":3,"name":"Mur","item":"https:\/\/www.skagentraad.dk\/product-category\/mur\/"},{"@type":"ListItem","position":4,"name":"Montagebindere","item":"https:\/\/www.skagentraad.dk\/en\/product-category\/mur\/montagebindere\/"},{"@type":"ListItem","position":5,"name":"ST S\u00d8JLEMURBINDER"}]},{"@type":"WebSite","@id":"https:\/\/www.skagentraad.dk\/#website","url":"https:\/\/www.skagentraad.dk\/","name":"Skagen Tr\u00e5dindustri","description":"Supplier of stainless reinforcing steel to the construction industry","publisher":{"@id":"https:\/\/www.skagentraad.dk\/#organization"},"potentialAction":[{"@type":"SearchAction","target":{"@type":"EntryPoint","urlTemplate":"https:\/\/www.skagentraad.dk\/?s={search_term_string}"},"query-input":"required name=search_term_string"}],"inLanguage":"en-GB"},{"@type":"Organization","@id":"https:\/\/www.skagentraad.dk\/#organization","name":"Skagen Tr\u00e5dindustri","url":"https:\/\/www.skagentraad.dk\/","logo":{"@type":"ImageObject","inLanguage":"en-GB","@id":"https:\/\/www.skagentraad.dk\/#\/schema\/logo\/image\/","url":"https:\/\/www.skagentraad.dk\/wp-content\/uploads\/2015\/01\/logo_top.png","contentUrl":"https:\/\/www.skagentraad.dk\/wp-content\/uploads\/2015\/01\/logo_top.png","width":350,"height":108,"caption":"Skagen Tr\u00e5dindustri"},"image":{"@id":"https:\/\/www.skagentraad.dk\/#\/schema\/logo\/image\/"}}]}},"_links":{"self":[{"href":"https:\/\/www.skagentraad.dk\/en\/wp-json\/wp\/v2\/product\/2096"}],"collection":[{"href":"https:\/\/www.skagentraad.dk\/en\/wp-json\/wp\/v2\/product"}],"about":[{"href":"https:\/\/www.skagentraad.dk\/en\/wp-json\/wp\/v2\/types\/product"}],"wp:featuredmedia":[{"embeddable":true,"href":"https:\/\/www.skagentraad.dk\/en\/wp-json\/wp\/v2\/media\/3125"}],"wp:attachment":[{"href":"https:\/\/www.skagentraad.dk\/en\/wp-json\/wp\/v2\/media?parent=2096"}],"wp:term":[{"taxonomy":"product_cat","embeddable":true,"href":"https:\/\/www.skagentraad.dk\/en\/wp-json\/wp\/v2\/product_cat?post=2096"},{"taxonomy":"product_tag","embeddable":true,"href":"https:\/\/www.skagentraad.dk\/en\/wp-json\/wp\/v2\/product_tag?post=2096"}],"curies":[{"name":"wp","href":"https:\/\/api.w.org\/{rel}","templated":true}]}}