{"id":2102,"date":"2015-03-04T11:18:55","date_gmt":"2015-03-04T11:18:55","guid":{"rendered":"http:\/\/www.skagentraad.dk\/?post_type=product&#038;p=2102"},"modified":"2025-08-05T09:25:47","modified_gmt":"2025-08-05T08:25:47","slug":"murvaerksarmering","status":"publish","type":"product","link":"https:\/\/www.skagentraad.dk\/en\/product\/murvaerksarmering\/","title":{"rendered":"ST MURV\u00c6RKSARMERING"},"content":{"rendered":"<p><strong>Materiale &#8211; ST Murv\u00e6rksarmering:<br \/>\n- Stainless steel A2 - EN 1.4301 - SS 142 332<br \/>\nCertified according to EN 10088-5<\/strong><\/p>\n<p>ST Murv\u00e6rksarmering er produceret af Skagen Tr\u00e5dindustri.<\/p>\n\n<table id=\"tablepress-17\" class=\"tablepress tablepress-id-17\">\n<thead>\n<tr class=\"row-1 odd\">\n\t<th class=\"column-1\">Item number<\/th><th class=\"column-2\">DB-nummer<\/th><th class=\"column-3\">Diameter<\/th><th class=\"column-4\">L\u00e6ngde\/bredde<\/th><th class=\"column-5\">Quantity\/package<\/th><th class=\"column-6\">V\u00e6gt pr. stk. i kg.<\/th>\n<\/tr>\n<\/thead>\n<tbody class=\"row-hover\">\n<tr class=\"row-2 even\">\n\t<td class=\"column-1\">20500310<\/td><td class=\"column-2\">2353341<\/td><td class=\"column-3\">Diam. 4,00 mm.<\/td><td class=\"column-4\">Width: 30 mm. Length: 3,05 m.<\/td><td class=\"column-5\">10<\/td><td class=\"column-6\">0,705 kg.<\/td>\n<\/tr>\n<tr class=\"row-3 odd\">\n\t<td class=\"column-1\">20500312<\/td><td class=\"column-2\">2353343<\/td><td class=\"column-3\">Diam. 4,00 mm.<\/td><td class=\"column-4\">Width: 30mm. <br \/>\nLength 4,08 m.<\/td><td class=\"column-5\">10<\/td><td class=\"column-6\">0,904 kg.<\/td>\n<\/tr>\n<\/tbody>\n<\/table>\n<!-- #tablepress-17 from cache -->\n<span><span><a href=\"https:\/\/www.skagentraad.dk\/en\/\">Home<\/a><\/span><\/span>","protected":false},"excerpt":{"rendered":"[wpseo_breadcrumb]\n<p><strong>Skagen Tr\u00e5dindustri producerer murv\u00e6rksarmering til dansk byggeri.<\/strong><\/p>\n<p><strong>ST Murv\u00e6rksarmeringen indl\u00e6gges til forst\u00e6rkninger over d\u00f8r og vindues\u00e5bninger samt ved store v\u00e6gflader.<\/strong><\/p>\n<p><strong>Vores murv\u00e6rksarmering er afpr\u00f8vet efter EN 845-3 med pr\u00f8ve nr.101661 og leveres derfor CE m\u00e6rket.<\/strong><\/p>\n","protected":false},"featured_media":3225,"template":"","meta":[],"product_cat":[131,57],"product_tag":[86,75],"yoast_head":"<!-- This site is optimized with the Yoast SEO plugin v19.13 - https:\/\/yoast.com\/wordpress\/plugins\/seo\/ -->\n<title>Murv\u00e6rksarmering - Skagen Tr\u00e5dindustri - Leverand\u00f8r af armeringsst\u00e5l<\/title>\n<meta name=\"description\" content=\"Skagen Tr\u00e5dindustri producerer murv\u00e6rksarmering i h\u00f8jeste kvalitet til armering og forst\u00e6rkning over d\u00f8r- og vindues\u00e5bninger.\" \/>\n<meta name=\"robots\" content=\"index, follow, max-snippet:-1, max-image-preview:large, max-video-preview:-1\" \/>\n<link rel=\"canonical\" href=\"https:\/\/www.skagentraad.dk\/en\/product\/murvaerksarmering\/\" \/>\n<meta property=\"og:locale\" content=\"en_GB\" \/>\n<meta property=\"og:type\" content=\"article\" \/>\n<meta property=\"og:title\" content=\"Murv\u00e6rksarmering - Skagen Tr\u00e5dindustri - Leverand\u00f8r af armeringsst\u00e5l\" \/>\n<meta property=\"og:description\" content=\"Skagen Tr\u00e5dindustri producerer murv\u00e6rksarmering i h\u00f8jeste kvalitet til armering og forst\u00e6rkning over d\u00f8r- og vindues\u00e5bninger.\" \/>\n<meta property=\"og:url\" content=\"https:\/\/www.skagentraad.dk\/en\/product\/murvaerksarmering\/\" \/>\n<meta property=\"og:site_name\" content=\"Skagen Tr\u00e5dindustri\" \/>\n<meta property=\"article:modified_time\" content=\"2025-08-05T08:25:47+00:00\" \/>\n<meta property=\"og:image\" content=\"https:\/\/www.skagentraad.dk\/wp-content\/uploads\/2021\/02\/Murvaerksarmering.jpg\" \/>\n\t<meta property=\"og:image:width\" content=\"505\" \/>\n\t<meta property=\"og:image:height\" content=\"640\" \/>\n\t<meta property=\"og:image:type\" content=\"image\/jpeg\" \/>\n<meta name=\"twitter:card\" content=\"summary_large_image\" \/>\n<meta name=\"twitter:label1\" content=\"Estimated reading time\" \/>\n\t<meta name=\"twitter:data1\" content=\"1 minute\" \/>\n<script type=\"application\/ld+json\" class=\"yoast-schema-graph\">{\"@context\":\"https:\/\/schema.org\",\"@graph\":[{\"@type\":\"WebPage\",\"@id\":\"https:\/\/www.skagentraad.dk\/product\/murvaerksarmering\/\",\"url\":\"https:\/\/www.skagentraad.dk\/product\/murvaerksarmering\/\",\"name\":\"Murv\u00e6rksarmering - Skagen Tr\u00e5dindustri - Leverand\u00f8r af armeringsst\u00e5l\",\"isPartOf\":{\"@id\":\"https:\/\/www.skagentraad.dk\/#website\"},\"datePublished\":\"2015-03-04T11:18:55+00:00\",\"dateModified\":\"2025-08-05T08:25:47+00:00\",\"description\":\"Skagen Tr\u00e5dindustri producerer murv\u00e6rksarmering i h\u00f8jeste kvalitet til armering og forst\u00e6rkning over d\u00f8r- og vindues\u00e5bninger.\",\"breadcrumb\":{\"@id\":\"https:\/\/www.skagentraad.dk\/product\/murvaerksarmering\/#breadcrumb\"},\"inLanguage\":\"en-GB\",\"potentialAction\":[{\"@type\":\"ReadAction\",\"target\":[\"https:\/\/www.skagentraad.dk\/product\/murvaerksarmering\/\"]}]},{\"@type\":\"BreadcrumbList\",\"@id\":\"https:\/\/www.skagentraad.dk\/product\/murvaerksarmering\/#breadcrumb\",\"itemListElement\":[{\"@type\":\"ListItem\",\"position\":1,\"name\":\"Hjem\",\"item\":\"https:\/\/www.skagentraad.dk\/\"},{\"@type\":\"ListItem\",\"position\":2,\"name\":\"Produkter\",\"item\":\"https:\/\/www.skagentraad.dk\/produkter\/\"},{\"@type\":\"ListItem\",\"position\":3,\"name\":\"Mur\",\"item\":\"https:\/\/www.skagentraad.dk\/product-category\/mur\/\"},{\"@type\":\"ListItem\",\"position\":4,\"name\":\"Fugearmeringer\",\"item\":\"https:\/\/www.skagentraad.dk\/product-category\/mur\/fugearmering\/\"},{\"@type\":\"ListItem\",\"position\":5,\"name\":\"ST MURV\u00c6RKSARMERING\"}]},{\"@type\":\"WebSite\",\"@id\":\"https:\/\/www.skagentraad.dk\/#website\",\"url\":\"https:\/\/www.skagentraad.dk\/\",\"name\":\"Skagen Tr\u00e5dindustri\",\"description\":\"Leverand\u00f8r af rustfrit armeringsst\u00e5l til brug for bygge- og anl\u00e6gsbranchen\",\"publisher\":{\"@id\":\"https:\/\/www.skagentraad.dk\/#organization\"},\"potentialAction\":[{\"@type\":\"SearchAction\",\"target\":{\"@type\":\"EntryPoint\",\"urlTemplate\":\"https:\/\/www.skagentraad.dk\/?s={search_term_string}\"},\"query-input\":\"required name=search_term_string\"}],\"inLanguage\":\"en-GB\"},{\"@type\":\"Organization\",\"@id\":\"https:\/\/www.skagentraad.dk\/#organization\",\"name\":\"Skagen Tr\u00e5dindustri\",\"url\":\"https:\/\/www.skagentraad.dk\/\",\"logo\":{\"@type\":\"ImageObject\",\"inLanguage\":\"en-GB\",\"@id\":\"https:\/\/www.skagentraad.dk\/#\/schema\/logo\/image\/\",\"url\":\"https:\/\/www.skagentraad.dk\/wp-content\/uploads\/2015\/01\/logo_top.png\",\"contentUrl\":\"https:\/\/www.skagentraad.dk\/wp-content\/uploads\/2015\/01\/logo_top.png\",\"width\":350,\"height\":108,\"caption\":\"Skagen Tr\u00e5dindustri\"},\"image\":{\"@id\":\"https:\/\/www.skagentraad.dk\/#\/schema\/logo\/image\/\"}}]}<\/script>\n<!-- \/ Yoast SEO plugin. -->","yoast_head_json":{"title":"Murv\u00e6rksarmering - Skagen Tr\u00e5dindustri - Leverand\u00f8r af armeringsst\u00e5l","description":"Skagen Tr\u00e5dindustri producerer murv\u00e6rksarmering i h\u00f8jeste kvalitet til armering og forst\u00e6rkning over d\u00f8r- og vindues\u00e5bninger.","robots":{"index":"index","follow":"follow","max-snippet":"max-snippet:-1","max-image-preview":"max-image-preview:large","max-video-preview":"max-video-preview:-1"},"canonical":"https:\/\/www.skagentraad.dk\/en\/product\/murvaerksarmering\/","og_locale":"en_GB","og_type":"article","og_title":"Murv\u00e6rksarmering - Skagen Tr\u00e5dindustri - Leverand\u00f8r af armeringsst\u00e5l","og_description":"Skagen Tr\u00e5dindustri producerer murv\u00e6rksarmering i h\u00f8jeste kvalitet til armering og forst\u00e6rkning over d\u00f8r- og vindues\u00e5bninger.","og_url":"https:\/\/www.skagentraad.dk\/en\/product\/murvaerksarmering\/","og_site_name":"Skagen Tr\u00e5dindustri","article_modified_time":"2025-08-05T08:25:47+00:00","og_image":[{"width":505,"height":640,"url":"https:\/\/www.skagentraad.dk\/wp-content\/uploads\/2021\/02\/Murvaerksarmering.jpg","type":"image\/jpeg"}],"twitter_card":"summary_large_image","twitter_misc":{"Estimated reading time":"1 minute"},"schema":{"@context":"https:\/\/schema.org","@graph":[{"@type":"WebPage","@id":"https:\/\/www.skagentraad.dk\/product\/murvaerksarmering\/","url":"https:\/\/www.skagentraad.dk\/product\/murvaerksarmering\/","name":"Murv\u00e6rksarmering - Skagen Tr\u00e5dindustri - Leverand\u00f8r af armeringsst\u00e5l","isPartOf":{"@id":"https:\/\/www.skagentraad.dk\/#website"},"datePublished":"2015-03-04T11:18:55+00:00","dateModified":"2025-08-05T08:25:47+00:00","description":"Skagen Tr\u00e5dindustri producerer murv\u00e6rksarmering i h\u00f8jeste kvalitet til armering og forst\u00e6rkning over d\u00f8r- og vindues\u00e5bninger.","breadcrumb":{"@id":"https:\/\/www.skagentraad.dk\/product\/murvaerksarmering\/#breadcrumb"},"inLanguage":"en-GB","potentialAction":[{"@type":"ReadAction","target":["https:\/\/www.skagentraad.dk\/product\/murvaerksarmering\/"]}]},{"@type":"BreadcrumbList","@id":"https:\/\/www.skagentraad.dk\/product\/murvaerksarmering\/#breadcrumb","itemListElement":[{"@type":"ListItem","position":1,"name":"Hjem","item":"https:\/\/www.skagentraad.dk\/"},{"@type":"ListItem","position":2,"name":"Produkter","item":"https:\/\/www.skagentraad.dk\/produkter\/"},{"@type":"ListItem","position":3,"name":"Mur","item":"https:\/\/www.skagentraad.dk\/product-category\/mur\/"},{"@type":"ListItem","position":4,"name":"Fugearmeringer","item":"https:\/\/www.skagentraad.dk\/product-category\/mur\/fugearmering\/"},{"@type":"ListItem","position":5,"name":"ST MURV\u00c6RKSARMERING"}]},{"@type":"WebSite","@id":"https:\/\/www.skagentraad.dk\/#website","url":"https:\/\/www.skagentraad.dk\/","name":"Skagen Tr\u00e5dindustri","description":"Supplier of stainless reinforcing steel to the construction industry","publisher":{"@id":"https:\/\/www.skagentraad.dk\/#organization"},"potentialAction":[{"@type":"SearchAction","target":{"@type":"EntryPoint","urlTemplate":"https:\/\/www.skagentraad.dk\/?s={search_term_string}"},"query-input":"required name=search_term_string"}],"inLanguage":"en-GB"},{"@type":"Organization","@id":"https:\/\/www.skagentraad.dk\/#organization","name":"Skagen Tr\u00e5dindustri","url":"https:\/\/www.skagentraad.dk\/","logo":{"@type":"ImageObject","inLanguage":"en-GB","@id":"https:\/\/www.skagentraad.dk\/#\/schema\/logo\/image\/","url":"https:\/\/www.skagentraad.dk\/wp-content\/uploads\/2015\/01\/logo_top.png","contentUrl":"https:\/\/www.skagentraad.dk\/wp-content\/uploads\/2015\/01\/logo_top.png","width":350,"height":108,"caption":"Skagen Tr\u00e5dindustri"},"image":{"@id":"https:\/\/www.skagentraad.dk\/#\/schema\/logo\/image\/"}}]}},"_links":{"self":[{"href":"https:\/\/www.skagentraad.dk\/en\/wp-json\/wp\/v2\/product\/2102"}],"collection":[{"href":"https:\/\/www.skagentraad.dk\/en\/wp-json\/wp\/v2\/product"}],"about":[{"href":"https:\/\/www.skagentraad.dk\/en\/wp-json\/wp\/v2\/types\/product"}],"wp:featuredmedia":[{"embeddable":true,"href":"https:\/\/www.skagentraad.dk\/en\/wp-json\/wp\/v2\/media\/3225"}],"wp:attachment":[{"href":"https:\/\/www.skagentraad.dk\/en\/wp-json\/wp\/v2\/media?parent=2102"}],"wp:term":[{"taxonomy":"product_cat","embeddable":true,"href":"https:\/\/www.skagentraad.dk\/en\/wp-json\/wp\/v2\/product_cat?post=2102"},{"taxonomy":"product_tag","embeddable":true,"href":"https:\/\/www.skagentraad.dk\/en\/wp-json\/wp\/v2\/product_tag?post=2102"}],"curies":[{"name":"wp","href":"https:\/\/api.w.org\/{rel}","templated":true}]}}