{"id":2114,"date":"2015-03-09T08:14:21","date_gmt":"2015-03-09T08:14:21","guid":{"rendered":"http:\/\/www.skagentraad.dk\/?product=dybel-indslagsbibndere"},"modified":"2023-06-08T14:32:09","modified_gmt":"2023-06-08T13:32:09","slug":"dybel-indslagsbinder","status":"publish","type":"product","link":"https:\/\/www.skagentraad.dk\/en\/product\/dybel-indslagsbinder\/","title":{"rendered":"Dowel weft binder"},"content":{"rendered":"<p><strong>Material - dowel weft binder:<br \/>\n- Stainless steel A2 - EN 1.4301 - SS 142 332<br \/>\n<\/strong><strong>&#8211; Syrefast st\u00e5l A4 &#8211; EN 1.4401 (Kun \u00d84mm.)<br \/>\n<\/strong><strong>- Tin bronze 2.1022 - CuSn6<br \/>\n<\/strong><\/p>\n<p><strong>Certified according to EN 10088-5<\/strong><\/p>\n<p><strong>Can be delivered with a diam. on 3 or 4 mm.<\/strong><\/p>\n<p>The dowel weft binder is produced by Skagen Tr\u00e5dindustri.<\/p>\n\n<table id=\"tablepress-8\" class=\"tablepress tablepress-id-8\">\n<thead>\n<tr class=\"row-1 odd\">\n\t<th class=\"column-1\">Item number<\/th><th class=\"column-2\">DB-nummer<\/th><th class=\"column-3\">Diameter<\/th><th class=\"column-4\">Lengths<\/th><th class=\"column-5\">Quantity\/package<\/th><th class=\"column-6\">V\u00e6gt pr. stk. i kg. <\/th>\n<\/tr>\n<\/thead>\n<tbody class=\"row-hover\">\n<tr class=\"row-2 even\">\n\t<td class=\"column-1\">13103160<\/td><td class=\"column-2\">2353857<\/td><td class=\"column-3\">Diam.: 3,00 mm.<\/td><td class=\"column-4\">160mm.<\/td><td class=\"column-5\">250<\/td><td class=\"column-6\">0,0096 kg.<\/td>\n<\/tr>\n<tr class=\"row-3 odd\">\n\t<td class=\"column-1\">13103180<\/td><td class=\"column-2\">2358027<\/td><td class=\"column-3\">Diam.: 3,00 mm.<\/td><td class=\"column-4\">180mm.<\/td><td class=\"column-5\">250<\/td><td class=\"column-6\">0,0108 kg.<\/td>\n<\/tr>\n<tr class=\"row-4 even\">\n\t<td class=\"column-1\">13103210<\/td><td class=\"column-2\">2353863<\/td><td class=\"column-3\">Diam.: 3,00 mm.<\/td><td class=\"column-4\">210mm.<\/td><td class=\"column-5\">250<\/td><td class=\"column-6\">0,0126 kg. <\/td>\n<\/tr>\n<tr class=\"row-5 odd\">\n\t<td class=\"column-1\">13103250<\/td><td class=\"column-2\">2353866<\/td><td class=\"column-3\">Diam.: 3,00 mm.<\/td><td class=\"column-4\">250mm.<\/td><td class=\"column-5\">250<\/td><td class=\"column-6\">0,015 kg.<\/td>\n<\/tr>\n<tr class=\"row-6 even\">\n\t<td class=\"column-1\">13103300<\/td><td class=\"column-2\">2358026<\/td><td class=\"column-3\">Diam.: 3,00 mm.<\/td><td class=\"column-4\">300mm.<\/td><td class=\"column-5\">250<\/td><td class=\"column-6\">0,021 kg.<\/td>\n<\/tr>\n<tr class=\"row-7 odd\">\n\t<td class=\"column-1\">13103350<\/td><td class=\"column-2\">2358028<\/td><td class=\"column-3\">Diam.: 3,00 mm.<\/td><td class=\"column-4\">350mm.<\/td><td class=\"column-5\">250<\/td><td class=\"column-6\">0,024 kg.<\/td>\n<\/tr>\n<tr class=\"row-8 even\">\n\t<td class=\"column-1\">13103400<\/td><td class=\"column-2\">2358029<\/td><td class=\"column-3\">Diam.: 3,00 mm.<\/td><td class=\"column-4\">400mm.<\/td><td class=\"column-5\">250<\/td><td class=\"column-6\">0,027 kg.<\/td>\n<\/tr>\n<tr class=\"row-9 odd\">\n\t<td class=\"column-1\"><\/td><td class=\"column-2\"><\/td><td class=\"column-3\"><\/td><td class=\"column-4\"><\/td><td class=\"column-5\"><\/td><td class=\"column-6\"><\/td>\n<\/tr>\n<tr class=\"row-10 even\">\n\t<td class=\"column-1\">13104160<\/td><td class=\"column-2\">2353871<\/td><td class=\"column-3\">Diam. 4,00 mm.<\/td><td class=\"column-4\">160mm.<\/td><td class=\"column-5\">250<\/td><td class=\"column-6\">0,016 kg.<\/td>\n<\/tr>\n<tr class=\"row-11 odd\">\n\t<td class=\"column-1\">13104180<\/td><td class=\"column-2\">2358030<\/td><td class=\"column-3\">Diam. 4,00 mm.<\/td><td class=\"column-4\">180mm.<\/td><td class=\"column-5\">250<\/td><td class=\"column-6\">0,018 kg.<\/td>\n<\/tr>\n<tr class=\"row-12 even\">\n\t<td class=\"column-1\">13104210<\/td><td class=\"column-2\">2353876<\/td><td class=\"column-3\">Diam. 4,00 mm.<\/td><td class=\"column-4\">210mm.<\/td><td class=\"column-5\">250<\/td><td class=\"column-6\">0,021 kg.<\/td>\n<\/tr>\n<tr class=\"row-13 odd\">\n\t<td class=\"column-1\">13104250<\/td><td class=\"column-2\">2353878<\/td><td class=\"column-3\">Diam. 4,00 mm.<\/td><td class=\"column-4\">250mm.<\/td><td class=\"column-5\">250<\/td><td class=\"column-6\">0,025 kg.<\/td>\n<\/tr>\n<tr class=\"row-14 even\">\n\t<td class=\"column-1\">13104300<\/td><td class=\"column-2\">2353880<\/td><td class=\"column-3\">Diam. 4,00 mm.<\/td><td class=\"column-4\">300mm.<\/td><td class=\"column-5\">250<\/td><td class=\"column-6\">0,03 kg.<\/td>\n<\/tr>\n<tr class=\"row-15 odd\">\n\t<td class=\"column-1\">13104350<\/td><td class=\"column-2\">2353881<\/td><td class=\"column-3\">Diam. 4,00 mm.<\/td><td class=\"column-4\">350mm.<\/td><td class=\"column-5\">250<\/td><td class=\"column-6\">0,035 kg.<\/td>\n<\/tr>\n<tr class=\"row-16 even\">\n\t<td class=\"column-1\">13104400<\/td><td class=\"column-2\">2383882<\/td><td class=\"column-3\">Diam. 4,00 mm.<\/td><td class=\"column-4\">400mm.<\/td><td class=\"column-5\">250<\/td><td class=\"column-6\">0,04 kg.<\/td>\n<\/tr>\n<tr class=\"row-17 odd\">\n\t<td class=\"column-1\">13104450<\/td><td class=\"column-2\">2353883<\/td><td class=\"column-3\">Diam. 4,00 mm.<\/td><td class=\"column-4\">450mm.<\/td><td class=\"column-5\">250<\/td><td class=\"column-6\">0,045 kg.<\/td>\n<\/tr>\n<tr class=\"row-18 even\">\n\t<td class=\"column-1\">13104500<\/td><td class=\"column-2\">2358032<\/td><td class=\"column-3\">Diam. 4,00 mm.<\/td><td class=\"column-4\">500mm.<\/td><td class=\"column-5\">250<\/td><td class=\"column-6\">0,05 kg. <\/td>\n<\/tr>\n<tr class=\"row-19 odd\">\n\t<td class=\"column-1\"><\/td><td class=\"column-2\"><\/td><td class=\"column-3\"><\/td><td class=\"column-4\"><\/td><td class=\"column-5\"><\/td><td class=\"column-6\"><\/td>\n<\/tr>\n<tr class=\"row-20 even\">\n\t<td class=\"column-1\">ACCOMPANIMENT<\/td><td class=\"column-2\"><\/td><td class=\"column-3\"><\/td><td class=\"column-4\"><\/td><td class=\"column-5\"><\/td><td class=\"column-6\"><\/td>\n<\/tr>\n<tr class=\"row-21 odd\">\n\t<td class=\"column-1\">16301002<\/td><td class=\"column-2\">2353337<\/td><td class=\"column-3\"><\/td><td class=\"column-4\">Nylon dowel - diam. 3x50<\/td><td class=\"column-5\">250<\/td><td class=\"column-6\"><\/td>\n<\/tr>\n<tr class=\"row-22 even\">\n\t<td class=\"column-1\">16301003<\/td><td class=\"column-2\">2353978<\/td><td class=\"column-3\"><\/td><td class=\"column-4\">Nylon dowel - diam. 4x50<\/td><td class=\"column-5\">250<\/td><td class=\"column-6\"><\/td>\n<\/tr>\n<tr class=\"row-23 odd\">\n\t<td class=\"column-1\">13104003<\/td><td class=\"column-2\">2353884<\/td><td class=\"column-3\">Punch to weft binders<\/td><td class=\"column-4\">150mm.<\/td><td class=\"column-5\">1<\/td><td class=\"column-6\"><\/td>\n<\/tr>\n<tr class=\"row-24 even\">\n\t<td class=\"column-1\">13104004<\/td><td class=\"column-2\">2353885<\/td><td class=\"column-3\">Punch to weft binders<\/td><td class=\"column-4\">250mm.<\/td><td class=\"column-5\">1<\/td><td class=\"column-6\"><\/td>\n<\/tr>\n<tr class=\"row-25 odd\">\n\t<td class=\"column-1\">13104005<\/td><td class=\"column-2\">2353889<\/td><td class=\"column-3\">Punch to weft binders<\/td><td class=\"column-4\">300mm.<\/td><td class=\"column-5\">1<\/td><td class=\"column-6\"><\/td>\n<\/tr>\n<tr class=\"row-26 even\">\n\t<td class=\"column-1\">13104006<\/td><td class=\"column-2\">2353890<\/td><td class=\"column-3\">Punch to weft binders<\/td><td class=\"column-4\">450mm.<\/td><td class=\"column-5\">1<\/td><td class=\"column-6\"><\/td>\n<\/tr>\n<\/tbody>\n<\/table>\n<!-- #tablepress-8 from cache -->\n<span><span><a href=\"https:\/\/www.skagentraad.dk\/en\/\">Home<\/a><\/span><\/span>","protected":false},"excerpt":{"rendered":"[wpseo_breadcrumb]\n<p><strong>Indslagsmurbinder monteres ved hammer og slagdorn i en bagmur af tr\u00e6. <\/strong><\/p>\n<p><strong>Indslagsmurbinderen monteres med dybel, hammer og slagdorn i en bagmur af enten tegl eller beton.<\/strong><\/p>\n","protected":false},"featured_media":3133,"template":"","meta":[],"product_cat":[57,59],"product_tag":[87,82,75],"yoast_head":"<!-- This site is optimized with the Yoast SEO plugin v19.13 - https:\/\/yoast.com\/wordpress\/plugins\/seo\/ -->\n<title>Dybel indslagsbinder - Skagen Tr\u00e5dindustri - Leverand\u00f8r af armeringsst\u00e5l<\/title>\n<meta name=\"description\" content=\"Skagen Tr\u00e5dindustri tilbyder ogs\u00e5 tilbeh\u00f8r til at bruge vores produkter. Heriblandt dybel indslagsbinder til mursten- og betonv\u00e6gge.\" \/>\n<meta name=\"robots\" content=\"index, follow, max-snippet:-1, max-image-preview:large, max-video-preview:-1\" \/>\n<link rel=\"canonical\" href=\"https:\/\/www.skagentraad.dk\/en\/product\/dybel-indslagsbinder\/\" \/>\n<meta property=\"og:locale\" content=\"en_GB\" \/>\n<meta property=\"og:type\" content=\"article\" \/>\n<meta property=\"og:title\" content=\"Dybel indslagsbinder - Skagen Tr\u00e5dindustri - Leverand\u00f8r af armeringsst\u00e5l\" \/>\n<meta property=\"og:description\" content=\"Skagen Tr\u00e5dindustri tilbyder ogs\u00e5 tilbeh\u00f8r til at bruge vores produkter. Heriblandt dybel indslagsbinder til mursten- og betonv\u00e6gge.\" \/>\n<meta property=\"og:url\" content=\"https:\/\/www.skagentraad.dk\/en\/product\/dybel-indslagsbinder\/\" \/>\n<meta property=\"og:site_name\" content=\"Skagen Tr\u00e5dindustri\" \/>\n<meta property=\"article:modified_time\" content=\"2023-06-08T13:32:09+00:00\" \/>\n<meta property=\"og:image\" content=\"https:\/\/www.skagentraad.dk\/wp-content\/uploads\/2021\/02\/Dybel-indslagsbinder-1.jpg\" \/>\n\t<meta property=\"og:image:width\" content=\"480\" \/>\n\t<meta property=\"og:image:height\" content=\"640\" \/>\n\t<meta property=\"og:image:type\" content=\"image\/jpeg\" \/>\n<meta name=\"twitter:card\" content=\"summary_large_image\" \/>\n<meta name=\"twitter:label1\" content=\"Estimated reading time\" \/>\n\t<meta name=\"twitter:data1\" content=\"1 minute\" \/>\n<script type=\"application\/ld+json\" class=\"yoast-schema-graph\">{\"@context\":\"https:\/\/schema.org\",\"@graph\":[{\"@type\":\"WebPage\",\"@id\":\"https:\/\/www.skagentraad.dk\/product\/dybel-indslagsbinder\/\",\"url\":\"https:\/\/www.skagentraad.dk\/product\/dybel-indslagsbinder\/\",\"name\":\"Dybel indslagsbinder - Skagen Tr\u00e5dindustri - Leverand\u00f8r af armeringsst\u00e5l\",\"isPartOf\":{\"@id\":\"https:\/\/www.skagentraad.dk\/#website\"},\"datePublished\":\"2015-03-09T08:14:21+00:00\",\"dateModified\":\"2023-06-08T13:32:09+00:00\",\"description\":\"Skagen Tr\u00e5dindustri tilbyder ogs\u00e5 tilbeh\u00f8r til at bruge vores produkter. Heriblandt dybel indslagsbinder til mursten- og betonv\u00e6gge.\",\"breadcrumb\":{\"@id\":\"https:\/\/www.skagentraad.dk\/product\/dybel-indslagsbinder\/#breadcrumb\"},\"inLanguage\":\"en-GB\",\"potentialAction\":[{\"@type\":\"ReadAction\",\"target\":[\"https:\/\/www.skagentraad.dk\/product\/dybel-indslagsbinder\/\"]}]},{\"@type\":\"BreadcrumbList\",\"@id\":\"https:\/\/www.skagentraad.dk\/product\/dybel-indslagsbinder\/#breadcrumb\",\"itemListElement\":[{\"@type\":\"ListItem\",\"position\":1,\"name\":\"Hjem\",\"item\":\"https:\/\/www.skagentraad.dk\/\"},{\"@type\":\"ListItem\",\"position\":2,\"name\":\"Produkter\",\"item\":\"https:\/\/www.skagentraad.dk\/produkter\/\"},{\"@type\":\"ListItem\",\"position\":3,\"name\":\"Mur\",\"item\":\"https:\/\/www.skagentraad.dk\/product-category\/mur\/\"},{\"@type\":\"ListItem\",\"position\":4,\"name\":\"Montagebindere\",\"item\":\"https:\/\/www.skagentraad.dk\/en\/product-category\/mur\/montagebindere\/\"},{\"@type\":\"ListItem\",\"position\":5,\"name\":\"DYBEL INDSLAGSBINDER\"}]},{\"@type\":\"WebSite\",\"@id\":\"https:\/\/www.skagentraad.dk\/#website\",\"url\":\"https:\/\/www.skagentraad.dk\/\",\"name\":\"Skagen Tr\u00e5dindustri\",\"description\":\"Leverand\u00f8r af rustfrit armeringsst\u00e5l til brug for bygge- og anl\u00e6gsbranchen\",\"publisher\":{\"@id\":\"https:\/\/www.skagentraad.dk\/#organization\"},\"potentialAction\":[{\"@type\":\"SearchAction\",\"target\":{\"@type\":\"EntryPoint\",\"urlTemplate\":\"https:\/\/www.skagentraad.dk\/?s={search_term_string}\"},\"query-input\":\"required name=search_term_string\"}],\"inLanguage\":\"en-GB\"},{\"@type\":\"Organization\",\"@id\":\"https:\/\/www.skagentraad.dk\/#organization\",\"name\":\"Skagen Tr\u00e5dindustri\",\"url\":\"https:\/\/www.skagentraad.dk\/\",\"logo\":{\"@type\":\"ImageObject\",\"inLanguage\":\"en-GB\",\"@id\":\"https:\/\/www.skagentraad.dk\/#\/schema\/logo\/image\/\",\"url\":\"https:\/\/www.skagentraad.dk\/wp-content\/uploads\/2015\/01\/logo_top.png\",\"contentUrl\":\"https:\/\/www.skagentraad.dk\/wp-content\/uploads\/2015\/01\/logo_top.png\",\"width\":350,\"height\":108,\"caption\":\"Skagen Tr\u00e5dindustri\"},\"image\":{\"@id\":\"https:\/\/www.skagentraad.dk\/#\/schema\/logo\/image\/\"}}]}<\/script>\n<!-- \/ Yoast SEO plugin. -->","yoast_head_json":{"title":"Dybel indslagsbinder - Skagen Tr\u00e5dindustri - Leverand\u00f8r af armeringsst\u00e5l","description":"Skagen Tr\u00e5dindustri tilbyder ogs\u00e5 tilbeh\u00f8r til at bruge vores produkter. Heriblandt dybel indslagsbinder til mursten- og betonv\u00e6gge.","robots":{"index":"index","follow":"follow","max-snippet":"max-snippet:-1","max-image-preview":"max-image-preview:large","max-video-preview":"max-video-preview:-1"},"canonical":"https:\/\/www.skagentraad.dk\/en\/product\/dybel-indslagsbinder\/","og_locale":"en_GB","og_type":"article","og_title":"Dybel indslagsbinder - Skagen Tr\u00e5dindustri - Leverand\u00f8r af armeringsst\u00e5l","og_description":"Skagen Tr\u00e5dindustri tilbyder ogs\u00e5 tilbeh\u00f8r til at bruge vores produkter. Heriblandt dybel indslagsbinder til mursten- og betonv\u00e6gge.","og_url":"https:\/\/www.skagentraad.dk\/en\/product\/dybel-indslagsbinder\/","og_site_name":"Skagen Tr\u00e5dindustri","article_modified_time":"2023-06-08T13:32:09+00:00","og_image":[{"width":480,"height":640,"url":"https:\/\/www.skagentraad.dk\/wp-content\/uploads\/2021\/02\/Dybel-indslagsbinder-1.jpg","type":"image\/jpeg"}],"twitter_card":"summary_large_image","twitter_misc":{"Estimated reading time":"1 minute"},"schema":{"@context":"https:\/\/schema.org","@graph":[{"@type":"WebPage","@id":"https:\/\/www.skagentraad.dk\/product\/dybel-indslagsbinder\/","url":"https:\/\/www.skagentraad.dk\/product\/dybel-indslagsbinder\/","name":"Dybel indslagsbinder - Skagen Tr\u00e5dindustri - Leverand\u00f8r af armeringsst\u00e5l","isPartOf":{"@id":"https:\/\/www.skagentraad.dk\/#website"},"datePublished":"2015-03-09T08:14:21+00:00","dateModified":"2023-06-08T13:32:09+00:00","description":"Skagen Tr\u00e5dindustri tilbyder ogs\u00e5 tilbeh\u00f8r til at bruge vores produkter. Heriblandt dybel indslagsbinder til mursten- og betonv\u00e6gge.","breadcrumb":{"@id":"https:\/\/www.skagentraad.dk\/product\/dybel-indslagsbinder\/#breadcrumb"},"inLanguage":"en-GB","potentialAction":[{"@type":"ReadAction","target":["https:\/\/www.skagentraad.dk\/product\/dybel-indslagsbinder\/"]}]},{"@type":"BreadcrumbList","@id":"https:\/\/www.skagentraad.dk\/product\/dybel-indslagsbinder\/#breadcrumb","itemListElement":[{"@type":"ListItem","position":1,"name":"Hjem","item":"https:\/\/www.skagentraad.dk\/"},{"@type":"ListItem","position":2,"name":"Produkter","item":"https:\/\/www.skagentraad.dk\/produkter\/"},{"@type":"ListItem","position":3,"name":"Mur","item":"https:\/\/www.skagentraad.dk\/product-category\/mur\/"},{"@type":"ListItem","position":4,"name":"Montagebindere","item":"https:\/\/www.skagentraad.dk\/en\/product-category\/mur\/montagebindere\/"},{"@type":"ListItem","position":5,"name":"DYBEL INDSLAGSBINDER"}]},{"@type":"WebSite","@id":"https:\/\/www.skagentraad.dk\/#website","url":"https:\/\/www.skagentraad.dk\/","name":"Skagen Tr\u00e5dindustri","description":"Supplier of stainless reinforcing steel to the construction industry","publisher":{"@id":"https:\/\/www.skagentraad.dk\/#organization"},"potentialAction":[{"@type":"SearchAction","target":{"@type":"EntryPoint","urlTemplate":"https:\/\/www.skagentraad.dk\/?s={search_term_string}"},"query-input":"required name=search_term_string"}],"inLanguage":"en-GB"},{"@type":"Organization","@id":"https:\/\/www.skagentraad.dk\/#organization","name":"Skagen Tr\u00e5dindustri","url":"https:\/\/www.skagentraad.dk\/","logo":{"@type":"ImageObject","inLanguage":"en-GB","@id":"https:\/\/www.skagentraad.dk\/#\/schema\/logo\/image\/","url":"https:\/\/www.skagentraad.dk\/wp-content\/uploads\/2015\/01\/logo_top.png","contentUrl":"https:\/\/www.skagentraad.dk\/wp-content\/uploads\/2015\/01\/logo_top.png","width":350,"height":108,"caption":"Skagen Tr\u00e5dindustri"},"image":{"@id":"https:\/\/www.skagentraad.dk\/#\/schema\/logo\/image\/"}}]}},"_links":{"self":[{"href":"https:\/\/www.skagentraad.dk\/en\/wp-json\/wp\/v2\/product\/2114"}],"collection":[{"href":"https:\/\/www.skagentraad.dk\/en\/wp-json\/wp\/v2\/product"}],"about":[{"href":"https:\/\/www.skagentraad.dk\/en\/wp-json\/wp\/v2\/types\/product"}],"wp:featuredmedia":[{"embeddable":true,"href":"https:\/\/www.skagentraad.dk\/en\/wp-json\/wp\/v2\/media\/3133"}],"wp:attachment":[{"href":"https:\/\/www.skagentraad.dk\/en\/wp-json\/wp\/v2\/media?parent=2114"}],"wp:term":[{"taxonomy":"product_cat","embeddable":true,"href":"https:\/\/www.skagentraad.dk\/en\/wp-json\/wp\/v2\/product_cat?post=2114"},{"taxonomy":"product_tag","embeddable":true,"href":"https:\/\/www.skagentraad.dk\/en\/wp-json\/wp\/v2\/product_tag?post=2114"}],"curies":[{"name":"wp","href":"https:\/\/api.w.org\/{rel}","templated":true}]}}