{"id":2207,"date":"2015-03-09T11:07:33","date_gmt":"2015-03-09T11:07:33","guid":{"rendered":"http:\/\/www.skagentraad.dk\/?product=ekspansion-murbindere"},"modified":"2022-02-02T10:48:33","modified_gmt":"2022-02-02T10:48:33","slug":"ekspansionsmurbinder","status":"publish","type":"product","link":"https:\/\/www.skagentraad.dk\/en\/product\/ekspansionsmurbinder\/","title":{"rendered":"Expansion wall tie"},"content":{"rendered":"<p><strong><span style=\"text-decoration: underline;\">Material - expansion wall tie:<\/span><\/strong><br \/>\n- Stainless steel A2 - EN 1.4301 - SS 142 332<br \/>\n- Acid proof steel A4 - EN 1.4401<br \/>\n&#8211; Tinbronze 2.1022 &#8211; CuSn6.<\/p>\n<p>Certified according to EN 10088-5<\/p>\n<p><strong><span style=\"text-decoration: underline;\">Assembly of: expansion wall tie<\/span><\/strong><br \/>\n- You have to pre-drill a hole of 6 mm. in diameter and 40 mm. in length in concrete or solid bricks.<br \/>\n- When you are mounting the expansion wall tie, you have to use a punch.<\/p>\n<p>The wall tie for expansion is produced by Skagen Tr\u00e5dindustri.<\/p>\n\n<table id=\"tablepress-9\" class=\"tablepress tablepress-id-9\">\n<thead>\n<tr class=\"row-1 odd\">\n\t<th class=\"column-1\">Item number<\/th><th class=\"column-2\">DB-nummer<\/th><th class=\"column-3\">Diamater<\/th><th class=\"column-4\">Lengths<\/th><th class=\"column-5\">Quantity\/package<\/th><th class=\"column-6\">V\u00e6gt pr. stk. i kg.<\/th>\n<\/tr>\n<\/thead>\n<tbody class=\"row-hover\">\n<tr class=\"row-2 even\">\n\t<td class=\"column-1\">Material:<\/td><td class=\"column-2\"><\/td><td class=\"column-3\">A2 - Rustfrit (1.4301)<\/td><td class=\"column-4\"><\/td><td class=\"column-5\"><\/td><td class=\"column-6\"><\/td>\n<\/tr>\n<tr class=\"row-3 odd\">\n\t<td class=\"column-1\">16104200<\/td><td class=\"column-2\">2353806<\/td><td class=\"column-3\">Diam. 4,00 mm.<\/td><td class=\"column-4\">200mm.<\/td><td class=\"column-5\">250<\/td><td class=\"column-6\">0,022 kg.<\/td>\n<\/tr>\n<tr class=\"row-4 even\">\n\t<td class=\"column-1\">16104250<\/td><td class=\"column-2\">2353808<\/td><td class=\"column-3\">Diam. 4,00 mm.<\/td><td class=\"column-4\">250mm.<\/td><td class=\"column-5\">250<\/td><td class=\"column-6\">0,027 kg.<\/td>\n<\/tr>\n<tr class=\"row-5 odd\">\n\t<td class=\"column-1\">16104300<\/td><td class=\"column-2\">2353810<\/td><td class=\"column-3\">Diam. 4,00 mm.<\/td><td class=\"column-4\">300mm.<\/td><td class=\"column-5\">250<\/td><td class=\"column-6\">0,032 kg.<\/td>\n<\/tr>\n<tr class=\"row-6 even\">\n\t<td class=\"column-1\">16104350<\/td><td class=\"column-2\">2353813<\/td><td class=\"column-3\">Diam. 4,00 mm.<\/td><td class=\"column-4\">350mm.<\/td><td class=\"column-5\">250<\/td><td class=\"column-6\">0,037 kg.<\/td>\n<\/tr>\n<tr class=\"row-7 odd\">\n\t<td class=\"column-1\">16104400<\/td><td class=\"column-2\">2353814<\/td><td class=\"column-3\">Diam. 4,00 mm.<\/td><td class=\"column-4\">400mm.<\/td><td class=\"column-5\">250<\/td><td class=\"column-6\">0,042 kg.<\/td>\n<\/tr>\n<tr class=\"row-8 even\">\n\t<td class=\"column-1\">16104450<\/td><td class=\"column-2\">2358034<\/td><td class=\"column-3\">Diam. 4,00 mm.<\/td><td class=\"column-4\">450mm.<\/td><td class=\"column-5\">250<\/td><td class=\"column-6\">0,047 kg.<\/td>\n<\/tr>\n<tr class=\"row-9 odd\">\n\t<td class=\"column-1\">16104500<\/td><td class=\"column-2\">2358036<\/td><td class=\"column-3\">Diam. 4,00 mm.<\/td><td class=\"column-4\">500mm.<\/td><td class=\"column-5\">250<\/td><td class=\"column-6\">0,052 kg.<\/td>\n<\/tr>\n<tr class=\"row-10 even\">\n\t<td class=\"column-1\">16104550<\/td><td class=\"column-2\">2358037<\/td><td class=\"column-3\">Diam. 4,00 mm.<\/td><td class=\"column-4\">550mm.<\/td><td class=\"column-5\">250<\/td><td class=\"column-6\">0,057 kg.<\/td>\n<\/tr>\n<tr class=\"row-11 odd\">\n\t<td class=\"column-1\">16104600<\/td><td class=\"column-2\">2358038<\/td><td class=\"column-3\">Diam. 4,00 mm.<\/td><td class=\"column-4\">600mm.<\/td><td class=\"column-5\">250<\/td><td class=\"column-6\">0,062 kg.<\/td>\n<\/tr>\n<tr class=\"row-12 even\">\n\t<td class=\"column-1\">16104650<\/td><td class=\"column-2\">2358039<\/td><td class=\"column-3\">Diam. 4,00 mm.<\/td><td class=\"column-4\">650mm.<\/td><td class=\"column-5\">250<\/td><td class=\"column-6\">0,067 kg.<\/td>\n<\/tr>\n<tr class=\"row-13 odd\">\n\t<td class=\"column-1\">16104700<\/td><td class=\"column-2\">2358037<\/td><td class=\"column-3\">Diam. 4,00 mm.<\/td><td class=\"column-4\">700mm.<\/td><td class=\"column-5\">250<\/td><td class=\"column-6\">0,072 kg.<\/td>\n<\/tr>\n<tr class=\"row-14 even\">\n\t<td class=\"column-1\">16104750<\/td><td class=\"column-2\">2358041<\/td><td class=\"column-3\">Diam. 4,00 mm.<\/td><td class=\"column-4\">750mm.<\/td><td class=\"column-5\">250<\/td><td class=\"column-6\">0,077 kg.<\/td>\n<\/tr>\n<tr class=\"row-15 odd\">\n\t<td class=\"column-1\"><\/td><td class=\"column-2\"><\/td><td class=\"column-3\"><\/td><td class=\"column-4\"><\/td><td class=\"column-5\"><\/td><td class=\"column-6\"><\/td>\n<\/tr>\n<tr class=\"row-16 even\">\n\t<td class=\"column-1\">ACCOMPANIMENT<\/td><td class=\"column-2\"><\/td><td class=\"column-3\"><\/td><td class=\"column-4\"><\/td><td class=\"column-5\"><\/td><td class=\"column-6\"><\/td>\n<\/tr>\n<tr class=\"row-17 odd\">\n\t<td class=\"column-1\">16209003<\/td><td class=\"column-2\">2353815<\/td><td class=\"column-3\"><\/td><td class=\"column-4\">Punch proff. max. 300<\/td><td class=\"column-5\">1<\/td><td class=\"column-6\"><\/td>\n<\/tr>\n<tr class=\"row-18 even\">\n\t<td class=\"column-1\">16209004<\/td><td class=\"column-2\">2353816<\/td><td class=\"column-3\"><\/td><td class=\"column-4\">Punch proff. max. 400<\/td><td class=\"column-5\">1<\/td><td class=\"column-6\"><\/td>\n<\/tr>\n<tr class=\"row-19 odd\">\n\t<td class=\"column-1\">16209005<\/td><td class=\"column-2\">2358166<\/td><td class=\"column-3\"><\/td><td class=\"column-4\">Punch proff. max. 500<\/td><td class=\"column-5\">1<\/td><td class=\"column-6\"><\/td>\n<\/tr>\n<tr class=\"row-20 even\">\n\t<td class=\"column-1\">16209006<\/td><td class=\"column-2\">2358168<\/td><td class=\"column-3\"><\/td><td class=\"column-4\">Punch proff. max. 600<\/td><td class=\"column-5\">1<\/td><td class=\"column-6\"><\/td>\n<\/tr>\n<tr class=\"row-21 odd\">\n\t<td class=\"column-1\">16209007<\/td><td class=\"column-2\">2358169<\/td><td class=\"column-3\"><\/td><td class=\"column-4\">Punch proff. max. 700<\/td><td class=\"column-5\">1<\/td><td class=\"column-6\"><\/td>\n<\/tr>\n<tr class=\"row-22 even\">\n\t<td class=\"column-1\">16209001<\/td><td class=\"column-2\">2358171<\/td><td class=\"column-3\"><\/td><td class=\"column-4\">Punch semi proff.<\/td><td class=\"column-5\">1<\/td><td class=\"column-6\"><\/td>\n<\/tr>\n<tr class=\"row-23 odd\">\n\t<td class=\"column-1\"><\/td><td class=\"column-2\"><\/td><td class=\"column-3\"><\/td><td class=\"column-4\"><\/td><td class=\"column-5\"><\/td><td class=\"column-6\"><\/td>\n<\/tr>\n<tr class=\"row-24 even\">\n\t<td class=\"column-1\">16901010<\/td><td class=\"column-2\">2353817<\/td><td class=\"column-3\"><\/td><td class=\"column-4\">SDS w\/ stop - diam. 6x40<\/td><td class=\"column-5\">1<\/td><td class=\"column-6\"><\/td>\n<\/tr>\n<tr class=\"row-25 odd\">\n\t<td class=\"column-1\">16901009<\/td><td class=\"column-2\"><\/td><td class=\"column-3\"><\/td><td class=\"column-4\">SDS - diam. 6x40 mm \/450<\/td><td class=\"column-5\">1<\/td><td class=\"column-6\"><\/td>\n<\/tr>\n<\/tbody>\n<\/table>\n<!-- #tablepress-9 from cache -->\n<span><span><a href=\"https:\/\/www.skagentraad.dk\/en\/\">Home<\/a><\/span><\/span>","protected":false},"excerpt":{"rendered":"[wpseo_breadcrumb]\n<p>Ekspansionsmurbinder bruges n\u00e5r der opf\u00f8res en ny skalmur, og den eksisterende bagmur er er af enten tegl eller beton.<\/p>\n<p>&nbsp;<\/p>\n","protected":false},"featured_media":3130,"template":"","meta":[],"product_cat":[57,59,62],"product_tag":[88,82,75],"yoast_head":"<!-- This site is optimized with the Yoast SEO plugin v19.13 - https:\/\/yoast.com\/wordpress\/plugins\/seo\/ -->\n<title>Ekspansionsmurbinder - Skagen Tr\u00e5dindustri - Leverand\u00f8r af armeringsst\u00e5l<\/title>\n<meta name=\"description\" content=\"Hos Skagen Tr\u00e5dindustri producerer vi selv murbindere i allerh\u00f8jeste st\u00e5lkvalitet. Blandt andet denne ekspansionsmurbinder.\" \/>\n<meta name=\"robots\" content=\"index, follow, max-snippet:-1, max-image-preview:large, max-video-preview:-1\" \/>\n<link rel=\"canonical\" href=\"https:\/\/www.skagentraad.dk\/en\/product\/ekspansionsmurbinder\/\" \/>\n<meta property=\"og:locale\" content=\"en_GB\" \/>\n<meta property=\"og:type\" content=\"article\" \/>\n<meta property=\"og:title\" content=\"Ekspansionsmurbinder - Skagen Tr\u00e5dindustri - Leverand\u00f8r af armeringsst\u00e5l\" \/>\n<meta property=\"og:description\" content=\"Hos Skagen Tr\u00e5dindustri producerer vi selv murbindere i allerh\u00f8jeste st\u00e5lkvalitet. Blandt andet denne ekspansionsmurbinder.\" \/>\n<meta property=\"og:url\" content=\"https:\/\/www.skagentraad.dk\/en\/product\/ekspansionsmurbinder\/\" \/>\n<meta property=\"og:site_name\" content=\"Skagen Tr\u00e5dindustri\" \/>\n<meta property=\"article:modified_time\" content=\"2022-02-02T10:48:33+00:00\" \/>\n<meta property=\"og:image\" content=\"https:\/\/www.skagentraad.dk\/wp-content\/uploads\/2021\/02\/Ekspansionsmurbinder-1-scaled.jpg\" \/>\n\t<meta property=\"og:image:width\" content=\"1920\" \/>\n\t<meta property=\"og:image:height\" content=\"2560\" \/>\n\t<meta property=\"og:image:type\" content=\"image\/jpeg\" \/>\n<meta name=\"twitter:card\" content=\"summary_large_image\" \/>\n<meta name=\"twitter:label1\" content=\"Estimated reading time\" \/>\n\t<meta name=\"twitter:data1\" content=\"1 minute\" \/>\n<script type=\"application\/ld+json\" class=\"yoast-schema-graph\">{\"@context\":\"https:\/\/schema.org\",\"@graph\":[{\"@type\":\"WebPage\",\"@id\":\"https:\/\/www.skagentraad.dk\/product\/ekspansionsmurbinder\/\",\"url\":\"https:\/\/www.skagentraad.dk\/product\/ekspansionsmurbinder\/\",\"name\":\"Ekspansionsmurbinder - Skagen Tr\u00e5dindustri - Leverand\u00f8r af armeringsst\u00e5l\",\"isPartOf\":{\"@id\":\"https:\/\/www.skagentraad.dk\/#website\"},\"datePublished\":\"2015-03-09T11:07:33+00:00\",\"dateModified\":\"2022-02-02T10:48:33+00:00\",\"description\":\"Hos Skagen Tr\u00e5dindustri producerer vi selv murbindere i allerh\u00f8jeste st\u00e5lkvalitet. Blandt andet denne ekspansionsmurbinder.\",\"breadcrumb\":{\"@id\":\"https:\/\/www.skagentraad.dk\/product\/ekspansionsmurbinder\/#breadcrumb\"},\"inLanguage\":\"en-GB\",\"potentialAction\":[{\"@type\":\"ReadAction\",\"target\":[\"https:\/\/www.skagentraad.dk\/product\/ekspansionsmurbinder\/\"]}]},{\"@type\":\"BreadcrumbList\",\"@id\":\"https:\/\/www.skagentraad.dk\/product\/ekspansionsmurbinder\/#breadcrumb\",\"itemListElement\":[{\"@type\":\"ListItem\",\"position\":1,\"name\":\"Hjem\",\"item\":\"https:\/\/www.skagentraad.dk\/\"},{\"@type\":\"ListItem\",\"position\":2,\"name\":\"Produkter\",\"item\":\"https:\/\/www.skagentraad.dk\/produkter\/\"},{\"@type\":\"ListItem\",\"position\":3,\"name\":\"Mur\",\"item\":\"https:\/\/www.skagentraad.dk\/product-category\/mur\/\"},{\"@type\":\"ListItem\",\"position\":4,\"name\":\"EKSPANSIONSMURBINDER\"}]},{\"@type\":\"WebSite\",\"@id\":\"https:\/\/www.skagentraad.dk\/#website\",\"url\":\"https:\/\/www.skagentraad.dk\/\",\"name\":\"Skagen Tr\u00e5dindustri\",\"description\":\"Leverand\u00f8r af rustfrit armeringsst\u00e5l til brug for bygge- og anl\u00e6gsbranchen\",\"publisher\":{\"@id\":\"https:\/\/www.skagentraad.dk\/#organization\"},\"potentialAction\":[{\"@type\":\"SearchAction\",\"target\":{\"@type\":\"EntryPoint\",\"urlTemplate\":\"https:\/\/www.skagentraad.dk\/?s={search_term_string}\"},\"query-input\":\"required name=search_term_string\"}],\"inLanguage\":\"en-GB\"},{\"@type\":\"Organization\",\"@id\":\"https:\/\/www.skagentraad.dk\/#organization\",\"name\":\"Skagen Tr\u00e5dindustri\",\"url\":\"https:\/\/www.skagentraad.dk\/\",\"logo\":{\"@type\":\"ImageObject\",\"inLanguage\":\"en-GB\",\"@id\":\"https:\/\/www.skagentraad.dk\/#\/schema\/logo\/image\/\",\"url\":\"https:\/\/www.skagentraad.dk\/wp-content\/uploads\/2015\/01\/logo_top.png\",\"contentUrl\":\"https:\/\/www.skagentraad.dk\/wp-content\/uploads\/2015\/01\/logo_top.png\",\"width\":350,\"height\":108,\"caption\":\"Skagen Tr\u00e5dindustri\"},\"image\":{\"@id\":\"https:\/\/www.skagentraad.dk\/#\/schema\/logo\/image\/\"}}]}<\/script>\n<!-- \/ Yoast SEO plugin. -->","yoast_head_json":{"title":"Ekspansionsmurbinder - Skagen Tr\u00e5dindustri - Leverand\u00f8r af armeringsst\u00e5l","description":"Hos Skagen Tr\u00e5dindustri producerer vi selv murbindere i allerh\u00f8jeste st\u00e5lkvalitet. Blandt andet denne ekspansionsmurbinder.","robots":{"index":"index","follow":"follow","max-snippet":"max-snippet:-1","max-image-preview":"max-image-preview:large","max-video-preview":"max-video-preview:-1"},"canonical":"https:\/\/www.skagentraad.dk\/en\/product\/ekspansionsmurbinder\/","og_locale":"en_GB","og_type":"article","og_title":"Ekspansionsmurbinder - Skagen Tr\u00e5dindustri - Leverand\u00f8r af armeringsst\u00e5l","og_description":"Hos Skagen Tr\u00e5dindustri producerer vi selv murbindere i allerh\u00f8jeste st\u00e5lkvalitet. Blandt andet denne ekspansionsmurbinder.","og_url":"https:\/\/www.skagentraad.dk\/en\/product\/ekspansionsmurbinder\/","og_site_name":"Skagen Tr\u00e5dindustri","article_modified_time":"2022-02-02T10:48:33+00:00","og_image":[{"width":1920,"height":2560,"url":"https:\/\/www.skagentraad.dk\/wp-content\/uploads\/2021\/02\/Ekspansionsmurbinder-1-scaled.jpg","type":"image\/jpeg"}],"twitter_card":"summary_large_image","twitter_misc":{"Estimated reading time":"1 minute"},"schema":{"@context":"https:\/\/schema.org","@graph":[{"@type":"WebPage","@id":"https:\/\/www.skagentraad.dk\/product\/ekspansionsmurbinder\/","url":"https:\/\/www.skagentraad.dk\/product\/ekspansionsmurbinder\/","name":"Ekspansionsmurbinder - Skagen Tr\u00e5dindustri - Leverand\u00f8r af armeringsst\u00e5l","isPartOf":{"@id":"https:\/\/www.skagentraad.dk\/#website"},"datePublished":"2015-03-09T11:07:33+00:00","dateModified":"2022-02-02T10:48:33+00:00","description":"Hos Skagen Tr\u00e5dindustri producerer vi selv murbindere i allerh\u00f8jeste st\u00e5lkvalitet. Blandt andet denne ekspansionsmurbinder.","breadcrumb":{"@id":"https:\/\/www.skagentraad.dk\/product\/ekspansionsmurbinder\/#breadcrumb"},"inLanguage":"en-GB","potentialAction":[{"@type":"ReadAction","target":["https:\/\/www.skagentraad.dk\/product\/ekspansionsmurbinder\/"]}]},{"@type":"BreadcrumbList","@id":"https:\/\/www.skagentraad.dk\/product\/ekspansionsmurbinder\/#breadcrumb","itemListElement":[{"@type":"ListItem","position":1,"name":"Hjem","item":"https:\/\/www.skagentraad.dk\/"},{"@type":"ListItem","position":2,"name":"Produkter","item":"https:\/\/www.skagentraad.dk\/produkter\/"},{"@type":"ListItem","position":3,"name":"Mur","item":"https:\/\/www.skagentraad.dk\/product-category\/mur\/"},{"@type":"ListItem","position":4,"name":"EKSPANSIONSMURBINDER"}]},{"@type":"WebSite","@id":"https:\/\/www.skagentraad.dk\/#website","url":"https:\/\/www.skagentraad.dk\/","name":"Skagen Tr\u00e5dindustri","description":"Supplier of stainless reinforcing steel to the construction industry","publisher":{"@id":"https:\/\/www.skagentraad.dk\/#organization"},"potentialAction":[{"@type":"SearchAction","target":{"@type":"EntryPoint","urlTemplate":"https:\/\/www.skagentraad.dk\/?s={search_term_string}"},"query-input":"required name=search_term_string"}],"inLanguage":"en-GB"},{"@type":"Organization","@id":"https:\/\/www.skagentraad.dk\/#organization","name":"Skagen Tr\u00e5dindustri","url":"https:\/\/www.skagentraad.dk\/","logo":{"@type":"ImageObject","inLanguage":"en-GB","@id":"https:\/\/www.skagentraad.dk\/#\/schema\/logo\/image\/","url":"https:\/\/www.skagentraad.dk\/wp-content\/uploads\/2015\/01\/logo_top.png","contentUrl":"https:\/\/www.skagentraad.dk\/wp-content\/uploads\/2015\/01\/logo_top.png","width":350,"height":108,"caption":"Skagen Tr\u00e5dindustri"},"image":{"@id":"https:\/\/www.skagentraad.dk\/#\/schema\/logo\/image\/"}}]}},"_links":{"self":[{"href":"https:\/\/www.skagentraad.dk\/en\/wp-json\/wp\/v2\/product\/2207"}],"collection":[{"href":"https:\/\/www.skagentraad.dk\/en\/wp-json\/wp\/v2\/product"}],"about":[{"href":"https:\/\/www.skagentraad.dk\/en\/wp-json\/wp\/v2\/types\/product"}],"wp:featuredmedia":[{"embeddable":true,"href":"https:\/\/www.skagentraad.dk\/en\/wp-json\/wp\/v2\/media\/3130"}],"wp:attachment":[{"href":"https:\/\/www.skagentraad.dk\/en\/wp-json\/wp\/v2\/media?parent=2207"}],"wp:term":[{"taxonomy":"product_cat","embeddable":true,"href":"https:\/\/www.skagentraad.dk\/en\/wp-json\/wp\/v2\/product_cat?post=2207"},{"taxonomy":"product_tag","embeddable":true,"href":"https:\/\/www.skagentraad.dk\/en\/wp-json\/wp\/v2\/product_tag?post=2207"}],"curies":[{"name":"wp","href":"https:\/\/api.w.org\/{rel}","templated":true}]}}