{"id":2212,"date":"2015-03-17T09:57:42","date_gmt":"2015-03-17T09:57:42","guid":{"rendered":"http:\/\/www.skagentraad.dk\/?product=selvskaerende-murbindere"},"modified":"2022-02-02T10:47:37","modified_gmt":"2022-02-02T10:47:37","slug":"selvskaerende-murbinder","status":"publish","type":"product","link":"https:\/\/www.skagentraad.dk\/en\/product\/selvskaerende-murbinder\/","title":{"rendered":"Self-cutting wall tie"},"content":{"rendered":"<p><strong><span style=\"text-decoration: underline;\">Material - Self-cutting wall tie:<\/span><br \/>\n<\/strong>- Stainless steel A2 - EN 1.4301 - SS 142 332<\/p>\n<p>Certified according to EN 10088-5<\/p>\n<p><strong><span style=\"text-decoration: underline;\">Assembly of: Self-cutting wall tie<\/span><br \/>\n<\/strong>- Self-cutting wall tie can be screwed directly into wood.<br \/>\n- When mounting the wall tie into bricks or clincker croncrete, you have to pre-drill a hole with a diameter on 4-4,5 mm.<br \/>\n- When mounting the wall tie into plaster and steel, you have to pre-drill a hole with a diameter on 3,8 mm.<\/p>\n<p>Our self-cutting wall tie has to be folded on-site.<\/p>\n<p>Self-cutting wall ties are produced by Skagen Tr\u00e5dindustri.<\/p>\n\n<table id=\"tablepress-11\" class=\"tablepress tablepress-id-11\">\n<thead>\n<tr class=\"row-1 odd\">\n\t<th class=\"column-1\">Item number<\/th><th class=\"column-2\">DB-nummer<\/th><th class=\"column-3\">Diameter<\/th><th class=\"column-4\">Lengths<\/th><th class=\"column-5\">Quantity\/package<\/th><th class=\"column-6\">V\u00e6gt pr. stk. i kg.<\/th>\n<\/tr>\n<\/thead>\n<tbody class=\"row-hover\">\n<tr class=\"row-2 even\">\n\t<td class=\"column-1\">14204180<\/td><td class=\"column-2\">2353824<\/td><td class=\"column-3\">4,2 mm.<\/td><td class=\"column-4\">180mm.<\/td><td class=\"column-5\">250<\/td><td class=\"column-6\">0,0198 kg.<\/td>\n<\/tr>\n<tr class=\"row-3 odd\">\n\t<td class=\"column-1\">14204200<\/td><td class=\"column-2\">2358054<\/td><td class=\"column-3\">4,2 mm.<\/td><td class=\"column-4\">200mm.<\/td><td class=\"column-5\">250<\/td><td class=\"column-6\">0,022 kg.<\/td>\n<\/tr>\n<tr class=\"row-4 even\">\n\t<td class=\"column-1\">14204235<\/td><td class=\"column-2\">2353826<\/td><td class=\"column-3\">4,2 mm.<\/td><td class=\"column-4\">235mm.<\/td><td class=\"column-5\">250<\/td><td class=\"column-6\">0,027 kg.<\/td>\n<\/tr>\n<tr class=\"row-5 odd\">\n\t<td class=\"column-1\">14204260<\/td><td class=\"column-2\">2353828<\/td><td class=\"column-3\">4,2 mm.<\/td><td class=\"column-4\">260mm.<\/td><td class=\"column-5\">250<\/td><td class=\"column-6\">0,029 kg.<\/td>\n<\/tr>\n<tr class=\"row-6 even\">\n\t<td class=\"column-1\">14204275<\/td><td class=\"column-2\">2358055<\/td><td class=\"column-3\">4,2 mm.<\/td><td class=\"column-4\">275mm.<\/td><td class=\"column-5\">250<\/td><td class=\"column-6\">0,031 kg.<\/td>\n<\/tr>\n<tr class=\"row-7 odd\">\n\t<td class=\"column-1\">14204325<\/td><td class=\"column-2\">2353832<\/td><td class=\"column-3\">4,2 mm.<\/td><td class=\"column-4\">325mm.<\/td><td class=\"column-5\">250<\/td><td class=\"column-6\">0,036 kg.<\/td>\n<\/tr>\n<tr class=\"row-8 even\">\n\t<td class=\"column-1\">14204375<\/td><td class=\"column-2\">2353836<\/td><td class=\"column-3\">4,2 mm.<\/td><td class=\"column-4\">375mm.<\/td><td class=\"column-5\">250<\/td><td class=\"column-6\">0,041 kg.<\/td>\n<\/tr>\n<tr class=\"row-9 odd\">\n\t<td class=\"column-1\">14204400<\/td><td class=\"column-2\">2353842<\/td><td class=\"column-3\">4,2 mm.<\/td><td class=\"column-4\">400mm.<\/td><td class=\"column-5\">250<\/td><td class=\"column-6\">0,0435 kg.<\/td>\n<\/tr>\n<tr class=\"row-10 even\">\n\t<td class=\"column-1\">14204425<\/td><td class=\"column-2\">2358056<\/td><td class=\"column-3\">4,2 mm.<\/td><td class=\"column-4\">425mm.<\/td><td class=\"column-5\">250<\/td><td class=\"column-6\">0,046 kg.<\/td>\n<\/tr>\n<tr class=\"row-11 odd\">\n\t<td class=\"column-1\">14204450<\/td><td class=\"column-2\">2353843<\/td><td class=\"column-3\">4,2 mm.<\/td><td class=\"column-4\">450mm.<\/td><td class=\"column-5\">250<\/td><td class=\"column-6\">0,049 kg.<\/td>\n<\/tr>\n<tr class=\"row-12 even\">\n\t<td class=\"column-1\">14204475<\/td><td class=\"column-2\">2358063<\/td><td class=\"column-3\">4,2 mm.<\/td><td class=\"column-4\">475mm.<\/td><td class=\"column-5\">250<\/td><td class=\"column-6\">0,052 kg.<\/td>\n<\/tr>\n<tr class=\"row-13 odd\">\n\t<td class=\"column-1\">14204525<\/td><td class=\"column-2\">2358065<\/td><td class=\"column-3\">4,2 mm.<\/td><td class=\"column-4\">525mm.<\/td><td class=\"column-5\">250<\/td><td class=\"column-6\">0,058 kg.<\/td>\n<\/tr>\n<tr class=\"row-14 even\">\n\t<td class=\"column-1\">14204575<\/td><td class=\"column-2\">2358066<\/td><td class=\"column-3\">4,2 mm.<\/td><td class=\"column-4\">575mm.<\/td><td class=\"column-5\">250<\/td><td class=\"column-6\">0,063 kg.<\/td>\n<\/tr>\n<tr class=\"row-15 odd\">\n\t<td class=\"column-1\">14204625<\/td><td class=\"column-2\">2358068<\/td><td class=\"column-3\">4,2 mm.<\/td><td class=\"column-4\">625mm.<\/td><td class=\"column-5\">250<\/td><td class=\"column-6\">0,069 kg.<\/td>\n<\/tr>\n<tr class=\"row-16 even\">\n\t<td class=\"column-1\">14204675<\/td><td class=\"column-2\">2358069<\/td><td class=\"column-3\">4,2 mm.<\/td><td class=\"column-4\">675mm.<\/td><td class=\"column-5\">250<\/td><td class=\"column-6\">0,075 kg.<\/td>\n<\/tr>\n<tr class=\"row-17 odd\">\n\t<td class=\"column-1\"><\/td><td class=\"column-2\"><\/td><td class=\"column-3\"><\/td><td class=\"column-4\"><\/td><td class=\"column-5\"><\/td><td class=\"column-6\"><\/td>\n<\/tr>\n<tr class=\"row-18 even\">\n\t<td class=\"column-1\">ACCOMPANIMENT<\/td><td class=\"column-2\"><\/td><td class=\"column-3\"><\/td><td class=\"column-4\"><\/td><td class=\"column-5\"><\/td><td class=\"column-6\"><\/td>\n<\/tr>\n<tr class=\"row-19 odd\">\n\t<td class=\"column-1\">16209101<\/td><td class=\"column-2\">2353845<\/td><td class=\"column-3\"><\/td><td class=\"column-4\">Drill for selfcutting wall tie<\/td><td class=\"column-5\">1<\/td><td class=\"column-6\"><\/td>\n<\/tr>\n<\/tbody>\n<\/table>\n<!-- #tablepress-11 from cache -->\n<span><span><a href=\"https:\/\/www.skagentraad.dk\/en\/\">Home<\/a><\/span><\/span>","protected":false},"excerpt":{"rendered":"[wpseo_breadcrumb]\n<p>Selvsk\u00e6rende murbinder bruges til at forankre to v\u00e6gge med en hulmur.<\/p>\n<p>&nbsp;<\/p>\n","protected":false},"featured_media":3170,"template":"","meta":[],"product_cat":[57,59],"product_tag":[87,82,75,76,89],"yoast_head":"<!-- This site is optimized with the Yoast SEO plugin v19.13 - https:\/\/yoast.com\/wordpress\/plugins\/seo\/ -->\n<title>Selvsk\u00e6rende murbinder - Skagen Tr\u00e5dindustri - +45 70 20 05 07<\/title>\n<meta name=\"description\" content=\"Hos Skagen Tr\u00e5dindustri producerer vi selv murbindere i allerh\u00f8jeste st\u00e5lkvalitet. Blandt andet denne selvsk\u00e6rende murbinder.\" \/>\n<meta name=\"robots\" content=\"index, follow, max-snippet:-1, max-image-preview:large, max-video-preview:-1\" \/>\n<link rel=\"canonical\" href=\"https:\/\/www.skagentraad.dk\/en\/product\/selvskaerende-murbinder\/\" \/>\n<meta property=\"og:locale\" content=\"en_GB\" \/>\n<meta property=\"og:type\" content=\"article\" \/>\n<meta property=\"og:title\" content=\"Selvsk\u00e6rende murbinder - Skagen Tr\u00e5dindustri - +45 70 20 05 07\" \/>\n<meta property=\"og:description\" content=\"Hos Skagen Tr\u00e5dindustri producerer vi selv murbindere i allerh\u00f8jeste st\u00e5lkvalitet. Blandt andet denne selvsk\u00e6rende murbinder.\" \/>\n<meta property=\"og:url\" content=\"https:\/\/www.skagentraad.dk\/en\/product\/selvskaerende-murbinder\/\" \/>\n<meta property=\"og:site_name\" content=\"Skagen Tr\u00e5dindustri\" \/>\n<meta property=\"article:modified_time\" content=\"2022-02-02T10:47:37+00:00\" \/>\n<meta property=\"og:image\" content=\"https:\/\/www.skagentraad.dk\/wp-content\/uploads\/2021\/02\/Selvskaerende-murbinder-1-scaled.jpg\" \/>\n\t<meta property=\"og:image:width\" content=\"1920\" \/>\n\t<meta property=\"og:image:height\" content=\"2560\" \/>\n\t<meta property=\"og:image:type\" content=\"image\/jpeg\" \/>\n<meta name=\"twitter:card\" content=\"summary_large_image\" \/>\n<meta name=\"twitter:label1\" content=\"Estimated reading time\" \/>\n\t<meta name=\"twitter:data1\" content=\"1 minute\" \/>\n<script type=\"application\/ld+json\" class=\"yoast-schema-graph\">{\"@context\":\"https:\/\/schema.org\",\"@graph\":[{\"@type\":\"WebPage\",\"@id\":\"https:\/\/www.skagentraad.dk\/product\/selvskaerende-murbinder\/\",\"url\":\"https:\/\/www.skagentraad.dk\/product\/selvskaerende-murbinder\/\",\"name\":\"Selvsk\u00e6rende murbinder - Skagen Tr\u00e5dindustri - +45 70 20 05 07\",\"isPartOf\":{\"@id\":\"https:\/\/www.skagentraad.dk\/#website\"},\"datePublished\":\"2015-03-17T09:57:42+00:00\",\"dateModified\":\"2022-02-02T10:47:37+00:00\",\"description\":\"Hos Skagen Tr\u00e5dindustri producerer vi selv murbindere i allerh\u00f8jeste st\u00e5lkvalitet. Blandt andet denne selvsk\u00e6rende murbinder.\",\"breadcrumb\":{\"@id\":\"https:\/\/www.skagentraad.dk\/product\/selvskaerende-murbinder\/#breadcrumb\"},\"inLanguage\":\"en-GB\",\"potentialAction\":[{\"@type\":\"ReadAction\",\"target\":[\"https:\/\/www.skagentraad.dk\/product\/selvskaerende-murbinder\/\"]}]},{\"@type\":\"BreadcrumbList\",\"@id\":\"https:\/\/www.skagentraad.dk\/product\/selvskaerende-murbinder\/#breadcrumb\",\"itemListElement\":[{\"@type\":\"ListItem\",\"position\":1,\"name\":\"Hjem\",\"item\":\"https:\/\/www.skagentraad.dk\/\"},{\"@type\":\"ListItem\",\"position\":2,\"name\":\"Produkter\",\"item\":\"https:\/\/www.skagentraad.dk\/produkter\/\"},{\"@type\":\"ListItem\",\"position\":3,\"name\":\"Mur\",\"item\":\"https:\/\/www.skagentraad.dk\/product-category\/mur\/\"},{\"@type\":\"ListItem\",\"position\":4,\"name\":\"SELVSK\u00c6RENDE MURBINDER\"}]},{\"@type\":\"WebSite\",\"@id\":\"https:\/\/www.skagentraad.dk\/#website\",\"url\":\"https:\/\/www.skagentraad.dk\/\",\"name\":\"Skagen Tr\u00e5dindustri\",\"description\":\"Leverand\u00f8r af rustfrit armeringsst\u00e5l til brug for bygge- og anl\u00e6gsbranchen\",\"publisher\":{\"@id\":\"https:\/\/www.skagentraad.dk\/#organization\"},\"potentialAction\":[{\"@type\":\"SearchAction\",\"target\":{\"@type\":\"EntryPoint\",\"urlTemplate\":\"https:\/\/www.skagentraad.dk\/?s={search_term_string}\"},\"query-input\":\"required name=search_term_string\"}],\"inLanguage\":\"en-GB\"},{\"@type\":\"Organization\",\"@id\":\"https:\/\/www.skagentraad.dk\/#organization\",\"name\":\"Skagen Tr\u00e5dindustri\",\"url\":\"https:\/\/www.skagentraad.dk\/\",\"logo\":{\"@type\":\"ImageObject\",\"inLanguage\":\"en-GB\",\"@id\":\"https:\/\/www.skagentraad.dk\/#\/schema\/logo\/image\/\",\"url\":\"https:\/\/www.skagentraad.dk\/wp-content\/uploads\/2015\/01\/logo_top.png\",\"contentUrl\":\"https:\/\/www.skagentraad.dk\/wp-content\/uploads\/2015\/01\/logo_top.png\",\"width\":350,\"height\":108,\"caption\":\"Skagen Tr\u00e5dindustri\"},\"image\":{\"@id\":\"https:\/\/www.skagentraad.dk\/#\/schema\/logo\/image\/\"}}]}<\/script>\n<!-- \/ Yoast SEO plugin. -->","yoast_head_json":{"title":"Selvsk\u00e6rende murbinder - Skagen Tr\u00e5dindustri - +45 70 20 05 07","description":"Hos Skagen Tr\u00e5dindustri producerer vi selv murbindere i allerh\u00f8jeste st\u00e5lkvalitet. Blandt andet denne selvsk\u00e6rende murbinder.","robots":{"index":"index","follow":"follow","max-snippet":"max-snippet:-1","max-image-preview":"max-image-preview:large","max-video-preview":"max-video-preview:-1"},"canonical":"https:\/\/www.skagentraad.dk\/en\/product\/selvskaerende-murbinder\/","og_locale":"en_GB","og_type":"article","og_title":"Selvsk\u00e6rende murbinder - Skagen Tr\u00e5dindustri - +45 70 20 05 07","og_description":"Hos Skagen Tr\u00e5dindustri producerer vi selv murbindere i allerh\u00f8jeste st\u00e5lkvalitet. Blandt andet denne selvsk\u00e6rende murbinder.","og_url":"https:\/\/www.skagentraad.dk\/en\/product\/selvskaerende-murbinder\/","og_site_name":"Skagen Tr\u00e5dindustri","article_modified_time":"2022-02-02T10:47:37+00:00","og_image":[{"width":1920,"height":2560,"url":"https:\/\/www.skagentraad.dk\/wp-content\/uploads\/2021\/02\/Selvskaerende-murbinder-1-scaled.jpg","type":"image\/jpeg"}],"twitter_card":"summary_large_image","twitter_misc":{"Estimated reading time":"1 minute"},"schema":{"@context":"https:\/\/schema.org","@graph":[{"@type":"WebPage","@id":"https:\/\/www.skagentraad.dk\/product\/selvskaerende-murbinder\/","url":"https:\/\/www.skagentraad.dk\/product\/selvskaerende-murbinder\/","name":"Selvsk\u00e6rende murbinder - Skagen Tr\u00e5dindustri - +45 70 20 05 07","isPartOf":{"@id":"https:\/\/www.skagentraad.dk\/#website"},"datePublished":"2015-03-17T09:57:42+00:00","dateModified":"2022-02-02T10:47:37+00:00","description":"Hos Skagen Tr\u00e5dindustri producerer vi selv murbindere i allerh\u00f8jeste st\u00e5lkvalitet. Blandt andet denne selvsk\u00e6rende murbinder.","breadcrumb":{"@id":"https:\/\/www.skagentraad.dk\/product\/selvskaerende-murbinder\/#breadcrumb"},"inLanguage":"en-GB","potentialAction":[{"@type":"ReadAction","target":["https:\/\/www.skagentraad.dk\/product\/selvskaerende-murbinder\/"]}]},{"@type":"BreadcrumbList","@id":"https:\/\/www.skagentraad.dk\/product\/selvskaerende-murbinder\/#breadcrumb","itemListElement":[{"@type":"ListItem","position":1,"name":"Hjem","item":"https:\/\/www.skagentraad.dk\/"},{"@type":"ListItem","position":2,"name":"Produkter","item":"https:\/\/www.skagentraad.dk\/produkter\/"},{"@type":"ListItem","position":3,"name":"Mur","item":"https:\/\/www.skagentraad.dk\/product-category\/mur\/"},{"@type":"ListItem","position":4,"name":"SELVSK\u00c6RENDE MURBINDER"}]},{"@type":"WebSite","@id":"https:\/\/www.skagentraad.dk\/#website","url":"https:\/\/www.skagentraad.dk\/","name":"Skagen Tr\u00e5dindustri","description":"Supplier of stainless reinforcing steel to the construction industry","publisher":{"@id":"https:\/\/www.skagentraad.dk\/#organization"},"potentialAction":[{"@type":"SearchAction","target":{"@type":"EntryPoint","urlTemplate":"https:\/\/www.skagentraad.dk\/?s={search_term_string}"},"query-input":"required name=search_term_string"}],"inLanguage":"en-GB"},{"@type":"Organization","@id":"https:\/\/www.skagentraad.dk\/#organization","name":"Skagen Tr\u00e5dindustri","url":"https:\/\/www.skagentraad.dk\/","logo":{"@type":"ImageObject","inLanguage":"en-GB","@id":"https:\/\/www.skagentraad.dk\/#\/schema\/logo\/image\/","url":"https:\/\/www.skagentraad.dk\/wp-content\/uploads\/2015\/01\/logo_top.png","contentUrl":"https:\/\/www.skagentraad.dk\/wp-content\/uploads\/2015\/01\/logo_top.png","width":350,"height":108,"caption":"Skagen Tr\u00e5dindustri"},"image":{"@id":"https:\/\/www.skagentraad.dk\/#\/schema\/logo\/image\/"}}]}},"_links":{"self":[{"href":"https:\/\/www.skagentraad.dk\/en\/wp-json\/wp\/v2\/product\/2212"}],"collection":[{"href":"https:\/\/www.skagentraad.dk\/en\/wp-json\/wp\/v2\/product"}],"about":[{"href":"https:\/\/www.skagentraad.dk\/en\/wp-json\/wp\/v2\/types\/product"}],"wp:featuredmedia":[{"embeddable":true,"href":"https:\/\/www.skagentraad.dk\/en\/wp-json\/wp\/v2\/media\/3170"}],"wp:attachment":[{"href":"https:\/\/www.skagentraad.dk\/en\/wp-json\/wp\/v2\/media?parent=2212"}],"wp:term":[{"taxonomy":"product_cat","embeddable":true,"href":"https:\/\/www.skagentraad.dk\/en\/wp-json\/wp\/v2\/product_cat?post=2212"},{"taxonomy":"product_tag","embeddable":true,"href":"https:\/\/www.skagentraad.dk\/en\/wp-json\/wp\/v2\/product_tag?post=2212"}],"curies":[{"name":"wp","href":"https:\/\/api.w.org\/{rel}","templated":true}]}}