{"id":2214,"date":"2015-03-17T10:24:08","date_gmt":"2015-03-17T10:24:08","guid":{"rendered":"http:\/\/www.skagentraad.dk\/?product=traegevinds-murbinder-med-boelge"},"modified":"2021-04-19T13:29:19","modified_gmt":"2021-04-19T13:29:19","slug":"traegevinds-murbinder-med-boelge","status":"publish","type":"product","link":"https:\/\/www.skagentraad.dk\/en\/product\/traegevinds-murbinder-med-boelge\/","title":{"rendered":"WALL TIE WITH WOOD THREAD AND WAVE"},"content":{"rendered":"<p><strong><span style=\"text-decoration: underline;\">Material - Wall tie with a wood thread and wave:<\/span><br \/>\n<\/strong>- Stainless steel A2 - EN 1.4301 - SS 142 332<br \/>\n- Acid proof steel A4 - EN 1.4401<br \/>\n- Tin bronze 2.1022 - CuSn6<\/p>\n<p>Certified according to EN 10088-5<\/p>\n<p><strong><span style=\"text-decoration: underline;\">Assembly of: Wall tie with a wood thread and wave<br \/>\n<\/span><\/strong>- This wall tie with wood thread and a wave has to be mounted by screwing it directly into wood.<br \/>\n- The wall tie has to be mounted in a dowel, when is has to be mounted in bricks or masonry.<br \/>\n- The wall tie is produced with a wave in the end, and therefore it is not necessary to fold it.<\/p>\n<p>This wall tie with a wave and wood thread is produced by Skagen Tr\u00e5dindustri.<\/p>\n\n<table id=\"tablepress-13\" class=\"tablepress tablepress-id-13\">\n<thead>\n<tr class=\"row-1 odd\">\n\t<th class=\"column-1\">Item number<\/th><th class=\"column-2\">DB-nummer<\/th><th class=\"column-3\">Diameter<\/th><th class=\"column-4\">Lengths<\/th><th class=\"column-5\">Quantity\/package<\/th><th class=\"column-6\">V\u00e6gt pr. stk. i kg. <\/th>\n<\/tr>\n<\/thead>\n<tbody class=\"row-hover\">\n<tr class=\"row-2 even\">\n\t<td class=\"column-1\">15303180<\/td><td class=\"column-2\"><\/td><td class=\"column-3\">Diam.: 3,00 mm.<\/td><td class=\"column-4\">180mm.<\/td><td class=\"column-5\">250<\/td><td class=\"column-6\">0,011 kg.<\/td>\n<\/tr>\n<tr class=\"row-3 odd\">\n\t<td class=\"column-1\"><\/td><td class=\"column-2\"><\/td><td class=\"column-3\"><\/td><td class=\"column-4\"><\/td><td class=\"column-5\"><\/td><td class=\"column-6\"><\/td>\n<\/tr>\n<tr class=\"row-4 even\">\n\t<td class=\"column-1\">15304120<\/td><td class=\"column-2\">2353951<\/td><td class=\"column-3\">Diam. 4,00 mm.<\/td><td class=\"column-4\">120mm.<\/td><td class=\"column-5\">250<\/td><td class=\"column-6\">0,013 kg.<\/td>\n<\/tr>\n<tr class=\"row-5 odd\">\n\t<td class=\"column-1\">15304170<\/td><td class=\"column-2\">2353952<\/td><td class=\"column-3\">Diam. 4,00 mm.<\/td><td class=\"column-4\">170mm.<\/td><td class=\"column-5\">250<\/td><td class=\"column-6\">0,017 kg.<\/td>\n<\/tr>\n<tr class=\"row-6 even\">\n\t<td class=\"column-1\">15304200<\/td><td class=\"column-2\">2358100<\/td><td class=\"column-3\">Diam. 4,00 mm.<\/td><td class=\"column-4\">200mm.<\/td><td class=\"column-5\">250<\/td><td class=\"column-6\">0,02 kg.<\/td>\n<\/tr>\n<tr class=\"row-7 odd\">\n\t<td class=\"column-1\">15304235<\/td><td class=\"column-2\">2353953<\/td><td class=\"column-3\">Diam. 4,00 mm.<\/td><td class=\"column-4\">235mm.<\/td><td class=\"column-5\">250<\/td><td class=\"column-6\">0,0235 kg.<\/td>\n<\/tr>\n<tr class=\"row-8 even\">\n\t<td class=\"column-1\">15304250<\/td><td class=\"column-2\">2358122<\/td><td class=\"column-3\">Diam. 4,00 mm.<\/td><td class=\"column-4\">250mm.<\/td><td class=\"column-5\">250<\/td><td class=\"column-6\">0,025 kg.<\/td>\n<\/tr>\n<tr class=\"row-9 odd\">\n\t<td class=\"column-1\">15304280<\/td><td class=\"column-2\">2353954<\/td><td class=\"column-3\">Diam. 4,00 mm.<\/td><td class=\"column-4\">280mm.<\/td><td class=\"column-5\">250<\/td><td class=\"column-6\">0,028 kg.<\/td>\n<\/tr>\n<tr class=\"row-10 even\">\n\t<td class=\"column-1\">15304300<\/td><td class=\"column-2\">2358126<\/td><td class=\"column-3\">Diam. 4,00 mm.<\/td><td class=\"column-4\">300mm.<\/td><td class=\"column-5\">250<\/td><td class=\"column-6\">0,03 kg.<\/td>\n<\/tr>\n<tr class=\"row-11 odd\">\n\t<td class=\"column-1\">15304330<\/td><td class=\"column-2\">2353955<\/td><td class=\"column-3\">Diam. 4,00 mm.<\/td><td class=\"column-4\">330mm.<\/td><td class=\"column-5\">250<\/td><td class=\"column-6\">0,033 kg.<\/td>\n<\/tr>\n<tr class=\"row-12 even\">\n\t<td class=\"column-1\">15304360<\/td><td class=\"column-2\">2353957<\/td><td class=\"column-3\">Diam. 4,00 mm.<\/td><td class=\"column-4\">360mm.<\/td><td class=\"column-5\">250<\/td><td class=\"column-6\">0,036 kg.<\/td>\n<\/tr>\n<tr class=\"row-13 odd\">\n\t<td class=\"column-1\">15304400<\/td><td class=\"column-2\">2358127<\/td><td class=\"column-3\">Diam. 4,00 mm.<\/td><td class=\"column-4\">400mm.<\/td><td class=\"column-5\">250<\/td><td class=\"column-6\">0,04 kg.<\/td>\n<\/tr>\n<tr class=\"row-14 even\">\n\t<td class=\"column-1\">15304450<\/td><td class=\"column-2\">2358130<\/td><td class=\"column-3\">Diam. 4,00 mm.<\/td><td class=\"column-4\">450mm.<\/td><td class=\"column-5\">250<\/td><td class=\"column-6\">0,045 kg.<\/td>\n<\/tr>\n<tr class=\"row-15 odd\">\n\t<td class=\"column-1\">15304500<\/td><td class=\"column-2\">2358139<\/td><td class=\"column-3\">Diam. 4,00 mm.<\/td><td class=\"column-4\">500mm.<\/td><td class=\"column-5\">250<\/td><td class=\"column-6\">0,05 kg.<\/td>\n<\/tr>\n<tr class=\"row-16 even\">\n\t<td class=\"column-1\">15304550<\/td><td class=\"column-2\">2358141<\/td><td class=\"column-3\">Diam. 4,00 mm.<\/td><td class=\"column-4\">550mm.<\/td><td class=\"column-5\">250<\/td><td class=\"column-6\">0,055 kg.<\/td>\n<\/tr>\n<tr class=\"row-17 odd\">\n\t<td class=\"column-1\">15304600<\/td><td class=\"column-2\">2358142<\/td><td class=\"column-3\">Diam. 4,00 mm.<\/td><td class=\"column-4\">600mm.<\/td><td class=\"column-5\">250<\/td><td class=\"column-6\">0,06 kg.<\/td>\n<\/tr>\n<tr class=\"row-18 even\">\n\t<td class=\"column-1\"><\/td><td class=\"column-2\"><\/td><td class=\"column-3\"><\/td><td class=\"column-4\"><\/td><td class=\"column-5\"><\/td><td class=\"column-6\"><\/td>\n<\/tr>\n<tr class=\"row-19 odd\">\n\t<td class=\"column-1\">ACCOMPANIMENT<\/td><td class=\"column-2\"><\/td><td class=\"column-3\"><\/td><td class=\"column-4\"><\/td><td class=\"column-5\"><\/td><td class=\"column-6\"><\/td>\n<\/tr>\n<tr class=\"row-20 even\">\n\t<td class=\"column-1\">16209102<\/td><td class=\"column-2\">2353852<\/td><td class=\"column-3\"><\/td><td class=\"column-4\">Dorn f. b\u00f8lgebinder<\/td><td class=\"column-5\">1<\/td><td class=\"column-6\"><\/td>\n<\/tr>\n<\/tbody>\n<\/table>\n<!-- #tablepress-13 from cache -->\n<span><span><a href=\"https:\/\/www.skagentraad.dk\/en\/\">Home<\/a><\/span><\/span>","protected":false},"excerpt":{"rendered":"[wpseo_breadcrumb]\n<p>Denne murbinder er med tr\u00e6gevind og b\u00f8lge, og derfor skal den ikke udrettes.<\/p>\n<p>Murbinder med tr\u00e6gevind og b\u00f8lge bruges til at forankre to v\u00e6gge med hulrum.<\/p>\n<p>&nbsp;<\/p>\n<p>&nbsp;<\/p>\n<p>&nbsp;<\/p>\n","protected":false},"featured_media":3123,"template":"","meta":[],"product_cat":[57,59],"product_tag":[],"yoast_head":"<!-- This site is optimized with the Yoast SEO plugin v19.13 - https:\/\/yoast.com\/wordpress\/plugins\/seo\/ -->\n<title>Tr\u00e6gevindsmurbinder med b\u00f8lge - Skagen Tr\u00e5dindustri<\/title>\n<meta name=\"description\" content=\"Skagen Tr\u00e5dindustri producerer mange forskellige slags murbindere. Blandt andet en tr\u00e6gevindsmurbinder med b\u00f8lge i forskellig kvaliteter.\" \/>\n<meta name=\"robots\" content=\"index, follow, max-snippet:-1, max-image-preview:large, max-video-preview:-1\" \/>\n<link rel=\"canonical\" href=\"https:\/\/www.skagentraad.dk\/en\/product\/traegevinds-murbinder-med-boelge\/\" \/>\n<meta property=\"og:locale\" content=\"en_GB\" \/>\n<meta property=\"og:type\" content=\"article\" \/>\n<meta property=\"og:title\" content=\"Tr\u00e6gevindsmurbinder med b\u00f8lge - Skagen Tr\u00e5dindustri\" \/>\n<meta property=\"og:description\" content=\"Skagen Tr\u00e5dindustri producerer mange forskellige slags murbindere. Blandt andet en tr\u00e6gevindsmurbinder med b\u00f8lge i forskellig kvaliteter.\" \/>\n<meta property=\"og:url\" content=\"https:\/\/www.skagentraad.dk\/en\/product\/traegevinds-murbinder-med-boelge\/\" \/>\n<meta property=\"og:site_name\" content=\"Skagen Tr\u00e5dindustri\" \/>\n<meta property=\"article:modified_time\" content=\"2021-04-19T13:29:19+00:00\" \/>\n<meta property=\"og:image\" content=\"https:\/\/www.skagentraad.dk\/wp-content\/uploads\/2021\/02\/Traegevindsmurbinder-med-boelge-scaled.jpg\" \/>\n\t<meta property=\"og:image:width\" content=\"1920\" \/>\n\t<meta property=\"og:image:height\" content=\"2560\" \/>\n\t<meta property=\"og:image:type\" content=\"image\/jpeg\" \/>\n<meta name=\"twitter:card\" content=\"summary_large_image\" \/>\n<meta name=\"twitter:label1\" content=\"Estimated reading time\" \/>\n\t<meta name=\"twitter:data1\" content=\"1 minute\" \/>\n<script type=\"application\/ld+json\" class=\"yoast-schema-graph\">{\"@context\":\"https:\/\/schema.org\",\"@graph\":[{\"@type\":\"WebPage\",\"@id\":\"https:\/\/www.skagentraad.dk\/en\/product\/traegevinds-murbinder-med-boelge\/\",\"url\":\"https:\/\/www.skagentraad.dk\/en\/product\/traegevinds-murbinder-med-boelge\/\",\"name\":\"Tr\u00e6gevindsmurbinder med b\u00f8lge - Skagen Tr\u00e5dindustri\",\"isPartOf\":{\"@id\":\"https:\/\/www.skagentraad.dk\/#website\"},\"datePublished\":\"2015-03-17T10:24:08+00:00\",\"dateModified\":\"2021-04-19T13:29:19+00:00\",\"description\":\"Skagen Tr\u00e5dindustri producerer mange forskellige slags murbindere. Blandt andet en tr\u00e6gevindsmurbinder med b\u00f8lge i forskellig kvaliteter.\",\"breadcrumb\":{\"@id\":\"https:\/\/www.skagentraad.dk\/en\/product\/traegevinds-murbinder-med-boelge\/#breadcrumb\"},\"inLanguage\":\"en-GB\",\"potentialAction\":[{\"@type\":\"ReadAction\",\"target\":[\"https:\/\/www.skagentraad.dk\/en\/product\/traegevinds-murbinder-med-boelge\/\"]}]},{\"@type\":\"BreadcrumbList\",\"@id\":\"https:\/\/www.skagentraad.dk\/en\/product\/traegevinds-murbinder-med-boelge\/#breadcrumb\",\"itemListElement\":[{\"@type\":\"ListItem\",\"position\":1,\"name\":\"Hjem\",\"item\":\"https:\/\/www.skagentraad.dk\/\"},{\"@type\":\"ListItem\",\"position\":2,\"name\":\"Produkter\",\"item\":\"https:\/\/www.skagentraad.dk\/produkter\/\"},{\"@type\":\"ListItem\",\"position\":3,\"name\":\"Mur\",\"item\":\"https:\/\/www.skagentraad.dk\/product-category\/mur\/\"},{\"@type\":\"ListItem\",\"position\":4,\"name\":\"Montagebindere\",\"item\":\"https:\/\/www.skagentraad.dk\/en\/product-category\/mur\/montagebindere\/\"},{\"@type\":\"ListItem\",\"position\":5,\"name\":\"TR\u00c6GEVINDS MURBINDER MED B\u00d8LGE\"}]},{\"@type\":\"WebSite\",\"@id\":\"https:\/\/www.skagentraad.dk\/#website\",\"url\":\"https:\/\/www.skagentraad.dk\/\",\"name\":\"Skagen Tr\u00e5dindustri\",\"description\":\"Leverand\u00f8r af rustfrit armeringsst\u00e5l til brug for bygge- og anl\u00e6gsbranchen\",\"publisher\":{\"@id\":\"https:\/\/www.skagentraad.dk\/#organization\"},\"potentialAction\":[{\"@type\":\"SearchAction\",\"target\":{\"@type\":\"EntryPoint\",\"urlTemplate\":\"https:\/\/www.skagentraad.dk\/?s={search_term_string}\"},\"query-input\":\"required name=search_term_string\"}],\"inLanguage\":\"en-GB\"},{\"@type\":\"Organization\",\"@id\":\"https:\/\/www.skagentraad.dk\/#organization\",\"name\":\"Skagen Tr\u00e5dindustri\",\"url\":\"https:\/\/www.skagentraad.dk\/\",\"logo\":{\"@type\":\"ImageObject\",\"inLanguage\":\"en-GB\",\"@id\":\"https:\/\/www.skagentraad.dk\/#\/schema\/logo\/image\/\",\"url\":\"https:\/\/www.skagentraad.dk\/wp-content\/uploads\/2015\/01\/logo_top.png\",\"contentUrl\":\"https:\/\/www.skagentraad.dk\/wp-content\/uploads\/2015\/01\/logo_top.png\",\"width\":350,\"height\":108,\"caption\":\"Skagen Tr\u00e5dindustri\"},\"image\":{\"@id\":\"https:\/\/www.skagentraad.dk\/#\/schema\/logo\/image\/\"}}]}<\/script>\n<!-- \/ Yoast SEO plugin. -->","yoast_head_json":{"title":"Tr\u00e6gevindsmurbinder med b\u00f8lge - Skagen Tr\u00e5dindustri","description":"Skagen Tr\u00e5dindustri producerer mange forskellige slags murbindere. Blandt andet en tr\u00e6gevindsmurbinder med b\u00f8lge i forskellig kvaliteter.","robots":{"index":"index","follow":"follow","max-snippet":"max-snippet:-1","max-image-preview":"max-image-preview:large","max-video-preview":"max-video-preview:-1"},"canonical":"https:\/\/www.skagentraad.dk\/en\/product\/traegevinds-murbinder-med-boelge\/","og_locale":"en_GB","og_type":"article","og_title":"Tr\u00e6gevindsmurbinder med b\u00f8lge - Skagen Tr\u00e5dindustri","og_description":"Skagen Tr\u00e5dindustri producerer mange forskellige slags murbindere. Blandt andet en tr\u00e6gevindsmurbinder med b\u00f8lge i forskellig kvaliteter.","og_url":"https:\/\/www.skagentraad.dk\/en\/product\/traegevinds-murbinder-med-boelge\/","og_site_name":"Skagen Tr\u00e5dindustri","article_modified_time":"2021-04-19T13:29:19+00:00","og_image":[{"width":1920,"height":2560,"url":"https:\/\/www.skagentraad.dk\/wp-content\/uploads\/2021\/02\/Traegevindsmurbinder-med-boelge-scaled.jpg","type":"image\/jpeg"}],"twitter_card":"summary_large_image","twitter_misc":{"Estimated reading time":"1 minute"},"schema":{"@context":"https:\/\/schema.org","@graph":[{"@type":"WebPage","@id":"https:\/\/www.skagentraad.dk\/en\/product\/traegevinds-murbinder-med-boelge\/","url":"https:\/\/www.skagentraad.dk\/en\/product\/traegevinds-murbinder-med-boelge\/","name":"Tr\u00e6gevindsmurbinder med b\u00f8lge - Skagen Tr\u00e5dindustri","isPartOf":{"@id":"https:\/\/www.skagentraad.dk\/#website"},"datePublished":"2015-03-17T10:24:08+00:00","dateModified":"2021-04-19T13:29:19+00:00","description":"Skagen Tr\u00e5dindustri producerer mange forskellige slags murbindere. Blandt andet en tr\u00e6gevindsmurbinder med b\u00f8lge i forskellig kvaliteter.","breadcrumb":{"@id":"https:\/\/www.skagentraad.dk\/en\/product\/traegevinds-murbinder-med-boelge\/#breadcrumb"},"inLanguage":"en-GB","potentialAction":[{"@type":"ReadAction","target":["https:\/\/www.skagentraad.dk\/en\/product\/traegevinds-murbinder-med-boelge\/"]}]},{"@type":"BreadcrumbList","@id":"https:\/\/www.skagentraad.dk\/en\/product\/traegevinds-murbinder-med-boelge\/#breadcrumb","itemListElement":[{"@type":"ListItem","position":1,"name":"Hjem","item":"https:\/\/www.skagentraad.dk\/"},{"@type":"ListItem","position":2,"name":"Produkter","item":"https:\/\/www.skagentraad.dk\/produkter\/"},{"@type":"ListItem","position":3,"name":"Mur","item":"https:\/\/www.skagentraad.dk\/product-category\/mur\/"},{"@type":"ListItem","position":4,"name":"Montagebindere","item":"https:\/\/www.skagentraad.dk\/en\/product-category\/mur\/montagebindere\/"},{"@type":"ListItem","position":5,"name":"TR\u00c6GEVINDS MURBINDER MED B\u00d8LGE"}]},{"@type":"WebSite","@id":"https:\/\/www.skagentraad.dk\/#website","url":"https:\/\/www.skagentraad.dk\/","name":"Skagen Tr\u00e5dindustri","description":"Supplier of stainless reinforcing steel to the construction industry","publisher":{"@id":"https:\/\/www.skagentraad.dk\/#organization"},"potentialAction":[{"@type":"SearchAction","target":{"@type":"EntryPoint","urlTemplate":"https:\/\/www.skagentraad.dk\/?s={search_term_string}"},"query-input":"required name=search_term_string"}],"inLanguage":"en-GB"},{"@type":"Organization","@id":"https:\/\/www.skagentraad.dk\/#organization","name":"Skagen Tr\u00e5dindustri","url":"https:\/\/www.skagentraad.dk\/","logo":{"@type":"ImageObject","inLanguage":"en-GB","@id":"https:\/\/www.skagentraad.dk\/#\/schema\/logo\/image\/","url":"https:\/\/www.skagentraad.dk\/wp-content\/uploads\/2015\/01\/logo_top.png","contentUrl":"https:\/\/www.skagentraad.dk\/wp-content\/uploads\/2015\/01\/logo_top.png","width":350,"height":108,"caption":"Skagen Tr\u00e5dindustri"},"image":{"@id":"https:\/\/www.skagentraad.dk\/#\/schema\/logo\/image\/"}}]}},"_links":{"self":[{"href":"https:\/\/www.skagentraad.dk\/en\/wp-json\/wp\/v2\/product\/2214"}],"collection":[{"href":"https:\/\/www.skagentraad.dk\/en\/wp-json\/wp\/v2\/product"}],"about":[{"href":"https:\/\/www.skagentraad.dk\/en\/wp-json\/wp\/v2\/types\/product"}],"wp:featuredmedia":[{"embeddable":true,"href":"https:\/\/www.skagentraad.dk\/en\/wp-json\/wp\/v2\/media\/3123"}],"wp:attachment":[{"href":"https:\/\/www.skagentraad.dk\/en\/wp-json\/wp\/v2\/media?parent=2214"}],"wp:term":[{"taxonomy":"product_cat","embeddable":true,"href":"https:\/\/www.skagentraad.dk\/en\/wp-json\/wp\/v2\/product_cat?post=2214"},{"taxonomy":"product_tag","embeddable":true,"href":"https:\/\/www.skagentraad.dk\/en\/wp-json\/wp\/v2\/product_tag?post=2214"}],"curies":[{"name":"wp","href":"https:\/\/api.w.org\/{rel}","templated":true}]}}