{"id":2217,"date":"2015-03-17T10:39:51","date_gmt":"2015-03-17T10:39:51","guid":{"rendered":"http:\/\/www.skagentraad.dk\/?product=tilbehoer"},"modified":"2022-03-10T10:09:28","modified_gmt":"2022-03-10T10:09:28","slug":"tilbehoer","status":"publish","type":"product","link":"https:\/\/www.skagentraad.dk\/en\/product\/tilbehoer\/","title":{"rendered":"NYLON DOWEL &amp; INSULATION CLIPS"},"content":{"rendered":"<p><strong>Nylon Dowels &amp; ISO-clips: <\/strong><\/p>\n<p>Dowels for wall ties: Orange is for 3 mm. and the blue is for 4 mm.<\/p>\n<p>Isoleringsclips til murbinder: \u00d83-\u00d84 mm.<\/p>\n\n<table id=\"tablepress-16\" class=\"tablepress tablepress-id-16\">\n<thead>\n<tr class=\"row-1 odd\">\n\t<th class=\"column-1\">Item number<\/th><th class=\"column-2\">DB-nummer<\/th><th class=\"column-3\">Dimension<\/th><th class=\"column-4\">Quantity\/package<\/th>\n<\/tr>\n<\/thead>\n<tbody class=\"row-hover\">\n<tr class=\"row-2 even\">\n\t<td class=\"column-1\">16301001<\/td><td class=\"column-2\">2353979<\/td><td class=\"column-3\">Insulation clips diam. 3-5<\/td><td class=\"column-4\">250<\/td>\n<\/tr>\n<tr class=\"row-3 odd\">\n\t<td class=\"column-1\">16301002<\/td><td class=\"column-2\">2353337<\/td><td class=\"column-3\">Nylon dowel . diam. 3x50<\/td><td class=\"column-4\">250<\/td>\n<\/tr>\n<tr class=\"row-4 even\">\n\t<td class=\"column-1\">16301003<\/td><td class=\"column-2\">2353978<\/td><td class=\"column-3\">Nylon dowel . diam. 4x50<\/td><td class=\"column-4\">250<\/td>\n<\/tr>\n<tr class=\"row-5 odd\">\n\t<td class=\"column-1\">16301008<\/td><td class=\"column-2\"><\/td><td class=\"column-3\">Nylon Dybel \u00d88 mm.<\/td><td class=\"column-4\">250<\/td>\n<\/tr>\n<\/tbody>\n<\/table>\n<!-- #tablepress-16 from cache -->\n<span><span><a href=\"https:\/\/www.skagentraad.dk\/en\/\">Home<\/a><\/span><\/span>","protected":false},"excerpt":{"rendered":"[wpseo_breadcrumb]\n<p>Isolerings clips anvendes hvor hulrummet er st\u00f8rre end isoleringstykkelsen, eller for at holde isoleringen v\u00e6k fra formuren.<\/p>\n<p>Nylondybler bruges til fastg\u00f8relse af murbinder.<\/p>\n[table id=16 \/]\n<p>&nbsp;<\/p>\n","protected":false},"featured_media":3142,"template":"","meta":[],"product_cat":[57,59,70,71],"product_tag":[87,82,75],"yoast_head":"<!-- This site is optimized with the Yoast SEO plugin v19.13 - https:\/\/yoast.com\/wordpress\/plugins\/seo\/ -->\n<title>Nylondybler &amp; ISO-clips - Skagen Tr\u00e5dindustri - +45 70 20 05 07<\/title>\n<meta name=\"description\" content=\"Skagen Tr\u00e5dindustri tilbyder et stort udvalg af tilbeh\u00f8r til vores produkter. Heriblandt b\u00e5de nylondybler og ISO-clips til murbindere.\" \/>\n<meta name=\"robots\" content=\"index, follow, max-snippet:-1, max-image-preview:large, max-video-preview:-1\" \/>\n<link rel=\"canonical\" href=\"https:\/\/www.skagentraad.dk\/en\/product\/tilbehoer\/\" \/>\n<meta property=\"og:locale\" content=\"en_GB\" \/>\n<meta property=\"og:type\" content=\"article\" \/>\n<meta property=\"og:title\" content=\"Nylondybler &amp; ISO-clips - Skagen Tr\u00e5dindustri - +45 70 20 05 07\" \/>\n<meta property=\"og:description\" content=\"Skagen Tr\u00e5dindustri tilbyder et stort udvalg af tilbeh\u00f8r til vores produkter. Heriblandt b\u00e5de nylondybler og ISO-clips til murbindere.\" \/>\n<meta property=\"og:url\" content=\"https:\/\/www.skagentraad.dk\/en\/product\/tilbehoer\/\" \/>\n<meta property=\"og:site_name\" content=\"Skagen Tr\u00e5dindustri\" \/>\n<meta property=\"article:modified_time\" content=\"2022-03-10T10:09:28+00:00\" \/>\n<meta property=\"og:image\" content=\"https:\/\/www.skagentraad.dk\/wp-content\/uploads\/2021\/02\/Dybler-og-clips.jpg\" \/>\n\t<meta property=\"og:image:width\" content=\"480\" \/>\n\t<meta property=\"og:image:height\" content=\"640\" \/>\n\t<meta property=\"og:image:type\" content=\"image\/jpeg\" \/>\n<meta name=\"twitter:card\" content=\"summary_large_image\" \/>\n<meta name=\"twitter:label1\" content=\"Estimated reading time\" \/>\n\t<meta name=\"twitter:data1\" content=\"1 minute\" \/>\n<script type=\"application\/ld+json\" class=\"yoast-schema-graph\">{\"@context\":\"https:\/\/schema.org\",\"@graph\":[{\"@type\":\"WebPage\",\"@id\":\"https:\/\/www.skagentraad.dk\/product\/tilbehoer\/\",\"url\":\"https:\/\/www.skagentraad.dk\/product\/tilbehoer\/\",\"name\":\"Nylondybler & ISO-clips - Skagen Tr\u00e5dindustri - +45 70 20 05 07\",\"isPartOf\":{\"@id\":\"https:\/\/www.skagentraad.dk\/#website\"},\"datePublished\":\"2015-03-17T10:39:51+00:00\",\"dateModified\":\"2022-03-10T10:09:28+00:00\",\"description\":\"Skagen Tr\u00e5dindustri tilbyder et stort udvalg af tilbeh\u00f8r til vores produkter. Heriblandt b\u00e5de nylondybler og ISO-clips til murbindere.\",\"breadcrumb\":{\"@id\":\"https:\/\/www.skagentraad.dk\/product\/tilbehoer\/#breadcrumb\"},\"inLanguage\":\"en-GB\",\"potentialAction\":[{\"@type\":\"ReadAction\",\"target\":[\"https:\/\/www.skagentraad.dk\/product\/tilbehoer\/\"]}]},{\"@type\":\"BreadcrumbList\",\"@id\":\"https:\/\/www.skagentraad.dk\/product\/tilbehoer\/#breadcrumb\",\"itemListElement\":[{\"@type\":\"ListItem\",\"position\":1,\"name\":\"Hjem\",\"item\":\"https:\/\/www.skagentraad.dk\/\"},{\"@type\":\"ListItem\",\"position\":2,\"name\":\"Produkter\",\"item\":\"https:\/\/www.skagentraad.dk\/produkter\/\"},{\"@type\":\"ListItem\",\"position\":3,\"name\":\"Mur\",\"item\":\"https:\/\/www.skagentraad.dk\/product-category\/mur\/\"},{\"@type\":\"ListItem\",\"position\":4,\"name\":\"Montagebindere\",\"item\":\"https:\/\/www.skagentraad.dk\/en\/product-category\/mur\/montagebindere\/\"},{\"@type\":\"ListItem\",\"position\":5,\"name\":\"NYLON DYBLER &#038; ISO-CLIPS\"}]},{\"@type\":\"WebSite\",\"@id\":\"https:\/\/www.skagentraad.dk\/#website\",\"url\":\"https:\/\/www.skagentraad.dk\/\",\"name\":\"Skagen Tr\u00e5dindustri\",\"description\":\"Leverand\u00f8r af rustfrit armeringsst\u00e5l til brug for bygge- og anl\u00e6gsbranchen\",\"publisher\":{\"@id\":\"https:\/\/www.skagentraad.dk\/#organization\"},\"potentialAction\":[{\"@type\":\"SearchAction\",\"target\":{\"@type\":\"EntryPoint\",\"urlTemplate\":\"https:\/\/www.skagentraad.dk\/?s={search_term_string}\"},\"query-input\":\"required name=search_term_string\"}],\"inLanguage\":\"en-GB\"},{\"@type\":\"Organization\",\"@id\":\"https:\/\/www.skagentraad.dk\/#organization\",\"name\":\"Skagen Tr\u00e5dindustri\",\"url\":\"https:\/\/www.skagentraad.dk\/\",\"logo\":{\"@type\":\"ImageObject\",\"inLanguage\":\"en-GB\",\"@id\":\"https:\/\/www.skagentraad.dk\/#\/schema\/logo\/image\/\",\"url\":\"https:\/\/www.skagentraad.dk\/wp-content\/uploads\/2015\/01\/logo_top.png\",\"contentUrl\":\"https:\/\/www.skagentraad.dk\/wp-content\/uploads\/2015\/01\/logo_top.png\",\"width\":350,\"height\":108,\"caption\":\"Skagen Tr\u00e5dindustri\"},\"image\":{\"@id\":\"https:\/\/www.skagentraad.dk\/#\/schema\/logo\/image\/\"}}]}<\/script>\n<!-- \/ Yoast SEO plugin. -->","yoast_head_json":{"title":"Nylondybler & ISO-clips - Skagen Tr\u00e5dindustri - +45 70 20 05 07","description":"Skagen Tr\u00e5dindustri tilbyder et stort udvalg af tilbeh\u00f8r til vores produkter. Heriblandt b\u00e5de nylondybler og ISO-clips til murbindere.","robots":{"index":"index","follow":"follow","max-snippet":"max-snippet:-1","max-image-preview":"max-image-preview:large","max-video-preview":"max-video-preview:-1"},"canonical":"https:\/\/www.skagentraad.dk\/en\/product\/tilbehoer\/","og_locale":"en_GB","og_type":"article","og_title":"Nylondybler & ISO-clips - Skagen Tr\u00e5dindustri - +45 70 20 05 07","og_description":"Skagen Tr\u00e5dindustri tilbyder et stort udvalg af tilbeh\u00f8r til vores produkter. Heriblandt b\u00e5de nylondybler og ISO-clips til murbindere.","og_url":"https:\/\/www.skagentraad.dk\/en\/product\/tilbehoer\/","og_site_name":"Skagen Tr\u00e5dindustri","article_modified_time":"2022-03-10T10:09:28+00:00","og_image":[{"width":480,"height":640,"url":"https:\/\/www.skagentraad.dk\/wp-content\/uploads\/2021\/02\/Dybler-og-clips.jpg","type":"image\/jpeg"}],"twitter_card":"summary_large_image","twitter_misc":{"Estimated reading time":"1 minute"},"schema":{"@context":"https:\/\/schema.org","@graph":[{"@type":"WebPage","@id":"https:\/\/www.skagentraad.dk\/product\/tilbehoer\/","url":"https:\/\/www.skagentraad.dk\/product\/tilbehoer\/","name":"Nylondybler & ISO-clips - Skagen Tr\u00e5dindustri - +45 70 20 05 07","isPartOf":{"@id":"https:\/\/www.skagentraad.dk\/#website"},"datePublished":"2015-03-17T10:39:51+00:00","dateModified":"2022-03-10T10:09:28+00:00","description":"Skagen Tr\u00e5dindustri tilbyder et stort udvalg af tilbeh\u00f8r til vores produkter. Heriblandt b\u00e5de nylondybler og ISO-clips til murbindere.","breadcrumb":{"@id":"https:\/\/www.skagentraad.dk\/product\/tilbehoer\/#breadcrumb"},"inLanguage":"en-GB","potentialAction":[{"@type":"ReadAction","target":["https:\/\/www.skagentraad.dk\/product\/tilbehoer\/"]}]},{"@type":"BreadcrumbList","@id":"https:\/\/www.skagentraad.dk\/product\/tilbehoer\/#breadcrumb","itemListElement":[{"@type":"ListItem","position":1,"name":"Hjem","item":"https:\/\/www.skagentraad.dk\/"},{"@type":"ListItem","position":2,"name":"Produkter","item":"https:\/\/www.skagentraad.dk\/produkter\/"},{"@type":"ListItem","position":3,"name":"Mur","item":"https:\/\/www.skagentraad.dk\/product-category\/mur\/"},{"@type":"ListItem","position":4,"name":"Montagebindere","item":"https:\/\/www.skagentraad.dk\/en\/product-category\/mur\/montagebindere\/"},{"@type":"ListItem","position":5,"name":"NYLON DYBLER &#038; ISO-CLIPS"}]},{"@type":"WebSite","@id":"https:\/\/www.skagentraad.dk\/#website","url":"https:\/\/www.skagentraad.dk\/","name":"Skagen Tr\u00e5dindustri","description":"Supplier of stainless reinforcing steel to the construction industry","publisher":{"@id":"https:\/\/www.skagentraad.dk\/#organization"},"potentialAction":[{"@type":"SearchAction","target":{"@type":"EntryPoint","urlTemplate":"https:\/\/www.skagentraad.dk\/?s={search_term_string}"},"query-input":"required name=search_term_string"}],"inLanguage":"en-GB"},{"@type":"Organization","@id":"https:\/\/www.skagentraad.dk\/#organization","name":"Skagen Tr\u00e5dindustri","url":"https:\/\/www.skagentraad.dk\/","logo":{"@type":"ImageObject","inLanguage":"en-GB","@id":"https:\/\/www.skagentraad.dk\/#\/schema\/logo\/image\/","url":"https:\/\/www.skagentraad.dk\/wp-content\/uploads\/2015\/01\/logo_top.png","contentUrl":"https:\/\/www.skagentraad.dk\/wp-content\/uploads\/2015\/01\/logo_top.png","width":350,"height":108,"caption":"Skagen Tr\u00e5dindustri"},"image":{"@id":"https:\/\/www.skagentraad.dk\/#\/schema\/logo\/image\/"}}]}},"_links":{"self":[{"href":"https:\/\/www.skagentraad.dk\/en\/wp-json\/wp\/v2\/product\/2217"}],"collection":[{"href":"https:\/\/www.skagentraad.dk\/en\/wp-json\/wp\/v2\/product"}],"about":[{"href":"https:\/\/www.skagentraad.dk\/en\/wp-json\/wp\/v2\/types\/product"}],"wp:featuredmedia":[{"embeddable":true,"href":"https:\/\/www.skagentraad.dk\/en\/wp-json\/wp\/v2\/media\/3142"}],"wp:attachment":[{"href":"https:\/\/www.skagentraad.dk\/en\/wp-json\/wp\/v2\/media?parent=2217"}],"wp:term":[{"taxonomy":"product_cat","embeddable":true,"href":"https:\/\/www.skagentraad.dk\/en\/wp-json\/wp\/v2\/product_cat?post=2217"},{"taxonomy":"product_tag","embeddable":true,"href":"https:\/\/www.skagentraad.dk\/en\/wp-json\/wp\/v2\/product_tag?post=2217"}],"curies":[{"name":"wp","href":"https:\/\/api.w.org\/{rel}","templated":true}]}}