{"id":2225,"date":"2015-03-17T11:10:53","date_gmt":"2015-03-17T11:10:53","guid":{"rendered":"http:\/\/www.skagentraad.dk\/?product=pudsehjoernerhjoernejern"},"modified":"2021-04-20T07:34:21","modified_gmt":"2021-04-20T07:34:21","slug":"pudsehjoernerhjoernejern","status":"publish","type":"product","link":"https:\/\/www.skagentraad.dk\/en\/product\/pudsehjoernerhjoernejern\/","title":{"rendered":"CORNER IRON"},"content":{"rendered":"<p>Corner Iron can be delivered in various lengths and in bundles of 25 pieces.<\/p>\n\n<table id=\"tablepress-19\" class=\"tablepress tablepress-id-19\">\n<thead>\n<tr class=\"row-1 odd\">\n\t<th class=\"column-1\">Item number<\/th><th class=\"column-2\">Dimension<\/th><th class=\"column-3\">Quantity\/package<\/th>\n<\/tr>\n<\/thead>\n<tbody class=\"row-hover\">\n<tr class=\"row-2 even\">\n\t<td class=\"column-1\">20500110<\/td><td class=\"column-2\">34x34 lg.2000mm.<\/td><td class=\"column-3\">25<\/td>\n<\/tr>\n<tr class=\"row-3 odd\">\n\t<td class=\"column-1\">20500111<\/td><td class=\"column-2\">34x34 lg.2500mm.<\/td><td class=\"column-3\">25<\/td>\n<\/tr>\n<\/tbody>\n<\/table>\n<!-- #tablepress-19 from cache -->\n<span><span><a href=\"https:\/\/www.skagentraad.dk\/en\/\">Home<\/a><\/span><\/span>","protected":false},"excerpt":{"rendered":"[wpseo_breadcrumb]\n<p>Anvendes til at forst\u00e6rke hj\u00f8rner p\u00e5 pudsede v\u00e6gflader med 12mm. pudstykkelse.<\/p>\n<p>&nbsp;<\/p>\n","protected":false},"featured_media":3228,"template":"","meta":[],"product_cat":[57,70,73],"product_tag":[86,75],"yoast_head":"<!-- This site is optimized with the Yoast SEO plugin v19.13 - https:\/\/yoast.com\/wordpress\/plugins\/seo\/ -->\n<title>Pudsehj\u00f8rne \/ hj\u00f8rnejern - Skagen Tr\u00e5dindustri - + 45 70 20 05 07<\/title>\n<meta name=\"description\" content=\"Skagen Tr\u00e5dindustri&#039;s pudsehj\u00f8rne er fantastisk til at forst\u00e6rke hj\u00f8rner p\u00e5 pudsede v\u00e6gflader i lejligheder, parcelhuse og lignende.\" \/>\n<meta name=\"robots\" content=\"index, follow, max-snippet:-1, max-image-preview:large, max-video-preview:-1\" \/>\n<link rel=\"canonical\" href=\"https:\/\/www.skagentraad.dk\/en\/product\/pudsehjoernerhjoernejern\/\" \/>\n<meta property=\"og:locale\" content=\"en_GB\" \/>\n<meta property=\"og:type\" content=\"article\" \/>\n<meta property=\"og:title\" content=\"Pudsehj\u00f8rne \/ hj\u00f8rnejern - Skagen Tr\u00e5dindustri - + 45 70 20 05 07\" \/>\n<meta property=\"og:description\" content=\"Skagen Tr\u00e5dindustri&#039;s pudsehj\u00f8rne er fantastisk til at forst\u00e6rke hj\u00f8rner p\u00e5 pudsede v\u00e6gflader i lejligheder, parcelhuse og lignende.\" \/>\n<meta property=\"og:url\" content=\"https:\/\/www.skagentraad.dk\/en\/product\/pudsehjoernerhjoernejern\/\" \/>\n<meta property=\"og:site_name\" content=\"Skagen Tr\u00e5dindustri\" \/>\n<meta property=\"article:modified_time\" content=\"2021-04-20T07:34:21+00:00\" \/>\n<meta property=\"og:image\" content=\"https:\/\/www.skagentraad.dk\/wp-content\/uploads\/2021\/02\/Pudsehjoerne.jpg\" \/>\n\t<meta property=\"og:image:width\" content=\"480\" \/>\n\t<meta property=\"og:image:height\" content=\"640\" \/>\n\t<meta property=\"og:image:type\" content=\"image\/jpeg\" \/>\n<meta name=\"twitter:card\" content=\"summary_large_image\" \/>\n<meta name=\"twitter:label1\" content=\"Estimated reading time\" \/>\n\t<meta name=\"twitter:data1\" content=\"1 minute\" \/>\n<script type=\"application\/ld+json\" class=\"yoast-schema-graph\">{\"@context\":\"https:\/\/schema.org\",\"@graph\":[{\"@type\":\"WebPage\",\"@id\":\"https:\/\/www.skagentraad.dk\/product\/pudsehjoernerhjoernejern\/\",\"url\":\"https:\/\/www.skagentraad.dk\/product\/pudsehjoernerhjoernejern\/\",\"name\":\"Pudsehj\u00f8rne \/ hj\u00f8rnejern - Skagen Tr\u00e5dindustri - + 45 70 20 05 07\",\"isPartOf\":{\"@id\":\"https:\/\/www.skagentraad.dk\/#website\"},\"datePublished\":\"2015-03-17T11:10:53+00:00\",\"dateModified\":\"2021-04-20T07:34:21+00:00\",\"description\":\"Skagen Tr\u00e5dindustri's pudsehj\u00f8rne er fantastisk til at forst\u00e6rke hj\u00f8rner p\u00e5 pudsede v\u00e6gflader i lejligheder, parcelhuse og lignende.\",\"breadcrumb\":{\"@id\":\"https:\/\/www.skagentraad.dk\/product\/pudsehjoernerhjoernejern\/#breadcrumb\"},\"inLanguage\":\"en-GB\",\"potentialAction\":[{\"@type\":\"ReadAction\",\"target\":[\"https:\/\/www.skagentraad.dk\/product\/pudsehjoernerhjoernejern\/\"]}]},{\"@type\":\"BreadcrumbList\",\"@id\":\"https:\/\/www.skagentraad.dk\/product\/pudsehjoernerhjoernejern\/#breadcrumb\",\"itemListElement\":[{\"@type\":\"ListItem\",\"position\":1,\"name\":\"Hjem\",\"item\":\"https:\/\/www.skagentraad.dk\/\"},{\"@type\":\"ListItem\",\"position\":2,\"name\":\"Produkter\",\"item\":\"https:\/\/www.skagentraad.dk\/produkter\/\"},{\"@type\":\"ListItem\",\"position\":3,\"name\":\"Tilbeh\u00f8r\",\"item\":\"https:\/\/www.skagentraad.dk\/product-category\/tilbehoer\/\"},{\"@type\":\"ListItem\",\"position\":4,\"name\":\"Diverse\",\"item\":\"https:\/\/www.skagentraad.dk\/product-category\/tilbehoer\/diverse\/\"},{\"@type\":\"ListItem\",\"position\":5,\"name\":\"PUDSEHJ\u00d8RNER\/HJ\u00d8RNEJERN\"}]},{\"@type\":\"WebSite\",\"@id\":\"https:\/\/www.skagentraad.dk\/#website\",\"url\":\"https:\/\/www.skagentraad.dk\/\",\"name\":\"Skagen Tr\u00e5dindustri\",\"description\":\"Leverand\u00f8r af rustfrit armeringsst\u00e5l til brug for bygge- og anl\u00e6gsbranchen\",\"publisher\":{\"@id\":\"https:\/\/www.skagentraad.dk\/#organization\"},\"potentialAction\":[{\"@type\":\"SearchAction\",\"target\":{\"@type\":\"EntryPoint\",\"urlTemplate\":\"https:\/\/www.skagentraad.dk\/?s={search_term_string}\"},\"query-input\":\"required name=search_term_string\"}],\"inLanguage\":\"en-GB\"},{\"@type\":\"Organization\",\"@id\":\"https:\/\/www.skagentraad.dk\/#organization\",\"name\":\"Skagen Tr\u00e5dindustri\",\"url\":\"https:\/\/www.skagentraad.dk\/\",\"logo\":{\"@type\":\"ImageObject\",\"inLanguage\":\"en-GB\",\"@id\":\"https:\/\/www.skagentraad.dk\/#\/schema\/logo\/image\/\",\"url\":\"https:\/\/www.skagentraad.dk\/wp-content\/uploads\/2015\/01\/logo_top.png\",\"contentUrl\":\"https:\/\/www.skagentraad.dk\/wp-content\/uploads\/2015\/01\/logo_top.png\",\"width\":350,\"height\":108,\"caption\":\"Skagen Tr\u00e5dindustri\"},\"image\":{\"@id\":\"https:\/\/www.skagentraad.dk\/#\/schema\/logo\/image\/\"}}]}<\/script>\n<!-- \/ Yoast SEO plugin. -->","yoast_head_json":{"title":"Pudsehj\u00f8rne \/ hj\u00f8rnejern - Skagen Tr\u00e5dindustri - + 45 70 20 05 07","description":"Skagen Tr\u00e5dindustri's pudsehj\u00f8rne er fantastisk til at forst\u00e6rke hj\u00f8rner p\u00e5 pudsede v\u00e6gflader i lejligheder, parcelhuse og lignende.","robots":{"index":"index","follow":"follow","max-snippet":"max-snippet:-1","max-image-preview":"max-image-preview:large","max-video-preview":"max-video-preview:-1"},"canonical":"https:\/\/www.skagentraad.dk\/en\/product\/pudsehjoernerhjoernejern\/","og_locale":"en_GB","og_type":"article","og_title":"Pudsehj\u00f8rne \/ hj\u00f8rnejern - Skagen Tr\u00e5dindustri - + 45 70 20 05 07","og_description":"Skagen Tr\u00e5dindustri's pudsehj\u00f8rne er fantastisk til at forst\u00e6rke hj\u00f8rner p\u00e5 pudsede v\u00e6gflader i lejligheder, parcelhuse og lignende.","og_url":"https:\/\/www.skagentraad.dk\/en\/product\/pudsehjoernerhjoernejern\/","og_site_name":"Skagen Tr\u00e5dindustri","article_modified_time":"2021-04-20T07:34:21+00:00","og_image":[{"width":480,"height":640,"url":"https:\/\/www.skagentraad.dk\/wp-content\/uploads\/2021\/02\/Pudsehjoerne.jpg","type":"image\/jpeg"}],"twitter_card":"summary_large_image","twitter_misc":{"Estimated reading time":"1 minute"},"schema":{"@context":"https:\/\/schema.org","@graph":[{"@type":"WebPage","@id":"https:\/\/www.skagentraad.dk\/product\/pudsehjoernerhjoernejern\/","url":"https:\/\/www.skagentraad.dk\/product\/pudsehjoernerhjoernejern\/","name":"Pudsehj\u00f8rne \/ hj\u00f8rnejern - Skagen Tr\u00e5dindustri - + 45 70 20 05 07","isPartOf":{"@id":"https:\/\/www.skagentraad.dk\/#website"},"datePublished":"2015-03-17T11:10:53+00:00","dateModified":"2021-04-20T07:34:21+00:00","description":"Skagen Tr\u00e5dindustri's pudsehj\u00f8rne er fantastisk til at forst\u00e6rke hj\u00f8rner p\u00e5 pudsede v\u00e6gflader i lejligheder, parcelhuse og lignende.","breadcrumb":{"@id":"https:\/\/www.skagentraad.dk\/product\/pudsehjoernerhjoernejern\/#breadcrumb"},"inLanguage":"en-GB","potentialAction":[{"@type":"ReadAction","target":["https:\/\/www.skagentraad.dk\/product\/pudsehjoernerhjoernejern\/"]}]},{"@type":"BreadcrumbList","@id":"https:\/\/www.skagentraad.dk\/product\/pudsehjoernerhjoernejern\/#breadcrumb","itemListElement":[{"@type":"ListItem","position":1,"name":"Hjem","item":"https:\/\/www.skagentraad.dk\/"},{"@type":"ListItem","position":2,"name":"Produkter","item":"https:\/\/www.skagentraad.dk\/produkter\/"},{"@type":"ListItem","position":3,"name":"Tilbeh\u00f8r","item":"https:\/\/www.skagentraad.dk\/product-category\/tilbehoer\/"},{"@type":"ListItem","position":4,"name":"Diverse","item":"https:\/\/www.skagentraad.dk\/product-category\/tilbehoer\/diverse\/"},{"@type":"ListItem","position":5,"name":"PUDSEHJ\u00d8RNER\/HJ\u00d8RNEJERN"}]},{"@type":"WebSite","@id":"https:\/\/www.skagentraad.dk\/#website","url":"https:\/\/www.skagentraad.dk\/","name":"Skagen Tr\u00e5dindustri","description":"Supplier of stainless reinforcing steel to the construction industry","publisher":{"@id":"https:\/\/www.skagentraad.dk\/#organization"},"potentialAction":[{"@type":"SearchAction","target":{"@type":"EntryPoint","urlTemplate":"https:\/\/www.skagentraad.dk\/?s={search_term_string}"},"query-input":"required name=search_term_string"}],"inLanguage":"en-GB"},{"@type":"Organization","@id":"https:\/\/www.skagentraad.dk\/#organization","name":"Skagen Tr\u00e5dindustri","url":"https:\/\/www.skagentraad.dk\/","logo":{"@type":"ImageObject","inLanguage":"en-GB","@id":"https:\/\/www.skagentraad.dk\/#\/schema\/logo\/image\/","url":"https:\/\/www.skagentraad.dk\/wp-content\/uploads\/2015\/01\/logo_top.png","contentUrl":"https:\/\/www.skagentraad.dk\/wp-content\/uploads\/2015\/01\/logo_top.png","width":350,"height":108,"caption":"Skagen Tr\u00e5dindustri"},"image":{"@id":"https:\/\/www.skagentraad.dk\/#\/schema\/logo\/image\/"}}]}},"_links":{"self":[{"href":"https:\/\/www.skagentraad.dk\/en\/wp-json\/wp\/v2\/product\/2225"}],"collection":[{"href":"https:\/\/www.skagentraad.dk\/en\/wp-json\/wp\/v2\/product"}],"about":[{"href":"https:\/\/www.skagentraad.dk\/en\/wp-json\/wp\/v2\/types\/product"}],"wp:featuredmedia":[{"embeddable":true,"href":"https:\/\/www.skagentraad.dk\/en\/wp-json\/wp\/v2\/media\/3228"}],"wp:attachment":[{"href":"https:\/\/www.skagentraad.dk\/en\/wp-json\/wp\/v2\/media?parent=2225"}],"wp:term":[{"taxonomy":"product_cat","embeddable":true,"href":"https:\/\/www.skagentraad.dk\/en\/wp-json\/wp\/v2\/product_cat?post=2225"},{"taxonomy":"product_tag","embeddable":true,"href":"https:\/\/www.skagentraad.dk\/en\/wp-json\/wp\/v2\/product_tag?post=2225"}],"curies":[{"name":"wp","href":"https:\/\/api.w.org\/{rel}","templated":true}]}}