{"id":2260,"date":"2015-03-26T12:05:22","date_gmt":"2015-03-26T12:05:22","guid":{"rendered":"http:\/\/www.skagentraad.dk\/?product=dorne"},"modified":"2023-11-16T09:57:53","modified_gmt":"2023-11-16T08:57:53","slug":"dorne","status":"publish","type":"product","link":"https:\/\/www.skagentraad.dk\/en\/product\/dorne\/","title":{"rendered":"PUNCH"},"content":{"rendered":"<p><strong>Skagen Tr\u00e5dindustri are offering many various punches:<\/strong><\/p>\n<p><strong>- Punch for <a href=\"https:\/\/www.skagentraad.dk\/en\/product\/ekspansion-murbindere\/\">wall tie to expansion<\/a> &#8211;<br \/>\n<\/strong><strong>- Proff punch to <a href=\"https:\/\/www.skagentraad.dk\/en\/product\/ekspansion-murbindere\/\">wall tie to expansion<\/a><br \/>\n<\/strong><strong>- Punch for <a href=\"https:\/\/www.skagentraad.dk\/en\/product\/dybel-indslagsbinder-med-boelge\/\">dowel weft binder <\/a><br \/>\n<\/strong><strong>- Punch for <a href=\"https:\/\/www.skagentraad.dk\/en\/product\/selvskaerende-murbindere\/\">self-cutting wall tie without a wave<\/a><br \/>\n<\/strong><strong>- Punch for <a href=\"https:\/\/www.skagentraad.dk\/en\/product\/traegevinds-murbinder-med-boelge\/\">wall tie with a wood thread<\/a> and <a href=\"https:\/\/www.skagentraad.dk\/en\/product\/selvskaerende-murbindere-med-boelge\/\">self-cutting wall tie with a wave\u00a0<\/a><\/strong><\/p>\n\n<table id=\"tablepress-36\" class=\"tablepress tablepress-id-36\">\n<thead>\n<tr class=\"row-1 odd\">\n\t<th class=\"column-1\">Item number<\/th><th class=\"column-2\">Dimension<\/th><th class=\"column-3\">Quantity\/package<\/th>\n<\/tr>\n<\/thead>\n<tbody class=\"row-hover\">\n<tr class=\"row-2 even\">\n\t<td class=\"column-1\">16209101<br \/>\n<\/td><td class=\"column-2\">Punch for self-cutting wall tie<\/td><td class=\"column-3\">1 piece<\/td>\n<\/tr>\n<tr class=\"row-3 odd\">\n\t<td class=\"column-1\">16209102<\/td><td class=\"column-2\">Punch for self-cutting wall tie with a wave<\/td><td class=\"column-3\">1 piece<\/td>\n<\/tr>\n<tr class=\"row-4 even\">\n\t<td class=\"column-1\">16209103<\/td><td class=\"column-2\">Punch for wall tie with wood thread and wave<\/td><td class=\"column-3\">1 piece<\/td>\n<\/tr>\n<tr class=\"row-5 odd\">\n\t<td class=\"column-1\">16209001<\/td><td class=\"column-2\">Punch for wall tie to expansion - semi proff<br \/>\n<\/td><td class=\"column-3\">1 piece<\/td>\n<\/tr>\n<tr class=\"row-6 even\">\n\t<td class=\"column-1\">16209003<br \/>\n<\/td><td class=\"column-2\">Punch for wall tie to expansion - Proff. lg. max 300 mm.<\/td><td class=\"column-3\">1 piece<\/td>\n<\/tr>\n<tr class=\"row-7 odd\">\n\t<td class=\"column-1\">16209004<br \/>\n<\/td><td class=\"column-2\">Punch for wall tie to expansion - Proff. lg. max. 400 mm.<\/td><td class=\"column-3\">1 piece<\/td>\n<\/tr>\n<tr class=\"row-8 even\">\n\t<td class=\"column-1\">16209005<\/td><td class=\"column-2\">Punch for wall tie to expansion - Proff. lg. max 500 mm.<\/td><td class=\"column-3\">1 piece<\/td>\n<\/tr>\n<tr class=\"row-9 odd\">\n\t<td class=\"column-1\">16209006<\/td><td class=\"column-2\">Punch for wall tie to expansion - Proff. lg. max 600 mm.<\/td><td class=\"column-3\">1 piece<\/td>\n<\/tr>\n<tr class=\"row-10 even\">\n\t<td class=\"column-1\">16209007<\/td><td class=\"column-2\">Punch for wall tie to expansion - Proff. lg. max 700 mm.<\/td><td class=\"column-3\">1 piece<\/td>\n<\/tr>\n<\/tbody>\n<\/table>\n<!-- #tablepress-36 from cache -->\n<span><span><a href=\"https:\/\/www.skagentraad.dk\/en\/\">Home<\/a><\/span><\/span>","protected":false},"excerpt":{"rendered":"<p><strong>Billede 2 &amp; 3:<br \/>\n&#8211; Dorn til <a href=\"https:\/\/www.skagentraad.dk\/product\/ekspansion-murbindere\/\">ekspansionsmurbinder<\/a> &#8211; medf\u00f8lger ved k\u00f8b af ekspansionsmurbinder<\/strong><\/p>\n<p><strong>Billede 4 &amp; 5:<br \/>\n<\/strong><strong>&#8211; Proff dorn til <a href=\"https:\/\/www.skagentraad.dk\/product\/ekspansion-murbindere\/\">ekspansionsmurbinder<\/a> &#8211; tilk\u00f8bes ved siden af<\/strong><\/p>\n<p><strong>Billede 6 &amp; 7:<br \/>\n<\/strong><strong>&#8211; Dorn til <a href=\"https:\/\/www.skagentraad.dk\/product\/dybel-indslagsbinder-med-boelge\/\">dybelindslagsbinder\u00a0<\/a><\/strong><\/p>\n<p><strong>Billede 8 &amp; 9:<br \/>\n&#8211; Dorn til <a href=\"https:\/\/www.skagentraad.dk\/product\/selvskaerende-murbindere\/\">selvsk\u00e6rende murbinder uden b\u00f8lge<\/a><\/strong><\/p>\n<p><strong>Billede 10 &amp; 11:<br \/>\n&#8211; Dorn til <a href=\"https:\/\/www.skagentraad.dk\/product\/traegevinds-murbinder-med-boelge\/\">murbinder med tr\u00e6gevind<\/a> og <a href=\"https:\/\/www.skagentraad.dk\/product\/selvskaerende-murbindere-med-boelge\/\">selvsk\u00e6rende murbinder med b\u00f8lge\u00a0<\/a><\/strong><\/p>\n[table id=36 \/]\n","protected":false},"featured_media":3275,"template":"","meta":[],"product_cat":[70,73],"product_tag":[87,82,75],"yoast_head":"<!-- This site is optimized with the Yoast SEO plugin v19.13 - https:\/\/yoast.com\/wordpress\/plugins\/seo\/ -->\n<title>Dorne - Skagen Tr\u00e5dindustri - Leverand\u00f8r af armeringsst\u00e5l - Hurtig levering<\/title>\n<meta name=\"description\" content=\"Skagen Tr\u00e5dindustri har et stort udvalg af slagdorne til at montere vores murbindere. Vi har dorne til b\u00e5de murbindere og indslagsbindere.\" \/>\n<meta name=\"robots\" content=\"index, follow, max-snippet:-1, max-image-preview:large, max-video-preview:-1\" \/>\n<link rel=\"canonical\" href=\"https:\/\/www.skagentraad.dk\/en\/product\/dorne\/\" \/>\n<meta property=\"og:locale\" content=\"en_GB\" \/>\n<meta property=\"og:type\" content=\"article\" \/>\n<meta property=\"og:title\" content=\"Dorne - Skagen Tr\u00e5dindustri - Leverand\u00f8r af armeringsst\u00e5l - Hurtig levering\" \/>\n<meta property=\"og:description\" content=\"Skagen Tr\u00e5dindustri har et stort udvalg af slagdorne til at montere vores murbindere. Vi har dorne til b\u00e5de murbindere og indslagsbindere.\" \/>\n<meta property=\"og:url\" content=\"https:\/\/www.skagentraad.dk\/en\/product\/dorne\/\" \/>\n<meta property=\"og:site_name\" content=\"Skagen Tr\u00e5dindustri\" \/>\n<meta property=\"article:modified_time\" content=\"2023-11-16T08:57:53+00:00\" \/>\n<meta property=\"og:image\" content=\"https:\/\/www.skagentraad.dk\/wp-content\/uploads\/2021\/03\/Dorne.jpg\" \/>\n\t<meta property=\"og:image:width\" content=\"480\" \/>\n\t<meta property=\"og:image:height\" content=\"640\" \/>\n\t<meta property=\"og:image:type\" content=\"image\/jpeg\" \/>\n<meta name=\"twitter:card\" content=\"summary_large_image\" \/>\n<meta name=\"twitter:label1\" content=\"Estimated reading time\" \/>\n\t<meta name=\"twitter:data1\" content=\"1 minute\" \/>\n<script type=\"application\/ld+json\" class=\"yoast-schema-graph\">{\"@context\":\"https:\/\/schema.org\",\"@graph\":[{\"@type\":\"WebPage\",\"@id\":\"https:\/\/www.skagentraad.dk\/product\/dorne\/\",\"url\":\"https:\/\/www.skagentraad.dk\/product\/dorne\/\",\"name\":\"Dorne - Skagen Tr\u00e5dindustri - Leverand\u00f8r af armeringsst\u00e5l - Hurtig levering\",\"isPartOf\":{\"@id\":\"https:\/\/www.skagentraad.dk\/#website\"},\"datePublished\":\"2015-03-26T12:05:22+00:00\",\"dateModified\":\"2023-11-16T08:57:53+00:00\",\"description\":\"Skagen Tr\u00e5dindustri har et stort udvalg af slagdorne til at montere vores murbindere. Vi har dorne til b\u00e5de murbindere og indslagsbindere.\",\"breadcrumb\":{\"@id\":\"https:\/\/www.skagentraad.dk\/product\/dorne\/#breadcrumb\"},\"inLanguage\":\"en-GB\",\"potentialAction\":[{\"@type\":\"ReadAction\",\"target\":[\"https:\/\/www.skagentraad.dk\/product\/dorne\/\"]}]},{\"@type\":\"BreadcrumbList\",\"@id\":\"https:\/\/www.skagentraad.dk\/product\/dorne\/#breadcrumb\",\"itemListElement\":[{\"@type\":\"ListItem\",\"position\":1,\"name\":\"Hjem\",\"item\":\"https:\/\/www.skagentraad.dk\/\"},{\"@type\":\"ListItem\",\"position\":2,\"name\":\"Produkter\",\"item\":\"https:\/\/www.skagentraad.dk\/produkter\/\"},{\"@type\":\"ListItem\",\"position\":3,\"name\":\"Tilbeh\u00f8r\",\"item\":\"https:\/\/www.skagentraad.dk\/product-category\/tilbehoer\/\"},{\"@type\":\"ListItem\",\"position\":4,\"name\":\"Diverse\",\"item\":\"https:\/\/www.skagentraad.dk\/product-category\/tilbehoer\/diverse\/\"},{\"@type\":\"ListItem\",\"position\":5,\"name\":\"DORNE\"}]},{\"@type\":\"WebSite\",\"@id\":\"https:\/\/www.skagentraad.dk\/#website\",\"url\":\"https:\/\/www.skagentraad.dk\/\",\"name\":\"Skagen Tr\u00e5dindustri\",\"description\":\"Leverand\u00f8r af rustfrit armeringsst\u00e5l til brug for bygge- og anl\u00e6gsbranchen\",\"publisher\":{\"@id\":\"https:\/\/www.skagentraad.dk\/#organization\"},\"potentialAction\":[{\"@type\":\"SearchAction\",\"target\":{\"@type\":\"EntryPoint\",\"urlTemplate\":\"https:\/\/www.skagentraad.dk\/?s={search_term_string}\"},\"query-input\":\"required name=search_term_string\"}],\"inLanguage\":\"en-GB\"},{\"@type\":\"Organization\",\"@id\":\"https:\/\/www.skagentraad.dk\/#organization\",\"name\":\"Skagen Tr\u00e5dindustri\",\"url\":\"https:\/\/www.skagentraad.dk\/\",\"logo\":{\"@type\":\"ImageObject\",\"inLanguage\":\"en-GB\",\"@id\":\"https:\/\/www.skagentraad.dk\/#\/schema\/logo\/image\/\",\"url\":\"https:\/\/www.skagentraad.dk\/wp-content\/uploads\/2015\/01\/logo_top.png\",\"contentUrl\":\"https:\/\/www.skagentraad.dk\/wp-content\/uploads\/2015\/01\/logo_top.png\",\"width\":350,\"height\":108,\"caption\":\"Skagen Tr\u00e5dindustri\"},\"image\":{\"@id\":\"https:\/\/www.skagentraad.dk\/#\/schema\/logo\/image\/\"}}]}<\/script>\n<!-- \/ Yoast SEO plugin. -->","yoast_head_json":{"title":"Dorne - Skagen Tr\u00e5dindustri - Leverand\u00f8r af armeringsst\u00e5l - Hurtig levering","description":"Skagen Tr\u00e5dindustri har et stort udvalg af slagdorne til at montere vores murbindere. Vi har dorne til b\u00e5de murbindere og indslagsbindere.","robots":{"index":"index","follow":"follow","max-snippet":"max-snippet:-1","max-image-preview":"max-image-preview:large","max-video-preview":"max-video-preview:-1"},"canonical":"https:\/\/www.skagentraad.dk\/en\/product\/dorne\/","og_locale":"en_GB","og_type":"article","og_title":"Dorne - Skagen Tr\u00e5dindustri - Leverand\u00f8r af armeringsst\u00e5l - Hurtig levering","og_description":"Skagen Tr\u00e5dindustri har et stort udvalg af slagdorne til at montere vores murbindere. Vi har dorne til b\u00e5de murbindere og indslagsbindere.","og_url":"https:\/\/www.skagentraad.dk\/en\/product\/dorne\/","og_site_name":"Skagen Tr\u00e5dindustri","article_modified_time":"2023-11-16T08:57:53+00:00","og_image":[{"width":480,"height":640,"url":"https:\/\/www.skagentraad.dk\/wp-content\/uploads\/2021\/03\/Dorne.jpg","type":"image\/jpeg"}],"twitter_card":"summary_large_image","twitter_misc":{"Estimated reading time":"1 minute"},"schema":{"@context":"https:\/\/schema.org","@graph":[{"@type":"WebPage","@id":"https:\/\/www.skagentraad.dk\/product\/dorne\/","url":"https:\/\/www.skagentraad.dk\/product\/dorne\/","name":"Dorne - Skagen Tr\u00e5dindustri - Leverand\u00f8r af armeringsst\u00e5l - Hurtig levering","isPartOf":{"@id":"https:\/\/www.skagentraad.dk\/#website"},"datePublished":"2015-03-26T12:05:22+00:00","dateModified":"2023-11-16T08:57:53+00:00","description":"Skagen Tr\u00e5dindustri har et stort udvalg af slagdorne til at montere vores murbindere. Vi har dorne til b\u00e5de murbindere og indslagsbindere.","breadcrumb":{"@id":"https:\/\/www.skagentraad.dk\/product\/dorne\/#breadcrumb"},"inLanguage":"en-GB","potentialAction":[{"@type":"ReadAction","target":["https:\/\/www.skagentraad.dk\/product\/dorne\/"]}]},{"@type":"BreadcrumbList","@id":"https:\/\/www.skagentraad.dk\/product\/dorne\/#breadcrumb","itemListElement":[{"@type":"ListItem","position":1,"name":"Hjem","item":"https:\/\/www.skagentraad.dk\/"},{"@type":"ListItem","position":2,"name":"Produkter","item":"https:\/\/www.skagentraad.dk\/produkter\/"},{"@type":"ListItem","position":3,"name":"Tilbeh\u00f8r","item":"https:\/\/www.skagentraad.dk\/product-category\/tilbehoer\/"},{"@type":"ListItem","position":4,"name":"Diverse","item":"https:\/\/www.skagentraad.dk\/product-category\/tilbehoer\/diverse\/"},{"@type":"ListItem","position":5,"name":"DORNE"}]},{"@type":"WebSite","@id":"https:\/\/www.skagentraad.dk\/#website","url":"https:\/\/www.skagentraad.dk\/","name":"Skagen Tr\u00e5dindustri","description":"Supplier of stainless reinforcing steel to the construction industry","publisher":{"@id":"https:\/\/www.skagentraad.dk\/#organization"},"potentialAction":[{"@type":"SearchAction","target":{"@type":"EntryPoint","urlTemplate":"https:\/\/www.skagentraad.dk\/?s={search_term_string}"},"query-input":"required name=search_term_string"}],"inLanguage":"en-GB"},{"@type":"Organization","@id":"https:\/\/www.skagentraad.dk\/#organization","name":"Skagen Tr\u00e5dindustri","url":"https:\/\/www.skagentraad.dk\/","logo":{"@type":"ImageObject","inLanguage":"en-GB","@id":"https:\/\/www.skagentraad.dk\/#\/schema\/logo\/image\/","url":"https:\/\/www.skagentraad.dk\/wp-content\/uploads\/2015\/01\/logo_top.png","contentUrl":"https:\/\/www.skagentraad.dk\/wp-content\/uploads\/2015\/01\/logo_top.png","width":350,"height":108,"caption":"Skagen Tr\u00e5dindustri"},"image":{"@id":"https:\/\/www.skagentraad.dk\/#\/schema\/logo\/image\/"}}]}},"_links":{"self":[{"href":"https:\/\/www.skagentraad.dk\/en\/wp-json\/wp\/v2\/product\/2260"}],"collection":[{"href":"https:\/\/www.skagentraad.dk\/en\/wp-json\/wp\/v2\/product"}],"about":[{"href":"https:\/\/www.skagentraad.dk\/en\/wp-json\/wp\/v2\/types\/product"}],"wp:featuredmedia":[{"embeddable":true,"href":"https:\/\/www.skagentraad.dk\/en\/wp-json\/wp\/v2\/media\/3275"}],"wp:attachment":[{"href":"https:\/\/www.skagentraad.dk\/en\/wp-json\/wp\/v2\/media?parent=2260"}],"wp:term":[{"taxonomy":"product_cat","embeddable":true,"href":"https:\/\/www.skagentraad.dk\/en\/wp-json\/wp\/v2\/product_cat?post=2260"},{"taxonomy":"product_tag","embeddable":true,"href":"https:\/\/www.skagentraad.dk\/en\/wp-json\/wp\/v2\/product_tag?post=2260"}],"curies":[{"name":"wp","href":"https:\/\/api.w.org\/{rel}","templated":true}]}}