{"id":2261,"date":"2015-03-26T12:06:58","date_gmt":"2015-03-26T12:06:58","guid":{"rendered":"http:\/\/www.skagentraad.dk\/?product=bor"},"modified":"2021-04-20T07:54:43","modified_gmt":"2021-04-20T07:54:43","slug":"bor","status":"publish","type":"product","link":"https:\/\/www.skagentraad.dk\/en\/product\/bor\/","title":{"rendered":"DRILLS"},"content":{"rendered":"<p>Skagen Tr\u00e5dindustri has a large sortiment of different drills.<\/p>\n<p>The various drills are used to prepare the installation of for example, expansion wall ties or other wall ties.<\/p>\n\n<table id=\"tablepress-37\" class=\"tablepress tablepress-id-37\">\n<thead>\n<tr class=\"row-1 odd\">\n\t<th class=\"column-1\">Item number<\/th><th class=\"column-2\">Specification<\/th><th class=\"column-3\">Dimension<\/th><th class=\"column-4\">Quantity\/package<\/th>\n<\/tr>\n<\/thead>\n<tbody class=\"row-hover\">\n<tr class=\"row-2 even\">\n\t<td class=\"column-1\">16901009<\/td><td class=\"column-2\">Hammer drill - SDS-plus<\/td><td class=\"column-3\">Diam: 6,00 mm. <br \/>\n450\/40 mm. <\/td><td class=\"column-4\">1 piece<\/td>\n<\/tr>\n<tr class=\"row-3 odd\">\n\t<td class=\"column-1\">16901010<br \/>\n<\/td><td class=\"column-2\">Drill for concrete SDS<\/td><td class=\"column-3\">Diam: 6,00 mm. <br \/>\n40mm.<\/td><td class=\"column-4\">1 piece<\/td>\n<\/tr>\n<tr class=\"row-4 even\">\n\t<td class=\"column-1\">16901013<\/td><td class=\"column-2\">Drill for assembly SDS<\/td><td class=\"column-3\">Diam. 4,00 mm.<br \/>\n160mm.<\/td><td class=\"column-4\">1 piece<\/td>\n<\/tr>\n<tr class=\"row-5 odd\">\n\t<td class=\"column-1\">16901011<\/td><td class=\"column-2\">Drill for assembly SDS<\/td><td class=\"column-3\">Diam: 4,5 mm.<br \/>\n160mm.<\/td><td class=\"column-4\">1 piece<\/td>\n<\/tr>\n<tr class=\"row-6 even\">\n\t<td class=\"column-1\">16901012<\/td><td class=\"column-2\">Drill for renovation<\/td><td class=\"column-3\">Diam: 4,5 mm.<br \/>\n450\/75mm.<\/td><td class=\"column-4\">1 piece<\/td>\n<\/tr>\n<tr class=\"row-7 odd\">\n\t<td class=\"column-1\">16901008<\/td><td class=\"column-2\">Miscellanous drills - Please contact us, if you need other drills.<\/td><td class=\"column-3\"><\/td><td class=\"column-4\"><\/td>\n<\/tr>\n<\/tbody>\n<\/table>\n<!-- #tablepress-37 from cache -->\n<span><span><a href=\"https:\/\/www.skagentraad.dk\/en\/\">Home<\/a><\/span><\/span>","protected":false},"excerpt":{"rendered":"[wpseo_breadcrumb]\n<p><strong>Billede 2:<\/strong><br \/>\n<strong>&#8211; Betonbor<\/strong><\/p>\n<p><strong>Billede 3 &amp; 4:<\/strong><br \/>\n<strong>&#8211; Renoveringsbor<\/strong><\/p>\n<p><strong>Billede 5:<\/strong><br \/>\n<strong>&#8211; Hammerbor<\/strong><\/p>\n<p><strong>Billede 6 &amp; 7:<\/strong><br \/>\n<strong>&#8211; Forl\u00e6nget hammerbor<\/strong><\/p>\n<p><strong>Billede 8:<\/strong><br \/>\n<strong>&#8211; Montagebor<\/strong><\/p>\n<p>&nbsp;<\/p>\n","protected":false},"featured_media":3349,"template":"","meta":[],"product_cat":[80,70,73],"product_tag":[87,82,75],"yoast_head":"<!-- This site is optimized with the Yoast SEO plugin v19.13 - https:\/\/yoast.com\/wordpress\/plugins\/seo\/ -->\n<title>Bor til byggeindustrien - Skagen Tr\u00e5dindustri - Leverand\u00f8r af armeringsst\u00e5l<\/title>\n<meta name=\"description\" content=\"Skagen Tr\u00e5dindustri har et stort udvalg af v\u00e6rkt\u00f8jer til brug ved montering af blandt andet murbinder. Her finder du vores forskellige bor.\" \/>\n<meta name=\"robots\" content=\"index, follow, max-snippet:-1, max-image-preview:large, max-video-preview:-1\" \/>\n<link rel=\"canonical\" href=\"https:\/\/www.skagentraad.dk\/en\/product\/bor\/\" \/>\n<meta property=\"og:locale\" content=\"en_GB\" \/>\n<meta property=\"og:type\" content=\"article\" \/>\n<meta property=\"og:title\" content=\"Bor til byggeindustrien - Skagen Tr\u00e5dindustri - Leverand\u00f8r af armeringsst\u00e5l\" \/>\n<meta property=\"og:description\" content=\"Skagen Tr\u00e5dindustri har et stort udvalg af v\u00e6rkt\u00f8jer til brug ved montering af blandt andet murbinder. Her finder du vores forskellige bor.\" \/>\n<meta property=\"og:url\" content=\"https:\/\/www.skagentraad.dk\/en\/product\/bor\/\" \/>\n<meta property=\"og:site_name\" content=\"Skagen Tr\u00e5dindustri\" \/>\n<meta property=\"article:modified_time\" content=\"2021-04-20T07:54:43+00:00\" \/>\n<meta property=\"og:image\" content=\"https:\/\/www.skagentraad.dk\/wp-content\/uploads\/2021\/03\/Bor.jpg\" \/>\n\t<meta property=\"og:image:width\" content=\"480\" \/>\n\t<meta property=\"og:image:height\" content=\"640\" \/>\n\t<meta property=\"og:image:type\" content=\"image\/jpeg\" \/>\n<meta name=\"twitter:card\" content=\"summary_large_image\" \/>\n<meta name=\"twitter:label1\" content=\"Estimated reading time\" \/>\n\t<meta name=\"twitter:data1\" content=\"1 minute\" \/>\n<script type=\"application\/ld+json\" class=\"yoast-schema-graph\">{\"@context\":\"https:\/\/schema.org\",\"@graph\":[{\"@type\":\"WebPage\",\"@id\":\"https:\/\/www.skagentraad.dk\/en\/product\/bor\/\",\"url\":\"https:\/\/www.skagentraad.dk\/en\/product\/bor\/\",\"name\":\"Bor til byggeindustrien - Skagen Tr\u00e5dindustri - Leverand\u00f8r af armeringsst\u00e5l\",\"isPartOf\":{\"@id\":\"https:\/\/www.skagentraad.dk\/#website\"},\"datePublished\":\"2015-03-26T12:06:58+00:00\",\"dateModified\":\"2021-04-20T07:54:43+00:00\",\"description\":\"Skagen Tr\u00e5dindustri har et stort udvalg af v\u00e6rkt\u00f8jer til brug ved montering af blandt andet murbinder. Her finder du vores forskellige bor.\",\"breadcrumb\":{\"@id\":\"https:\/\/www.skagentraad.dk\/en\/product\/bor\/#breadcrumb\"},\"inLanguage\":\"en-GB\",\"potentialAction\":[{\"@type\":\"ReadAction\",\"target\":[\"https:\/\/www.skagentraad.dk\/en\/product\/bor\/\"]}]},{\"@type\":\"BreadcrumbList\",\"@id\":\"https:\/\/www.skagentraad.dk\/en\/product\/bor\/#breadcrumb\",\"itemListElement\":[{\"@type\":\"ListItem\",\"position\":1,\"name\":\"Hjem\",\"item\":\"https:\/\/www.skagentraad.dk\/\"},{\"@type\":\"ListItem\",\"position\":2,\"name\":\"Produkter\",\"item\":\"https:\/\/www.skagentraad.dk\/produkter\/\"},{\"@type\":\"ListItem\",\"position\":3,\"name\":\"Tilbeh\u00f8r\",\"item\":\"https:\/\/www.skagentraad.dk\/product-category\/tilbehoer\/\"},{\"@type\":\"ListItem\",\"position\":4,\"name\":\"Diverse\",\"item\":\"https:\/\/www.skagentraad.dk\/product-category\/tilbehoer\/diverse\/\"},{\"@type\":\"ListItem\",\"position\":5,\"name\":\"BOR\"}]},{\"@type\":\"WebSite\",\"@id\":\"https:\/\/www.skagentraad.dk\/#website\",\"url\":\"https:\/\/www.skagentraad.dk\/\",\"name\":\"Skagen Tr\u00e5dindustri\",\"description\":\"Leverand\u00f8r af rustfrit armeringsst\u00e5l til brug for bygge- og anl\u00e6gsbranchen\",\"publisher\":{\"@id\":\"https:\/\/www.skagentraad.dk\/#organization\"},\"potentialAction\":[{\"@type\":\"SearchAction\",\"target\":{\"@type\":\"EntryPoint\",\"urlTemplate\":\"https:\/\/www.skagentraad.dk\/?s={search_term_string}\"},\"query-input\":\"required name=search_term_string\"}],\"inLanguage\":\"en-GB\"},{\"@type\":\"Organization\",\"@id\":\"https:\/\/www.skagentraad.dk\/#organization\",\"name\":\"Skagen Tr\u00e5dindustri\",\"url\":\"https:\/\/www.skagentraad.dk\/\",\"logo\":{\"@type\":\"ImageObject\",\"inLanguage\":\"en-GB\",\"@id\":\"https:\/\/www.skagentraad.dk\/#\/schema\/logo\/image\/\",\"url\":\"https:\/\/www.skagentraad.dk\/wp-content\/uploads\/2015\/01\/logo_top.png\",\"contentUrl\":\"https:\/\/www.skagentraad.dk\/wp-content\/uploads\/2015\/01\/logo_top.png\",\"width\":350,\"height\":108,\"caption\":\"Skagen Tr\u00e5dindustri\"},\"image\":{\"@id\":\"https:\/\/www.skagentraad.dk\/#\/schema\/logo\/image\/\"}}]}<\/script>\n<!-- \/ Yoast SEO plugin. -->","yoast_head_json":{"title":"Bor til byggeindustrien - Skagen Tr\u00e5dindustri - Leverand\u00f8r af armeringsst\u00e5l","description":"Skagen Tr\u00e5dindustri har et stort udvalg af v\u00e6rkt\u00f8jer til brug ved montering af blandt andet murbinder. Her finder du vores forskellige bor.","robots":{"index":"index","follow":"follow","max-snippet":"max-snippet:-1","max-image-preview":"max-image-preview:large","max-video-preview":"max-video-preview:-1"},"canonical":"https:\/\/www.skagentraad.dk\/en\/product\/bor\/","og_locale":"en_GB","og_type":"article","og_title":"Bor til byggeindustrien - Skagen Tr\u00e5dindustri - Leverand\u00f8r af armeringsst\u00e5l","og_description":"Skagen Tr\u00e5dindustri har et stort udvalg af v\u00e6rkt\u00f8jer til brug ved montering af blandt andet murbinder. Her finder du vores forskellige bor.","og_url":"https:\/\/www.skagentraad.dk\/en\/product\/bor\/","og_site_name":"Skagen Tr\u00e5dindustri","article_modified_time":"2021-04-20T07:54:43+00:00","og_image":[{"width":480,"height":640,"url":"https:\/\/www.skagentraad.dk\/wp-content\/uploads\/2021\/03\/Bor.jpg","type":"image\/jpeg"}],"twitter_card":"summary_large_image","twitter_misc":{"Estimated reading time":"1 minute"},"schema":{"@context":"https:\/\/schema.org","@graph":[{"@type":"WebPage","@id":"https:\/\/www.skagentraad.dk\/en\/product\/bor\/","url":"https:\/\/www.skagentraad.dk\/en\/product\/bor\/","name":"Bor til byggeindustrien - Skagen Tr\u00e5dindustri - Leverand\u00f8r af armeringsst\u00e5l","isPartOf":{"@id":"https:\/\/www.skagentraad.dk\/#website"},"datePublished":"2015-03-26T12:06:58+00:00","dateModified":"2021-04-20T07:54:43+00:00","description":"Skagen Tr\u00e5dindustri har et stort udvalg af v\u00e6rkt\u00f8jer til brug ved montering af blandt andet murbinder. Her finder du vores forskellige bor.","breadcrumb":{"@id":"https:\/\/www.skagentraad.dk\/en\/product\/bor\/#breadcrumb"},"inLanguage":"en-GB","potentialAction":[{"@type":"ReadAction","target":["https:\/\/www.skagentraad.dk\/en\/product\/bor\/"]}]},{"@type":"BreadcrumbList","@id":"https:\/\/www.skagentraad.dk\/en\/product\/bor\/#breadcrumb","itemListElement":[{"@type":"ListItem","position":1,"name":"Hjem","item":"https:\/\/www.skagentraad.dk\/"},{"@type":"ListItem","position":2,"name":"Produkter","item":"https:\/\/www.skagentraad.dk\/produkter\/"},{"@type":"ListItem","position":3,"name":"Tilbeh\u00f8r","item":"https:\/\/www.skagentraad.dk\/product-category\/tilbehoer\/"},{"@type":"ListItem","position":4,"name":"Diverse","item":"https:\/\/www.skagentraad.dk\/product-category\/tilbehoer\/diverse\/"},{"@type":"ListItem","position":5,"name":"BOR"}]},{"@type":"WebSite","@id":"https:\/\/www.skagentraad.dk\/#website","url":"https:\/\/www.skagentraad.dk\/","name":"Skagen Tr\u00e5dindustri","description":"Supplier of stainless reinforcing steel to the construction industry","publisher":{"@id":"https:\/\/www.skagentraad.dk\/#organization"},"potentialAction":[{"@type":"SearchAction","target":{"@type":"EntryPoint","urlTemplate":"https:\/\/www.skagentraad.dk\/?s={search_term_string}"},"query-input":"required name=search_term_string"}],"inLanguage":"en-GB"},{"@type":"Organization","@id":"https:\/\/www.skagentraad.dk\/#organization","name":"Skagen Tr\u00e5dindustri","url":"https:\/\/www.skagentraad.dk\/","logo":{"@type":"ImageObject","inLanguage":"en-GB","@id":"https:\/\/www.skagentraad.dk\/#\/schema\/logo\/image\/","url":"https:\/\/www.skagentraad.dk\/wp-content\/uploads\/2015\/01\/logo_top.png","contentUrl":"https:\/\/www.skagentraad.dk\/wp-content\/uploads\/2015\/01\/logo_top.png","width":350,"height":108,"caption":"Skagen Tr\u00e5dindustri"},"image":{"@id":"https:\/\/www.skagentraad.dk\/#\/schema\/logo\/image\/"}}]}},"_links":{"self":[{"href":"https:\/\/www.skagentraad.dk\/en\/wp-json\/wp\/v2\/product\/2261"}],"collection":[{"href":"https:\/\/www.skagentraad.dk\/en\/wp-json\/wp\/v2\/product"}],"about":[{"href":"https:\/\/www.skagentraad.dk\/en\/wp-json\/wp\/v2\/types\/product"}],"wp:featuredmedia":[{"embeddable":true,"href":"https:\/\/www.skagentraad.dk\/en\/wp-json\/wp\/v2\/media\/3349"}],"wp:attachment":[{"href":"https:\/\/www.skagentraad.dk\/en\/wp-json\/wp\/v2\/media?parent=2261"}],"wp:term":[{"taxonomy":"product_cat","embeddable":true,"href":"https:\/\/www.skagentraad.dk\/en\/wp-json\/wp\/v2\/product_cat?post=2261"},{"taxonomy":"product_tag","embeddable":true,"href":"https:\/\/www.skagentraad.dk\/en\/wp-json\/wp\/v2\/product_tag?post=2261"}],"curies":[{"name":"wp","href":"https:\/\/api.w.org\/{rel}","templated":true}]}}