{"id":2267,"date":"2015-04-28T10:09:28","date_gmt":"2015-04-28T10:09:28","guid":{"rendered":"http:\/\/www.skagentraad.dk\/?post_type=product&#038;p=2267"},"modified":"2021-04-20T08:04:32","modified_gmt":"2021-04-20T08:04:32","slug":"forbindelsesboejler","status":"publish","type":"product","link":"https:\/\/www.skagentraad.dk\/en\/product\/forbindelsesboejler\/","title":{"rendered":"CONNECTION BRACKETS"},"content":{"rendered":"<p>Skagen Tr\u00e5dindustri's connection brackets are produced in various lengths.<br \/>\nLengths: 200 mm. to 500 mm.<\/p>\n<p>Dimension: Diam. 4 mm. and 5 mm.<\/p>\n<p>Material:<br \/>\n- Stainless steel - EN 1.4301<br \/>\n- Acid-proof steel - EN 1.4401<\/p>\n<p>Certified according to EN 10088-5<strong><br \/>\n<\/strong><\/p>\n<p>Connection brackets are produced by Skagen Tr\u00e5dindustri.<\/p>\n\n<table id=\"tablepress-21\" class=\"tablepress tablepress-id-21\">\n<thead>\n<tr class=\"row-1 odd\">\n\t<th class=\"column-1\">Item number<\/th><th class=\"column-2\">Diameter<\/th><th class=\"column-3\">Lengths<\/th><th class=\"column-4\">Quantity\/package<\/th><th class=\"column-5\">V\u00e6gt pr. stk. i kg. <\/th>\n<\/tr>\n<\/thead>\n<tbody class=\"row-hover\">\n<tr class=\"row-2 even\">\n\t<td class=\"column-1\">10404140<\/td><td class=\"column-2\">Diam. 4,00 mm.<\/td><td class=\"column-3\">140 mm.<\/td><td class=\"column-4\">bundles of 100 pieces. 25 bundles on each pallet<br \/>\n25 bundter pr.palle<\/td><td class=\"column-5\">0,038 kg.<\/td>\n<\/tr>\n<tr class=\"row-3 odd\">\n\t<td class=\"column-1\">10404160<\/td><td class=\"column-2\">Diam. 4,00 mm.<\/td><td class=\"column-3\">160 mm.<\/td><td class=\"column-4\">bundles of 100 pieces. 25 bundles on each pallet<br \/>\n25 bundter pr.palle<\/td><td class=\"column-5\">0,042 kg.<\/td>\n<\/tr>\n<tr class=\"row-4 even\">\n\t<td class=\"column-1\">10404180<\/td><td class=\"column-2\">Diam. 4,00 mm.<\/td><td class=\"column-3\">180 mm.<\/td><td class=\"column-4\">bundles of 100 pieces. 25 bundles on each pallet<br \/>\n25 bundter pr.palle<\/td><td class=\"column-5\">0,046 kg.<\/td>\n<\/tr>\n<tr class=\"row-5 odd\">\n\t<td class=\"column-1\">10404200<\/td><td class=\"column-2\">Diam. 4,00 mm.<\/td><td class=\"column-3\">200 mm.<\/td><td class=\"column-4\">bundles of 100 pieces. 25 bundles on each pallet<br \/>\n25 bundter pr.palle<\/td><td class=\"column-5\">0,05 kg.<\/td>\n<\/tr>\n<tr class=\"row-6 even\">\n\t<td class=\"column-1\">10404220<\/td><td class=\"column-2\">Diam. 4,00 mm.<\/td><td class=\"column-3\">220 mm.<\/td><td class=\"column-4\">bundles of 100 pieces. 25 bundles on each pallet<br \/>\n25 bundter pr.palle<\/td><td class=\"column-5\">0,054 kg.<\/td>\n<\/tr>\n<tr class=\"row-7 odd\">\n\t<td class=\"column-1\">10404240<\/td><td class=\"column-2\">Diam. 4,00 mm.<\/td><td class=\"column-3\">240 mm,<\/td><td class=\"column-4\">bundles of 100 pieces. 25 bundles on each pallet<br \/>\n25 bundter pr.palle<\/td><td class=\"column-5\">0,058 kg.<\/td>\n<\/tr>\n<tr class=\"row-8 even\">\n\t<td class=\"column-1\">10404250<\/td><td class=\"column-2\">Diam. 4,00 mm.<\/td><td class=\"column-3\">250 mm.<\/td><td class=\"column-4\">bundles of 100 pieces. 25 bundles on each pallet<br \/>\n25 bundter pr.palle<\/td><td class=\"column-5\">0,062 kg.<\/td>\n<\/tr>\n<tr class=\"row-9 odd\">\n\t<td class=\"column-1\">10404260<\/td><td class=\"column-2\">Diam. 4,00 mm.<\/td><td class=\"column-3\">260 mm.<\/td><td class=\"column-4\">bundles of 100 pieces. 25 bundles on each pallet<br \/>\n25 bundter pr.palle<\/td><td class=\"column-5\">0,066 kg.<\/td>\n<\/tr>\n<tr class=\"row-10 even\">\n\t<td class=\"column-1\">10404280<\/td><td class=\"column-2\">Diam. 4,00 mm.<\/td><td class=\"column-3\">280 mm.<\/td><td class=\"column-4\">bundles of 100 pieces. 25 bundles on each pallet<br \/>\n25 bundter pr.palle<\/td><td class=\"column-5\">0,07 kg.<\/td>\n<\/tr>\n<tr class=\"row-11 odd\">\n\t<td class=\"column-1\">10404300<\/td><td class=\"column-2\">Diam. 4,00 mm.<\/td><td class=\"column-3\">300 mm.<\/td><td class=\"column-4\">bundles of 100 pieces. 25 bundles on each pallet<br \/>\n25 bundter pr.palle<\/td><td class=\"column-5\">0,074 kg.<\/td>\n<\/tr>\n<tr class=\"row-12 even\">\n\t<td class=\"column-1\">10404320<\/td><td class=\"column-2\">Diam. 4,00 mm.<\/td><td class=\"column-3\">320 mm. <\/td><td class=\"column-4\">bundles of 100 pieces. 25 bundles on each pallet<br \/>\n25 bundter pr.palle<\/td><td class=\"column-5\">0,078 kg.<\/td>\n<\/tr>\n<tr class=\"row-13 odd\">\n\t<td class=\"column-1\">10404340<\/td><td class=\"column-2\">Diam. 4,00 mm.<\/td><td class=\"column-3\">340 mm. <\/td><td class=\"column-4\">bundles of 100 pieces. 25 bundles on each pallet<br \/>\n25 bundter pr.palle<\/td><td class=\"column-5\">0,082 kg.<\/td>\n<\/tr>\n<tr class=\"row-14 even\">\n\t<td class=\"column-1\">10404360<\/td><td class=\"column-2\">Diam. 4,00 mm.<\/td><td class=\"column-3\">360 mm.<\/td><td class=\"column-4\">bundles of 100 pieces. 25 bundles on each pallet<br \/>\n25 bundter pr.palle<\/td><td class=\"column-5\">0,086 kg.<\/td>\n<\/tr>\n<tr class=\"row-15 odd\">\n\t<td class=\"column-1\">10404380<\/td><td class=\"column-2\">Diam. 4,00 mm.<\/td><td class=\"column-3\">380 mm.<\/td><td class=\"column-4\">bundles of 100 pieces. 25 bundles on each pallet<br \/>\n25 bundter pr.palle<\/td><td class=\"column-5\">0,09 kg.<\/td>\n<\/tr>\n<tr class=\"row-16 even\">\n\t<td class=\"column-1\">10404400<\/td><td class=\"column-2\">Diam. 4,00 mm.<\/td><td class=\"column-3\">400 mm.<\/td><td class=\"column-4\">bundles of 100 pieces. 25 bundles on each pallet<br \/>\n25 bundter pr.palle<\/td><td class=\"column-5\">0,094 kg.<\/td>\n<\/tr>\n<tr class=\"row-17 odd\">\n\t<td class=\"column-1\">10404420<\/td><td class=\"column-2\">Diam. 4,00 mm.<\/td><td class=\"column-3\">420 mm.<\/td><td class=\"column-4\">bundles of 100 pieces. 25 bundles on each pallet<br \/>\n25 bundter pr.palle<\/td><td class=\"column-5\">0,098 kg.<\/td>\n<\/tr>\n<tr class=\"row-18 even\">\n\t<td class=\"column-1\">10404440<\/td><td class=\"column-2\">Diam. 4,00 mm.<\/td><td class=\"column-3\">440 mm.<\/td><td class=\"column-4\">bundles of 100 pieces. 25 bundles on each pallet<br \/>\n25 bundter pr.palle<\/td><td class=\"column-5\">0,102 kg.<\/td>\n<\/tr>\n<tr class=\"row-19 odd\">\n\t<td class=\"column-1\">10404460<\/td><td class=\"column-2\">Diam. 4,00 mm.<\/td><td class=\"column-3\">460 mm.<\/td><td class=\"column-4\">bundles of 100 pieces. 25 bundles on each pallet<br \/>\n25 bundter pr.palle<\/td><td class=\"column-5\">0,106 kg.<\/td>\n<\/tr>\n<tr class=\"row-20 even\">\n\t<td class=\"column-1\">10404480<\/td><td class=\"column-2\">Diam. 4,00 mm.<\/td><td class=\"column-3\">480 mm.<\/td><td class=\"column-4\">bundles of 100 pieces. 25 bundles on each pallet<br \/>\n25 bundter pr.palle<\/td><td class=\"column-5\">0,110 kg.<\/td>\n<\/tr>\n<tr class=\"row-21 odd\">\n\t<td class=\"column-1\">10404500<\/td><td class=\"column-2\">Diam. 4,00 mm.<\/td><td class=\"column-3\">500 mm.<\/td><td class=\"column-4\">bundles of 100 pieces. 25 bundles on each pallet<br \/>\n25 bundter pr.palle<\/td><td class=\"column-5\">0,114 kg.<\/td>\n<\/tr>\n<tr class=\"row-22 even\">\n\t<td class=\"column-1\">10404520<\/td><td class=\"column-2\">Diam. 4,00 mm.<\/td><td class=\"column-3\">520 mm.<\/td><td class=\"column-4\">bundles of 100 pieces. 25 bundles on each pallet<br \/>\n25 bundter pr.palle<\/td><td class=\"column-5\">0,118 kg.<\/td>\n<\/tr>\n<tr class=\"row-23 odd\">\n\t<td class=\"column-1\">10404540<\/td><td class=\"column-2\">Diam. 4,00 mm.<\/td><td class=\"column-3\">540 mm.<\/td><td class=\"column-4\">bundles of 100 pieces. 25 bundles on each pallet<br \/>\n25 bundter pr.palle<\/td><td class=\"column-5\">0,122 kg.<\/td>\n<\/tr>\n<tr class=\"row-24 even\">\n\t<td class=\"column-1\">10404560<\/td><td class=\"column-2\">Diam. 4,00 mm.<\/td><td class=\"column-3\">560 mm.<\/td><td class=\"column-4\">bundles of 100 pieces. 25 bundles on each pallet<br \/>\n25 bundter pr.palle<\/td><td class=\"column-5\">0,126 kg.<\/td>\n<\/tr>\n<tr class=\"row-25 odd\">\n\t<td class=\"column-1\">10404580<\/td><td class=\"column-2\">Diam. 4,00 mm.<\/td><td class=\"column-3\">580 mm.<\/td><td class=\"column-4\">bundles of 100 pieces. 25 bundles on each pallet<br \/>\n25 bundter pr.palle<\/td><td class=\"column-5\">0,130 kg.<\/td>\n<\/tr>\n<tr class=\"row-26 even\">\n\t<td class=\"column-1\">10404600<\/td><td class=\"column-2\">Diam. 4,00 mm.<\/td><td class=\"column-3\">600 mm.<\/td><td class=\"column-4\">bundles of 100 pieces. 25 bundles on each pallet<br \/>\n25 bundter pr.palle<\/td><td class=\"column-5\">0,134 kg.<\/td>\n<\/tr>\n<tr class=\"row-27 odd\">\n\t<td class=\"column-1\">10404720<\/td><td class=\"column-2\">Diam. 4,00 mm.<\/td><td class=\"column-3\">720 mm.<\/td><td class=\"column-4\">bundles of 100 pieces. 25 bundles on each pallet<br \/>\n25 bundter pr.palle<\/td><td class=\"column-5\">0,174 kg.<\/td>\n<\/tr>\n<\/tbody>\n<\/table>\n\n<span><span><a href=\"https:\/\/www.skagentraad.dk\/en\/\">Home<\/a><\/span><\/span>","protected":false},"excerpt":{"rendered":"[wpseo_breadcrumb]\n<p>Forbindelesesb\u00f8jler anvendes til forbindelse af netarmering.<\/p>\n<p>&nbsp;<\/p>\n","protected":false},"featured_media":3209,"template":"","meta":[],"product_cat":[61,63],"product_tag":[95,96],"yoast_head":"<!-- This site is optimized with the Yoast SEO plugin v19.13 - https:\/\/yoast.com\/wordpress\/plugins\/seo\/ -->\n<title>Forbindelsesb\u00f8jler - Skagen Tr\u00e5dindustri - Leverand\u00f8r af armeringsst\u00e5l<\/title>\n<meta name=\"description\" content=\"Se Skagen Tr\u00e5dindustri&#039;s forbindelsesb\u00f8jler som bruges til forbindelses af netarmering. Vores b\u00f8jler f\u00e5es i forskellige st\u00f8rrelser.\" \/>\n<meta name=\"robots\" content=\"index, follow, max-snippet:-1, max-image-preview:large, max-video-preview:-1\" \/>\n<link rel=\"canonical\" href=\"https:\/\/www.skagentraad.dk\/en\/product\/forbindelsesboejler\/\" \/>\n<meta property=\"og:locale\" content=\"en_GB\" \/>\n<meta property=\"og:type\" content=\"article\" \/>\n<meta property=\"og:title\" content=\"Forbindelsesb\u00f8jler - Skagen Tr\u00e5dindustri - Leverand\u00f8r af armeringsst\u00e5l\" \/>\n<meta property=\"og:description\" content=\"Se Skagen Tr\u00e5dindustri&#039;s forbindelsesb\u00f8jler som bruges til forbindelses af netarmering. Vores b\u00f8jler f\u00e5es i forskellige st\u00f8rrelser.\" \/>\n<meta property=\"og:url\" content=\"https:\/\/www.skagentraad.dk\/en\/product\/forbindelsesboejler\/\" \/>\n<meta property=\"og:site_name\" content=\"Skagen Tr\u00e5dindustri\" \/>\n<meta property=\"article:modified_time\" content=\"2021-04-20T08:04:32+00:00\" \/>\n<meta property=\"og:image\" content=\"https:\/\/www.skagentraad.dk\/wp-content\/uploads\/2021\/02\/Forbindelsesboejle.jpg\" \/>\n\t<meta property=\"og:image:width\" content=\"480\" \/>\n\t<meta property=\"og:image:height\" content=\"640\" \/>\n\t<meta property=\"og:image:type\" content=\"image\/jpeg\" \/>\n<meta name=\"twitter:card\" content=\"summary_large_image\" \/>\n<meta name=\"twitter:label1\" content=\"Estimated reading time\" \/>\n\t<meta name=\"twitter:data1\" content=\"1 minute\" \/>\n<script type=\"application\/ld+json\" class=\"yoast-schema-graph\">{\"@context\":\"https:\/\/schema.org\",\"@graph\":[{\"@type\":\"WebPage\",\"@id\":\"https:\/\/www.skagentraad.dk\/en\/product\/forbindelsesboejler\/\",\"url\":\"https:\/\/www.skagentraad.dk\/en\/product\/forbindelsesboejler\/\",\"name\":\"Forbindelsesb\u00f8jler - Skagen Tr\u00e5dindustri - Leverand\u00f8r af armeringsst\u00e5l\",\"isPartOf\":{\"@id\":\"https:\/\/www.skagentraad.dk\/#website\"},\"datePublished\":\"2015-04-28T10:09:28+00:00\",\"dateModified\":\"2021-04-20T08:04:32+00:00\",\"description\":\"Se Skagen Tr\u00e5dindustri's forbindelsesb\u00f8jler som bruges til forbindelses af netarmering. Vores b\u00f8jler f\u00e5es i forskellige st\u00f8rrelser.\",\"breadcrumb\":{\"@id\":\"https:\/\/www.skagentraad.dk\/en\/product\/forbindelsesboejler\/#breadcrumb\"},\"inLanguage\":\"en-GB\",\"potentialAction\":[{\"@type\":\"ReadAction\",\"target\":[\"https:\/\/www.skagentraad.dk\/en\/product\/forbindelsesboejler\/\"]}]},{\"@type\":\"BreadcrumbList\",\"@id\":\"https:\/\/www.skagentraad.dk\/en\/product\/forbindelsesboejler\/#breadcrumb\",\"itemListElement\":[{\"@type\":\"ListItem\",\"position\":1,\"name\":\"Hjem\",\"item\":\"https:\/\/www.skagentraad.dk\/\"},{\"@type\":\"ListItem\",\"position\":2,\"name\":\"Produkter\",\"item\":\"https:\/\/www.skagentraad.dk\/produkter\/\"},{\"@type\":\"ListItem\",\"position\":3,\"name\":\"Betonelementer\",\"item\":\"https:\/\/www.skagentraad.dk\/product-category\/betonelementer\/\"},{\"@type\":\"ListItem\",\"position\":4,\"name\":\"Sandwich\",\"item\":\"https:\/\/www.skagentraad.dk\/product-category\/betonelementer\/sandwich\/\"},{\"@type\":\"ListItem\",\"position\":5,\"name\":\"FORBINDELSESB\u00d8JLER\"}]},{\"@type\":\"WebSite\",\"@id\":\"https:\/\/www.skagentraad.dk\/#website\",\"url\":\"https:\/\/www.skagentraad.dk\/\",\"name\":\"Skagen Tr\u00e5dindustri\",\"description\":\"Leverand\u00f8r af rustfrit armeringsst\u00e5l til brug for bygge- og anl\u00e6gsbranchen\",\"publisher\":{\"@id\":\"https:\/\/www.skagentraad.dk\/#organization\"},\"potentialAction\":[{\"@type\":\"SearchAction\",\"target\":{\"@type\":\"EntryPoint\",\"urlTemplate\":\"https:\/\/www.skagentraad.dk\/?s={search_term_string}\"},\"query-input\":\"required name=search_term_string\"}],\"inLanguage\":\"en-GB\"},{\"@type\":\"Organization\",\"@id\":\"https:\/\/www.skagentraad.dk\/#organization\",\"name\":\"Skagen Tr\u00e5dindustri\",\"url\":\"https:\/\/www.skagentraad.dk\/\",\"logo\":{\"@type\":\"ImageObject\",\"inLanguage\":\"en-GB\",\"@id\":\"https:\/\/www.skagentraad.dk\/#\/schema\/logo\/image\/\",\"url\":\"https:\/\/www.skagentraad.dk\/wp-content\/uploads\/2015\/01\/logo_top.png\",\"contentUrl\":\"https:\/\/www.skagentraad.dk\/wp-content\/uploads\/2015\/01\/logo_top.png\",\"width\":350,\"height\":108,\"caption\":\"Skagen Tr\u00e5dindustri\"},\"image\":{\"@id\":\"https:\/\/www.skagentraad.dk\/#\/schema\/logo\/image\/\"}}]}<\/script>\n<!-- \/ Yoast SEO plugin. -->","yoast_head_json":{"title":"Forbindelsesb\u00f8jler - Skagen Tr\u00e5dindustri - Leverand\u00f8r af armeringsst\u00e5l","description":"Se Skagen Tr\u00e5dindustri's forbindelsesb\u00f8jler som bruges til forbindelses af netarmering. Vores b\u00f8jler f\u00e5es i forskellige st\u00f8rrelser.","robots":{"index":"index","follow":"follow","max-snippet":"max-snippet:-1","max-image-preview":"max-image-preview:large","max-video-preview":"max-video-preview:-1"},"canonical":"https:\/\/www.skagentraad.dk\/en\/product\/forbindelsesboejler\/","og_locale":"en_GB","og_type":"article","og_title":"Forbindelsesb\u00f8jler - Skagen Tr\u00e5dindustri - Leverand\u00f8r af armeringsst\u00e5l","og_description":"Se Skagen Tr\u00e5dindustri's forbindelsesb\u00f8jler som bruges til forbindelses af netarmering. Vores b\u00f8jler f\u00e5es i forskellige st\u00f8rrelser.","og_url":"https:\/\/www.skagentraad.dk\/en\/product\/forbindelsesboejler\/","og_site_name":"Skagen Tr\u00e5dindustri","article_modified_time":"2021-04-20T08:04:32+00:00","og_image":[{"width":480,"height":640,"url":"https:\/\/www.skagentraad.dk\/wp-content\/uploads\/2021\/02\/Forbindelsesboejle.jpg","type":"image\/jpeg"}],"twitter_card":"summary_large_image","twitter_misc":{"Estimated reading time":"1 minute"},"schema":{"@context":"https:\/\/schema.org","@graph":[{"@type":"WebPage","@id":"https:\/\/www.skagentraad.dk\/en\/product\/forbindelsesboejler\/","url":"https:\/\/www.skagentraad.dk\/en\/product\/forbindelsesboejler\/","name":"Forbindelsesb\u00f8jler - Skagen Tr\u00e5dindustri - Leverand\u00f8r af armeringsst\u00e5l","isPartOf":{"@id":"https:\/\/www.skagentraad.dk\/#website"},"datePublished":"2015-04-28T10:09:28+00:00","dateModified":"2021-04-20T08:04:32+00:00","description":"Se Skagen Tr\u00e5dindustri's forbindelsesb\u00f8jler som bruges til forbindelses af netarmering. Vores b\u00f8jler f\u00e5es i forskellige st\u00f8rrelser.","breadcrumb":{"@id":"https:\/\/www.skagentraad.dk\/en\/product\/forbindelsesboejler\/#breadcrumb"},"inLanguage":"en-GB","potentialAction":[{"@type":"ReadAction","target":["https:\/\/www.skagentraad.dk\/en\/product\/forbindelsesboejler\/"]}]},{"@type":"BreadcrumbList","@id":"https:\/\/www.skagentraad.dk\/en\/product\/forbindelsesboejler\/#breadcrumb","itemListElement":[{"@type":"ListItem","position":1,"name":"Hjem","item":"https:\/\/www.skagentraad.dk\/"},{"@type":"ListItem","position":2,"name":"Produkter","item":"https:\/\/www.skagentraad.dk\/produkter\/"},{"@type":"ListItem","position":3,"name":"Betonelementer","item":"https:\/\/www.skagentraad.dk\/product-category\/betonelementer\/"},{"@type":"ListItem","position":4,"name":"Sandwich","item":"https:\/\/www.skagentraad.dk\/product-category\/betonelementer\/sandwich\/"},{"@type":"ListItem","position":5,"name":"FORBINDELSESB\u00d8JLER"}]},{"@type":"WebSite","@id":"https:\/\/www.skagentraad.dk\/#website","url":"https:\/\/www.skagentraad.dk\/","name":"Skagen Tr\u00e5dindustri","description":"Supplier of stainless reinforcing steel to the construction industry","publisher":{"@id":"https:\/\/www.skagentraad.dk\/#organization"},"potentialAction":[{"@type":"SearchAction","target":{"@type":"EntryPoint","urlTemplate":"https:\/\/www.skagentraad.dk\/?s={search_term_string}"},"query-input":"required name=search_term_string"}],"inLanguage":"en-GB"},{"@type":"Organization","@id":"https:\/\/www.skagentraad.dk\/#organization","name":"Skagen Tr\u00e5dindustri","url":"https:\/\/www.skagentraad.dk\/","logo":{"@type":"ImageObject","inLanguage":"en-GB","@id":"https:\/\/www.skagentraad.dk\/#\/schema\/logo\/image\/","url":"https:\/\/www.skagentraad.dk\/wp-content\/uploads\/2015\/01\/logo_top.png","contentUrl":"https:\/\/www.skagentraad.dk\/wp-content\/uploads\/2015\/01\/logo_top.png","width":350,"height":108,"caption":"Skagen Tr\u00e5dindustri"},"image":{"@id":"https:\/\/www.skagentraad.dk\/#\/schema\/logo\/image\/"}}]}},"_links":{"self":[{"href":"https:\/\/www.skagentraad.dk\/en\/wp-json\/wp\/v2\/product\/2267"}],"collection":[{"href":"https:\/\/www.skagentraad.dk\/en\/wp-json\/wp\/v2\/product"}],"about":[{"href":"https:\/\/www.skagentraad.dk\/en\/wp-json\/wp\/v2\/types\/product"}],"wp:featuredmedia":[{"embeddable":true,"href":"https:\/\/www.skagentraad.dk\/en\/wp-json\/wp\/v2\/media\/3209"}],"wp:attachment":[{"href":"https:\/\/www.skagentraad.dk\/en\/wp-json\/wp\/v2\/media?parent=2267"}],"wp:term":[{"taxonomy":"product_cat","embeddable":true,"href":"https:\/\/www.skagentraad.dk\/en\/wp-json\/wp\/v2\/product_cat?post=2267"},{"taxonomy":"product_tag","embeddable":true,"href":"https:\/\/www.skagentraad.dk\/en\/wp-json\/wp\/v2\/product_tag?post=2267"}],"curies":[{"name":"wp","href":"https:\/\/api.w.org\/{rel}","templated":true}]}}