{"id":2282,"date":"2015-05-11T11:35:12","date_gmt":"2015-05-11T11:35:12","guid":{"rendered":"http:\/\/www.skagentraad.dk\/?post_type=product&#038;p=2282"},"modified":"2021-06-17T09:54:37","modified_gmt":"2021-06-17T09:54:37","slug":"isoleringsplade-dybel-oe8","status":"publish","type":"product","link":"https:\/\/www.skagentraad.dk\/en\/product\/isoleringsplade-dybel-oe8\/","title":{"rendered":"ISO-FIX DYBEL \u00d88mm."},"content":{"rendered":"<p>Iso-fix dybel har en diameter p\u00e5 8 mm.<\/p>\n<p>A mounting drill with a diameter of 8mm must be used before mounting insulation board dowel.<\/p>\n<p>Dybel l\u00e6ngde = Isolering + 25mm.<\/p>\n<p>Iso-fix dybel er lavet for Kingspan isoleringsplader.<\/p>\n\n<table id=\"tablepress-32\" class=\"tablepress tablepress-id-32\">\n<thead>\n<tr class=\"row-1 odd\">\n\t<th class=\"column-1\">Item number<\/th><th class=\"column-2\">Diameter<\/th><th class=\"column-3\">Dimension<\/th><th class=\"column-4\">Quantity\/package<\/th>\n<\/tr>\n<\/thead>\n<tbody class=\"row-hover\">\n<tr class=\"row-2 even\">\n\t<td class=\"column-1\">13408135<\/td><td class=\"column-2\">Diam.: 8,00 mm.<\/td><td class=\"column-3\">135mm.<\/td><td class=\"column-4\">100<\/td>\n<\/tr>\n<tr class=\"row-3 odd\">\n\t<td class=\"column-1\">13408155<\/td><td class=\"column-2\">Diam.: 8,00 mm.<\/td><td class=\"column-3\">155mm.<\/td><td class=\"column-4\">100<\/td>\n<\/tr>\n<tr class=\"row-4 even\">\n\t<td class=\"column-1\">13408175<\/td><td class=\"column-2\">Diam.: 8,00 mm.<\/td><td class=\"column-3\">175mm.<\/td><td class=\"column-4\">100<\/td>\n<\/tr>\n<tr class=\"row-5 odd\">\n\t<td class=\"column-1\">13408195<\/td><td class=\"column-2\">Diam.: 8,00 mm.<\/td><td class=\"column-3\">195mm.<\/td><td class=\"column-4\">100<\/td>\n<\/tr>\n<tr class=\"row-6 even\">\n\t<td class=\"column-1\">13408215<\/td><td class=\"column-2\">Diam.: 8,00 mm.<\/td><td class=\"column-3\">215mm.<\/td><td class=\"column-4\">100<\/td>\n<\/tr>\n<tr class=\"row-7 odd\">\n\t<td class=\"column-1\">13408235<\/td><td class=\"column-2\">Diam.: 8,00 mm.<\/td><td class=\"column-3\">235 mm.<\/td><td class=\"column-4\">100<\/td>\n<\/tr>\n<tr class=\"row-8 even\">\n\t<td class=\"column-1\">13408255<\/td><td class=\"column-2\">Diam.: 8,00 mm.<\/td><td class=\"column-3\">255mm.<\/td><td class=\"column-4\">100<\/td>\n<\/tr>\n<tr class=\"row-9 odd\">\n\t<td class=\"column-1\">13408275<\/td><td class=\"column-2\">Diam.: 8,00 mm.<\/td><td class=\"column-3\">275mm.<\/td><td class=\"column-4\">100<\/td>\n<\/tr>\n<tr class=\"row-10 even\">\n\t<td class=\"column-1\">13408295<\/td><td class=\"column-2\">Diam.: 8,00 mm.<\/td><td class=\"column-3\">295mm.<\/td><td class=\"column-4\">100<\/td>\n<\/tr>\n<tr class=\"row-11 odd\">\n\t<td class=\"column-1\">13408335<\/td><td class=\"column-2\">Diam.: 8,00 mm.<\/td><td class=\"column-3\">335mm.<\/td><td class=\"column-4\">100<\/td>\n<\/tr>\n<tr class=\"row-12 even\">\n\t<td class=\"column-1\">13408355<\/td><td class=\"column-2\">Diam.: 8,00 mm.<\/td><td class=\"column-3\">355mm.<\/td><td class=\"column-4\">100<\/td>\n<\/tr>\n<tr class=\"row-13 odd\">\n\t<td class=\"column-1\">13408395<\/td><td class=\"column-2\">Diam.: 8,00 mm.<\/td><td class=\"column-3\">395mm.<\/td><td class=\"column-4\">100<\/td>\n<\/tr>\n<\/tbody>\n<\/table>\n<!-- #tablepress-32 from cache -->\n<span><span><a href=\"https:\/\/www.skagentraad.dk\/en\/\">Home<\/a><\/span><\/span>","protected":false},"excerpt":{"rendered":"[wpseo_breadcrumb]\n<p>Dyblen anvendes til fastg\u00f8relse af facade isolering p\u00e5 fast underlag som teglsten, leca, porebeton og beton.<\/p>\n<p>Iso-fix dybel er lavet for Kingspan isoleringsplader.<\/p>\n<p>&nbsp;<\/p>\n<p>&nbsp;<\/p>\n<p>&nbsp;<\/p>\n","protected":false},"featured_media":3216,"template":"","meta":[],"product_cat":[70,72],"product_tag":[],"yoast_head":"<!-- This site is optimized with the Yoast SEO plugin v19.13 - https:\/\/yoast.com\/wordpress\/plugins\/seo\/ -->\n<title>Iso-fix dybel \u00d88mm. - Skagen Tr\u00e5dindustri - Leverand\u00f8r af armeringsst\u00e5l<\/title>\n<meta name=\"description\" content=\"Skagen Tr\u00e5dindustri tilbyder tilbeh\u00f8r til vores murbindere. Vi har et stort udvalg af tilbeh\u00f8r, blandt andet denne isoleringsplade dybel.\" \/>\n<meta name=\"robots\" content=\"index, follow, max-snippet:-1, max-image-preview:large, max-video-preview:-1\" \/>\n<link rel=\"canonical\" href=\"https:\/\/www.skagentraad.dk\/en\/product\/isoleringsplade-dybel-oe8\/\" \/>\n<meta property=\"og:locale\" content=\"en_GB\" \/>\n<meta property=\"og:type\" content=\"article\" \/>\n<meta property=\"og:title\" content=\"Iso-fix dybel \u00d88mm. - Skagen Tr\u00e5dindustri - Leverand\u00f8r af armeringsst\u00e5l\" \/>\n<meta property=\"og:description\" content=\"Skagen Tr\u00e5dindustri tilbyder tilbeh\u00f8r til vores murbindere. Vi har et stort udvalg af tilbeh\u00f8r, blandt andet denne isoleringsplade dybel.\" \/>\n<meta property=\"og:url\" content=\"https:\/\/www.skagentraad.dk\/en\/product\/isoleringsplade-dybel-oe8\/\" \/>\n<meta property=\"og:site_name\" content=\"Skagen Tr\u00e5dindustri\" \/>\n<meta property=\"article:modified_time\" content=\"2021-06-17T09:54:37+00:00\" \/>\n<meta property=\"og:image\" content=\"https:\/\/www.skagentraad.dk\/wp-content\/uploads\/2021\/02\/Isoleringsplade-dybel-1.jpg\" \/>\n\t<meta property=\"og:image:width\" content=\"428\" \/>\n\t<meta property=\"og:image:height\" content=\"640\" \/>\n\t<meta property=\"og:image:type\" content=\"image\/jpeg\" \/>\n<meta name=\"twitter:card\" content=\"summary_large_image\" \/>\n<meta name=\"twitter:label1\" content=\"Estimated reading time\" \/>\n\t<meta name=\"twitter:data1\" content=\"1 minute\" \/>\n<script type=\"application\/ld+json\" class=\"yoast-schema-graph\">{\"@context\":\"https:\/\/schema.org\",\"@graph\":[{\"@type\":\"WebPage\",\"@id\":\"https:\/\/www.skagentraad.dk\/en\/product\/isoleringsplade-dybel-oe8\/\",\"url\":\"https:\/\/www.skagentraad.dk\/en\/product\/isoleringsplade-dybel-oe8\/\",\"name\":\"Iso-fix dybel \u00d88mm. - Skagen Tr\u00e5dindustri - Leverand\u00f8r af armeringsst\u00e5l\",\"isPartOf\":{\"@id\":\"https:\/\/www.skagentraad.dk\/#website\"},\"datePublished\":\"2015-05-11T11:35:12+00:00\",\"dateModified\":\"2021-06-17T09:54:37+00:00\",\"description\":\"Skagen Tr\u00e5dindustri tilbyder tilbeh\u00f8r til vores murbindere. Vi har et stort udvalg af tilbeh\u00f8r, blandt andet denne isoleringsplade dybel.\",\"breadcrumb\":{\"@id\":\"https:\/\/www.skagentraad.dk\/en\/product\/isoleringsplade-dybel-oe8\/#breadcrumb\"},\"inLanguage\":\"en-GB\",\"potentialAction\":[{\"@type\":\"ReadAction\",\"target\":[\"https:\/\/www.skagentraad.dk\/en\/product\/isoleringsplade-dybel-oe8\/\"]}]},{\"@type\":\"BreadcrumbList\",\"@id\":\"https:\/\/www.skagentraad.dk\/en\/product\/isoleringsplade-dybel-oe8\/#breadcrumb\",\"itemListElement\":[{\"@type\":\"ListItem\",\"position\":1,\"name\":\"Hjem\",\"item\":\"https:\/\/www.skagentraad.dk\/\"},{\"@type\":\"ListItem\",\"position\":2,\"name\":\"Produkter\",\"item\":\"https:\/\/www.skagentraad.dk\/produkter\/\"},{\"@type\":\"ListItem\",\"position\":3,\"name\":\"Tilbeh\u00f8r\",\"item\":\"https:\/\/www.skagentraad.dk\/product-category\/tilbehoer\/\"},{\"@type\":\"ListItem\",\"position\":4,\"name\":\"Isolering\",\"item\":\"https:\/\/www.skagentraad.dk\/en\/product-category\/tilbehoer\/isolering\/\"},{\"@type\":\"ListItem\",\"position\":5,\"name\":\"ISO-FIX DYBEL \u00d88mm.\"}]},{\"@type\":\"WebSite\",\"@id\":\"https:\/\/www.skagentraad.dk\/#website\",\"url\":\"https:\/\/www.skagentraad.dk\/\",\"name\":\"Skagen Tr\u00e5dindustri\",\"description\":\"Leverand\u00f8r af rustfrit armeringsst\u00e5l til brug for bygge- og anl\u00e6gsbranchen\",\"publisher\":{\"@id\":\"https:\/\/www.skagentraad.dk\/#organization\"},\"potentialAction\":[{\"@type\":\"SearchAction\",\"target\":{\"@type\":\"EntryPoint\",\"urlTemplate\":\"https:\/\/www.skagentraad.dk\/?s={search_term_string}\"},\"query-input\":\"required name=search_term_string\"}],\"inLanguage\":\"en-GB\"},{\"@type\":\"Organization\",\"@id\":\"https:\/\/www.skagentraad.dk\/#organization\",\"name\":\"Skagen Tr\u00e5dindustri\",\"url\":\"https:\/\/www.skagentraad.dk\/\",\"logo\":{\"@type\":\"ImageObject\",\"inLanguage\":\"en-GB\",\"@id\":\"https:\/\/www.skagentraad.dk\/#\/schema\/logo\/image\/\",\"url\":\"https:\/\/www.skagentraad.dk\/wp-content\/uploads\/2015\/01\/logo_top.png\",\"contentUrl\":\"https:\/\/www.skagentraad.dk\/wp-content\/uploads\/2015\/01\/logo_top.png\",\"width\":350,\"height\":108,\"caption\":\"Skagen Tr\u00e5dindustri\"},\"image\":{\"@id\":\"https:\/\/www.skagentraad.dk\/#\/schema\/logo\/image\/\"}}]}<\/script>\n<!-- \/ Yoast SEO plugin. -->","yoast_head_json":{"title":"Iso-fix dybel \u00d88mm. - Skagen Tr\u00e5dindustri - Leverand\u00f8r af armeringsst\u00e5l","description":"Skagen Tr\u00e5dindustri tilbyder tilbeh\u00f8r til vores murbindere. Vi har et stort udvalg af tilbeh\u00f8r, blandt andet denne isoleringsplade dybel.","robots":{"index":"index","follow":"follow","max-snippet":"max-snippet:-1","max-image-preview":"max-image-preview:large","max-video-preview":"max-video-preview:-1"},"canonical":"https:\/\/www.skagentraad.dk\/en\/product\/isoleringsplade-dybel-oe8\/","og_locale":"en_GB","og_type":"article","og_title":"Iso-fix dybel \u00d88mm. - Skagen Tr\u00e5dindustri - Leverand\u00f8r af armeringsst\u00e5l","og_description":"Skagen Tr\u00e5dindustri tilbyder tilbeh\u00f8r til vores murbindere. Vi har et stort udvalg af tilbeh\u00f8r, blandt andet denne isoleringsplade dybel.","og_url":"https:\/\/www.skagentraad.dk\/en\/product\/isoleringsplade-dybel-oe8\/","og_site_name":"Skagen Tr\u00e5dindustri","article_modified_time":"2021-06-17T09:54:37+00:00","og_image":[{"width":428,"height":640,"url":"https:\/\/www.skagentraad.dk\/wp-content\/uploads\/2021\/02\/Isoleringsplade-dybel-1.jpg","type":"image\/jpeg"}],"twitter_card":"summary_large_image","twitter_misc":{"Estimated reading time":"1 minute"},"schema":{"@context":"https:\/\/schema.org","@graph":[{"@type":"WebPage","@id":"https:\/\/www.skagentraad.dk\/en\/product\/isoleringsplade-dybel-oe8\/","url":"https:\/\/www.skagentraad.dk\/en\/product\/isoleringsplade-dybel-oe8\/","name":"Iso-fix dybel \u00d88mm. - Skagen Tr\u00e5dindustri - Leverand\u00f8r af armeringsst\u00e5l","isPartOf":{"@id":"https:\/\/www.skagentraad.dk\/#website"},"datePublished":"2015-05-11T11:35:12+00:00","dateModified":"2021-06-17T09:54:37+00:00","description":"Skagen Tr\u00e5dindustri tilbyder tilbeh\u00f8r til vores murbindere. Vi har et stort udvalg af tilbeh\u00f8r, blandt andet denne isoleringsplade dybel.","breadcrumb":{"@id":"https:\/\/www.skagentraad.dk\/en\/product\/isoleringsplade-dybel-oe8\/#breadcrumb"},"inLanguage":"en-GB","potentialAction":[{"@type":"ReadAction","target":["https:\/\/www.skagentraad.dk\/en\/product\/isoleringsplade-dybel-oe8\/"]}]},{"@type":"BreadcrumbList","@id":"https:\/\/www.skagentraad.dk\/en\/product\/isoleringsplade-dybel-oe8\/#breadcrumb","itemListElement":[{"@type":"ListItem","position":1,"name":"Hjem","item":"https:\/\/www.skagentraad.dk\/"},{"@type":"ListItem","position":2,"name":"Produkter","item":"https:\/\/www.skagentraad.dk\/produkter\/"},{"@type":"ListItem","position":3,"name":"Tilbeh\u00f8r","item":"https:\/\/www.skagentraad.dk\/product-category\/tilbehoer\/"},{"@type":"ListItem","position":4,"name":"Isolering","item":"https:\/\/www.skagentraad.dk\/en\/product-category\/tilbehoer\/isolering\/"},{"@type":"ListItem","position":5,"name":"ISO-FIX DYBEL \u00d88mm."}]},{"@type":"WebSite","@id":"https:\/\/www.skagentraad.dk\/#website","url":"https:\/\/www.skagentraad.dk\/","name":"Skagen Tr\u00e5dindustri","description":"Supplier of stainless reinforcing steel to the construction industry","publisher":{"@id":"https:\/\/www.skagentraad.dk\/#organization"},"potentialAction":[{"@type":"SearchAction","target":{"@type":"EntryPoint","urlTemplate":"https:\/\/www.skagentraad.dk\/?s={search_term_string}"},"query-input":"required name=search_term_string"}],"inLanguage":"en-GB"},{"@type":"Organization","@id":"https:\/\/www.skagentraad.dk\/#organization","name":"Skagen Tr\u00e5dindustri","url":"https:\/\/www.skagentraad.dk\/","logo":{"@type":"ImageObject","inLanguage":"en-GB","@id":"https:\/\/www.skagentraad.dk\/#\/schema\/logo\/image\/","url":"https:\/\/www.skagentraad.dk\/wp-content\/uploads\/2015\/01\/logo_top.png","contentUrl":"https:\/\/www.skagentraad.dk\/wp-content\/uploads\/2015\/01\/logo_top.png","width":350,"height":108,"caption":"Skagen Tr\u00e5dindustri"},"image":{"@id":"https:\/\/www.skagentraad.dk\/#\/schema\/logo\/image\/"}}]}},"_links":{"self":[{"href":"https:\/\/www.skagentraad.dk\/en\/wp-json\/wp\/v2\/product\/2282"}],"collection":[{"href":"https:\/\/www.skagentraad.dk\/en\/wp-json\/wp\/v2\/product"}],"about":[{"href":"https:\/\/www.skagentraad.dk\/en\/wp-json\/wp\/v2\/types\/product"}],"wp:featuredmedia":[{"embeddable":true,"href":"https:\/\/www.skagentraad.dk\/en\/wp-json\/wp\/v2\/media\/3216"}],"wp:attachment":[{"href":"https:\/\/www.skagentraad.dk\/en\/wp-json\/wp\/v2\/media?parent=2282"}],"wp:term":[{"taxonomy":"product_cat","embeddable":true,"href":"https:\/\/www.skagentraad.dk\/en\/wp-json\/wp\/v2\/product_cat?post=2282"},{"taxonomy":"product_tag","embeddable":true,"href":"https:\/\/www.skagentraad.dk\/en\/wp-json\/wp\/v2\/product_tag?post=2282"}],"curies":[{"name":"wp","href":"https:\/\/api.w.org\/{rel}","templated":true}]}}