{"id":2303,"date":"2015-05-11T13:14:05","date_gmt":"2015-05-11T13:14:05","guid":{"rendered":"http:\/\/www.skagentraad.dk\/?product=z-clamps"},"modified":"2025-08-05T09:32:06","modified_gmt":"2025-08-05T08:32:06","slug":"z-clamps","status":"publish","type":"product","link":"https:\/\/www.skagentraad.dk\/en\/product\/z-clamps\/","title":{"rendered":"ST Z-CLAMPS"},"content":{"rendered":"<p><strong><span style=\"text-decoration: underline;\">Materiale &#8211; ST Z-clamps:<\/span><br \/>\n<\/strong>- Stainless steel A2 - EN 1.4301 - SS 142 332<\/p>\n<p>Our stainless steel is certified according to EN 10088-5.<\/p>\n\n<table id=\"tablepress-31\" class=\"tablepress tablepress-id-31\">\n<thead>\n<tr class=\"row-1 odd\">\n\t<th class=\"column-1\">Item number<\/th><th class=\"column-2\">DB-nummer<\/th><th class=\"column-3\">Diamater<\/th><th class=\"column-4\">Dimension<\/th><th class=\"column-5\">Quantity\/package<\/th>\n<\/tr>\n<\/thead>\n<tbody class=\"row-hover\">\n<tr class=\"row-2 even\">\n\t<td class=\"column-1\">16301010<\/td><td class=\"column-2\">2353347<\/td><td class=\"column-3\">Diam.: 3,00 mm.<\/td><td class=\"column-4\">HEB-IPE 100-120<\/td><td class=\"column-5\">1 piece<\/td>\n<\/tr>\n<\/tbody>\n<\/table>\n<!-- #tablepress-31 from cache -->\n<span><span><a href=\"https:\/\/www.skagentraad.dk\/en\/\">Home<\/a><\/span><\/span>","protected":false},"excerpt":{"rendered":"[wpseo_breadcrumb]\n<p><strong>ST Z-clamps HEB\/IPE Flange 7-16 mm. \u00d83 mm.<\/strong><\/p>\n<p><strong>ST Z-Clamps med Flange, som monteres p\u00e5 HEB og IPE s\u00f8jler.\u00a0<\/strong><\/p>\n<p><strong>S\u00f8jlebinderen monteres med hammer.\u00a0<\/strong><\/p>\n<p>&nbsp;<\/p>\n","protected":false},"featured_media":3199,"template":"","meta":[],"product_cat":[57,59],"product_tag":[82,85,84],"yoast_head":"<!-- This site is optimized with the Yoast SEO plugin v19.13 - https:\/\/yoast.com\/wordpress\/plugins\/seo\/ -->\n<title>Z-Clamps - Skagen Tr\u00e5dindustri - Leverand\u00f8r af armeringsst\u00e5l<\/title>\n<meta name=\"description\" content=\"Skagen Tr\u00e5dindustri producerer Z-Clamps af h\u00f8jeste kvalitet. Disse Z-Clamps bruges som s\u00f8jlebinder p\u00e5 s\u00f8jler af typen HEB og IPE.\" \/>\n<meta name=\"robots\" content=\"index, follow, max-snippet:-1, max-image-preview:large, max-video-preview:-1\" \/>\n<link rel=\"canonical\" href=\"https:\/\/www.skagentraad.dk\/en\/product\/z-clamps\/\" \/>\n<meta property=\"og:locale\" content=\"en_GB\" \/>\n<meta property=\"og:type\" content=\"article\" \/>\n<meta property=\"og:title\" content=\"Z-Clamps - Skagen Tr\u00e5dindustri - Leverand\u00f8r af armeringsst\u00e5l\" \/>\n<meta property=\"og:description\" content=\"Skagen Tr\u00e5dindustri producerer Z-Clamps af h\u00f8jeste kvalitet. Disse Z-Clamps bruges som s\u00f8jlebinder p\u00e5 s\u00f8jler af typen HEB og IPE.\" \/>\n<meta property=\"og:url\" content=\"https:\/\/www.skagentraad.dk\/en\/product\/z-clamps\/\" \/>\n<meta property=\"og:site_name\" content=\"Skagen Tr\u00e5dindustri\" \/>\n<meta property=\"article:modified_time\" content=\"2025-08-05T08:32:06+00:00\" \/>\n<meta property=\"og:image\" content=\"https:\/\/www.skagentraad.dk\/wp-content\/uploads\/2021\/02\/Z-clamp.jpg\" \/>\n\t<meta property=\"og:image:width\" content=\"778\" \/>\n\t<meta property=\"og:image:height\" content=\"694\" \/>\n\t<meta property=\"og:image:type\" content=\"image\/jpeg\" \/>\n<meta name=\"twitter:card\" content=\"summary_large_image\" \/>\n<meta name=\"twitter:label1\" content=\"Estimated reading time\" \/>\n\t<meta name=\"twitter:data1\" content=\"1 minute\" \/>\n<script type=\"application\/ld+json\" class=\"yoast-schema-graph\">{\"@context\":\"https:\/\/schema.org\",\"@graph\":[{\"@type\":\"WebPage\",\"@id\":\"https:\/\/www.skagentraad.dk\/product\/z-clamps\/\",\"url\":\"https:\/\/www.skagentraad.dk\/product\/z-clamps\/\",\"name\":\"Z-Clamps - Skagen Tr\u00e5dindustri - Leverand\u00f8r af armeringsst\u00e5l\",\"isPartOf\":{\"@id\":\"https:\/\/www.skagentraad.dk\/#website\"},\"datePublished\":\"2015-05-11T13:14:05+00:00\",\"dateModified\":\"2025-08-05T08:32:06+00:00\",\"description\":\"Skagen Tr\u00e5dindustri producerer Z-Clamps af h\u00f8jeste kvalitet. Disse Z-Clamps bruges som s\u00f8jlebinder p\u00e5 s\u00f8jler af typen HEB og IPE.\",\"breadcrumb\":{\"@id\":\"https:\/\/www.skagentraad.dk\/product\/z-clamps\/#breadcrumb\"},\"inLanguage\":\"en-GB\",\"potentialAction\":[{\"@type\":\"ReadAction\",\"target\":[\"https:\/\/www.skagentraad.dk\/product\/z-clamps\/\"]}]},{\"@type\":\"BreadcrumbList\",\"@id\":\"https:\/\/www.skagentraad.dk\/product\/z-clamps\/#breadcrumb\",\"itemListElement\":[{\"@type\":\"ListItem\",\"position\":1,\"name\":\"Hjem\",\"item\":\"https:\/\/www.skagentraad.dk\/\"},{\"@type\":\"ListItem\",\"position\":2,\"name\":\"Produkter\",\"item\":\"https:\/\/www.skagentraad.dk\/produkter\/\"},{\"@type\":\"ListItem\",\"position\":3,\"name\":\"Mur\",\"item\":\"https:\/\/www.skagentraad.dk\/product-category\/mur\/\"},{\"@type\":\"ListItem\",\"position\":4,\"name\":\"Montagebindere\",\"item\":\"https:\/\/www.skagentraad.dk\/en\/product-category\/mur\/montagebindere\/\"},{\"@type\":\"ListItem\",\"position\":5,\"name\":\"ST Z-CLAMPS\"}]},{\"@type\":\"WebSite\",\"@id\":\"https:\/\/www.skagentraad.dk\/#website\",\"url\":\"https:\/\/www.skagentraad.dk\/\",\"name\":\"Skagen Tr\u00e5dindustri\",\"description\":\"Leverand\u00f8r af rustfrit armeringsst\u00e5l til brug for bygge- og anl\u00e6gsbranchen\",\"publisher\":{\"@id\":\"https:\/\/www.skagentraad.dk\/#organization\"},\"potentialAction\":[{\"@type\":\"SearchAction\",\"target\":{\"@type\":\"EntryPoint\",\"urlTemplate\":\"https:\/\/www.skagentraad.dk\/?s={search_term_string}\"},\"query-input\":\"required name=search_term_string\"}],\"inLanguage\":\"en-GB\"},{\"@type\":\"Organization\",\"@id\":\"https:\/\/www.skagentraad.dk\/#organization\",\"name\":\"Skagen Tr\u00e5dindustri\",\"url\":\"https:\/\/www.skagentraad.dk\/\",\"logo\":{\"@type\":\"ImageObject\",\"inLanguage\":\"en-GB\",\"@id\":\"https:\/\/www.skagentraad.dk\/#\/schema\/logo\/image\/\",\"url\":\"https:\/\/www.skagentraad.dk\/wp-content\/uploads\/2015\/01\/logo_top.png\",\"contentUrl\":\"https:\/\/www.skagentraad.dk\/wp-content\/uploads\/2015\/01\/logo_top.png\",\"width\":350,\"height\":108,\"caption\":\"Skagen Tr\u00e5dindustri\"},\"image\":{\"@id\":\"https:\/\/www.skagentraad.dk\/#\/schema\/logo\/image\/\"}}]}<\/script>\n<!-- \/ Yoast SEO plugin. -->","yoast_head_json":{"title":"Z-Clamps - Skagen Tr\u00e5dindustri - Leverand\u00f8r af armeringsst\u00e5l","description":"Skagen Tr\u00e5dindustri producerer Z-Clamps af h\u00f8jeste kvalitet. Disse Z-Clamps bruges som s\u00f8jlebinder p\u00e5 s\u00f8jler af typen HEB og IPE.","robots":{"index":"index","follow":"follow","max-snippet":"max-snippet:-1","max-image-preview":"max-image-preview:large","max-video-preview":"max-video-preview:-1"},"canonical":"https:\/\/www.skagentraad.dk\/en\/product\/z-clamps\/","og_locale":"en_GB","og_type":"article","og_title":"Z-Clamps - Skagen Tr\u00e5dindustri - Leverand\u00f8r af armeringsst\u00e5l","og_description":"Skagen Tr\u00e5dindustri producerer Z-Clamps af h\u00f8jeste kvalitet. Disse Z-Clamps bruges som s\u00f8jlebinder p\u00e5 s\u00f8jler af typen HEB og IPE.","og_url":"https:\/\/www.skagentraad.dk\/en\/product\/z-clamps\/","og_site_name":"Skagen Tr\u00e5dindustri","article_modified_time":"2025-08-05T08:32:06+00:00","og_image":[{"width":778,"height":694,"url":"https:\/\/www.skagentraad.dk\/wp-content\/uploads\/2021\/02\/Z-clamp.jpg","type":"image\/jpeg"}],"twitter_card":"summary_large_image","twitter_misc":{"Estimated reading time":"1 minute"},"schema":{"@context":"https:\/\/schema.org","@graph":[{"@type":"WebPage","@id":"https:\/\/www.skagentraad.dk\/product\/z-clamps\/","url":"https:\/\/www.skagentraad.dk\/product\/z-clamps\/","name":"Z-Clamps - Skagen Tr\u00e5dindustri - Leverand\u00f8r af armeringsst\u00e5l","isPartOf":{"@id":"https:\/\/www.skagentraad.dk\/#website"},"datePublished":"2015-05-11T13:14:05+00:00","dateModified":"2025-08-05T08:32:06+00:00","description":"Skagen Tr\u00e5dindustri producerer Z-Clamps af h\u00f8jeste kvalitet. Disse Z-Clamps bruges som s\u00f8jlebinder p\u00e5 s\u00f8jler af typen HEB og IPE.","breadcrumb":{"@id":"https:\/\/www.skagentraad.dk\/product\/z-clamps\/#breadcrumb"},"inLanguage":"en-GB","potentialAction":[{"@type":"ReadAction","target":["https:\/\/www.skagentraad.dk\/product\/z-clamps\/"]}]},{"@type":"BreadcrumbList","@id":"https:\/\/www.skagentraad.dk\/product\/z-clamps\/#breadcrumb","itemListElement":[{"@type":"ListItem","position":1,"name":"Hjem","item":"https:\/\/www.skagentraad.dk\/"},{"@type":"ListItem","position":2,"name":"Produkter","item":"https:\/\/www.skagentraad.dk\/produkter\/"},{"@type":"ListItem","position":3,"name":"Mur","item":"https:\/\/www.skagentraad.dk\/product-category\/mur\/"},{"@type":"ListItem","position":4,"name":"Montagebindere","item":"https:\/\/www.skagentraad.dk\/en\/product-category\/mur\/montagebindere\/"},{"@type":"ListItem","position":5,"name":"ST Z-CLAMPS"}]},{"@type":"WebSite","@id":"https:\/\/www.skagentraad.dk\/#website","url":"https:\/\/www.skagentraad.dk\/","name":"Skagen Tr\u00e5dindustri","description":"Supplier of stainless reinforcing steel to the construction industry","publisher":{"@id":"https:\/\/www.skagentraad.dk\/#organization"},"potentialAction":[{"@type":"SearchAction","target":{"@type":"EntryPoint","urlTemplate":"https:\/\/www.skagentraad.dk\/?s={search_term_string}"},"query-input":"required name=search_term_string"}],"inLanguage":"en-GB"},{"@type":"Organization","@id":"https:\/\/www.skagentraad.dk\/#organization","name":"Skagen Tr\u00e5dindustri","url":"https:\/\/www.skagentraad.dk\/","logo":{"@type":"ImageObject","inLanguage":"en-GB","@id":"https:\/\/www.skagentraad.dk\/#\/schema\/logo\/image\/","url":"https:\/\/www.skagentraad.dk\/wp-content\/uploads\/2015\/01\/logo_top.png","contentUrl":"https:\/\/www.skagentraad.dk\/wp-content\/uploads\/2015\/01\/logo_top.png","width":350,"height":108,"caption":"Skagen Tr\u00e5dindustri"},"image":{"@id":"https:\/\/www.skagentraad.dk\/#\/schema\/logo\/image\/"}}]}},"_links":{"self":[{"href":"https:\/\/www.skagentraad.dk\/en\/wp-json\/wp\/v2\/product\/2303"}],"collection":[{"href":"https:\/\/www.skagentraad.dk\/en\/wp-json\/wp\/v2\/product"}],"about":[{"href":"https:\/\/www.skagentraad.dk\/en\/wp-json\/wp\/v2\/types\/product"}],"wp:featuredmedia":[{"embeddable":true,"href":"https:\/\/www.skagentraad.dk\/en\/wp-json\/wp\/v2\/media\/3199"}],"wp:attachment":[{"href":"https:\/\/www.skagentraad.dk\/en\/wp-json\/wp\/v2\/media?parent=2303"}],"wp:term":[{"taxonomy":"product_cat","embeddable":true,"href":"https:\/\/www.skagentraad.dk\/en\/wp-json\/wp\/v2\/product_cat?post=2303"},{"taxonomy":"product_tag","embeddable":true,"href":"https:\/\/www.skagentraad.dk\/en\/wp-json\/wp\/v2\/product_tag?post=2303"}],"curies":[{"name":"wp","href":"https:\/\/api.w.org\/{rel}","templated":true}]}}