{"id":2335,"date":"2015-06-11T06:57:26","date_gmt":"2015-06-11T06:57:26","guid":{"rendered":"http:\/\/www.skagentraad.dk\/?product=murlink-dobbeltbinder"},"modified":"2025-08-05T09:30:40","modified_gmt":"2025-08-05T08:30:40","slug":"murlink-dobbeltbinder","status":"publish","type":"product","link":"https:\/\/www.skagentraad.dk\/en\/product\/murlink-dobbeltbinder\/","title":{"rendered":"ST DOBBELTBINDER M. PENDEL &#8220;GLIDEBINDER&#8221;"},"content":{"rendered":"<p><strong><span style=\"text-decoration: underline;\">Materiale &#8211; ST Dobbeltbinder:<\/span><br \/>\n<\/strong>- Stainless steel - EN 1.4301<br \/>\n- Acid-proof steel - EN 1.4401<\/p>\n<p>Our stainless steel is certfied according to EN 10088-5.<\/p>\n<p>ST Dobbeltbinderen produceres af Skagen Tr\u00e5dindustri.<\/p>\n\n<table id=\"tablepress-34\" class=\"tablepress tablepress-id-34\">\n<thead>\n<tr class=\"row-1 odd\">\n\t<th class=\"column-1\">Item number<\/th><th class=\"column-2\"><\/th><th class=\"column-3\">Dimension<\/th><th class=\"column-4\">Quantity\/package<\/th>\n<\/tr>\n<\/thead>\n<tbody class=\"row-hover\">\n<tr class=\"row-2 even\">\n\t<td class=\"column-1\">17204001<\/td><td class=\"column-2\"><\/td><td class=\"column-3\">Diam. 4,00 mm.<\/td><td class=\"column-4\">100<\/td>\n<\/tr>\n<\/tbody>\n<\/table>\n<!-- #tablepress-34 from cache -->\n<span><span><a href=\"https:\/\/www.skagentraad.dk\/en\/\">Home<\/a><\/span><\/span>","protected":false},"excerpt":{"rendered":"[wpseo_breadcrumb]\n<p><strong>ST Dobbeltbinderen giver frihed og mulighed for konstruktioner med store dynamiske bev\u00e6gelser.<\/strong><\/p>\n<p><strong>Glidebinderen indmures i facade tegl med normal m\u00f8rtel. <\/strong><\/p>\n<p><strong>En ST Dobbeltbinder bruges med pendel med gevind eller ekspansionsb\u00f8sning.\u00a0<\/strong><\/p>\n","protected":false},"featured_media":3181,"template":"","meta":[],"product_cat":[57,59],"product_tag":[],"yoast_head":"<!-- This site is optimized with the Yoast SEO plugin v19.13 - https:\/\/yoast.com\/wordpress\/plugins\/seo\/ -->\n<title>Murlink \/ dobbeltbinder - Skagen Tr\u00e5dindustri - + 45 70 20 05 07<\/title>\n<meta name=\"description\" content=\"Skagen Tr\u00e5dindustri tilbyder pendelbindere og heriblandt ogs\u00e5 denne dobbeltbinder, som bruges til indmuring i facadetegl.\" \/>\n<meta name=\"robots\" content=\"index, follow, max-snippet:-1, max-image-preview:large, max-video-preview:-1\" \/>\n<link rel=\"canonical\" href=\"https:\/\/www.skagentraad.dk\/en\/product\/murlink-dobbeltbinder\/\" \/>\n<meta property=\"og:locale\" content=\"en_GB\" \/>\n<meta property=\"og:type\" content=\"article\" \/>\n<meta property=\"og:title\" content=\"Murlink \/ dobbeltbinder - Skagen Tr\u00e5dindustri - + 45 70 20 05 07\" \/>\n<meta property=\"og:description\" content=\"Skagen Tr\u00e5dindustri tilbyder pendelbindere og heriblandt ogs\u00e5 denne dobbeltbinder, som bruges til indmuring i facadetegl.\" \/>\n<meta property=\"og:url\" content=\"https:\/\/www.skagentraad.dk\/en\/product\/murlink-dobbeltbinder\/\" \/>\n<meta property=\"og:site_name\" content=\"Skagen Tr\u00e5dindustri\" \/>\n<meta property=\"article:modified_time\" content=\"2025-08-05T08:30:40+00:00\" \/>\n<meta property=\"og:image\" content=\"https:\/\/www.skagentraad.dk\/wp-content\/uploads\/2021\/02\/Murlink-dobbeltbinder-3.jpg\" \/>\n\t<meta property=\"og:image:width\" content=\"494\" \/>\n\t<meta property=\"og:image:height\" content=\"640\" \/>\n\t<meta property=\"og:image:type\" content=\"image\/jpeg\" \/>\n<meta name=\"twitter:card\" content=\"summary_large_image\" \/>\n<meta name=\"twitter:label1\" content=\"Estimated reading time\" \/>\n\t<meta name=\"twitter:data1\" content=\"1 minute\" \/>\n<script type=\"application\/ld+json\" class=\"yoast-schema-graph\">{\"@context\":\"https:\/\/schema.org\",\"@graph\":[{\"@type\":\"WebPage\",\"@id\":\"https:\/\/www.skagentraad.dk\/product\/murlink-dobbeltbinder\/\",\"url\":\"https:\/\/www.skagentraad.dk\/product\/murlink-dobbeltbinder\/\",\"name\":\"Murlink \/ dobbeltbinder - Skagen Tr\u00e5dindustri - + 45 70 20 05 07\",\"isPartOf\":{\"@id\":\"https:\/\/www.skagentraad.dk\/#website\"},\"datePublished\":\"2015-06-11T06:57:26+00:00\",\"dateModified\":\"2025-08-05T08:30:40+00:00\",\"description\":\"Skagen Tr\u00e5dindustri tilbyder pendelbindere og heriblandt ogs\u00e5 denne dobbeltbinder, som bruges til indmuring i facadetegl.\",\"breadcrumb\":{\"@id\":\"https:\/\/www.skagentraad.dk\/product\/murlink-dobbeltbinder\/#breadcrumb\"},\"inLanguage\":\"en-GB\",\"potentialAction\":[{\"@type\":\"ReadAction\",\"target\":[\"https:\/\/www.skagentraad.dk\/product\/murlink-dobbeltbinder\/\"]}]},{\"@type\":\"BreadcrumbList\",\"@id\":\"https:\/\/www.skagentraad.dk\/product\/murlink-dobbeltbinder\/#breadcrumb\",\"itemListElement\":[{\"@type\":\"ListItem\",\"position\":1,\"name\":\"Hjem\",\"item\":\"https:\/\/www.skagentraad.dk\/\"},{\"@type\":\"ListItem\",\"position\":2,\"name\":\"Produkter\",\"item\":\"https:\/\/www.skagentraad.dk\/produkter\/\"},{\"@type\":\"ListItem\",\"position\":3,\"name\":\"Mur\",\"item\":\"https:\/\/www.skagentraad.dk\/product-category\/mur\/\"},{\"@type\":\"ListItem\",\"position\":4,\"name\":\"Montagebindere\",\"item\":\"https:\/\/www.skagentraad.dk\/en\/product-category\/mur\/montagebindere\/\"},{\"@type\":\"ListItem\",\"position\":5,\"name\":\"ST DOBBELTBINDER M. PENDEL &#8220;GLIDEBINDER&#8221;\"}]},{\"@type\":\"WebSite\",\"@id\":\"https:\/\/www.skagentraad.dk\/#website\",\"url\":\"https:\/\/www.skagentraad.dk\/\",\"name\":\"Skagen Tr\u00e5dindustri\",\"description\":\"Leverand\u00f8r af rustfrit armeringsst\u00e5l til brug for bygge- og anl\u00e6gsbranchen\",\"publisher\":{\"@id\":\"https:\/\/www.skagentraad.dk\/#organization\"},\"potentialAction\":[{\"@type\":\"SearchAction\",\"target\":{\"@type\":\"EntryPoint\",\"urlTemplate\":\"https:\/\/www.skagentraad.dk\/?s={search_term_string}\"},\"query-input\":\"required name=search_term_string\"}],\"inLanguage\":\"en-GB\"},{\"@type\":\"Organization\",\"@id\":\"https:\/\/www.skagentraad.dk\/#organization\",\"name\":\"Skagen Tr\u00e5dindustri\",\"url\":\"https:\/\/www.skagentraad.dk\/\",\"logo\":{\"@type\":\"ImageObject\",\"inLanguage\":\"en-GB\",\"@id\":\"https:\/\/www.skagentraad.dk\/#\/schema\/logo\/image\/\",\"url\":\"https:\/\/www.skagentraad.dk\/wp-content\/uploads\/2015\/01\/logo_top.png\",\"contentUrl\":\"https:\/\/www.skagentraad.dk\/wp-content\/uploads\/2015\/01\/logo_top.png\",\"width\":350,\"height\":108,\"caption\":\"Skagen Tr\u00e5dindustri\"},\"image\":{\"@id\":\"https:\/\/www.skagentraad.dk\/#\/schema\/logo\/image\/\"}}]}<\/script>\n<!-- \/ Yoast SEO plugin. -->","yoast_head_json":{"title":"Murlink \/ dobbeltbinder - Skagen Tr\u00e5dindustri - + 45 70 20 05 07","description":"Skagen Tr\u00e5dindustri tilbyder pendelbindere og heriblandt ogs\u00e5 denne dobbeltbinder, som bruges til indmuring i facadetegl.","robots":{"index":"index","follow":"follow","max-snippet":"max-snippet:-1","max-image-preview":"max-image-preview:large","max-video-preview":"max-video-preview:-1"},"canonical":"https:\/\/www.skagentraad.dk\/en\/product\/murlink-dobbeltbinder\/","og_locale":"en_GB","og_type":"article","og_title":"Murlink \/ dobbeltbinder - Skagen Tr\u00e5dindustri - + 45 70 20 05 07","og_description":"Skagen Tr\u00e5dindustri tilbyder pendelbindere og heriblandt ogs\u00e5 denne dobbeltbinder, som bruges til indmuring i facadetegl.","og_url":"https:\/\/www.skagentraad.dk\/en\/product\/murlink-dobbeltbinder\/","og_site_name":"Skagen Tr\u00e5dindustri","article_modified_time":"2025-08-05T08:30:40+00:00","og_image":[{"width":494,"height":640,"url":"https:\/\/www.skagentraad.dk\/wp-content\/uploads\/2021\/02\/Murlink-dobbeltbinder-3.jpg","type":"image\/jpeg"}],"twitter_card":"summary_large_image","twitter_misc":{"Estimated reading time":"1 minute"},"schema":{"@context":"https:\/\/schema.org","@graph":[{"@type":"WebPage","@id":"https:\/\/www.skagentraad.dk\/product\/murlink-dobbeltbinder\/","url":"https:\/\/www.skagentraad.dk\/product\/murlink-dobbeltbinder\/","name":"Murlink \/ dobbeltbinder - Skagen Tr\u00e5dindustri - + 45 70 20 05 07","isPartOf":{"@id":"https:\/\/www.skagentraad.dk\/#website"},"datePublished":"2015-06-11T06:57:26+00:00","dateModified":"2025-08-05T08:30:40+00:00","description":"Skagen Tr\u00e5dindustri tilbyder pendelbindere og heriblandt ogs\u00e5 denne dobbeltbinder, som bruges til indmuring i facadetegl.","breadcrumb":{"@id":"https:\/\/www.skagentraad.dk\/product\/murlink-dobbeltbinder\/#breadcrumb"},"inLanguage":"en-GB","potentialAction":[{"@type":"ReadAction","target":["https:\/\/www.skagentraad.dk\/product\/murlink-dobbeltbinder\/"]}]},{"@type":"BreadcrumbList","@id":"https:\/\/www.skagentraad.dk\/product\/murlink-dobbeltbinder\/#breadcrumb","itemListElement":[{"@type":"ListItem","position":1,"name":"Hjem","item":"https:\/\/www.skagentraad.dk\/"},{"@type":"ListItem","position":2,"name":"Produkter","item":"https:\/\/www.skagentraad.dk\/produkter\/"},{"@type":"ListItem","position":3,"name":"Mur","item":"https:\/\/www.skagentraad.dk\/product-category\/mur\/"},{"@type":"ListItem","position":4,"name":"Montagebindere","item":"https:\/\/www.skagentraad.dk\/en\/product-category\/mur\/montagebindere\/"},{"@type":"ListItem","position":5,"name":"ST DOBBELTBINDER M. PENDEL &#8220;GLIDEBINDER&#8221;"}]},{"@type":"WebSite","@id":"https:\/\/www.skagentraad.dk\/#website","url":"https:\/\/www.skagentraad.dk\/","name":"Skagen Tr\u00e5dindustri","description":"Supplier of stainless reinforcing steel to the construction industry","publisher":{"@id":"https:\/\/www.skagentraad.dk\/#organization"},"potentialAction":[{"@type":"SearchAction","target":{"@type":"EntryPoint","urlTemplate":"https:\/\/www.skagentraad.dk\/?s={search_term_string}"},"query-input":"required name=search_term_string"}],"inLanguage":"en-GB"},{"@type":"Organization","@id":"https:\/\/www.skagentraad.dk\/#organization","name":"Skagen Tr\u00e5dindustri","url":"https:\/\/www.skagentraad.dk\/","logo":{"@type":"ImageObject","inLanguage":"en-GB","@id":"https:\/\/www.skagentraad.dk\/#\/schema\/logo\/image\/","url":"https:\/\/www.skagentraad.dk\/wp-content\/uploads\/2015\/01\/logo_top.png","contentUrl":"https:\/\/www.skagentraad.dk\/wp-content\/uploads\/2015\/01\/logo_top.png","width":350,"height":108,"caption":"Skagen Tr\u00e5dindustri"},"image":{"@id":"https:\/\/www.skagentraad.dk\/#\/schema\/logo\/image\/"}}]}},"_links":{"self":[{"href":"https:\/\/www.skagentraad.dk\/en\/wp-json\/wp\/v2\/product\/2335"}],"collection":[{"href":"https:\/\/www.skagentraad.dk\/en\/wp-json\/wp\/v2\/product"}],"about":[{"href":"https:\/\/www.skagentraad.dk\/en\/wp-json\/wp\/v2\/types\/product"}],"wp:featuredmedia":[{"embeddable":true,"href":"https:\/\/www.skagentraad.dk\/en\/wp-json\/wp\/v2\/media\/3181"}],"wp:attachment":[{"href":"https:\/\/www.skagentraad.dk\/en\/wp-json\/wp\/v2\/media?parent=2335"}],"wp:term":[{"taxonomy":"product_cat","embeddable":true,"href":"https:\/\/www.skagentraad.dk\/en\/wp-json\/wp\/v2\/product_cat?post=2335"},{"taxonomy":"product_tag","embeddable":true,"href":"https:\/\/www.skagentraad.dk\/en\/wp-json\/wp\/v2\/product_tag?post=2335"}],"curies":[{"name":"wp","href":"https:\/\/api.w.org\/{rel}","templated":true}]}}