{"id":2352,"date":"2015-07-01T09:55:15","date_gmt":"2015-07-01T09:55:15","guid":{"rendered":"http:\/\/www.skagentraad.dk\/?product=bindetraad-sortgloedet"},"modified":"2026-03-27T11:20:58","modified_gmt":"2026-03-27T10:20:58","slug":"bindetraad-sortgloedet","status":"publish","type":"product","link":"https:\/\/www.skagentraad.dk\/en\/product\/bindetraad-sortgloedet\/","title":{"rendered":"BINDING THREAD - BLACK ANNEALED"},"content":{"rendered":"<p><span style=\"text-decoration: underline;\"><strong>Material - black annealed binding thread:<\/strong><\/span><br \/>\n&#8211; FE 360 B.<br \/>\n<span style=\"color: #000000;\"><br \/>\nCertified<\/span> according to EN 10204-2004 standards.<\/p>\n<p>Dimension: 1,40mm.<br \/>\nAndre dimensioner kan skaffes.<\/p>\n<span><span><a href=\"https:\/\/www.skagentraad.dk\/en\/\">Home<\/a><\/span><\/span>","protected":false},"excerpt":{"rendered":"[wpseo_breadcrumb]\n<p>Bindetr\u00e5d sortgl\u00f8det<\/p>\n<p>Leveres i ringe 5 x 5kg.<\/p>\n<p>&nbsp;<\/p>\n<p><strong>\u00a0<\/strong><\/p>\n<p>&nbsp;<\/p>\n","protected":false},"featured_media":3260,"template":"","meta":[],"product_cat":[66,70],"product_tag":[90,91],"yoast_head":"<!-- This site is optimized with the Yoast SEO plugin v19.13 - https:\/\/yoast.com\/wordpress\/plugins\/seo\/ -->\n<title>Sortgl\u00f8det bindetr\u00e5d - Skagen Tr\u00e5dindustri - Leverand\u00f8r af armeringsst\u00e5l<\/title>\n<meta name=\"description\" content=\"Skagen Tr\u00e5dindustri er leverand\u00f8r af bindetr\u00e5d i mange kvaliteter og tykkelser. Se vores udvalg af sortgl\u00f8det bindetr\u00e5d her.\" \/>\n<meta name=\"robots\" content=\"index, follow, max-snippet:-1, max-image-preview:large, max-video-preview:-1\" \/>\n<link rel=\"canonical\" href=\"https:\/\/www.skagentraad.dk\/en\/product\/bindetraad-sortgloedet\/\" \/>\n<meta property=\"og:locale\" content=\"en_GB\" \/>\n<meta property=\"og:type\" content=\"article\" \/>\n<meta property=\"og:title\" content=\"Sortgl\u00f8det bindetr\u00e5d - Skagen Tr\u00e5dindustri - Leverand\u00f8r af armeringsst\u00e5l\" \/>\n<meta property=\"og:description\" content=\"Skagen Tr\u00e5dindustri er leverand\u00f8r af bindetr\u00e5d i mange kvaliteter og tykkelser. Se vores udvalg af sortgl\u00f8det bindetr\u00e5d her.\" \/>\n<meta property=\"og:url\" content=\"https:\/\/www.skagentraad.dk\/en\/product\/bindetraad-sortgloedet\/\" \/>\n<meta property=\"og:site_name\" content=\"Skagen Tr\u00e5dindustri\" \/>\n<meta property=\"article:modified_time\" content=\"2026-03-27T10:20:58+00:00\" \/>\n<meta property=\"og:image\" content=\"https:\/\/www.skagentraad.dk\/wp-content\/uploads\/2021\/03\/Bindetraad-sortgloedet.jpg\" \/>\n\t<meta property=\"og:image:width\" content=\"1024\" \/>\n\t<meta property=\"og:image:height\" content=\"768\" \/>\n\t<meta property=\"og:image:type\" content=\"image\/jpeg\" \/>\n<meta name=\"twitter:card\" content=\"summary_large_image\" \/>\n<meta name=\"twitter:label1\" content=\"Estimated reading time\" \/>\n\t<meta name=\"twitter:data1\" content=\"1 minute\" \/>\n<script type=\"application\/ld+json\" class=\"yoast-schema-graph\">{\"@context\":\"https:\/\/schema.org\",\"@graph\":[{\"@type\":\"WebPage\",\"@id\":\"https:\/\/www.skagentraad.dk\/product\/bindetraad-sortgloedet\/\",\"url\":\"https:\/\/www.skagentraad.dk\/product\/bindetraad-sortgloedet\/\",\"name\":\"Sortgl\u00f8det bindetr\u00e5d - Skagen Tr\u00e5dindustri - Leverand\u00f8r af armeringsst\u00e5l\",\"isPartOf\":{\"@id\":\"https:\/\/www.skagentraad.dk\/#website\"},\"datePublished\":\"2015-07-01T09:55:15+00:00\",\"dateModified\":\"2026-03-27T10:20:58+00:00\",\"description\":\"Skagen Tr\u00e5dindustri er leverand\u00f8r af bindetr\u00e5d i mange kvaliteter og tykkelser. Se vores udvalg af sortgl\u00f8det bindetr\u00e5d her.\",\"breadcrumb\":{\"@id\":\"https:\/\/www.skagentraad.dk\/product\/bindetraad-sortgloedet\/#breadcrumb\"},\"inLanguage\":\"en-GB\",\"potentialAction\":[{\"@type\":\"ReadAction\",\"target\":[\"https:\/\/www.skagentraad.dk\/product\/bindetraad-sortgloedet\/\"]}]},{\"@type\":\"BreadcrumbList\",\"@id\":\"https:\/\/www.skagentraad.dk\/product\/bindetraad-sortgloedet\/#breadcrumb\",\"itemListElement\":[{\"@type\":\"ListItem\",\"position\":1,\"name\":\"Hjem\",\"item\":\"https:\/\/www.skagentraad.dk\/\"},{\"@type\":\"ListItem\",\"position\":2,\"name\":\"Produkter\",\"item\":\"https:\/\/www.skagentraad.dk\/produkter\/\"},{\"@type\":\"ListItem\",\"position\":3,\"name\":\"Tilbeh\u00f8r\",\"item\":\"https:\/\/www.skagentraad.dk\/product-category\/tilbehoer\/\"},{\"@type\":\"ListItem\",\"position\":4,\"name\":\"Bindetr\u00e5d\",\"item\":\"https:\/\/www.skagentraad.dk\/en\/product-category\/tilbehoer\/bindetraad\/\"},{\"@type\":\"ListItem\",\"position\":5,\"name\":\"BINDETR\u00c5D SORTGL\u00d8DET\"}]},{\"@type\":\"WebSite\",\"@id\":\"https:\/\/www.skagentraad.dk\/#website\",\"url\":\"https:\/\/www.skagentraad.dk\/\",\"name\":\"Skagen Tr\u00e5dindustri\",\"description\":\"Leverand\u00f8r af rustfrit armeringsst\u00e5l til brug for bygge- og anl\u00e6gsbranchen\",\"publisher\":{\"@id\":\"https:\/\/www.skagentraad.dk\/#organization\"},\"potentialAction\":[{\"@type\":\"SearchAction\",\"target\":{\"@type\":\"EntryPoint\",\"urlTemplate\":\"https:\/\/www.skagentraad.dk\/?s={search_term_string}\"},\"query-input\":\"required name=search_term_string\"}],\"inLanguage\":\"en-GB\"},{\"@type\":\"Organization\",\"@id\":\"https:\/\/www.skagentraad.dk\/#organization\",\"name\":\"Skagen Tr\u00e5dindustri\",\"url\":\"https:\/\/www.skagentraad.dk\/\",\"logo\":{\"@type\":\"ImageObject\",\"inLanguage\":\"en-GB\",\"@id\":\"https:\/\/www.skagentraad.dk\/#\/schema\/logo\/image\/\",\"url\":\"https:\/\/www.skagentraad.dk\/wp-content\/uploads\/2015\/01\/logo_top.png\",\"contentUrl\":\"https:\/\/www.skagentraad.dk\/wp-content\/uploads\/2015\/01\/logo_top.png\",\"width\":350,\"height\":108,\"caption\":\"Skagen Tr\u00e5dindustri\"},\"image\":{\"@id\":\"https:\/\/www.skagentraad.dk\/#\/schema\/logo\/image\/\"}}]}<\/script>\n<!-- \/ Yoast SEO plugin. -->","yoast_head_json":{"title":"Sortgl\u00f8det bindetr\u00e5d - Skagen Tr\u00e5dindustri - Leverand\u00f8r af armeringsst\u00e5l","description":"Skagen Tr\u00e5dindustri er leverand\u00f8r af bindetr\u00e5d i mange kvaliteter og tykkelser. Se vores udvalg af sortgl\u00f8det bindetr\u00e5d her.","robots":{"index":"index","follow":"follow","max-snippet":"max-snippet:-1","max-image-preview":"max-image-preview:large","max-video-preview":"max-video-preview:-1"},"canonical":"https:\/\/www.skagentraad.dk\/en\/product\/bindetraad-sortgloedet\/","og_locale":"en_GB","og_type":"article","og_title":"Sortgl\u00f8det bindetr\u00e5d - Skagen Tr\u00e5dindustri - Leverand\u00f8r af armeringsst\u00e5l","og_description":"Skagen Tr\u00e5dindustri er leverand\u00f8r af bindetr\u00e5d i mange kvaliteter og tykkelser. Se vores udvalg af sortgl\u00f8det bindetr\u00e5d her.","og_url":"https:\/\/www.skagentraad.dk\/en\/product\/bindetraad-sortgloedet\/","og_site_name":"Skagen Tr\u00e5dindustri","article_modified_time":"2026-03-27T10:20:58+00:00","og_image":[{"width":1024,"height":768,"url":"https:\/\/www.skagentraad.dk\/wp-content\/uploads\/2021\/03\/Bindetraad-sortgloedet.jpg","type":"image\/jpeg"}],"twitter_card":"summary_large_image","twitter_misc":{"Estimated reading time":"1 minute"},"schema":{"@context":"https:\/\/schema.org","@graph":[{"@type":"WebPage","@id":"https:\/\/www.skagentraad.dk\/product\/bindetraad-sortgloedet\/","url":"https:\/\/www.skagentraad.dk\/product\/bindetraad-sortgloedet\/","name":"Sortgl\u00f8det bindetr\u00e5d - Skagen Tr\u00e5dindustri - Leverand\u00f8r af armeringsst\u00e5l","isPartOf":{"@id":"https:\/\/www.skagentraad.dk\/#website"},"datePublished":"2015-07-01T09:55:15+00:00","dateModified":"2026-03-27T10:20:58+00:00","description":"Skagen Tr\u00e5dindustri er leverand\u00f8r af bindetr\u00e5d i mange kvaliteter og tykkelser. Se vores udvalg af sortgl\u00f8det bindetr\u00e5d her.","breadcrumb":{"@id":"https:\/\/www.skagentraad.dk\/product\/bindetraad-sortgloedet\/#breadcrumb"},"inLanguage":"en-GB","potentialAction":[{"@type":"ReadAction","target":["https:\/\/www.skagentraad.dk\/product\/bindetraad-sortgloedet\/"]}]},{"@type":"BreadcrumbList","@id":"https:\/\/www.skagentraad.dk\/product\/bindetraad-sortgloedet\/#breadcrumb","itemListElement":[{"@type":"ListItem","position":1,"name":"Hjem","item":"https:\/\/www.skagentraad.dk\/"},{"@type":"ListItem","position":2,"name":"Produkter","item":"https:\/\/www.skagentraad.dk\/produkter\/"},{"@type":"ListItem","position":3,"name":"Tilbeh\u00f8r","item":"https:\/\/www.skagentraad.dk\/product-category\/tilbehoer\/"},{"@type":"ListItem","position":4,"name":"Bindetr\u00e5d","item":"https:\/\/www.skagentraad.dk\/en\/product-category\/tilbehoer\/bindetraad\/"},{"@type":"ListItem","position":5,"name":"BINDETR\u00c5D SORTGL\u00d8DET"}]},{"@type":"WebSite","@id":"https:\/\/www.skagentraad.dk\/#website","url":"https:\/\/www.skagentraad.dk\/","name":"Skagen Tr\u00e5dindustri","description":"Supplier of stainless reinforcing steel to the construction industry","publisher":{"@id":"https:\/\/www.skagentraad.dk\/#organization"},"potentialAction":[{"@type":"SearchAction","target":{"@type":"EntryPoint","urlTemplate":"https:\/\/www.skagentraad.dk\/?s={search_term_string}"},"query-input":"required name=search_term_string"}],"inLanguage":"en-GB"},{"@type":"Organization","@id":"https:\/\/www.skagentraad.dk\/#organization","name":"Skagen Tr\u00e5dindustri","url":"https:\/\/www.skagentraad.dk\/","logo":{"@type":"ImageObject","inLanguage":"en-GB","@id":"https:\/\/www.skagentraad.dk\/#\/schema\/logo\/image\/","url":"https:\/\/www.skagentraad.dk\/wp-content\/uploads\/2015\/01\/logo_top.png","contentUrl":"https:\/\/www.skagentraad.dk\/wp-content\/uploads\/2015\/01\/logo_top.png","width":350,"height":108,"caption":"Skagen Tr\u00e5dindustri"},"image":{"@id":"https:\/\/www.skagentraad.dk\/#\/schema\/logo\/image\/"}}]}},"_links":{"self":[{"href":"https:\/\/www.skagentraad.dk\/en\/wp-json\/wp\/v2\/product\/2352"}],"collection":[{"href":"https:\/\/www.skagentraad.dk\/en\/wp-json\/wp\/v2\/product"}],"about":[{"href":"https:\/\/www.skagentraad.dk\/en\/wp-json\/wp\/v2\/types\/product"}],"wp:featuredmedia":[{"embeddable":true,"href":"https:\/\/www.skagentraad.dk\/en\/wp-json\/wp\/v2\/media\/3260"}],"wp:attachment":[{"href":"https:\/\/www.skagentraad.dk\/en\/wp-json\/wp\/v2\/media?parent=2352"}],"wp:term":[{"taxonomy":"product_cat","embeddable":true,"href":"https:\/\/www.skagentraad.dk\/en\/wp-json\/wp\/v2\/product_cat?post=2352"},{"taxonomy":"product_tag","embeddable":true,"href":"https:\/\/www.skagentraad.dk\/en\/wp-json\/wp\/v2\/product_tag?post=2352"}],"curies":[{"name":"wp","href":"https:\/\/api.w.org\/{rel}","templated":true}]}}