{"id":2366,"date":"2015-07-01T10:19:46","date_gmt":"2015-07-01T10:19:46","guid":{"rendered":"http:\/\/www.skagentraad.dk\/?product=bindetraad-syrefast-gloedet-mat"},"modified":"2021-04-21T07:23:03","modified_gmt":"2021-04-21T07:23:03","slug":"bindetraad-syrefast-gloedet-mat","status":"publish","type":"product","link":"https:\/\/www.skagentraad.dk\/en\/product\/bindetraad-syrefast-gloedet-mat\/","title":{"rendered":"BINDING THREAD - ACID PROOF ANNEALED"},"content":{"rendered":"<p><strong><span style=\"text-decoration: underline;\">Materiale &#8211; Syrefast bindetr\u00e5d:<\/span><br \/>\n<\/strong>- Acid proof steel - EN 1.4401\/316<\/p>\n<p>Binding thread is certified according to EN 10088-5.<\/p>\n<p>Acid proof binding thread can be delivered in many different dimensions.<\/p>\n\n<table id=\"tablepress-39\" class=\"tablepress tablepress-id-39\">\n<thead>\n<tr class=\"row-1 odd\">\n\t<th class=\"column-1\">Item number<\/th><th class=\"column-2\">Dimension<\/th><th class=\"column-3\">Quantity\/package<\/th>\n<\/tr>\n<\/thead>\n<tbody class=\"row-hover\">\n<tr class=\"row-2 even\">\n\t<td class=\"column-1\">00015101<\/td><td class=\"column-2\">1,0mm.<\/td><td class=\"column-3\">5 kg.\/package<\/td>\n<\/tr>\n<tr class=\"row-3 odd\">\n\t<td class=\"column-1\">00015102<\/td><td class=\"column-2\">1,2mm.<\/td><td class=\"column-3\">5 kg.\/package<\/td>\n<\/tr>\n<tr class=\"row-4 even\">\n\t<td class=\"column-1\">00015103<\/td><td class=\"column-2\">1,4mm.<\/td><td class=\"column-3\">5 kg.\/package<\/td>\n<\/tr>\n<tr class=\"row-5 odd\">\n\t<td class=\"column-1\">00015104<\/td><td class=\"column-2\">1,6mm.<\/td><td class=\"column-3\">5 kg.\/package<\/td>\n<\/tr>\n<tr class=\"row-6 even\">\n\t<td class=\"column-1\">00015105<\/td><td class=\"column-2\">1,8mm.<\/td><td class=\"column-3\">5 kg.\/package<\/td>\n<\/tr>\n<\/tbody>\n<\/table>\n<!-- #tablepress-39 from cache -->\n<span><span><a href=\"https:\/\/www.skagentraad.dk\/en\/\">Home<\/a><\/span><\/span>","protected":false},"excerpt":{"rendered":"[wpseo_breadcrumb]\n<p>Bindetr\u00e5d Syrefast gl\u00f8det mat.<\/p>\n<p>Leveres p\u00e5 spole eller i ringe.<\/p>\n<p>&nbsp;<\/p>\n<p>&nbsp;<\/p>\n<p>&nbsp;<\/p>\n<p><strong>\u00a0<\/strong><\/p>\n<p>&nbsp;<\/p>\n","protected":false},"featured_media":3258,"template":"","meta":[],"product_cat":[66,70],"product_tag":[90,92],"yoast_head":"<!-- This site is optimized with the Yoast SEO plugin v19.13 - https:\/\/yoast.com\/wordpress\/plugins\/seo\/ -->\n<title>Syrefast bindetr\u00e5d - Skagen Tr\u00e5dindustri - Leverand\u00f8r af armeringsst\u00e5l<\/title>\n<meta name=\"description\" content=\"Skagen Tr\u00e5dindustri er leverand\u00f8r af bindetr\u00e5d i mange kvaliteter og tykkelser. Se vores store udvalg af syrefast bindetr\u00e5d her.\" \/>\n<meta name=\"robots\" content=\"index, follow, max-snippet:-1, max-image-preview:large, max-video-preview:-1\" \/>\n<link rel=\"canonical\" href=\"https:\/\/www.skagentraad.dk\/en\/product\/bindetraad-syrefast-gloedet-mat\/\" \/>\n<meta property=\"og:locale\" content=\"en_GB\" \/>\n<meta property=\"og:type\" content=\"article\" \/>\n<meta property=\"og:title\" content=\"Syrefast bindetr\u00e5d - Skagen Tr\u00e5dindustri - Leverand\u00f8r af armeringsst\u00e5l\" \/>\n<meta property=\"og:description\" content=\"Skagen Tr\u00e5dindustri er leverand\u00f8r af bindetr\u00e5d i mange kvaliteter og tykkelser. Se vores store udvalg af syrefast bindetr\u00e5d her.\" \/>\n<meta property=\"og:url\" content=\"https:\/\/www.skagentraad.dk\/en\/product\/bindetraad-syrefast-gloedet-mat\/\" \/>\n<meta property=\"og:site_name\" content=\"Skagen Tr\u00e5dindustri\" \/>\n<meta property=\"article:modified_time\" content=\"2021-04-21T07:23:03+00:00\" \/>\n<meta property=\"og:image\" content=\"https:\/\/www.skagentraad.dk\/wp-content\/uploads\/2021\/03\/Bindetraad-syrefast.jpg\" \/>\n\t<meta property=\"og:image:width\" content=\"571\" \/>\n\t<meta property=\"og:image:height\" content=\"640\" \/>\n\t<meta property=\"og:image:type\" content=\"image\/jpeg\" \/>\n<meta name=\"twitter:card\" content=\"summary_large_image\" \/>\n<meta name=\"twitter:label1\" content=\"Estimated reading time\" \/>\n\t<meta name=\"twitter:data1\" content=\"1 minute\" \/>\n<script type=\"application\/ld+json\" class=\"yoast-schema-graph\">{\"@context\":\"https:\/\/schema.org\",\"@graph\":[{\"@type\":\"WebPage\",\"@id\":\"https:\/\/www.skagentraad.dk\/en\/product\/bindetraad-syrefast-gloedet-mat\/\",\"url\":\"https:\/\/www.skagentraad.dk\/en\/product\/bindetraad-syrefast-gloedet-mat\/\",\"name\":\"Syrefast bindetr\u00e5d - Skagen Tr\u00e5dindustri - Leverand\u00f8r af armeringsst\u00e5l\",\"isPartOf\":{\"@id\":\"https:\/\/www.skagentraad.dk\/#website\"},\"datePublished\":\"2015-07-01T10:19:46+00:00\",\"dateModified\":\"2021-04-21T07:23:03+00:00\",\"description\":\"Skagen Tr\u00e5dindustri er leverand\u00f8r af bindetr\u00e5d i mange kvaliteter og tykkelser. Se vores store udvalg af syrefast bindetr\u00e5d her.\",\"breadcrumb\":{\"@id\":\"https:\/\/www.skagentraad.dk\/en\/product\/bindetraad-syrefast-gloedet-mat\/#breadcrumb\"},\"inLanguage\":\"en-GB\",\"potentialAction\":[{\"@type\":\"ReadAction\",\"target\":[\"https:\/\/www.skagentraad.dk\/en\/product\/bindetraad-syrefast-gloedet-mat\/\"]}]},{\"@type\":\"BreadcrumbList\",\"@id\":\"https:\/\/www.skagentraad.dk\/en\/product\/bindetraad-syrefast-gloedet-mat\/#breadcrumb\",\"itemListElement\":[{\"@type\":\"ListItem\",\"position\":1,\"name\":\"Hjem\",\"item\":\"https:\/\/www.skagentraad.dk\/\"},{\"@type\":\"ListItem\",\"position\":2,\"name\":\"Produkter\",\"item\":\"https:\/\/www.skagentraad.dk\/produkter\/\"},{\"@type\":\"ListItem\",\"position\":3,\"name\":\"Tilbeh\u00f8r\",\"item\":\"https:\/\/www.skagentraad.dk\/product-category\/tilbehoer\/\"},{\"@type\":\"ListItem\",\"position\":4,\"name\":\"Bindetr\u00e5d\",\"item\":\"https:\/\/www.skagentraad.dk\/en\/product-category\/tilbehoer\/bindetraad\/\"},{\"@type\":\"ListItem\",\"position\":5,\"name\":\"BINDETR\u00c5D SYREFAST GL\u00d8DET MAT.\"}]},{\"@type\":\"WebSite\",\"@id\":\"https:\/\/www.skagentraad.dk\/#website\",\"url\":\"https:\/\/www.skagentraad.dk\/\",\"name\":\"Skagen Tr\u00e5dindustri\",\"description\":\"Leverand\u00f8r af rustfrit armeringsst\u00e5l til brug for bygge- og anl\u00e6gsbranchen\",\"publisher\":{\"@id\":\"https:\/\/www.skagentraad.dk\/#organization\"},\"potentialAction\":[{\"@type\":\"SearchAction\",\"target\":{\"@type\":\"EntryPoint\",\"urlTemplate\":\"https:\/\/www.skagentraad.dk\/?s={search_term_string}\"},\"query-input\":\"required name=search_term_string\"}],\"inLanguage\":\"en-GB\"},{\"@type\":\"Organization\",\"@id\":\"https:\/\/www.skagentraad.dk\/#organization\",\"name\":\"Skagen Tr\u00e5dindustri\",\"url\":\"https:\/\/www.skagentraad.dk\/\",\"logo\":{\"@type\":\"ImageObject\",\"inLanguage\":\"en-GB\",\"@id\":\"https:\/\/www.skagentraad.dk\/#\/schema\/logo\/image\/\",\"url\":\"https:\/\/www.skagentraad.dk\/wp-content\/uploads\/2015\/01\/logo_top.png\",\"contentUrl\":\"https:\/\/www.skagentraad.dk\/wp-content\/uploads\/2015\/01\/logo_top.png\",\"width\":350,\"height\":108,\"caption\":\"Skagen Tr\u00e5dindustri\"},\"image\":{\"@id\":\"https:\/\/www.skagentraad.dk\/#\/schema\/logo\/image\/\"}}]}<\/script>\n<!-- \/ Yoast SEO plugin. -->","yoast_head_json":{"title":"Syrefast bindetr\u00e5d - Skagen Tr\u00e5dindustri - Leverand\u00f8r af armeringsst\u00e5l","description":"Skagen Tr\u00e5dindustri er leverand\u00f8r af bindetr\u00e5d i mange kvaliteter og tykkelser. Se vores store udvalg af syrefast bindetr\u00e5d her.","robots":{"index":"index","follow":"follow","max-snippet":"max-snippet:-1","max-image-preview":"max-image-preview:large","max-video-preview":"max-video-preview:-1"},"canonical":"https:\/\/www.skagentraad.dk\/en\/product\/bindetraad-syrefast-gloedet-mat\/","og_locale":"en_GB","og_type":"article","og_title":"Syrefast bindetr\u00e5d - Skagen Tr\u00e5dindustri - Leverand\u00f8r af armeringsst\u00e5l","og_description":"Skagen Tr\u00e5dindustri er leverand\u00f8r af bindetr\u00e5d i mange kvaliteter og tykkelser. Se vores store udvalg af syrefast bindetr\u00e5d her.","og_url":"https:\/\/www.skagentraad.dk\/en\/product\/bindetraad-syrefast-gloedet-mat\/","og_site_name":"Skagen Tr\u00e5dindustri","article_modified_time":"2021-04-21T07:23:03+00:00","og_image":[{"width":571,"height":640,"url":"https:\/\/www.skagentraad.dk\/wp-content\/uploads\/2021\/03\/Bindetraad-syrefast.jpg","type":"image\/jpeg"}],"twitter_card":"summary_large_image","twitter_misc":{"Estimated reading time":"1 minute"},"schema":{"@context":"https:\/\/schema.org","@graph":[{"@type":"WebPage","@id":"https:\/\/www.skagentraad.dk\/en\/product\/bindetraad-syrefast-gloedet-mat\/","url":"https:\/\/www.skagentraad.dk\/en\/product\/bindetraad-syrefast-gloedet-mat\/","name":"Syrefast bindetr\u00e5d - Skagen Tr\u00e5dindustri - Leverand\u00f8r af armeringsst\u00e5l","isPartOf":{"@id":"https:\/\/www.skagentraad.dk\/#website"},"datePublished":"2015-07-01T10:19:46+00:00","dateModified":"2021-04-21T07:23:03+00:00","description":"Skagen Tr\u00e5dindustri er leverand\u00f8r af bindetr\u00e5d i mange kvaliteter og tykkelser. Se vores store udvalg af syrefast bindetr\u00e5d her.","breadcrumb":{"@id":"https:\/\/www.skagentraad.dk\/en\/product\/bindetraad-syrefast-gloedet-mat\/#breadcrumb"},"inLanguage":"en-GB","potentialAction":[{"@type":"ReadAction","target":["https:\/\/www.skagentraad.dk\/en\/product\/bindetraad-syrefast-gloedet-mat\/"]}]},{"@type":"BreadcrumbList","@id":"https:\/\/www.skagentraad.dk\/en\/product\/bindetraad-syrefast-gloedet-mat\/#breadcrumb","itemListElement":[{"@type":"ListItem","position":1,"name":"Hjem","item":"https:\/\/www.skagentraad.dk\/"},{"@type":"ListItem","position":2,"name":"Produkter","item":"https:\/\/www.skagentraad.dk\/produkter\/"},{"@type":"ListItem","position":3,"name":"Tilbeh\u00f8r","item":"https:\/\/www.skagentraad.dk\/product-category\/tilbehoer\/"},{"@type":"ListItem","position":4,"name":"Bindetr\u00e5d","item":"https:\/\/www.skagentraad.dk\/en\/product-category\/tilbehoer\/bindetraad\/"},{"@type":"ListItem","position":5,"name":"BINDETR\u00c5D SYREFAST GL\u00d8DET MAT."}]},{"@type":"WebSite","@id":"https:\/\/www.skagentraad.dk\/#website","url":"https:\/\/www.skagentraad.dk\/","name":"Skagen Tr\u00e5dindustri","description":"Supplier of stainless reinforcing steel to the construction industry","publisher":{"@id":"https:\/\/www.skagentraad.dk\/#organization"},"potentialAction":[{"@type":"SearchAction","target":{"@type":"EntryPoint","urlTemplate":"https:\/\/www.skagentraad.dk\/?s={search_term_string}"},"query-input":"required name=search_term_string"}],"inLanguage":"en-GB"},{"@type":"Organization","@id":"https:\/\/www.skagentraad.dk\/#organization","name":"Skagen Tr\u00e5dindustri","url":"https:\/\/www.skagentraad.dk\/","logo":{"@type":"ImageObject","inLanguage":"en-GB","@id":"https:\/\/www.skagentraad.dk\/#\/schema\/logo\/image\/","url":"https:\/\/www.skagentraad.dk\/wp-content\/uploads\/2015\/01\/logo_top.png","contentUrl":"https:\/\/www.skagentraad.dk\/wp-content\/uploads\/2015\/01\/logo_top.png","width":350,"height":108,"caption":"Skagen Tr\u00e5dindustri"},"image":{"@id":"https:\/\/www.skagentraad.dk\/#\/schema\/logo\/image\/"}}]}},"_links":{"self":[{"href":"https:\/\/www.skagentraad.dk\/en\/wp-json\/wp\/v2\/product\/2366"}],"collection":[{"href":"https:\/\/www.skagentraad.dk\/en\/wp-json\/wp\/v2\/product"}],"about":[{"href":"https:\/\/www.skagentraad.dk\/en\/wp-json\/wp\/v2\/types\/product"}],"wp:featuredmedia":[{"embeddable":true,"href":"https:\/\/www.skagentraad.dk\/en\/wp-json\/wp\/v2\/media\/3258"}],"wp:attachment":[{"href":"https:\/\/www.skagentraad.dk\/en\/wp-json\/wp\/v2\/media?parent=2366"}],"wp:term":[{"taxonomy":"product_cat","embeddable":true,"href":"https:\/\/www.skagentraad.dk\/en\/wp-json\/wp\/v2\/product_cat?post=2366"},{"taxonomy":"product_tag","embeddable":true,"href":"https:\/\/www.skagentraad.dk\/en\/wp-json\/wp\/v2\/product_tag?post=2366"}],"curies":[{"name":"wp","href":"https:\/\/api.w.org\/{rel}","templated":true}]}}