{"id":2379,"date":"2015-07-01T11:18:15","date_gmt":"2015-07-01T11:18:15","guid":{"rendered":"http:\/\/www.skagentraad.dk\/?product=laaseboejlerhaarnaale"},"modified":"2025-08-20T10:25:40","modified_gmt":"2025-08-20T09:25:40","slug":"laaseboejler-og-haarnaale","status":"publish","type":"product","link":"https:\/\/www.skagentraad.dk\/en\/product\/laaseboejler-og-haarnaale\/","title":{"rendered":"ST L\u00c5SEB\u00d8JLER\/H\u00c5RN\u00c5LE"},"content":{"rendered":"<p><span style=\"text-decoration: underline;\"><strong>Specifikationer &#8211; ST l\u00e5seb\u00f8jler og h\u00e5rn\u00e5le:<\/strong><\/span><\/p>\n<p>Dimension: Diameter 6 mm.<\/p>\n<p>Materiale: S235 J2G3 \/ S355 J2G3.<\/p>\n<p>Our steel is certified according to EB 10025 standards.<\/p>\n<p>ST L\u00e5seb\u00f8jler produceres b\u00e5de i glat og ribbet armeringsst\u00e5l.<\/p>\n<p>ST H\u00e5rn\u00e5le og l\u00e5seb\u00f8jler produceres af Skagen Tr\u00e5dindustri.<\/p>\n\n<table id=\"tablepress-43\" class=\"tablepress tablepress-id-43\">\n<thead>\n<tr class=\"row-1 odd\">\n\t<th class=\"column-1\">Item number<\/th><th class=\"column-2\">Specifikation<\/th><th class=\"column-3\">Diameter<\/th><th class=\"column-4\">Dimension<\/th>\n<\/tr>\n<\/thead>\n<tbody class=\"row-hover\">\n<tr class=\"row-2 even\">\n\t<td class=\"column-1\">20019001<\/td><td class=\"column-2\">T1-6<\/td><td class=\"column-3\">Diam: 6,00 mm.<\/td><td class=\"column-4\">115x240x60<\/td>\n<\/tr>\n<tr class=\"row-3 odd\">\n\t<td class=\"column-1\">20019002<\/td><td class=\"column-2\">T11-6<\/td><td class=\"column-3\">Diam: 6,00 mm.<\/td><td class=\"column-4\">87x240x60<\/td>\n<\/tr>\n<tr class=\"row-4 even\">\n\t<td class=\"column-1\">20019003<\/td><td class=\"column-2\">T1-B-6<\/td><td class=\"column-3\">Diam: 6,00 mm.<\/td><td class=\"column-4\">115x240x60<\/td>\n<\/tr>\n<tr class=\"row-5 odd\">\n\t<td class=\"column-1\">20019004<\/td><td class=\"column-2\">T11-B-6<\/td><td class=\"column-3\">Diam: 6,00 mm.<\/td><td class=\"column-4\">87x240x60<\/td>\n<\/tr>\n<tr class=\"row-6 even\">\n\t<td class=\"column-1\">20019005<\/td><td class=\"column-2\">T14-6<\/td><td class=\"column-3\">Diam: 6,00 mm.<\/td><td class=\"column-4\">87x72x35<\/td>\n<\/tr>\n<tr class=\"row-7 odd\">\n\t<td class=\"column-1\">20019006<\/td><td class=\"column-2\">T14-B-6<\/td><td class=\"column-3\">Diam: 6,00 mm.<\/td><td class=\"column-4\">87x72x35<\/td>\n<\/tr>\n<tr class=\"row-8 even\">\n\t<td class=\"column-1\">20019110<\/td><td class=\"column-2\">T1-8<\/td><td class=\"column-3\">Diam.: 8,00 mm.<\/td><td class=\"column-4\">120x240x60<\/td>\n<\/tr>\n<tr class=\"row-9 odd\">\n\t<td class=\"column-1\">20019111<\/td><td class=\"column-2\">T1-B-8<\/td><td class=\"column-3\">Diam.: 8,00 mm.<\/td><td class=\"column-4\">120x240x60<\/td>\n<\/tr>\n<tr class=\"row-10 even\">\n\t<td class=\"column-1\">20019112<\/td><td class=\"column-2\">T11-8<\/td><td class=\"column-3\">Diam.: 8,00 mm.<\/td><td class=\"column-4\">89x240x60<\/td>\n<\/tr>\n<tr class=\"row-11 odd\">\n\t<td class=\"column-1\">200190113<\/td><td class=\"column-2\">T11-B-8<\/td><td class=\"column-3\">Diam.: 8,00 mm.<\/td><td class=\"column-4\">89x240x60<\/td>\n<\/tr>\n<tr class=\"row-12 even\">\n\t<td class=\"column-1\">20019114<\/td><td class=\"column-2\">T11-BM-8<\/td><td class=\"column-3\">Diam.: 8,00 mm.<\/td><td class=\"column-4\">89x120x60<\/td>\n<\/tr>\n<tr class=\"row-13 odd\">\n\t<td class=\"column-1\">20019115<\/td><td class=\"column-2\">T14-8<\/td><td class=\"column-3\">Diam.: 8,00 mm.<\/td><td class=\"column-4\">89x90x35<\/td>\n<\/tr>\n<tr class=\"row-14 even\">\n\t<td class=\"column-1\">20019116<\/td><td class=\"column-2\">T14-B-8<\/td><td class=\"column-3\">Diam.: 8,00 mm.<\/td><td class=\"column-4\">89x90x35<\/td>\n<\/tr>\n<tr class=\"row-15 odd\">\n\t<td class=\"column-1\">20019221<\/td><td class=\"column-2\">T2-6<\/td><td class=\"column-3\">Diam: 6,00 mm.<\/td><td class=\"column-4\">115x40x250<\/td>\n<\/tr>\n<tr class=\"row-16 even\">\n\t<td class=\"column-1\">20019222<\/td><td class=\"column-2\">T12-6<\/td><td class=\"column-3\">Diam: 6,00 mm.<\/td><td class=\"column-4\">87x40x250<\/td>\n<\/tr>\n<tr class=\"row-17 odd\">\n\t<td class=\"column-1\">20019331<\/td><td class=\"column-2\">T3-B-6<\/td><td class=\"column-3\">Diam: 6,00 mm.<\/td><td class=\"column-4\">130x300<\/td>\n<\/tr>\n<tr class=\"row-18 even\">\n\t<td class=\"column-1\">20019332<\/td><td class=\"column-2\">T3-B-8<\/td><td class=\"column-3\">Diam.: 8,00 mm.<\/td><td class=\"column-4\">130x300<\/td>\n<\/tr>\n<tr class=\"row-19 odd\">\n\t<td class=\"column-1\">20019333<\/td><td class=\"column-2\">T3-B50-8<\/td><td class=\"column-3\">Diam.: 8,00 mm.<\/td><td class=\"column-4\">120x500<\/td>\n<\/tr>\n<tr class=\"row-20 even\">\n\t<td class=\"column-1\">20019334<\/td><td class=\"column-2\">T3-B50-8<\/td><td class=\"column-3\">Diam.: 8,00 mm.<\/td><td class=\"column-4\">110x250<\/td>\n<\/tr>\n<tr class=\"row-21 odd\">\n\t<td class=\"column-1\">20019335<\/td><td class=\"column-2\">T3-B50-8<\/td><td class=\"column-3\">Diam.: 8,00 mm.<\/td><td class=\"column-4\">120x250<\/td>\n<\/tr>\n<tr class=\"row-22 even\">\n\t<td class=\"column-1\">20019441<\/td><td class=\"column-2\">T4-B50-8<\/td><td class=\"column-3\">Diam.: 8,00 mm.<\/td><td class=\"column-4\">110x150x110<\/td>\n<\/tr>\n<tr class=\"row-23 odd\">\n\t<td class=\"column-1\">20019442<\/td><td class=\"column-2\">T4-B50-8<\/td><td class=\"column-3\">Diam.: 8,00 mm.<\/td><td class=\"column-4\">110x110x140<\/td>\n<\/tr>\n<tr class=\"row-24 even\">\n\t<td class=\"column-1\">20020201<\/td><td class=\"column-2\">T1-6 - galvanized<\/td><td class=\"column-3\">Diam: 6,00 mm.<\/td><td class=\"column-4\"><\/td>\n<\/tr>\n<tr class=\"row-25 odd\">\n\t<td class=\"column-1\">20020202<\/td><td class=\"column-2\">T2-6 - galvanized<\/td><td class=\"column-3\">Diam: 6,00 mm.<\/td><td class=\"column-4\"><\/td>\n<\/tr>\n<\/tbody>\n<\/table>\n<!-- #tablepress-43 from cache -->\n<span><span><a href=\"https:\/\/www.skagentraad.dk\/en\/\">Home<\/a><\/span><\/span>","protected":false},"excerpt":{"rendered":"[wpseo_breadcrumb]\n<p>Skagen Tr\u00e5dindustri producerer b\u00e5de ST H\u00e5rn\u00e5le og l\u00e5seb\u00f8jler til betonelementer.<\/p>\n","protected":false},"featured_media":3202,"template":"","meta":[],"product_cat":[61,62,63],"product_tag":[100,101,99],"yoast_head":"<!-- This site is optimized with the Yoast SEO plugin v19.13 - https:\/\/yoast.com\/wordpress\/plugins\/seo\/ -->\n<title>L\u00e5seb\u00f8jler og h\u00e5rn\u00e5le - Skagen Tr\u00e5dindustri - Leverand\u00f8r af armeringsst\u00e5l<\/title>\n<meta name=\"description\" content=\"Vi producerer b\u00e5de l\u00e5seb\u00f8jler og h\u00e5rn\u00e5le i armeringsst\u00e5l. Kontakt os gerne hvis du har specifikke \u00f8nsker til st\u00f8rrelse eller andet.\" \/>\n<meta name=\"robots\" content=\"index, follow, max-snippet:-1, max-image-preview:large, max-video-preview:-1\" \/>\n<link rel=\"canonical\" href=\"https:\/\/www.skagentraad.dk\/en\/product\/laaseboejler-og-haarnaale\/\" \/>\n<meta property=\"og:locale\" content=\"en_GB\" \/>\n<meta property=\"og:type\" content=\"article\" \/>\n<meta property=\"og:title\" content=\"L\u00e5seb\u00f8jler og h\u00e5rn\u00e5le - Skagen Tr\u00e5dindustri - Leverand\u00f8r af armeringsst\u00e5l\" \/>\n<meta property=\"og:description\" content=\"Vi producerer b\u00e5de l\u00e5seb\u00f8jler og h\u00e5rn\u00e5le i armeringsst\u00e5l. Kontakt os gerne hvis du har specifikke \u00f8nsker til st\u00f8rrelse eller andet.\" \/>\n<meta property=\"og:url\" content=\"https:\/\/www.skagentraad.dk\/en\/product\/laaseboejler-og-haarnaale\/\" \/>\n<meta property=\"og:site_name\" content=\"Skagen Tr\u00e5dindustri\" \/>\n<meta property=\"article:modified_time\" content=\"2025-08-20T09:25:40+00:00\" \/>\n<meta property=\"og:image\" content=\"https:\/\/www.skagentraad.dk\/wp-content\/uploads\/2021\/02\/Laaseboejle.jpg\" \/>\n\t<meta property=\"og:image:width\" content=\"624\" \/>\n\t<meta property=\"og:image:height\" content=\"640\" \/>\n\t<meta property=\"og:image:type\" content=\"image\/jpeg\" \/>\n<meta name=\"twitter:card\" content=\"summary_large_image\" \/>\n<meta name=\"twitter:label1\" content=\"Estimated reading time\" \/>\n\t<meta name=\"twitter:data1\" content=\"1 minute\" \/>\n<script type=\"application\/ld+json\" class=\"yoast-schema-graph\">{\"@context\":\"https:\/\/schema.org\",\"@graph\":[{\"@type\":\"WebPage\",\"@id\":\"https:\/\/www.skagentraad.dk\/product\/laaseboejler-og-haarnaale\/\",\"url\":\"https:\/\/www.skagentraad.dk\/product\/laaseboejler-og-haarnaale\/\",\"name\":\"L\u00e5seb\u00f8jler og h\u00e5rn\u00e5le - Skagen Tr\u00e5dindustri - Leverand\u00f8r af armeringsst\u00e5l\",\"isPartOf\":{\"@id\":\"https:\/\/www.skagentraad.dk\/#website\"},\"datePublished\":\"2015-07-01T11:18:15+00:00\",\"dateModified\":\"2025-08-20T09:25:40+00:00\",\"description\":\"Vi producerer b\u00e5de l\u00e5seb\u00f8jler og h\u00e5rn\u00e5le i armeringsst\u00e5l. Kontakt os gerne hvis du har specifikke \u00f8nsker til st\u00f8rrelse eller andet.\",\"breadcrumb\":{\"@id\":\"https:\/\/www.skagentraad.dk\/product\/laaseboejler-og-haarnaale\/#breadcrumb\"},\"inLanguage\":\"en-GB\",\"potentialAction\":[{\"@type\":\"ReadAction\",\"target\":[\"https:\/\/www.skagentraad.dk\/product\/laaseboejler-og-haarnaale\/\"]}]},{\"@type\":\"BreadcrumbList\",\"@id\":\"https:\/\/www.skagentraad.dk\/product\/laaseboejler-og-haarnaale\/#breadcrumb\",\"itemListElement\":[{\"@type\":\"ListItem\",\"position\":1,\"name\":\"Hjem\",\"item\":\"https:\/\/www.skagentraad.dk\/\"},{\"@type\":\"ListItem\",\"position\":2,\"name\":\"Produkter\",\"item\":\"https:\/\/www.skagentraad.dk\/produkter\/\"},{\"@type\":\"ListItem\",\"position\":3,\"name\":\"Betonelementer\",\"item\":\"https:\/\/www.skagentraad.dk\/product-category\/betonelementer\/\"},{\"@type\":\"ListItem\",\"position\":4,\"name\":\"Bagv\u00e6g\",\"item\":\"https:\/\/www.skagentraad.dk\/en\/product-category\/betonelementer\/bagvaeg\/\"},{\"@type\":\"ListItem\",\"position\":5,\"name\":\"ST L\u00c5SEB\u00d8JLER\/H\u00c5RN\u00c5LE\"}]},{\"@type\":\"WebSite\",\"@id\":\"https:\/\/www.skagentraad.dk\/#website\",\"url\":\"https:\/\/www.skagentraad.dk\/\",\"name\":\"Skagen Tr\u00e5dindustri\",\"description\":\"Leverand\u00f8r af rustfrit armeringsst\u00e5l til brug for bygge- og anl\u00e6gsbranchen\",\"publisher\":{\"@id\":\"https:\/\/www.skagentraad.dk\/#organization\"},\"potentialAction\":[{\"@type\":\"SearchAction\",\"target\":{\"@type\":\"EntryPoint\",\"urlTemplate\":\"https:\/\/www.skagentraad.dk\/?s={search_term_string}\"},\"query-input\":\"required name=search_term_string\"}],\"inLanguage\":\"en-GB\"},{\"@type\":\"Organization\",\"@id\":\"https:\/\/www.skagentraad.dk\/#organization\",\"name\":\"Skagen Tr\u00e5dindustri\",\"url\":\"https:\/\/www.skagentraad.dk\/\",\"logo\":{\"@type\":\"ImageObject\",\"inLanguage\":\"en-GB\",\"@id\":\"https:\/\/www.skagentraad.dk\/#\/schema\/logo\/image\/\",\"url\":\"https:\/\/www.skagentraad.dk\/wp-content\/uploads\/2015\/01\/logo_top.png\",\"contentUrl\":\"https:\/\/www.skagentraad.dk\/wp-content\/uploads\/2015\/01\/logo_top.png\",\"width\":350,\"height\":108,\"caption\":\"Skagen Tr\u00e5dindustri\"},\"image\":{\"@id\":\"https:\/\/www.skagentraad.dk\/#\/schema\/logo\/image\/\"}}]}<\/script>\n<!-- \/ Yoast SEO plugin. -->","yoast_head_json":{"title":"L\u00e5seb\u00f8jler og h\u00e5rn\u00e5le - Skagen Tr\u00e5dindustri - Leverand\u00f8r af armeringsst\u00e5l","description":"Vi producerer b\u00e5de l\u00e5seb\u00f8jler og h\u00e5rn\u00e5le i armeringsst\u00e5l. Kontakt os gerne hvis du har specifikke \u00f8nsker til st\u00f8rrelse eller andet.","robots":{"index":"index","follow":"follow","max-snippet":"max-snippet:-1","max-image-preview":"max-image-preview:large","max-video-preview":"max-video-preview:-1"},"canonical":"https:\/\/www.skagentraad.dk\/en\/product\/laaseboejler-og-haarnaale\/","og_locale":"en_GB","og_type":"article","og_title":"L\u00e5seb\u00f8jler og h\u00e5rn\u00e5le - Skagen Tr\u00e5dindustri - Leverand\u00f8r af armeringsst\u00e5l","og_description":"Vi producerer b\u00e5de l\u00e5seb\u00f8jler og h\u00e5rn\u00e5le i armeringsst\u00e5l. Kontakt os gerne hvis du har specifikke \u00f8nsker til st\u00f8rrelse eller andet.","og_url":"https:\/\/www.skagentraad.dk\/en\/product\/laaseboejler-og-haarnaale\/","og_site_name":"Skagen Tr\u00e5dindustri","article_modified_time":"2025-08-20T09:25:40+00:00","og_image":[{"width":624,"height":640,"url":"https:\/\/www.skagentraad.dk\/wp-content\/uploads\/2021\/02\/Laaseboejle.jpg","type":"image\/jpeg"}],"twitter_card":"summary_large_image","twitter_misc":{"Estimated reading time":"1 minute"},"schema":{"@context":"https:\/\/schema.org","@graph":[{"@type":"WebPage","@id":"https:\/\/www.skagentraad.dk\/product\/laaseboejler-og-haarnaale\/","url":"https:\/\/www.skagentraad.dk\/product\/laaseboejler-og-haarnaale\/","name":"L\u00e5seb\u00f8jler og h\u00e5rn\u00e5le - Skagen Tr\u00e5dindustri - Leverand\u00f8r af armeringsst\u00e5l","isPartOf":{"@id":"https:\/\/www.skagentraad.dk\/#website"},"datePublished":"2015-07-01T11:18:15+00:00","dateModified":"2025-08-20T09:25:40+00:00","description":"Vi producerer b\u00e5de l\u00e5seb\u00f8jler og h\u00e5rn\u00e5le i armeringsst\u00e5l. Kontakt os gerne hvis du har specifikke \u00f8nsker til st\u00f8rrelse eller andet.","breadcrumb":{"@id":"https:\/\/www.skagentraad.dk\/product\/laaseboejler-og-haarnaale\/#breadcrumb"},"inLanguage":"en-GB","potentialAction":[{"@type":"ReadAction","target":["https:\/\/www.skagentraad.dk\/product\/laaseboejler-og-haarnaale\/"]}]},{"@type":"BreadcrumbList","@id":"https:\/\/www.skagentraad.dk\/product\/laaseboejler-og-haarnaale\/#breadcrumb","itemListElement":[{"@type":"ListItem","position":1,"name":"Hjem","item":"https:\/\/www.skagentraad.dk\/"},{"@type":"ListItem","position":2,"name":"Produkter","item":"https:\/\/www.skagentraad.dk\/produkter\/"},{"@type":"ListItem","position":3,"name":"Betonelementer","item":"https:\/\/www.skagentraad.dk\/product-category\/betonelementer\/"},{"@type":"ListItem","position":4,"name":"Bagv\u00e6g","item":"https:\/\/www.skagentraad.dk\/en\/product-category\/betonelementer\/bagvaeg\/"},{"@type":"ListItem","position":5,"name":"ST L\u00c5SEB\u00d8JLER\/H\u00c5RN\u00c5LE"}]},{"@type":"WebSite","@id":"https:\/\/www.skagentraad.dk\/#website","url":"https:\/\/www.skagentraad.dk\/","name":"Skagen Tr\u00e5dindustri","description":"Supplier of stainless reinforcing steel to the construction industry","publisher":{"@id":"https:\/\/www.skagentraad.dk\/#organization"},"potentialAction":[{"@type":"SearchAction","target":{"@type":"EntryPoint","urlTemplate":"https:\/\/www.skagentraad.dk\/?s={search_term_string}"},"query-input":"required name=search_term_string"}],"inLanguage":"en-GB"},{"@type":"Organization","@id":"https:\/\/www.skagentraad.dk\/#organization","name":"Skagen Tr\u00e5dindustri","url":"https:\/\/www.skagentraad.dk\/","logo":{"@type":"ImageObject","inLanguage":"en-GB","@id":"https:\/\/www.skagentraad.dk\/#\/schema\/logo\/image\/","url":"https:\/\/www.skagentraad.dk\/wp-content\/uploads\/2015\/01\/logo_top.png","contentUrl":"https:\/\/www.skagentraad.dk\/wp-content\/uploads\/2015\/01\/logo_top.png","width":350,"height":108,"caption":"Skagen Tr\u00e5dindustri"},"image":{"@id":"https:\/\/www.skagentraad.dk\/#\/schema\/logo\/image\/"}}]}},"_links":{"self":[{"href":"https:\/\/www.skagentraad.dk\/en\/wp-json\/wp\/v2\/product\/2379"}],"collection":[{"href":"https:\/\/www.skagentraad.dk\/en\/wp-json\/wp\/v2\/product"}],"about":[{"href":"https:\/\/www.skagentraad.dk\/en\/wp-json\/wp\/v2\/types\/product"}],"wp:featuredmedia":[{"embeddable":true,"href":"https:\/\/www.skagentraad.dk\/en\/wp-json\/wp\/v2\/media\/3202"}],"wp:attachment":[{"href":"https:\/\/www.skagentraad.dk\/en\/wp-json\/wp\/v2\/media?parent=2379"}],"wp:term":[{"taxonomy":"product_cat","embeddable":true,"href":"https:\/\/www.skagentraad.dk\/en\/wp-json\/wp\/v2\/product_cat?post=2379"},{"taxonomy":"product_tag","embeddable":true,"href":"https:\/\/www.skagentraad.dk\/en\/wp-json\/wp\/v2\/product_tag?post=2379"}],"curies":[{"name":"wp","href":"https:\/\/api.w.org\/{rel}","templated":true}]}}