{"id":2428,"date":"2015-07-09T09:54:28","date_gmt":"2015-07-09T09:54:28","guid":{"rendered":"http:\/\/www.skagentraad.dk\/?post_type=product&#038;p=2428"},"modified":"2025-06-10T08:31:05","modified_gmt":"2025-06-10T07:31:05","slug":"coils","status":"publish","type":"product","link":"https:\/\/www.skagentraad.dk\/en\/product\/coils\/","title":{"rendered":"ST COILS"},"content":{"rendered":"<p><span style=\"text-decoration: underline;\"><strong>Material - reinforcement steel in coils:<\/strong><\/span><br \/>\n- Stainless steel - EN 1.4301<br \/>\n- Duplex steel - EN 1.4362<br \/>\n- Acid-proof steel - EN 1.4401<\/p>\n<p>Reinforcement steel in the dimensions from 3 mm to 12 mm. can be delivered in coils.<\/p>\n<p>Weight pr. coil depends on the dimension.<\/p>\n<p>Inside diameter: 550 mm.<\/p>\n\n<table id=\"tablepress-49\" class=\"tablepress tablepress-id-49\">\n<thead>\n<tr class=\"row-1 odd\">\n\t<th class=\"column-1\">Item no.:<\/th><th class=\"column-2\">Material:<\/th><th class=\"column-3\">Specifications:<\/th><th class=\"column-4\">Diameter:<\/th>\n<\/tr>\n<\/thead>\n<tbody class=\"row-hover\">\n<tr class=\"row-2 even\">\n\t<td class=\"column-1\">00011002<\/td><td class=\"column-2\">1.4301<\/td><td class=\"column-3\">Ribbed<\/td><td class=\"column-4\">Diam.: 2,00 mm.<\/td>\n<\/tr>\n<tr class=\"row-3 odd\">\n\t<td class=\"column-1\">00011003<\/td><td class=\"column-2\">1.4301<\/td><td class=\"column-3\">Ribbed<\/td><td class=\"column-4\">Diam.: 3,00 mm.<\/td>\n<\/tr>\n<tr class=\"row-4 even\">\n\t<td class=\"column-1\">00011004<\/td><td class=\"column-2\">1.4301<\/td><td class=\"column-3\">Ribbed<\/td><td class=\"column-4\">Diam. 4,00 mm.<\/td>\n<\/tr>\n<tr class=\"row-5 odd\">\n\t<td class=\"column-1\">00011005<\/td><td class=\"column-2\">1.4301<\/td><td class=\"column-3\">Ribbed<\/td><td class=\"column-4\">Diam. 5,00 mm.<\/td>\n<\/tr>\n<tr class=\"row-6 even\">\n\t<td class=\"column-1\">00011006<\/td><td class=\"column-2\">1.4301<\/td><td class=\"column-3\">Ribbed<\/td><td class=\"column-4\">Diam: 6,00 mm.<\/td>\n<\/tr>\n<tr class=\"row-7 odd\">\n\t<td class=\"column-1\">00011007<\/td><td class=\"column-2\">1.4301<\/td><td class=\"column-3\">Ribbed<\/td><td class=\"column-4\">Diam.: 7,00 mm.<\/td>\n<\/tr>\n<tr class=\"row-8 even\">\n\t<td class=\"column-1\">00011008<\/td><td class=\"column-2\">1.4301<\/td><td class=\"column-3\">Ribbed<\/td><td class=\"column-4\">Diam.: 8,00 mm.<\/td>\n<\/tr>\n<tr class=\"row-9 odd\">\n\t<td class=\"column-1\">00011010<\/td><td class=\"column-2\">1.4301<\/td><td class=\"column-3\">Ribbed<\/td><td class=\"column-4\">Diam.: 10,00 mm.<\/td>\n<\/tr>\n<tr class=\"row-10 even\">\n\t<td class=\"column-1\">00011012<\/td><td class=\"column-2\">1.4301<\/td><td class=\"column-3\">Ribbed<\/td><td class=\"column-4\">Diam.: 12,00 mm.<\/td>\n<\/tr>\n<tr class=\"row-11 odd\">\n\t<td class=\"column-1\">00011016<\/td><td class=\"column-2\">1.4301<\/td><td class=\"column-3\">Ribbed<\/td><td class=\"column-4\">Diam.: 16,00 mm.<\/td>\n<\/tr>\n<tr class=\"row-12 even\">\n\t<td class=\"column-1\"><\/td><td class=\"column-2\"><\/td><td class=\"column-3\"><\/td><td class=\"column-4\"><\/td>\n<\/tr>\n<tr class=\"row-13 odd\">\n\t<td class=\"column-1\">00012102<\/td><td class=\"column-2\">1.4301<\/td><td class=\"column-3\">Smooth<\/td><td class=\"column-4\">Diam.: 2,00 mm.<\/td>\n<\/tr>\n<tr class=\"row-14 even\">\n\t<td class=\"column-1\">00012103<\/td><td class=\"column-2\">1.4301<\/td><td class=\"column-3\">Smooth<\/td><td class=\"column-4\">Diam.: 2,95 mm.<\/td>\n<\/tr>\n<tr class=\"row-15 odd\">\n\t<td class=\"column-1\">00012104<\/td><td class=\"column-2\">1.4301<\/td><td class=\"column-3\">Smooth<\/td><td class=\"column-4\">Diam.: 3,00 mm.<\/td>\n<\/tr>\n<tr class=\"row-16 even\">\n\t<td class=\"column-1\">00012105<\/td><td class=\"column-2\">1.4301<\/td><td class=\"column-3\">Smooth<\/td><td class=\"column-4\">Diam.: 3,95 mm.<\/td>\n<\/tr>\n<tr class=\"row-17 odd\">\n\t<td class=\"column-1\">00012106<\/td><td class=\"column-2\">1.4301<\/td><td class=\"column-3\">Smooth<\/td><td class=\"column-4\">Diam.: 4,00 mm.<\/td>\n<\/tr>\n<tr class=\"row-18 even\">\n\t<td class=\"column-1\">00012107<\/td><td class=\"column-2\">1.4301<\/td><td class=\"column-3\">Smooth<\/td><td class=\"column-4\">Diam.: 4,20 mm.<\/td>\n<\/tr>\n<tr class=\"row-19 odd\">\n\t<td class=\"column-1\">00012108<\/td><td class=\"column-2\">1.4301<\/td><td class=\"column-3\">Smooth<\/td><td class=\"column-4\">Diam.: 4,50 mm.<\/td>\n<\/tr>\n<tr class=\"row-20 even\">\n\t<td class=\"column-1\">00012109<\/td><td class=\"column-2\">1.4301<\/td><td class=\"column-3\">Smooth<\/td><td class=\"column-4\">Diam.: 5,00 mm.<\/td>\n<\/tr>\n<tr class=\"row-21 odd\">\n\t<td class=\"column-1\">00012110<\/td><td class=\"column-2\">1.4301<\/td><td class=\"column-3\">Smooth<\/td><td class=\"column-4\">Diam.: 6,00 mm.<\/td>\n<\/tr>\n<tr class=\"row-22 even\">\n\t<td class=\"column-1\">00012111<\/td><td class=\"column-2\">1.4301<\/td><td class=\"column-3\">Smooth<\/td><td class=\"column-4\">Diam.: 7,00 mm.<\/td>\n<\/tr>\n<tr class=\"row-23 odd\">\n\t<td class=\"column-1\">00012112<\/td><td class=\"column-2\">1.4301<\/td><td class=\"column-3\">Smooth<\/td><td class=\"column-4\">Diam.: 8,00 mm.<\/td>\n<\/tr>\n<tr class=\"row-24 even\">\n\t<td class=\"column-1\"><\/td><td class=\"column-2\"><\/td><td class=\"column-3\"><\/td><td class=\"column-4\"><\/td>\n<\/tr>\n<tr class=\"row-25 odd\">\n\t<td class=\"column-1\">00011305<\/td><td class=\"column-2\">1.4362<\/td><td class=\"column-3\">Ribbed<\/td><td class=\"column-4\">Diam. 5,00 mm.<\/td>\n<\/tr>\n<tr class=\"row-26 even\">\n\t<td class=\"column-1\">00011306<\/td><td class=\"column-2\">1.4362<\/td><td class=\"column-3\">Ribbed<\/td><td class=\"column-4\">Diam: 6,00 mm.<\/td>\n<\/tr>\n<tr class=\"row-27 odd\">\n\t<td class=\"column-1\">00011308<\/td><td class=\"column-2\">1.4362<\/td><td class=\"column-3\">Ribbed<\/td><td class=\"column-4\">Diam.: 8,00 mm.<\/td>\n<\/tr>\n<tr class=\"row-28 even\">\n\t<td class=\"column-1\">00011310<\/td><td class=\"column-2\">1.4362<\/td><td class=\"column-3\">Ribbed<\/td><td class=\"column-4\">Diam.: 10,00 mm.<\/td>\n<\/tr>\n<tr class=\"row-29 odd\">\n\t<td class=\"column-1\">00011312<\/td><td class=\"column-2\">1.4362<\/td><td class=\"column-3\">Ribbed<\/td><td class=\"column-4\">Diam.: 12,00 mm.<\/td>\n<\/tr>\n<tr class=\"row-30 even\">\n\t<td class=\"column-1\"><\/td><td class=\"column-2\"><\/td><td class=\"column-3\"><\/td><td class=\"column-4\"><\/td>\n<\/tr>\n<tr class=\"row-31 odd\">\n\t<td class=\"column-1\">00012113<\/td><td class=\"column-2\">1.4362<\/td><td class=\"column-3\">Smooth<\/td><td class=\"column-4\">Diam.: 3,95 mm.<\/td>\n<\/tr>\n<tr class=\"row-32 even\">\n\t<td class=\"column-1\">00012114<\/td><td class=\"column-2\">1.4362<\/td><td class=\"column-3\">Smooth<\/td><td class=\"column-4\">Diam.: 4,50 mm.<\/td>\n<\/tr>\n<tr class=\"row-33 odd\">\n\t<td class=\"column-1\">00012115<\/td><td class=\"column-2\">1.4362<\/td><td class=\"column-3\">Smooth<\/td><td class=\"column-4\">Diam.: 5,00 mm.<\/td>\n<\/tr>\n<tr class=\"row-34 even\">\n\t<td class=\"column-1\"><\/td><td class=\"column-2\"><\/td><td class=\"column-3\"><\/td><td class=\"column-4\"><\/td>\n<\/tr>\n<tr class=\"row-35 odd\">\n\t<td class=\"column-1\">00010101<\/td><td class=\"column-2\">1.4401<\/td><td class=\"column-3\">Ribbed<\/td><td class=\"column-4\">\u00d81mm.<\/td>\n<\/tr>\n<tr class=\"row-36 even\">\n\t<td class=\"column-1\">00010104<\/td><td class=\"column-2\">1.4401<\/td><td class=\"column-3\">Ribbed<\/td><td class=\"column-4\">Diam. 4,00 mm.<\/td>\n<\/tr>\n<tr class=\"row-37 odd\">\n\t<td class=\"column-1\">00010106<\/td><td class=\"column-2\">1.4401<\/td><td class=\"column-3\">Ribbed<\/td><td class=\"column-4\">Diam: 6,00 mm.<\/td>\n<\/tr>\n<tr class=\"row-38 even\">\n\t<td class=\"column-1\">00010108<\/td><td class=\"column-2\">1.4401<\/td><td class=\"column-3\">Ribbed<\/td><td class=\"column-4\">Diam.: 8,00 mm.<\/td>\n<\/tr>\n<tr class=\"row-39 odd\">\n\t<td class=\"column-1\">00010110<\/td><td class=\"column-2\">1.4401<\/td><td class=\"column-3\">Ribbed<\/td><td class=\"column-4\">Diam.: 10,00 mm.<\/td>\n<\/tr>\n<tr class=\"row-40 even\">\n\t<td class=\"column-1\"><\/td><td class=\"column-2\"><\/td><td class=\"column-3\"><\/td><td class=\"column-4\"><\/td>\n<\/tr>\n<tr class=\"row-41 odd\">\n\t<td class=\"column-1\">00013101<\/td><td class=\"column-2\">1,4401<\/td><td class=\"column-3\">Smooth<\/td><td class=\"column-4\">Diam.: 1,00 mm.<\/td>\n<\/tr>\n<tr class=\"row-42 even\">\n\t<td class=\"column-1\">00013102<\/td><td class=\"column-2\">1.4462<\/td><td class=\"column-3\">Smooth<\/td><td class=\"column-4\">Diam.: 2,20 mm.<\/td>\n<\/tr>\n<tr class=\"row-43 odd\">\n\t<td class=\"column-1\">00013104<\/td><td class=\"column-2\">1.4401<\/td><td class=\"column-3\">Smooth<\/td><td class=\"column-4\">Diam.: 4,00 mm.<\/td>\n<\/tr>\n<tr class=\"row-44 even\">\n\t<td class=\"column-1\">00013105<\/td><td class=\"column-2\">1.4401<\/td><td class=\"column-3\">Smooth<\/td><td class=\"column-4\">Diam.: 4,20 mm.<\/td>\n<\/tr>\n<tr class=\"row-45 odd\">\n\t<td class=\"column-1\"><\/td><td class=\"column-2\"><\/td><td class=\"column-3\"><\/td><td class=\"column-4\"><\/td>\n<\/tr>\n<tr class=\"row-46 even\">\n\t<td class=\"column-1\">00014102<\/td><td class=\"column-2\">Iron wire<\/td><td class=\"column-3\">Smooth<\/td><td class=\"column-4\">Diam.: 2,00 mm.<\/td>\n<\/tr>\n<tr class=\"row-47 odd\">\n\t<td class=\"column-1\">00014103<\/td><td class=\"column-2\">Iron wire<\/td><td class=\"column-3\">Smooth<\/td><td class=\"column-4\">Diam.: 3,00 mm.<\/td>\n<\/tr>\n<tr class=\"row-48 even\">\n\t<td class=\"column-1\">00014104<\/td><td class=\"column-2\">Iron wire<\/td><td class=\"column-3\">Smooth<\/td><td class=\"column-4\">Diam. 4,00 mm.<\/td>\n<\/tr>\n<tr class=\"row-49 odd\">\n\t<td class=\"column-1\">00014105<\/td><td class=\"column-2\">Iron wire<\/td><td class=\"column-3\">Smooth<\/td><td class=\"column-4\">Diam. 5,00 mm.<\/td>\n<\/tr>\n<tr class=\"row-50 even\">\n\t<td class=\"column-1\">00014107<\/td><td class=\"column-2\">Iron wire<\/td><td class=\"column-3\">Smooth<\/td><td class=\"column-4\">Diam.: 7,00 mm.<\/td>\n<\/tr>\n<tr class=\"row-51 odd\">\n\t<td class=\"column-1\">00014108<\/td><td class=\"column-2\">Iron wire <\/td><td class=\"column-3\">Smooth<\/td><td class=\"column-4\">Diam.: 8,00 mm.<\/td>\n<\/tr>\n<tr class=\"row-52 even\">\n\t<td class=\"column-1\"><\/td><td class=\"column-2\"><\/td><td class=\"column-3\"><\/td><td class=\"column-4\"><\/td>\n<\/tr>\n<tr class=\"row-53 odd\">\n\t<td class=\"column-1\">00016103<\/td><td class=\"column-2\">Black spring wire<\/td><td class=\"column-3\">Smooth<\/td><td class=\"column-4\">Diam.: 3,00 mm.<\/td>\n<\/tr>\n<tr class=\"row-54 even\">\n\t<td class=\"column-1\">00016104<\/td><td class=\"column-2\">Black spring wire<\/td><td class=\"column-3\">Smooth<\/td><td class=\"column-4\">Diam. 4,00 mm.<\/td>\n<\/tr>\n<tr class=\"row-55 odd\">\n\t<td class=\"column-1\">00016153<\/td><td class=\"column-2\">Spring wire - 1.4301<\/td><td class=\"column-3\">Smooth<\/td><td class=\"column-4\">Diam.: 3,00 mm.<\/td>\n<\/tr>\n<tr class=\"row-56 even\">\n\t<td class=\"column-1\">00016154<\/td><td class=\"column-2\">Spring wire - 1.4301<\/td><td class=\"column-3\">Smooth<\/td><td class=\"column-4\">Diam. 4,00 mm.<\/td>\n<\/tr>\n<tr class=\"row-57 odd\">\n\t<td class=\"column-1\"><\/td><td class=\"column-2\"><\/td><td class=\"column-3\"><\/td><td class=\"column-4\"><\/td>\n<\/tr>\n<tr class=\"row-58 even\">\n\t<td class=\"column-1\">00017005<\/td><td class=\"column-2\">Concrete steel<\/td><td class=\"column-3\">Smooth<\/td><td class=\"column-4\">Diam. 5,00 mm.<\/td>\n<\/tr>\n<tr class=\"row-59 odd\">\n\t<td class=\"column-1\">00017006<\/td><td class=\"column-2\">Concrete steel <\/td><td class=\"column-3\">Smooth<\/td><td class=\"column-4\">Diam: 6,00 mm.<\/td>\n<\/tr>\n<tr class=\"row-60 even\">\n\t<td class=\"column-1\">00017008<\/td><td class=\"column-2\">Concrete steel<\/td><td class=\"column-3\">Smooth<\/td><td class=\"column-4\">Diam.: 8,00 mm.<\/td>\n<\/tr>\n<tr class=\"row-61 odd\">\n\t<td class=\"column-1\">00017155<\/td><td class=\"column-2\">Concrete steel<\/td><td class=\"column-3\">Ribbed<\/td><td class=\"column-4\">Diam. 5,00 mm.<\/td>\n<\/tr>\n<tr class=\"row-62 even\">\n\t<td class=\"column-1\">00017156<\/td><td class=\"column-2\">Concrete steel<\/td><td class=\"column-3\">Ribbed<\/td><td class=\"column-4\">Diam: 6,00 mm.<\/td>\n<\/tr>\n<tr class=\"row-63 odd\">\n\t<td class=\"column-1\">00017158<\/td><td class=\"column-2\">Concrete steel<\/td><td class=\"column-3\">Ribbed<\/td><td class=\"column-4\">Diam.: 8,00 mm.<\/td>\n<\/tr>\n<tr class=\"row-64 even\">\n\t<td class=\"column-1\">00017160<\/td><td class=\"column-2\">Concrete steel<\/td><td class=\"column-3\">Ribbed<\/td><td class=\"column-4\">Diam.: 10,00 mm.<\/td>\n<\/tr>\n<tr class=\"row-65 odd\">\n\t<td class=\"column-1\">00017162<\/td><td class=\"column-2\">Concrete steel <\/td><td class=\"column-3\">Ribbed<\/td><td class=\"column-4\">Diam.: 12,00 mm.<\/td>\n<\/tr>\n<tr class=\"row-66 even\">\n\t<td class=\"column-1\"><\/td><td class=\"column-2\"><\/td><td class=\"column-3\"><\/td><td class=\"column-4\"><\/td>\n<\/tr>\n<tr class=\"row-67 odd\">\n\t<td class=\"column-1\">00018101<\/td><td class=\"column-2\">Tin bronze - CuSn6<\/td><td class=\"column-3\"><\/td><td class=\"column-4\">Diam.: 3,00 mm.<\/td>\n<\/tr>\n<tr class=\"row-68 even\">\n\t<td class=\"column-1\">00018102<\/td><td class=\"column-2\">Tin bronze - CuSn6<\/td><td class=\"column-3\"><\/td><td class=\"column-4\">Diam. 4,00 mm.<\/td>\n<\/tr>\n<\/tbody>\n<\/table>\n<!-- #tablepress-49 from cache -->\n<span><span><a href=\"https:\/\/www.skagentraad.dk\/en\/\">Home<\/a><\/span><\/span>","protected":false},"excerpt":{"rendered":"[wpseo_breadcrumb]\n<p>Armeringsst\u00e5l har mange anvendelsesmuligheder. Blandt andet bruges det til armering af betonelementer, st\u00f8bninger af sokkel eller armering af fuger.<\/p>\n<p>Har du brug for armeringsst\u00e5l, s\u00e5 har vi forskellige kvaliteter og forskellige dimensioner i store m\u00e6ngder.<\/p>\n","protected":false},"featured_media":3007,"template":"","meta":[],"product_cat":[64,108],"product_tag":[],"yoast_head":"<!-- This site is optimized with the Yoast SEO plugin v19.13 - https:\/\/yoast.com\/wordpress\/plugins\/seo\/ -->\n<title>Armeringsst\u00e5l i coils - Skagen Tr\u00e5dindustri - + 45 70 20 05 07<\/title>\n<meta name=\"description\" content=\"Har du brug for armeringsst\u00e5l i store m\u00e6ngder? Vi kan levere coils af armeringsst\u00e5l i forskellige dimensioner. Se vores store udvalg af armeringsst\u00e5l her.\" \/>\n<meta name=\"robots\" content=\"index, follow, max-snippet:-1, max-image-preview:large, max-video-preview:-1\" \/>\n<link rel=\"canonical\" href=\"https:\/\/www.skagentraad.dk\/en\/product\/coils\/\" \/>\n<meta property=\"og:locale\" content=\"en_GB\" \/>\n<meta property=\"og:type\" content=\"article\" \/>\n<meta property=\"og:title\" content=\"Armeringsst\u00e5l i coils - Skagen Tr\u00e5dindustri - + 45 70 20 05 07\" \/>\n<meta property=\"og:description\" content=\"Har du brug for armeringsst\u00e5l i store m\u00e6ngder? Vi kan levere coils af armeringsst\u00e5l i forskellige dimensioner. Se vores store udvalg af armeringsst\u00e5l her.\" \/>\n<meta property=\"og:url\" content=\"https:\/\/www.skagentraad.dk\/en\/product\/coils\/\" \/>\n<meta property=\"og:site_name\" content=\"Skagen Tr\u00e5dindustri\" \/>\n<meta property=\"article:modified_time\" content=\"2025-06-10T07:31:05+00:00\" \/>\n<meta property=\"og:image\" content=\"https:\/\/www.skagentraad.dk\/wp-content\/uploads\/2021\/02\/coils.jpg\" \/>\n\t<meta property=\"og:image:width\" content=\"1024\" \/>\n\t<meta property=\"og:image:height\" content=\"683\" \/>\n\t<meta property=\"og:image:type\" content=\"image\/jpeg\" \/>\n<meta name=\"twitter:card\" content=\"summary_large_image\" \/>\n<meta name=\"twitter:label1\" content=\"Estimated reading time\" \/>\n\t<meta name=\"twitter:data1\" content=\"1 minute\" \/>\n<script type=\"application\/ld+json\" class=\"yoast-schema-graph\">{\"@context\":\"https:\/\/schema.org\",\"@graph\":[{\"@type\":\"WebPage\",\"@id\":\"https:\/\/www.skagentraad.dk\/product\/coils\/\",\"url\":\"https:\/\/www.skagentraad.dk\/product\/coils\/\",\"name\":\"Armeringsst\u00e5l i coils - Skagen Tr\u00e5dindustri - + 45 70 20 05 07\",\"isPartOf\":{\"@id\":\"https:\/\/www.skagentraad.dk\/#website\"},\"datePublished\":\"2015-07-09T09:54:28+00:00\",\"dateModified\":\"2025-06-10T07:31:05+00:00\",\"description\":\"Har du brug for armeringsst\u00e5l i store m\u00e6ngder? Vi kan levere coils af armeringsst\u00e5l i forskellige dimensioner. Se vores store udvalg af armeringsst\u00e5l her.\",\"breadcrumb\":{\"@id\":\"https:\/\/www.skagentraad.dk\/product\/coils\/#breadcrumb\"},\"inLanguage\":\"en-GB\",\"potentialAction\":[{\"@type\":\"ReadAction\",\"target\":[\"https:\/\/www.skagentraad.dk\/product\/coils\/\"]}]},{\"@type\":\"BreadcrumbList\",\"@id\":\"https:\/\/www.skagentraad.dk\/product\/coils\/#breadcrumb\",\"itemListElement\":[{\"@type\":\"ListItem\",\"position\":1,\"name\":\"Hjem\",\"item\":\"https:\/\/www.skagentraad.dk\/\"},{\"@type\":\"ListItem\",\"position\":2,\"name\":\"Produkter\",\"item\":\"https:\/\/www.skagentraad.dk\/produkter\/\"},{\"@type\":\"ListItem\",\"position\":3,\"name\":\"Armeringsst\u00e5l\",\"item\":\"https:\/\/www.skagentraad.dk\/en\/product-category\/armeringsstaal\/\"},{\"@type\":\"ListItem\",\"position\":4,\"name\":\"Coils\",\"item\":\"https:\/\/www.skagentraad.dk\/en\/product-category\/armeringsstaal\/coils\/\"},{\"@type\":\"ListItem\",\"position\":5,\"name\":\"ST COILS\"}]},{\"@type\":\"WebSite\",\"@id\":\"https:\/\/www.skagentraad.dk\/#website\",\"url\":\"https:\/\/www.skagentraad.dk\/\",\"name\":\"Skagen Tr\u00e5dindustri\",\"description\":\"Leverand\u00f8r af rustfrit armeringsst\u00e5l til brug for bygge- og anl\u00e6gsbranchen\",\"publisher\":{\"@id\":\"https:\/\/www.skagentraad.dk\/#organization\"},\"potentialAction\":[{\"@type\":\"SearchAction\",\"target\":{\"@type\":\"EntryPoint\",\"urlTemplate\":\"https:\/\/www.skagentraad.dk\/?s={search_term_string}\"},\"query-input\":\"required name=search_term_string\"}],\"inLanguage\":\"en-GB\"},{\"@type\":\"Organization\",\"@id\":\"https:\/\/www.skagentraad.dk\/#organization\",\"name\":\"Skagen Tr\u00e5dindustri\",\"url\":\"https:\/\/www.skagentraad.dk\/\",\"logo\":{\"@type\":\"ImageObject\",\"inLanguage\":\"en-GB\",\"@id\":\"https:\/\/www.skagentraad.dk\/#\/schema\/logo\/image\/\",\"url\":\"https:\/\/www.skagentraad.dk\/wp-content\/uploads\/2015\/01\/logo_top.png\",\"contentUrl\":\"https:\/\/www.skagentraad.dk\/wp-content\/uploads\/2015\/01\/logo_top.png\",\"width\":350,\"height\":108,\"caption\":\"Skagen Tr\u00e5dindustri\"},\"image\":{\"@id\":\"https:\/\/www.skagentraad.dk\/#\/schema\/logo\/image\/\"}}]}<\/script>\n<!-- \/ Yoast SEO plugin. -->","yoast_head_json":{"title":"Armeringsst\u00e5l i coils - Skagen Tr\u00e5dindustri - + 45 70 20 05 07","description":"Har du brug for armeringsst\u00e5l i store m\u00e6ngder? Vi kan levere coils af armeringsst\u00e5l i forskellige dimensioner. Se vores store udvalg af armeringsst\u00e5l her.","robots":{"index":"index","follow":"follow","max-snippet":"max-snippet:-1","max-image-preview":"max-image-preview:large","max-video-preview":"max-video-preview:-1"},"canonical":"https:\/\/www.skagentraad.dk\/en\/product\/coils\/","og_locale":"en_GB","og_type":"article","og_title":"Armeringsst\u00e5l i coils - Skagen Tr\u00e5dindustri - + 45 70 20 05 07","og_description":"Har du brug for armeringsst\u00e5l i store m\u00e6ngder? Vi kan levere coils af armeringsst\u00e5l i forskellige dimensioner. Se vores store udvalg af armeringsst\u00e5l her.","og_url":"https:\/\/www.skagentraad.dk\/en\/product\/coils\/","og_site_name":"Skagen Tr\u00e5dindustri","article_modified_time":"2025-06-10T07:31:05+00:00","og_image":[{"width":1024,"height":683,"url":"https:\/\/www.skagentraad.dk\/wp-content\/uploads\/2021\/02\/coils.jpg","type":"image\/jpeg"}],"twitter_card":"summary_large_image","twitter_misc":{"Estimated reading time":"1 minute"},"schema":{"@context":"https:\/\/schema.org","@graph":[{"@type":"WebPage","@id":"https:\/\/www.skagentraad.dk\/product\/coils\/","url":"https:\/\/www.skagentraad.dk\/product\/coils\/","name":"Armeringsst\u00e5l i coils - Skagen Tr\u00e5dindustri - + 45 70 20 05 07","isPartOf":{"@id":"https:\/\/www.skagentraad.dk\/#website"},"datePublished":"2015-07-09T09:54:28+00:00","dateModified":"2025-06-10T07:31:05+00:00","description":"Har du brug for armeringsst\u00e5l i store m\u00e6ngder? Vi kan levere coils af armeringsst\u00e5l i forskellige dimensioner. Se vores store udvalg af armeringsst\u00e5l her.","breadcrumb":{"@id":"https:\/\/www.skagentraad.dk\/product\/coils\/#breadcrumb"},"inLanguage":"en-GB","potentialAction":[{"@type":"ReadAction","target":["https:\/\/www.skagentraad.dk\/product\/coils\/"]}]},{"@type":"BreadcrumbList","@id":"https:\/\/www.skagentraad.dk\/product\/coils\/#breadcrumb","itemListElement":[{"@type":"ListItem","position":1,"name":"Hjem","item":"https:\/\/www.skagentraad.dk\/"},{"@type":"ListItem","position":2,"name":"Produkter","item":"https:\/\/www.skagentraad.dk\/produkter\/"},{"@type":"ListItem","position":3,"name":"Armeringsst\u00e5l","item":"https:\/\/www.skagentraad.dk\/en\/product-category\/armeringsstaal\/"},{"@type":"ListItem","position":4,"name":"Coils","item":"https:\/\/www.skagentraad.dk\/en\/product-category\/armeringsstaal\/coils\/"},{"@type":"ListItem","position":5,"name":"ST COILS"}]},{"@type":"WebSite","@id":"https:\/\/www.skagentraad.dk\/#website","url":"https:\/\/www.skagentraad.dk\/","name":"Skagen Tr\u00e5dindustri","description":"Supplier of stainless reinforcing steel to the construction industry","publisher":{"@id":"https:\/\/www.skagentraad.dk\/#organization"},"potentialAction":[{"@type":"SearchAction","target":{"@type":"EntryPoint","urlTemplate":"https:\/\/www.skagentraad.dk\/?s={search_term_string}"},"query-input":"required name=search_term_string"}],"inLanguage":"en-GB"},{"@type":"Organization","@id":"https:\/\/www.skagentraad.dk\/#organization","name":"Skagen Tr\u00e5dindustri","url":"https:\/\/www.skagentraad.dk\/","logo":{"@type":"ImageObject","inLanguage":"en-GB","@id":"https:\/\/www.skagentraad.dk\/#\/schema\/logo\/image\/","url":"https:\/\/www.skagentraad.dk\/wp-content\/uploads\/2015\/01\/logo_top.png","contentUrl":"https:\/\/www.skagentraad.dk\/wp-content\/uploads\/2015\/01\/logo_top.png","width":350,"height":108,"caption":"Skagen Tr\u00e5dindustri"},"image":{"@id":"https:\/\/www.skagentraad.dk\/#\/schema\/logo\/image\/"}}]}},"_links":{"self":[{"href":"https:\/\/www.skagentraad.dk\/en\/wp-json\/wp\/v2\/product\/2428"}],"collection":[{"href":"https:\/\/www.skagentraad.dk\/en\/wp-json\/wp\/v2\/product"}],"about":[{"href":"https:\/\/www.skagentraad.dk\/en\/wp-json\/wp\/v2\/types\/product"}],"wp:featuredmedia":[{"embeddable":true,"href":"https:\/\/www.skagentraad.dk\/en\/wp-json\/wp\/v2\/media\/3007"}],"wp:attachment":[{"href":"https:\/\/www.skagentraad.dk\/en\/wp-json\/wp\/v2\/media?parent=2428"}],"wp:term":[{"taxonomy":"product_cat","embeddable":true,"href":"https:\/\/www.skagentraad.dk\/en\/wp-json\/wp\/v2\/product_cat?post=2428"},{"taxonomy":"product_tag","embeddable":true,"href":"https:\/\/www.skagentraad.dk\/en\/wp-json\/wp\/v2\/product_tag?post=2428"}],"curies":[{"name":"wp","href":"https:\/\/api.w.org\/{rel}","templated":true}]}}