{"id":2435,"date":"2015-07-09T09:55:44","date_gmt":"2015-07-09T09:55:44","guid":{"rendered":"http:\/\/www.skagentraad.dk\/?product=staenger"},"modified":"2025-06-10T08:30:17","modified_gmt":"2025-06-10T07:30:17","slug":"staenger","status":"publish","type":"product","link":"https:\/\/www.skagentraad.dk\/en\/product\/staenger\/","title":{"rendered":"ST Rustfrie Armeringsst\u00e6nger"},"content":{"rendered":"<p><span style=\"text-decoration: underline;\"><strong>Materiale &#8211; Rustfri\/syrefast armeringsst\u00e5l i st\u00e6nger:<\/strong><\/span><br \/>\n- Stainless steel - EN 1.4301<br \/>\n- Duplex steel - EN 1.4362<br \/>\n- Acid-proof steel - EN 1.4401<\/p>\n<p>Our reinforcement steel is certified according to BS 6744 standards.<\/p>\n<p>Reinforcement steel in rods can be delivered in the dimensions 3-16 mm. They are delivered as straightened rods.<\/p>\n<p>Rods are delivered in standard lengths of 6 m. to 12 m. Otherwise we can them to fix sizes.<\/p>\n<p>We can deliver bundles of maximum 500 kg.<\/p>\n<span><span><a href=\"https:\/\/www.skagentraad.dk\/en\/\">Home<\/a><\/span><\/span>\n<p><strong>\u00a0<\/strong><\/p>","protected":false},"excerpt":{"rendered":"[wpseo_breadcrumb]\n<p>Skagen Tr\u00e5dindustri tilbyder udrettede st\u00e6nger af armeringsst\u00e5l. St\u00e6nger af armeringsst\u00e5l findes i standardl\u00e6ngder, men kan ogs\u00e5 klippes efter \u00f8nske.<br \/>\nSkagen Tr\u00e5dindustri er leverand\u00f8r af armeringsst\u00e5l, og har derfor et stort udvalg af forskellige dimensioner og kvaliteter af armeringsst\u00e5l p\u00e5 lager.<\/p>\n<p>&nbsp;<\/p>\n","protected":false},"featured_media":3244,"template":"","meta":[],"product_cat":[64,65],"product_tag":[],"yoast_head":"<!-- This site is optimized with the Yoast SEO plugin v19.13 - https:\/\/yoast.com\/wordpress\/plugins\/seo\/ -->\n<title>Armeringsst\u00e5l i st\u00e6nger - Skagen Tr\u00e5dindustri - +45 70 20 05 07<\/title>\n<meta name=\"description\" content=\"Hos Skagen Tr\u00e5dindustri kan vi levere armeringsst\u00e5l i st\u00e6nger i faste l\u00e6ngder eller klippede efter behov, samt i forskellige dimensioner.\" \/>\n<meta name=\"robots\" content=\"index, follow, max-snippet:-1, max-image-preview:large, max-video-preview:-1\" \/>\n<link rel=\"canonical\" href=\"https:\/\/www.skagentraad.dk\/en\/product\/staenger\/\" \/>\n<meta property=\"og:locale\" content=\"en_GB\" \/>\n<meta property=\"og:type\" content=\"article\" \/>\n<meta property=\"og:title\" content=\"Armeringsst\u00e5l i st\u00e6nger - Skagen Tr\u00e5dindustri - +45 70 20 05 07\" \/>\n<meta property=\"og:description\" content=\"Hos Skagen Tr\u00e5dindustri kan vi levere armeringsst\u00e5l i st\u00e6nger i faste l\u00e6ngder eller klippede efter behov, samt i forskellige dimensioner.\" \/>\n<meta property=\"og:url\" content=\"https:\/\/www.skagentraad.dk\/en\/product\/staenger\/\" \/>\n<meta property=\"og:site_name\" content=\"Skagen Tr\u00e5dindustri\" \/>\n<meta property=\"article:modified_time\" content=\"2025-06-10T07:30:17+00:00\" \/>\n<meta property=\"og:image\" content=\"https:\/\/www.skagentraad.dk\/wp-content\/uploads\/2021\/02\/Armeringsstaal.jpg\" \/>\n\t<meta property=\"og:image:width\" content=\"480\" \/>\n\t<meta property=\"og:image:height\" content=\"640\" \/>\n\t<meta property=\"og:image:type\" content=\"image\/jpeg\" \/>\n<meta name=\"twitter:card\" content=\"summary_large_image\" \/>\n<meta name=\"twitter:label1\" content=\"Estimated reading time\" \/>\n\t<meta name=\"twitter:data1\" content=\"1 minute\" \/>\n<script type=\"application\/ld+json\" class=\"yoast-schema-graph\">{\"@context\":\"https:\/\/schema.org\",\"@graph\":[{\"@type\":\"WebPage\",\"@id\":\"https:\/\/www.skagentraad.dk\/product\/staenger\/\",\"url\":\"https:\/\/www.skagentraad.dk\/product\/staenger\/\",\"name\":\"Armeringsst\u00e5l i st\u00e6nger - Skagen Tr\u00e5dindustri - +45 70 20 05 07\",\"isPartOf\":{\"@id\":\"https:\/\/www.skagentraad.dk\/#website\"},\"datePublished\":\"2015-07-09T09:55:44+00:00\",\"dateModified\":\"2025-06-10T07:30:17+00:00\",\"description\":\"Hos Skagen Tr\u00e5dindustri kan vi levere armeringsst\u00e5l i st\u00e6nger i faste l\u00e6ngder eller klippede efter behov, samt i forskellige dimensioner.\",\"breadcrumb\":{\"@id\":\"https:\/\/www.skagentraad.dk\/product\/staenger\/#breadcrumb\"},\"inLanguage\":\"en-GB\",\"potentialAction\":[{\"@type\":\"ReadAction\",\"target\":[\"https:\/\/www.skagentraad.dk\/product\/staenger\/\"]}]},{\"@type\":\"BreadcrumbList\",\"@id\":\"https:\/\/www.skagentraad.dk\/product\/staenger\/#breadcrumb\",\"itemListElement\":[{\"@type\":\"ListItem\",\"position\":1,\"name\":\"Hjem\",\"item\":\"https:\/\/www.skagentraad.dk\/\"},{\"@type\":\"ListItem\",\"position\":2,\"name\":\"Produkter\",\"item\":\"https:\/\/www.skagentraad.dk\/produkter\/\"},{\"@type\":\"ListItem\",\"position\":3,\"name\":\"Armeringsst\u00e5l\",\"item\":\"https:\/\/www.skagentraad.dk\/en\/product-category\/armeringsstaal\/\"},{\"@type\":\"ListItem\",\"position\":4,\"name\":\"St\u00e6nger\",\"item\":\"https:\/\/www.skagentraad.dk\/en\/product-category\/armeringsstaal\/rf-staenger\/\"},{\"@type\":\"ListItem\",\"position\":5,\"name\":\"ST Rustfrie Armeringsst\u00e6nger\"}]},{\"@type\":\"WebSite\",\"@id\":\"https:\/\/www.skagentraad.dk\/#website\",\"url\":\"https:\/\/www.skagentraad.dk\/\",\"name\":\"Skagen Tr\u00e5dindustri\",\"description\":\"Leverand\u00f8r af rustfrit armeringsst\u00e5l til brug for bygge- og anl\u00e6gsbranchen\",\"publisher\":{\"@id\":\"https:\/\/www.skagentraad.dk\/#organization\"},\"potentialAction\":[{\"@type\":\"SearchAction\",\"target\":{\"@type\":\"EntryPoint\",\"urlTemplate\":\"https:\/\/www.skagentraad.dk\/?s={search_term_string}\"},\"query-input\":\"required name=search_term_string\"}],\"inLanguage\":\"en-GB\"},{\"@type\":\"Organization\",\"@id\":\"https:\/\/www.skagentraad.dk\/#organization\",\"name\":\"Skagen Tr\u00e5dindustri\",\"url\":\"https:\/\/www.skagentraad.dk\/\",\"logo\":{\"@type\":\"ImageObject\",\"inLanguage\":\"en-GB\",\"@id\":\"https:\/\/www.skagentraad.dk\/#\/schema\/logo\/image\/\",\"url\":\"https:\/\/www.skagentraad.dk\/wp-content\/uploads\/2015\/01\/logo_top.png\",\"contentUrl\":\"https:\/\/www.skagentraad.dk\/wp-content\/uploads\/2015\/01\/logo_top.png\",\"width\":350,\"height\":108,\"caption\":\"Skagen Tr\u00e5dindustri\"},\"image\":{\"@id\":\"https:\/\/www.skagentraad.dk\/#\/schema\/logo\/image\/\"}}]}<\/script>\n<!-- \/ Yoast SEO plugin. -->","yoast_head_json":{"title":"Armeringsst\u00e5l i st\u00e6nger - Skagen Tr\u00e5dindustri - +45 70 20 05 07","description":"Hos Skagen Tr\u00e5dindustri kan vi levere armeringsst\u00e5l i st\u00e6nger i faste l\u00e6ngder eller klippede efter behov, samt i forskellige dimensioner.","robots":{"index":"index","follow":"follow","max-snippet":"max-snippet:-1","max-image-preview":"max-image-preview:large","max-video-preview":"max-video-preview:-1"},"canonical":"https:\/\/www.skagentraad.dk\/en\/product\/staenger\/","og_locale":"en_GB","og_type":"article","og_title":"Armeringsst\u00e5l i st\u00e6nger - Skagen Tr\u00e5dindustri - +45 70 20 05 07","og_description":"Hos Skagen Tr\u00e5dindustri kan vi levere armeringsst\u00e5l i st\u00e6nger i faste l\u00e6ngder eller klippede efter behov, samt i forskellige dimensioner.","og_url":"https:\/\/www.skagentraad.dk\/en\/product\/staenger\/","og_site_name":"Skagen Tr\u00e5dindustri","article_modified_time":"2025-06-10T07:30:17+00:00","og_image":[{"width":480,"height":640,"url":"https:\/\/www.skagentraad.dk\/wp-content\/uploads\/2021\/02\/Armeringsstaal.jpg","type":"image\/jpeg"}],"twitter_card":"summary_large_image","twitter_misc":{"Estimated reading time":"1 minute"},"schema":{"@context":"https:\/\/schema.org","@graph":[{"@type":"WebPage","@id":"https:\/\/www.skagentraad.dk\/product\/staenger\/","url":"https:\/\/www.skagentraad.dk\/product\/staenger\/","name":"Armeringsst\u00e5l i st\u00e6nger - Skagen Tr\u00e5dindustri - +45 70 20 05 07","isPartOf":{"@id":"https:\/\/www.skagentraad.dk\/#website"},"datePublished":"2015-07-09T09:55:44+00:00","dateModified":"2025-06-10T07:30:17+00:00","description":"Hos Skagen Tr\u00e5dindustri kan vi levere armeringsst\u00e5l i st\u00e6nger i faste l\u00e6ngder eller klippede efter behov, samt i forskellige dimensioner.","breadcrumb":{"@id":"https:\/\/www.skagentraad.dk\/product\/staenger\/#breadcrumb"},"inLanguage":"en-GB","potentialAction":[{"@type":"ReadAction","target":["https:\/\/www.skagentraad.dk\/product\/staenger\/"]}]},{"@type":"BreadcrumbList","@id":"https:\/\/www.skagentraad.dk\/product\/staenger\/#breadcrumb","itemListElement":[{"@type":"ListItem","position":1,"name":"Hjem","item":"https:\/\/www.skagentraad.dk\/"},{"@type":"ListItem","position":2,"name":"Produkter","item":"https:\/\/www.skagentraad.dk\/produkter\/"},{"@type":"ListItem","position":3,"name":"Armeringsst\u00e5l","item":"https:\/\/www.skagentraad.dk\/en\/product-category\/armeringsstaal\/"},{"@type":"ListItem","position":4,"name":"St\u00e6nger","item":"https:\/\/www.skagentraad.dk\/en\/product-category\/armeringsstaal\/rf-staenger\/"},{"@type":"ListItem","position":5,"name":"ST Rustfrie Armeringsst\u00e6nger"}]},{"@type":"WebSite","@id":"https:\/\/www.skagentraad.dk\/#website","url":"https:\/\/www.skagentraad.dk\/","name":"Skagen Tr\u00e5dindustri","description":"Supplier of stainless reinforcing steel to the construction industry","publisher":{"@id":"https:\/\/www.skagentraad.dk\/#organization"},"potentialAction":[{"@type":"SearchAction","target":{"@type":"EntryPoint","urlTemplate":"https:\/\/www.skagentraad.dk\/?s={search_term_string}"},"query-input":"required name=search_term_string"}],"inLanguage":"en-GB"},{"@type":"Organization","@id":"https:\/\/www.skagentraad.dk\/#organization","name":"Skagen Tr\u00e5dindustri","url":"https:\/\/www.skagentraad.dk\/","logo":{"@type":"ImageObject","inLanguage":"en-GB","@id":"https:\/\/www.skagentraad.dk\/#\/schema\/logo\/image\/","url":"https:\/\/www.skagentraad.dk\/wp-content\/uploads\/2015\/01\/logo_top.png","contentUrl":"https:\/\/www.skagentraad.dk\/wp-content\/uploads\/2015\/01\/logo_top.png","width":350,"height":108,"caption":"Skagen Tr\u00e5dindustri"},"image":{"@id":"https:\/\/www.skagentraad.dk\/#\/schema\/logo\/image\/"}}]}},"_links":{"self":[{"href":"https:\/\/www.skagentraad.dk\/en\/wp-json\/wp\/v2\/product\/2435"}],"collection":[{"href":"https:\/\/www.skagentraad.dk\/en\/wp-json\/wp\/v2\/product"}],"about":[{"href":"https:\/\/www.skagentraad.dk\/en\/wp-json\/wp\/v2\/types\/product"}],"wp:featuredmedia":[{"embeddable":true,"href":"https:\/\/www.skagentraad.dk\/en\/wp-json\/wp\/v2\/media\/3244"}],"wp:attachment":[{"href":"https:\/\/www.skagentraad.dk\/en\/wp-json\/wp\/v2\/media?parent=2435"}],"wp:term":[{"taxonomy":"product_cat","embeddable":true,"href":"https:\/\/www.skagentraad.dk\/en\/wp-json\/wp\/v2\/product_cat?post=2435"},{"taxonomy":"product_tag","embeddable":true,"href":"https:\/\/www.skagentraad.dk\/en\/wp-json\/wp\/v2\/product_tag?post=2435"}],"curies":[{"name":"wp","href":"https:\/\/api.w.org\/{rel}","templated":true}]}}