{"id":2436,"date":"2015-07-09T10:06:51","date_gmt":"2015-07-09T10:06:51","guid":{"rendered":"http:\/\/www.skagentraad.dk\/?post_type=product&#038;p=2436"},"modified":"2023-10-20T13:01:45","modified_gmt":"2023-10-20T12:01:45","slug":"u-boejler","status":"publish","type":"product","link":"https:\/\/www.skagentraad.dk\/en\/product\/u-boejler\/","title":{"rendered":"U-Brackets"},"content":{"rendered":"<p><span style=\"text-decoration: underline;\"><strong>Material - U-brackets:<\/strong><\/span><br \/>\n- Stainless reinforcement steel - EN 1.4301<br \/>\n- Duplex steel - EN 1.4362<br \/>\n- Acid-proof steel - EN 1.4401<\/p>\n<p>Certified according to BS 6744<\/p>\n<p>Smooth reinforcement steel is certfified according to EN 10025.<\/p>\n<p>Ribbed reinforcement steel is <span style=\"color: #000000;\">certified<\/span> according to EN 10080<\/p>\n<p>The U-brackets are produced by Skagen Tr\u00e5dindustri.<\/p>\n<span><span><a href=\"https:\/\/www.skagentraad.dk\/en\/\">Home<\/a><\/span><\/span>","protected":false},"excerpt":{"rendered":"[wpseo_breadcrumb]\n<p>U-b\u00f8jler bukkes efter kundetegning.<\/p>\n<p>U-b\u00f8jler udf\u00f8res i glat og ribbet armeringsst\u00e5l.<\/p>\n<p>&nbsp;<\/p>\n","protected":false},"featured_media":3382,"template":"","meta":[],"product_cat":[64,106],"product_tag":[],"yoast_head":"<!-- This site is optimized with the Yoast SEO plugin v19.13 - https:\/\/yoast.com\/wordpress\/plugins\/seo\/ -->\n<title>U-b\u00f8jler - Skagen Tr\u00e5dindustri - Leverand\u00f8r af armeringsst\u00e5l<\/title>\n<meta name=\"description\" content=\"Skagen Tr\u00e5dindustri kan lave b\u00f8jler efter specifikke tegninger og \u00f8nsker. Blandt andet disse u-b\u00f8jler i glat eller ribbet armeringsst\u00e5l.\" \/>\n<meta name=\"robots\" content=\"index, follow, max-snippet:-1, max-image-preview:large, max-video-preview:-1\" \/>\n<link rel=\"canonical\" href=\"https:\/\/www.skagentraad.dk\/en\/product\/u-boejler\/\" \/>\n<meta property=\"og:locale\" content=\"en_GB\" \/>\n<meta property=\"og:type\" content=\"article\" \/>\n<meta property=\"og:title\" content=\"U-b\u00f8jler - Skagen Tr\u00e5dindustri - Leverand\u00f8r af armeringsst\u00e5l\" \/>\n<meta property=\"og:description\" content=\"Skagen Tr\u00e5dindustri kan lave b\u00f8jler efter specifikke tegninger og \u00f8nsker. Blandt andet disse u-b\u00f8jler i glat eller ribbet armeringsst\u00e5l.\" \/>\n<meta property=\"og:url\" content=\"https:\/\/www.skagentraad.dk\/en\/product\/u-boejler\/\" \/>\n<meta property=\"og:site_name\" content=\"Skagen Tr\u00e5dindustri\" \/>\n<meta property=\"article:modified_time\" content=\"2023-10-20T12:01:45+00:00\" \/>\n<meta property=\"og:image\" content=\"https:\/\/www.skagentraad.dk\/wp-content\/uploads\/2021\/03\/U-boejler.jpg\" \/>\n\t<meta property=\"og:image:width\" content=\"480\" \/>\n\t<meta property=\"og:image:height\" content=\"640\" \/>\n\t<meta property=\"og:image:type\" content=\"image\/jpeg\" \/>\n<meta name=\"twitter:card\" content=\"summary_large_image\" \/>\n<meta name=\"twitter:label1\" content=\"Estimated reading time\" \/>\n\t<meta name=\"twitter:data1\" content=\"1 minute\" \/>\n<script type=\"application\/ld+json\" class=\"yoast-schema-graph\">{\"@context\":\"https:\/\/schema.org\",\"@graph\":[{\"@type\":\"WebPage\",\"@id\":\"https:\/\/www.skagentraad.dk\/product\/u-boejler\/\",\"url\":\"https:\/\/www.skagentraad.dk\/product\/u-boejler\/\",\"name\":\"U-b\u00f8jler - Skagen Tr\u00e5dindustri - Leverand\u00f8r af armeringsst\u00e5l\",\"isPartOf\":{\"@id\":\"https:\/\/www.skagentraad.dk\/#website\"},\"datePublished\":\"2015-07-09T10:06:51+00:00\",\"dateModified\":\"2023-10-20T12:01:45+00:00\",\"description\":\"Skagen Tr\u00e5dindustri kan lave b\u00f8jler efter specifikke tegninger og \u00f8nsker. Blandt andet disse u-b\u00f8jler i glat eller ribbet armeringsst\u00e5l.\",\"breadcrumb\":{\"@id\":\"https:\/\/www.skagentraad.dk\/product\/u-boejler\/#breadcrumb\"},\"inLanguage\":\"en-GB\",\"potentialAction\":[{\"@type\":\"ReadAction\",\"target\":[\"https:\/\/www.skagentraad.dk\/product\/u-boejler\/\"]}]},{\"@type\":\"BreadcrumbList\",\"@id\":\"https:\/\/www.skagentraad.dk\/product\/u-boejler\/#breadcrumb\",\"itemListElement\":[{\"@type\":\"ListItem\",\"position\":1,\"name\":\"Hjem\",\"item\":\"https:\/\/www.skagentraad.dk\/\"},{\"@type\":\"ListItem\",\"position\":2,\"name\":\"Produkter\",\"item\":\"https:\/\/www.skagentraad.dk\/produkter\/\"},{\"@type\":\"ListItem\",\"position\":3,\"name\":\"Armeringsst\u00e5l\",\"item\":\"https:\/\/www.skagentraad.dk\/en\/product-category\/armeringsstaal\/\"},{\"@type\":\"ListItem\",\"position\":4,\"name\":\"B\u00f8jler\",\"item\":\"https:\/\/www.skagentraad.dk\/en\/product-category\/armeringsstaal\/boejler\/\"},{\"@type\":\"ListItem\",\"position\":5,\"name\":\"U-B\u00d8JLER\"}]},{\"@type\":\"WebSite\",\"@id\":\"https:\/\/www.skagentraad.dk\/#website\",\"url\":\"https:\/\/www.skagentraad.dk\/\",\"name\":\"Skagen Tr\u00e5dindustri\",\"description\":\"Leverand\u00f8r af rustfrit armeringsst\u00e5l til brug for bygge- og anl\u00e6gsbranchen\",\"publisher\":{\"@id\":\"https:\/\/www.skagentraad.dk\/#organization\"},\"potentialAction\":[{\"@type\":\"SearchAction\",\"target\":{\"@type\":\"EntryPoint\",\"urlTemplate\":\"https:\/\/www.skagentraad.dk\/?s={search_term_string}\"},\"query-input\":\"required name=search_term_string\"}],\"inLanguage\":\"en-GB\"},{\"@type\":\"Organization\",\"@id\":\"https:\/\/www.skagentraad.dk\/#organization\",\"name\":\"Skagen Tr\u00e5dindustri\",\"url\":\"https:\/\/www.skagentraad.dk\/\",\"logo\":{\"@type\":\"ImageObject\",\"inLanguage\":\"en-GB\",\"@id\":\"https:\/\/www.skagentraad.dk\/#\/schema\/logo\/image\/\",\"url\":\"https:\/\/www.skagentraad.dk\/wp-content\/uploads\/2015\/01\/logo_top.png\",\"contentUrl\":\"https:\/\/www.skagentraad.dk\/wp-content\/uploads\/2015\/01\/logo_top.png\",\"width\":350,\"height\":108,\"caption\":\"Skagen Tr\u00e5dindustri\"},\"image\":{\"@id\":\"https:\/\/www.skagentraad.dk\/#\/schema\/logo\/image\/\"}}]}<\/script>\n<!-- \/ Yoast SEO plugin. -->","yoast_head_json":{"title":"U-b\u00f8jler - Skagen Tr\u00e5dindustri - Leverand\u00f8r af armeringsst\u00e5l","description":"Skagen Tr\u00e5dindustri kan lave b\u00f8jler efter specifikke tegninger og \u00f8nsker. Blandt andet disse u-b\u00f8jler i glat eller ribbet armeringsst\u00e5l.","robots":{"index":"index","follow":"follow","max-snippet":"max-snippet:-1","max-image-preview":"max-image-preview:large","max-video-preview":"max-video-preview:-1"},"canonical":"https:\/\/www.skagentraad.dk\/en\/product\/u-boejler\/","og_locale":"en_GB","og_type":"article","og_title":"U-b\u00f8jler - Skagen Tr\u00e5dindustri - Leverand\u00f8r af armeringsst\u00e5l","og_description":"Skagen Tr\u00e5dindustri kan lave b\u00f8jler efter specifikke tegninger og \u00f8nsker. Blandt andet disse u-b\u00f8jler i glat eller ribbet armeringsst\u00e5l.","og_url":"https:\/\/www.skagentraad.dk\/en\/product\/u-boejler\/","og_site_name":"Skagen Tr\u00e5dindustri","article_modified_time":"2023-10-20T12:01:45+00:00","og_image":[{"width":480,"height":640,"url":"https:\/\/www.skagentraad.dk\/wp-content\/uploads\/2021\/03\/U-boejler.jpg","type":"image\/jpeg"}],"twitter_card":"summary_large_image","twitter_misc":{"Estimated reading time":"1 minute"},"schema":{"@context":"https:\/\/schema.org","@graph":[{"@type":"WebPage","@id":"https:\/\/www.skagentraad.dk\/product\/u-boejler\/","url":"https:\/\/www.skagentraad.dk\/product\/u-boejler\/","name":"U-b\u00f8jler - Skagen Tr\u00e5dindustri - Leverand\u00f8r af armeringsst\u00e5l","isPartOf":{"@id":"https:\/\/www.skagentraad.dk\/#website"},"datePublished":"2015-07-09T10:06:51+00:00","dateModified":"2023-10-20T12:01:45+00:00","description":"Skagen Tr\u00e5dindustri kan lave b\u00f8jler efter specifikke tegninger og \u00f8nsker. Blandt andet disse u-b\u00f8jler i glat eller ribbet armeringsst\u00e5l.","breadcrumb":{"@id":"https:\/\/www.skagentraad.dk\/product\/u-boejler\/#breadcrumb"},"inLanguage":"en-GB","potentialAction":[{"@type":"ReadAction","target":["https:\/\/www.skagentraad.dk\/product\/u-boejler\/"]}]},{"@type":"BreadcrumbList","@id":"https:\/\/www.skagentraad.dk\/product\/u-boejler\/#breadcrumb","itemListElement":[{"@type":"ListItem","position":1,"name":"Hjem","item":"https:\/\/www.skagentraad.dk\/"},{"@type":"ListItem","position":2,"name":"Produkter","item":"https:\/\/www.skagentraad.dk\/produkter\/"},{"@type":"ListItem","position":3,"name":"Armeringsst\u00e5l","item":"https:\/\/www.skagentraad.dk\/en\/product-category\/armeringsstaal\/"},{"@type":"ListItem","position":4,"name":"B\u00f8jler","item":"https:\/\/www.skagentraad.dk\/en\/product-category\/armeringsstaal\/boejler\/"},{"@type":"ListItem","position":5,"name":"U-B\u00d8JLER"}]},{"@type":"WebSite","@id":"https:\/\/www.skagentraad.dk\/#website","url":"https:\/\/www.skagentraad.dk\/","name":"Skagen Tr\u00e5dindustri","description":"Supplier of stainless reinforcing steel to the construction industry","publisher":{"@id":"https:\/\/www.skagentraad.dk\/#organization"},"potentialAction":[{"@type":"SearchAction","target":{"@type":"EntryPoint","urlTemplate":"https:\/\/www.skagentraad.dk\/?s={search_term_string}"},"query-input":"required name=search_term_string"}],"inLanguage":"en-GB"},{"@type":"Organization","@id":"https:\/\/www.skagentraad.dk\/#organization","name":"Skagen Tr\u00e5dindustri","url":"https:\/\/www.skagentraad.dk\/","logo":{"@type":"ImageObject","inLanguage":"en-GB","@id":"https:\/\/www.skagentraad.dk\/#\/schema\/logo\/image\/","url":"https:\/\/www.skagentraad.dk\/wp-content\/uploads\/2015\/01\/logo_top.png","contentUrl":"https:\/\/www.skagentraad.dk\/wp-content\/uploads\/2015\/01\/logo_top.png","width":350,"height":108,"caption":"Skagen Tr\u00e5dindustri"},"image":{"@id":"https:\/\/www.skagentraad.dk\/#\/schema\/logo\/image\/"}}]}},"_links":{"self":[{"href":"https:\/\/www.skagentraad.dk\/en\/wp-json\/wp\/v2\/product\/2436"}],"collection":[{"href":"https:\/\/www.skagentraad.dk\/en\/wp-json\/wp\/v2\/product"}],"about":[{"href":"https:\/\/www.skagentraad.dk\/en\/wp-json\/wp\/v2\/types\/product"}],"wp:featuredmedia":[{"embeddable":true,"href":"https:\/\/www.skagentraad.dk\/en\/wp-json\/wp\/v2\/media\/3382"}],"wp:attachment":[{"href":"https:\/\/www.skagentraad.dk\/en\/wp-json\/wp\/v2\/media?parent=2436"}],"wp:term":[{"taxonomy":"product_cat","embeddable":true,"href":"https:\/\/www.skagentraad.dk\/en\/wp-json\/wp\/v2\/product_cat?post=2436"},{"taxonomy":"product_tag","embeddable":true,"href":"https:\/\/www.skagentraad.dk\/en\/wp-json\/wp\/v2\/product_tag?post=2436"}],"curies":[{"name":"wp","href":"https:\/\/api.w.org\/{rel}","templated":true}]}}