{"id":2437,"date":"2015-07-09T10:12:53","date_gmt":"2015-07-09T10:12:53","guid":{"rendered":"http:\/\/www.skagentraad.dk\/?post_type=product&#038;p=2437"},"modified":"2025-04-28T14:49:38","modified_gmt":"2025-04-28T13:49:38","slug":"spaendtraad-for-staaltegl","status":"publish","type":"product","link":"https:\/\/www.skagentraad.dk\/en\/product\/spaendtraad-for-staaltegl\/","title":{"rendered":"ST SP\u00c6NDTR\u00c5D FOR ST\u00c5LTEGL"},"content":{"rendered":"<p><strong><span style=\"text-decoration: underline;\">Materiale &#8211; ST Sp\u00e6ndtr\u00e5d:<\/span><br \/>\n<\/strong>- Stainless steel - EN 1.4301<\/p>\n<p>Vores ST Sp\u00e6ndtr\u00e5d er certificeret efter EN 10088.<\/p>\n<p>ST Sp\u00e6ndtr\u00e5d fra Skagen Tr\u00e5dindustri er klar til indst\u00f8bning uden retning.<\/p>\n<p>ST Sp\u00e6ndtr\u00e5d er tredjepartsoverv\u00e5get af GlobeCert AB.<\/p>\n<p>Specification of stainless ribbed tenision wire:<\/p>\n<ul>\n<li>Dimension: Diam. 5 mm.<\/li>\n<li>Rp0,2%:\u00a0\u00a0\u00a0\u00a0\u00a0\u00a0 &gt;=1020 N\/mm2<\/li>\n<li>Rm\/Rp0,2% &gt;=1,08<\/li>\n<li>Weight of coil: 450-550 kg. pr. coil typically.<\/li>\n<\/ul>\n<span><span><a href=\"https:\/\/www.skagentraad.dk\/en\/\">Home<\/a><\/span><\/span>","protected":false},"excerpt":{"rendered":"[wpseo_breadcrumb]\n<p>ST Sp\u00e6ndtr\u00e5d anvendes til armering af forsp\u00e6ndte tegloverliggere og forsp\u00e6ndte teglbj\u00e6lker.<\/p>\n<p>&nbsp;<\/p>\n<p><strong>\u00a0<\/strong><\/p>\n","protected":false},"featured_media":3009,"template":"","meta":[],"product_cat":[64,107],"product_tag":[],"yoast_head":"<!-- This site is optimized with the Yoast SEO plugin v19.13 - https:\/\/yoast.com\/wordpress\/plugins\/seo\/ -->\n<title>Sp\u00e6ndtr\u00e5d til st\u00e5ltegl - Skagen Tr\u00e5dindustri - +45 70 20 05 07<\/title>\n<meta name=\"description\" content=\"Skagen Tr\u00e5dindustri tilbyder ribbet sp\u00e6ndtr\u00e5d til blandt andet armering af forsp\u00e6ndte tegloverliggere eller forsp\u00e6ndte teglbj\u00e6lker.\" \/>\n<meta name=\"robots\" content=\"index, follow, max-snippet:-1, max-image-preview:large, max-video-preview:-1\" \/>\n<link rel=\"canonical\" href=\"https:\/\/www.skagentraad.dk\/en\/product\/spaendtraad-for-staaltegl\/\" \/>\n<meta property=\"og:locale\" content=\"en_GB\" \/>\n<meta property=\"og:type\" content=\"article\" \/>\n<meta property=\"og:title\" content=\"Sp\u00e6ndtr\u00e5d til st\u00e5ltegl - Skagen Tr\u00e5dindustri - +45 70 20 05 07\" \/>\n<meta property=\"og:description\" content=\"Skagen Tr\u00e5dindustri tilbyder ribbet sp\u00e6ndtr\u00e5d til blandt andet armering af forsp\u00e6ndte tegloverliggere eller forsp\u00e6ndte teglbj\u00e6lker.\" \/>\n<meta property=\"og:url\" content=\"https:\/\/www.skagentraad.dk\/en\/product\/spaendtraad-for-staaltegl\/\" \/>\n<meta property=\"og:site_name\" content=\"Skagen Tr\u00e5dindustri\" \/>\n<meta property=\"article:modified_time\" content=\"2025-04-28T13:49:38+00:00\" \/>\n<meta property=\"og:image\" content=\"https:\/\/www.skagentraad.dk\/wp-content\/uploads\/2021\/02\/spaendtraad_.jpg\" \/>\n\t<meta property=\"og:image:width\" content=\"1024\" \/>\n\t<meta property=\"og:image:height\" content=\"768\" \/>\n\t<meta property=\"og:image:type\" content=\"image\/jpeg\" \/>\n<meta name=\"twitter:card\" content=\"summary_large_image\" \/>\n<meta name=\"twitter:label1\" content=\"Estimated reading time\" \/>\n\t<meta name=\"twitter:data1\" content=\"1 minute\" \/>\n<script type=\"application\/ld+json\" class=\"yoast-schema-graph\">{\"@context\":\"https:\/\/schema.org\",\"@graph\":[{\"@type\":\"WebPage\",\"@id\":\"https:\/\/www.skagentraad.dk\/product\/spaendtraad-for-staaltegl\/\",\"url\":\"https:\/\/www.skagentraad.dk\/product\/spaendtraad-for-staaltegl\/\",\"name\":\"Sp\u00e6ndtr\u00e5d til st\u00e5ltegl - Skagen Tr\u00e5dindustri - +45 70 20 05 07\",\"isPartOf\":{\"@id\":\"https:\/\/www.skagentraad.dk\/#website\"},\"datePublished\":\"2015-07-09T10:12:53+00:00\",\"dateModified\":\"2025-04-28T13:49:38+00:00\",\"description\":\"Skagen Tr\u00e5dindustri tilbyder ribbet sp\u00e6ndtr\u00e5d til blandt andet armering af forsp\u00e6ndte tegloverliggere eller forsp\u00e6ndte teglbj\u00e6lker.\",\"breadcrumb\":{\"@id\":\"https:\/\/www.skagentraad.dk\/product\/spaendtraad-for-staaltegl\/#breadcrumb\"},\"inLanguage\":\"en-GB\",\"potentialAction\":[{\"@type\":\"ReadAction\",\"target\":[\"https:\/\/www.skagentraad.dk\/product\/spaendtraad-for-staaltegl\/\"]}]},{\"@type\":\"BreadcrumbList\",\"@id\":\"https:\/\/www.skagentraad.dk\/product\/spaendtraad-for-staaltegl\/#breadcrumb\",\"itemListElement\":[{\"@type\":\"ListItem\",\"position\":1,\"name\":\"Hjem\",\"item\":\"https:\/\/www.skagentraad.dk\/\"},{\"@type\":\"ListItem\",\"position\":2,\"name\":\"Produkter\",\"item\":\"https:\/\/www.skagentraad.dk\/produkter\/\"},{\"@type\":\"ListItem\",\"position\":3,\"name\":\"Armeringsst\u00e5l\",\"item\":\"https:\/\/www.skagentraad.dk\/en\/product-category\/armeringsstaal\/\"},{\"@type\":\"ListItem\",\"position\":4,\"name\":\"Sp\u00e6ndtr\u00e5d\",\"item\":\"https:\/\/www.skagentraad.dk\/en\/product-category\/armeringsstaal\/spaendtraad\/\"},{\"@type\":\"ListItem\",\"position\":5,\"name\":\"ST SP\u00c6NDTR\u00c5D FOR ST\u00c5LTEGL\"}]},{\"@type\":\"WebSite\",\"@id\":\"https:\/\/www.skagentraad.dk\/#website\",\"url\":\"https:\/\/www.skagentraad.dk\/\",\"name\":\"Skagen Tr\u00e5dindustri\",\"description\":\"Leverand\u00f8r af rustfrit armeringsst\u00e5l til brug for bygge- og anl\u00e6gsbranchen\",\"publisher\":{\"@id\":\"https:\/\/www.skagentraad.dk\/#organization\"},\"potentialAction\":[{\"@type\":\"SearchAction\",\"target\":{\"@type\":\"EntryPoint\",\"urlTemplate\":\"https:\/\/www.skagentraad.dk\/?s={search_term_string}\"},\"query-input\":\"required name=search_term_string\"}],\"inLanguage\":\"en-GB\"},{\"@type\":\"Organization\",\"@id\":\"https:\/\/www.skagentraad.dk\/#organization\",\"name\":\"Skagen Tr\u00e5dindustri\",\"url\":\"https:\/\/www.skagentraad.dk\/\",\"logo\":{\"@type\":\"ImageObject\",\"inLanguage\":\"en-GB\",\"@id\":\"https:\/\/www.skagentraad.dk\/#\/schema\/logo\/image\/\",\"url\":\"https:\/\/www.skagentraad.dk\/wp-content\/uploads\/2015\/01\/logo_top.png\",\"contentUrl\":\"https:\/\/www.skagentraad.dk\/wp-content\/uploads\/2015\/01\/logo_top.png\",\"width\":350,\"height\":108,\"caption\":\"Skagen Tr\u00e5dindustri\"},\"image\":{\"@id\":\"https:\/\/www.skagentraad.dk\/#\/schema\/logo\/image\/\"}}]}<\/script>\n<!-- \/ Yoast SEO plugin. -->","yoast_head_json":{"title":"Sp\u00e6ndtr\u00e5d til st\u00e5ltegl - Skagen Tr\u00e5dindustri - +45 70 20 05 07","description":"Skagen Tr\u00e5dindustri tilbyder ribbet sp\u00e6ndtr\u00e5d til blandt andet armering af forsp\u00e6ndte tegloverliggere eller forsp\u00e6ndte teglbj\u00e6lker.","robots":{"index":"index","follow":"follow","max-snippet":"max-snippet:-1","max-image-preview":"max-image-preview:large","max-video-preview":"max-video-preview:-1"},"canonical":"https:\/\/www.skagentraad.dk\/en\/product\/spaendtraad-for-staaltegl\/","og_locale":"en_GB","og_type":"article","og_title":"Sp\u00e6ndtr\u00e5d til st\u00e5ltegl - Skagen Tr\u00e5dindustri - +45 70 20 05 07","og_description":"Skagen Tr\u00e5dindustri tilbyder ribbet sp\u00e6ndtr\u00e5d til blandt andet armering af forsp\u00e6ndte tegloverliggere eller forsp\u00e6ndte teglbj\u00e6lker.","og_url":"https:\/\/www.skagentraad.dk\/en\/product\/spaendtraad-for-staaltegl\/","og_site_name":"Skagen Tr\u00e5dindustri","article_modified_time":"2025-04-28T13:49:38+00:00","og_image":[{"width":1024,"height":768,"url":"https:\/\/www.skagentraad.dk\/wp-content\/uploads\/2021\/02\/spaendtraad_.jpg","type":"image\/jpeg"}],"twitter_card":"summary_large_image","twitter_misc":{"Estimated reading time":"1 minute"},"schema":{"@context":"https:\/\/schema.org","@graph":[{"@type":"WebPage","@id":"https:\/\/www.skagentraad.dk\/product\/spaendtraad-for-staaltegl\/","url":"https:\/\/www.skagentraad.dk\/product\/spaendtraad-for-staaltegl\/","name":"Sp\u00e6ndtr\u00e5d til st\u00e5ltegl - Skagen Tr\u00e5dindustri - +45 70 20 05 07","isPartOf":{"@id":"https:\/\/www.skagentraad.dk\/#website"},"datePublished":"2015-07-09T10:12:53+00:00","dateModified":"2025-04-28T13:49:38+00:00","description":"Skagen Tr\u00e5dindustri tilbyder ribbet sp\u00e6ndtr\u00e5d til blandt andet armering af forsp\u00e6ndte tegloverliggere eller forsp\u00e6ndte teglbj\u00e6lker.","breadcrumb":{"@id":"https:\/\/www.skagentraad.dk\/product\/spaendtraad-for-staaltegl\/#breadcrumb"},"inLanguage":"en-GB","potentialAction":[{"@type":"ReadAction","target":["https:\/\/www.skagentraad.dk\/product\/spaendtraad-for-staaltegl\/"]}]},{"@type":"BreadcrumbList","@id":"https:\/\/www.skagentraad.dk\/product\/spaendtraad-for-staaltegl\/#breadcrumb","itemListElement":[{"@type":"ListItem","position":1,"name":"Hjem","item":"https:\/\/www.skagentraad.dk\/"},{"@type":"ListItem","position":2,"name":"Produkter","item":"https:\/\/www.skagentraad.dk\/produkter\/"},{"@type":"ListItem","position":3,"name":"Armeringsst\u00e5l","item":"https:\/\/www.skagentraad.dk\/en\/product-category\/armeringsstaal\/"},{"@type":"ListItem","position":4,"name":"Sp\u00e6ndtr\u00e5d","item":"https:\/\/www.skagentraad.dk\/en\/product-category\/armeringsstaal\/spaendtraad\/"},{"@type":"ListItem","position":5,"name":"ST SP\u00c6NDTR\u00c5D FOR ST\u00c5LTEGL"}]},{"@type":"WebSite","@id":"https:\/\/www.skagentraad.dk\/#website","url":"https:\/\/www.skagentraad.dk\/","name":"Skagen Tr\u00e5dindustri","description":"Supplier of stainless reinforcing steel to the construction industry","publisher":{"@id":"https:\/\/www.skagentraad.dk\/#organization"},"potentialAction":[{"@type":"SearchAction","target":{"@type":"EntryPoint","urlTemplate":"https:\/\/www.skagentraad.dk\/?s={search_term_string}"},"query-input":"required name=search_term_string"}],"inLanguage":"en-GB"},{"@type":"Organization","@id":"https:\/\/www.skagentraad.dk\/#organization","name":"Skagen Tr\u00e5dindustri","url":"https:\/\/www.skagentraad.dk\/","logo":{"@type":"ImageObject","inLanguage":"en-GB","@id":"https:\/\/www.skagentraad.dk\/#\/schema\/logo\/image\/","url":"https:\/\/www.skagentraad.dk\/wp-content\/uploads\/2015\/01\/logo_top.png","contentUrl":"https:\/\/www.skagentraad.dk\/wp-content\/uploads\/2015\/01\/logo_top.png","width":350,"height":108,"caption":"Skagen Tr\u00e5dindustri"},"image":{"@id":"https:\/\/www.skagentraad.dk\/#\/schema\/logo\/image\/"}}]}},"_links":{"self":[{"href":"https:\/\/www.skagentraad.dk\/en\/wp-json\/wp\/v2\/product\/2437"}],"collection":[{"href":"https:\/\/www.skagentraad.dk\/en\/wp-json\/wp\/v2\/product"}],"about":[{"href":"https:\/\/www.skagentraad.dk\/en\/wp-json\/wp\/v2\/types\/product"}],"wp:featuredmedia":[{"embeddable":true,"href":"https:\/\/www.skagentraad.dk\/en\/wp-json\/wp\/v2\/media\/3009"}],"wp:attachment":[{"href":"https:\/\/www.skagentraad.dk\/en\/wp-json\/wp\/v2\/media?parent=2437"}],"wp:term":[{"taxonomy":"product_cat","embeddable":true,"href":"https:\/\/www.skagentraad.dk\/en\/wp-json\/wp\/v2\/product_cat?post=2437"},{"taxonomy":"product_tag","embeddable":true,"href":"https:\/\/www.skagentraad.dk\/en\/wp-json\/wp\/v2\/product_tag?post=2437"}],"curies":[{"name":"wp","href":"https:\/\/api.w.org\/{rel}","templated":true}]}}