{"id":2999,"date":"2021-02-05T08:20:16","date_gmt":"2021-02-05T08:20:16","guid":{"rendered":"https:\/\/www.skagentraad.dk\/?post_type=product&#038;p=2999"},"modified":"2023-10-20T12:39:56","modified_gmt":"2023-10-20T11:39:56","slug":"sandwichanker","status":"publish","type":"product","link":"https:\/\/www.skagentraad.dk\/en\/product\/sandwichanker\/","title":{"rendered":"Anchor for sandwich elements"},"content":{"rendered":"<p><span style=\"text-decoration: underline;\"><strong>Material - Anchor for sandwich elements:<\/strong><\/span><br \/>\n- Stainless steel - 1.4301<\/p>\n<p>The anchor for sandwich elements can be produced in desired dimensions. This applies to both the dimension in the thickness of the steel as well as in the height of the anchor.<\/p>\n<p>The sandwich anchor is produced by Skagen Tr\u00e5dindustri.<\/p>\n<span><span><a href=\"https:\/\/www.skagentraad.dk\/en\/\">Home<\/a><\/span><\/span>","protected":false},"excerpt":{"rendered":"[wpseo_breadcrumb]\n<p>Sandwichanker er produceret til pr\u00e6fabrikerede betonelementer.<\/p>\n","protected":false},"featured_media":3358,"template":"","meta":[],"product_cat":[61,63],"product_tag":[86,122,96,123],"yoast_head":"<!-- This site is optimized with the Yoast SEO plugin v19.13 - https:\/\/yoast.com\/wordpress\/plugins\/seo\/ -->\n<title>Sandwichanker - Skagen Tr\u00e5dindustri - Leverand\u00f8r af armeringsst\u00e5l<\/title>\n<meta name=\"description\" content=\"Skagen Tr\u00e5dindustri producerer mange forskellige produkter til betonelementer. Bl.a. dette sandwichanker i ribbet armeringsst\u00e5l.\" \/>\n<meta name=\"robots\" content=\"index, follow, max-snippet:-1, max-image-preview:large, max-video-preview:-1\" \/>\n<link rel=\"canonical\" href=\"https:\/\/www.skagentraad.dk\/en\/product\/sandwichanker\/\" \/>\n<meta property=\"og:locale\" content=\"en_GB\" \/>\n<meta property=\"og:type\" content=\"article\" \/>\n<meta property=\"og:title\" content=\"Sandwichanker - Skagen Tr\u00e5dindustri - Leverand\u00f8r af armeringsst\u00e5l\" \/>\n<meta property=\"og:description\" content=\"Skagen Tr\u00e5dindustri producerer mange forskellige produkter til betonelementer. Bl.a. dette sandwichanker i ribbet armeringsst\u00e5l.\" \/>\n<meta property=\"og:url\" content=\"https:\/\/www.skagentraad.dk\/en\/product\/sandwichanker\/\" \/>\n<meta property=\"og:site_name\" content=\"Skagen Tr\u00e5dindustri\" \/>\n<meta property=\"article:modified_time\" content=\"2023-10-20T11:39:56+00:00\" \/>\n<meta property=\"og:image\" content=\"https:\/\/www.skagentraad.dk\/wp-content\/uploads\/2021\/03\/Sandwichanker-scaled.jpg\" \/>\n\t<meta property=\"og:image:width\" content=\"1962\" \/>\n\t<meta property=\"og:image:height\" content=\"2560\" \/>\n\t<meta property=\"og:image:type\" content=\"image\/jpeg\" \/>\n<meta name=\"twitter:card\" content=\"summary_large_image\" \/>\n<meta name=\"twitter:label1\" content=\"Estimated reading time\" \/>\n\t<meta name=\"twitter:data1\" content=\"1 minute\" \/>\n<script type=\"application\/ld+json\" class=\"yoast-schema-graph\">{\"@context\":\"https:\/\/schema.org\",\"@graph\":[{\"@type\":\"WebPage\",\"@id\":\"https:\/\/www.skagentraad.dk\/product\/sandwichanker\/\",\"url\":\"https:\/\/www.skagentraad.dk\/product\/sandwichanker\/\",\"name\":\"Sandwichanker - Skagen Tr\u00e5dindustri - Leverand\u00f8r af armeringsst\u00e5l\",\"isPartOf\":{\"@id\":\"https:\/\/www.skagentraad.dk\/#website\"},\"datePublished\":\"2021-02-05T08:20:16+00:00\",\"dateModified\":\"2023-10-20T11:39:56+00:00\",\"description\":\"Skagen Tr\u00e5dindustri producerer mange forskellige produkter til betonelementer. Bl.a. dette sandwichanker i ribbet armeringsst\u00e5l.\",\"breadcrumb\":{\"@id\":\"https:\/\/www.skagentraad.dk\/product\/sandwichanker\/#breadcrumb\"},\"inLanguage\":\"en-GB\",\"potentialAction\":[{\"@type\":\"ReadAction\",\"target\":[\"https:\/\/www.skagentraad.dk\/product\/sandwichanker\/\"]}]},{\"@type\":\"BreadcrumbList\",\"@id\":\"https:\/\/www.skagentraad.dk\/product\/sandwichanker\/#breadcrumb\",\"itemListElement\":[{\"@type\":\"ListItem\",\"position\":1,\"name\":\"Hjem\",\"item\":\"https:\/\/www.skagentraad.dk\/\"},{\"@type\":\"ListItem\",\"position\":2,\"name\":\"Produkter\",\"item\":\"https:\/\/www.skagentraad.dk\/produkter\/\"},{\"@type\":\"ListItem\",\"position\":3,\"name\":\"Betonelementer\",\"item\":\"https:\/\/www.skagentraad.dk\/product-category\/betonelementer\/\"},{\"@type\":\"ListItem\",\"position\":4,\"name\":\"Sandwichanker\"}]},{\"@type\":\"WebSite\",\"@id\":\"https:\/\/www.skagentraad.dk\/#website\",\"url\":\"https:\/\/www.skagentraad.dk\/\",\"name\":\"Skagen Tr\u00e5dindustri\",\"description\":\"Leverand\u00f8r af rustfrit armeringsst\u00e5l til brug for bygge- og anl\u00e6gsbranchen\",\"publisher\":{\"@id\":\"https:\/\/www.skagentraad.dk\/#organization\"},\"potentialAction\":[{\"@type\":\"SearchAction\",\"target\":{\"@type\":\"EntryPoint\",\"urlTemplate\":\"https:\/\/www.skagentraad.dk\/?s={search_term_string}\"},\"query-input\":\"required name=search_term_string\"}],\"inLanguage\":\"en-GB\"},{\"@type\":\"Organization\",\"@id\":\"https:\/\/www.skagentraad.dk\/#organization\",\"name\":\"Skagen Tr\u00e5dindustri\",\"url\":\"https:\/\/www.skagentraad.dk\/\",\"logo\":{\"@type\":\"ImageObject\",\"inLanguage\":\"en-GB\",\"@id\":\"https:\/\/www.skagentraad.dk\/#\/schema\/logo\/image\/\",\"url\":\"https:\/\/www.skagentraad.dk\/wp-content\/uploads\/2015\/01\/logo_top.png\",\"contentUrl\":\"https:\/\/www.skagentraad.dk\/wp-content\/uploads\/2015\/01\/logo_top.png\",\"width\":350,\"height\":108,\"caption\":\"Skagen Tr\u00e5dindustri\"},\"image\":{\"@id\":\"https:\/\/www.skagentraad.dk\/#\/schema\/logo\/image\/\"}}]}<\/script>\n<!-- \/ Yoast SEO plugin. -->","yoast_head_json":{"title":"Sandwichanker - Skagen Tr\u00e5dindustri - Leverand\u00f8r af armeringsst\u00e5l","description":"Skagen Tr\u00e5dindustri producerer mange forskellige produkter til betonelementer. Bl.a. dette sandwichanker i ribbet armeringsst\u00e5l.","robots":{"index":"index","follow":"follow","max-snippet":"max-snippet:-1","max-image-preview":"max-image-preview:large","max-video-preview":"max-video-preview:-1"},"canonical":"https:\/\/www.skagentraad.dk\/en\/product\/sandwichanker\/","og_locale":"en_GB","og_type":"article","og_title":"Sandwichanker - Skagen Tr\u00e5dindustri - Leverand\u00f8r af armeringsst\u00e5l","og_description":"Skagen Tr\u00e5dindustri producerer mange forskellige produkter til betonelementer. Bl.a. dette sandwichanker i ribbet armeringsst\u00e5l.","og_url":"https:\/\/www.skagentraad.dk\/en\/product\/sandwichanker\/","og_site_name":"Skagen Tr\u00e5dindustri","article_modified_time":"2023-10-20T11:39:56+00:00","og_image":[{"width":1962,"height":2560,"url":"https:\/\/www.skagentraad.dk\/wp-content\/uploads\/2021\/03\/Sandwichanker-scaled.jpg","type":"image\/jpeg"}],"twitter_card":"summary_large_image","twitter_misc":{"Estimated reading time":"1 minute"},"schema":{"@context":"https:\/\/schema.org","@graph":[{"@type":"WebPage","@id":"https:\/\/www.skagentraad.dk\/product\/sandwichanker\/","url":"https:\/\/www.skagentraad.dk\/product\/sandwichanker\/","name":"Sandwichanker - Skagen Tr\u00e5dindustri - Leverand\u00f8r af armeringsst\u00e5l","isPartOf":{"@id":"https:\/\/www.skagentraad.dk\/#website"},"datePublished":"2021-02-05T08:20:16+00:00","dateModified":"2023-10-20T11:39:56+00:00","description":"Skagen Tr\u00e5dindustri producerer mange forskellige produkter til betonelementer. Bl.a. dette sandwichanker i ribbet armeringsst\u00e5l.","breadcrumb":{"@id":"https:\/\/www.skagentraad.dk\/product\/sandwichanker\/#breadcrumb"},"inLanguage":"en-GB","potentialAction":[{"@type":"ReadAction","target":["https:\/\/www.skagentraad.dk\/product\/sandwichanker\/"]}]},{"@type":"BreadcrumbList","@id":"https:\/\/www.skagentraad.dk\/product\/sandwichanker\/#breadcrumb","itemListElement":[{"@type":"ListItem","position":1,"name":"Hjem","item":"https:\/\/www.skagentraad.dk\/"},{"@type":"ListItem","position":2,"name":"Produkter","item":"https:\/\/www.skagentraad.dk\/produkter\/"},{"@type":"ListItem","position":3,"name":"Betonelementer","item":"https:\/\/www.skagentraad.dk\/product-category\/betonelementer\/"},{"@type":"ListItem","position":4,"name":"Sandwichanker"}]},{"@type":"WebSite","@id":"https:\/\/www.skagentraad.dk\/#website","url":"https:\/\/www.skagentraad.dk\/","name":"Skagen Tr\u00e5dindustri","description":"Supplier of stainless reinforcing steel to the construction industry","publisher":{"@id":"https:\/\/www.skagentraad.dk\/#organization"},"potentialAction":[{"@type":"SearchAction","target":{"@type":"EntryPoint","urlTemplate":"https:\/\/www.skagentraad.dk\/?s={search_term_string}"},"query-input":"required name=search_term_string"}],"inLanguage":"en-GB"},{"@type":"Organization","@id":"https:\/\/www.skagentraad.dk\/#organization","name":"Skagen Tr\u00e5dindustri","url":"https:\/\/www.skagentraad.dk\/","logo":{"@type":"ImageObject","inLanguage":"en-GB","@id":"https:\/\/www.skagentraad.dk\/#\/schema\/logo\/image\/","url":"https:\/\/www.skagentraad.dk\/wp-content\/uploads\/2015\/01\/logo_top.png","contentUrl":"https:\/\/www.skagentraad.dk\/wp-content\/uploads\/2015\/01\/logo_top.png","width":350,"height":108,"caption":"Skagen Tr\u00e5dindustri"},"image":{"@id":"https:\/\/www.skagentraad.dk\/#\/schema\/logo\/image\/"}}]}},"_links":{"self":[{"href":"https:\/\/www.skagentraad.dk\/en\/wp-json\/wp\/v2\/product\/2999"}],"collection":[{"href":"https:\/\/www.skagentraad.dk\/en\/wp-json\/wp\/v2\/product"}],"about":[{"href":"https:\/\/www.skagentraad.dk\/en\/wp-json\/wp\/v2\/types\/product"}],"wp:featuredmedia":[{"embeddable":true,"href":"https:\/\/www.skagentraad.dk\/en\/wp-json\/wp\/v2\/media\/3358"}],"wp:attachment":[{"href":"https:\/\/www.skagentraad.dk\/en\/wp-json\/wp\/v2\/media?parent=2999"}],"wp:term":[{"taxonomy":"product_cat","embeddable":true,"href":"https:\/\/www.skagentraad.dk\/en\/wp-json\/wp\/v2\/product_cat?post=2999"},{"taxonomy":"product_tag","embeddable":true,"href":"https:\/\/www.skagentraad.dk\/en\/wp-json\/wp\/v2\/product_tag?post=2999"}],"curies":[{"name":"wp","href":"https:\/\/api.w.org\/{rel}","templated":true}]}}