{"id":3109,"date":"2021-02-15T11:33:41","date_gmt":"2021-02-15T11:33:41","guid":{"rendered":"https:\/\/www.skagentraad.dk\/?post_type=product&#038;p=3109"},"modified":"2022-10-18T11:58:33","modified_gmt":"2022-10-18T11:58:33","slug":"nakkekrog","status":"publish","type":"product","link":"https:\/\/www.skagentraad.dk\/en\/product\/nakkekrog\/","title":{"rendered":"Roof hook"},"content":{"rendered":"<p><strong><span style=\"text-decoration: underline;\">Material - Roof hook:<\/span><br \/>\n<\/strong>- Stainless steel A2 - EN 1.4301.<\/p>\n<p>Roof hooks are produced by Skagen Tr\u00e5dindustri.<\/p>\n<span><span><a href=\"https:\/\/www.skagentraad.dk\/en\/\">Home<\/a><\/span><\/span>\n<p>&nbsp;<\/p>","protected":false},"excerpt":{"rendered":"[wpseo_breadcrumb]\n<p>Nakkekrog bruges til fasts\u00e6ttelse af de \u00f8verste tagsten, samt tagsten i siden. Nakkekrog kan b\u00e5de monteres ved indskruning samt indslag.<\/p>\n<p>&nbsp;<\/p>\n","protected":false},"featured_media":3111,"template":"","meta":[],"product_cat":[67,68],"product_tag":[121,82,96,120],"yoast_head":"<!-- This site is optimized with the Yoast SEO plugin v19.13 - https:\/\/yoast.com\/wordpress\/plugins\/seo\/ -->\n<title>Nakkekrog - Skagen Tr\u00e5dindustri - Leverand\u00f8r af armeringsst\u00e5l<\/title>\n<meta name=\"description\" content=\"Skagen Tr\u00e5dindustri har et stort udvalg af produkter til taget. Blandt andet producerer vi denne nakkekrog til fasts\u00e6ttelse af tegl.\" \/>\n<meta name=\"robots\" content=\"index, follow, max-snippet:-1, max-image-preview:large, max-video-preview:-1\" \/>\n<link rel=\"canonical\" href=\"https:\/\/www.skagentraad.dk\/en\/product\/nakkekrog\/\" \/>\n<meta property=\"og:locale\" content=\"en_GB\" \/>\n<meta property=\"og:type\" content=\"article\" \/>\n<meta property=\"og:title\" content=\"Nakkekrog - Skagen Tr\u00e5dindustri - Leverand\u00f8r af armeringsst\u00e5l\" \/>\n<meta property=\"og:description\" content=\"Skagen Tr\u00e5dindustri har et stort udvalg af produkter til taget. Blandt andet producerer vi denne nakkekrog til fasts\u00e6ttelse af tegl.\" \/>\n<meta property=\"og:url\" content=\"https:\/\/www.skagentraad.dk\/en\/product\/nakkekrog\/\" \/>\n<meta property=\"og:site_name\" content=\"Skagen Tr\u00e5dindustri\" \/>\n<meta property=\"article:modified_time\" content=\"2022-10-18T11:58:33+00:00\" \/>\n<meta property=\"og:image\" content=\"https:\/\/www.skagentraad.dk\/wp-content\/uploads\/2021\/02\/Nakkekrog.jpg\" \/>\n\t<meta property=\"og:image:width\" content=\"416\" \/>\n\t<meta property=\"og:image:height\" content=\"640\" \/>\n\t<meta property=\"og:image:type\" content=\"image\/jpeg\" \/>\n<meta name=\"twitter:card\" content=\"summary_large_image\" \/>\n<meta name=\"twitter:label1\" content=\"Estimated reading time\" \/>\n\t<meta name=\"twitter:data1\" content=\"1 minute\" \/>\n<script type=\"application\/ld+json\" class=\"yoast-schema-graph\">{\"@context\":\"https:\/\/schema.org\",\"@graph\":[{\"@type\":\"WebPage\",\"@id\":\"https:\/\/www.skagentraad.dk\/product\/nakkekrog\/\",\"url\":\"https:\/\/www.skagentraad.dk\/product\/nakkekrog\/\",\"name\":\"Nakkekrog - Skagen Tr\u00e5dindustri - Leverand\u00f8r af armeringsst\u00e5l\",\"isPartOf\":{\"@id\":\"https:\/\/www.skagentraad.dk\/#website\"},\"datePublished\":\"2021-02-15T11:33:41+00:00\",\"dateModified\":\"2022-10-18T11:58:33+00:00\",\"description\":\"Skagen Tr\u00e5dindustri har et stort udvalg af produkter til taget. Blandt andet producerer vi denne nakkekrog til fasts\u00e6ttelse af tegl.\",\"breadcrumb\":{\"@id\":\"https:\/\/www.skagentraad.dk\/product\/nakkekrog\/#breadcrumb\"},\"inLanguage\":\"en-GB\",\"potentialAction\":[{\"@type\":\"ReadAction\",\"target\":[\"https:\/\/www.skagentraad.dk\/product\/nakkekrog\/\"]}]},{\"@type\":\"BreadcrumbList\",\"@id\":\"https:\/\/www.skagentraad.dk\/product\/nakkekrog\/#breadcrumb\",\"itemListElement\":[{\"@type\":\"ListItem\",\"position\":1,\"name\":\"Hjem\",\"item\":\"https:\/\/www.skagentraad.dk\/\"},{\"@type\":\"ListItem\",\"position\":2,\"name\":\"Produkter\",\"item\":\"https:\/\/www.skagentraad.dk\/produkter\/\"},{\"@type\":\"ListItem\",\"position\":3,\"name\":\"Tag\",\"item\":\"https:\/\/www.skagentraad.dk\/en\/product-category\/tag\/\"},{\"@type\":\"ListItem\",\"position\":4,\"name\":\"Nakkekrog\"}]},{\"@type\":\"WebSite\",\"@id\":\"https:\/\/www.skagentraad.dk\/#website\",\"url\":\"https:\/\/www.skagentraad.dk\/\",\"name\":\"Skagen Tr\u00e5dindustri\",\"description\":\"Leverand\u00f8r af rustfrit armeringsst\u00e5l til brug for bygge- og anl\u00e6gsbranchen\",\"publisher\":{\"@id\":\"https:\/\/www.skagentraad.dk\/#organization\"},\"potentialAction\":[{\"@type\":\"SearchAction\",\"target\":{\"@type\":\"EntryPoint\",\"urlTemplate\":\"https:\/\/www.skagentraad.dk\/?s={search_term_string}\"},\"query-input\":\"required name=search_term_string\"}],\"inLanguage\":\"en-GB\"},{\"@type\":\"Organization\",\"@id\":\"https:\/\/www.skagentraad.dk\/#organization\",\"name\":\"Skagen Tr\u00e5dindustri\",\"url\":\"https:\/\/www.skagentraad.dk\/\",\"logo\":{\"@type\":\"ImageObject\",\"inLanguage\":\"en-GB\",\"@id\":\"https:\/\/www.skagentraad.dk\/#\/schema\/logo\/image\/\",\"url\":\"https:\/\/www.skagentraad.dk\/wp-content\/uploads\/2015\/01\/logo_top.png\",\"contentUrl\":\"https:\/\/www.skagentraad.dk\/wp-content\/uploads\/2015\/01\/logo_top.png\",\"width\":350,\"height\":108,\"caption\":\"Skagen Tr\u00e5dindustri\"},\"image\":{\"@id\":\"https:\/\/www.skagentraad.dk\/#\/schema\/logo\/image\/\"}}]}<\/script>\n<!-- \/ Yoast SEO plugin. -->","yoast_head_json":{"title":"Nakkekrog - Skagen Tr\u00e5dindustri - Leverand\u00f8r af armeringsst\u00e5l","description":"Skagen Tr\u00e5dindustri har et stort udvalg af produkter til taget. Blandt andet producerer vi denne nakkekrog til fasts\u00e6ttelse af tegl.","robots":{"index":"index","follow":"follow","max-snippet":"max-snippet:-1","max-image-preview":"max-image-preview:large","max-video-preview":"max-video-preview:-1"},"canonical":"https:\/\/www.skagentraad.dk\/en\/product\/nakkekrog\/","og_locale":"en_GB","og_type":"article","og_title":"Nakkekrog - Skagen Tr\u00e5dindustri - Leverand\u00f8r af armeringsst\u00e5l","og_description":"Skagen Tr\u00e5dindustri har et stort udvalg af produkter til taget. Blandt andet producerer vi denne nakkekrog til fasts\u00e6ttelse af tegl.","og_url":"https:\/\/www.skagentraad.dk\/en\/product\/nakkekrog\/","og_site_name":"Skagen Tr\u00e5dindustri","article_modified_time":"2022-10-18T11:58:33+00:00","og_image":[{"width":416,"height":640,"url":"https:\/\/www.skagentraad.dk\/wp-content\/uploads\/2021\/02\/Nakkekrog.jpg","type":"image\/jpeg"}],"twitter_card":"summary_large_image","twitter_misc":{"Estimated reading time":"1 minute"},"schema":{"@context":"https:\/\/schema.org","@graph":[{"@type":"WebPage","@id":"https:\/\/www.skagentraad.dk\/product\/nakkekrog\/","url":"https:\/\/www.skagentraad.dk\/product\/nakkekrog\/","name":"Nakkekrog - Skagen Tr\u00e5dindustri - Leverand\u00f8r af armeringsst\u00e5l","isPartOf":{"@id":"https:\/\/www.skagentraad.dk\/#website"},"datePublished":"2021-02-15T11:33:41+00:00","dateModified":"2022-10-18T11:58:33+00:00","description":"Skagen Tr\u00e5dindustri har et stort udvalg af produkter til taget. Blandt andet producerer vi denne nakkekrog til fasts\u00e6ttelse af tegl.","breadcrumb":{"@id":"https:\/\/www.skagentraad.dk\/product\/nakkekrog\/#breadcrumb"},"inLanguage":"en-GB","potentialAction":[{"@type":"ReadAction","target":["https:\/\/www.skagentraad.dk\/product\/nakkekrog\/"]}]},{"@type":"BreadcrumbList","@id":"https:\/\/www.skagentraad.dk\/product\/nakkekrog\/#breadcrumb","itemListElement":[{"@type":"ListItem","position":1,"name":"Hjem","item":"https:\/\/www.skagentraad.dk\/"},{"@type":"ListItem","position":2,"name":"Produkter","item":"https:\/\/www.skagentraad.dk\/produkter\/"},{"@type":"ListItem","position":3,"name":"Tag","item":"https:\/\/www.skagentraad.dk\/en\/product-category\/tag\/"},{"@type":"ListItem","position":4,"name":"Nakkekrog"}]},{"@type":"WebSite","@id":"https:\/\/www.skagentraad.dk\/#website","url":"https:\/\/www.skagentraad.dk\/","name":"Skagen Tr\u00e5dindustri","description":"Supplier of stainless reinforcing steel to the construction industry","publisher":{"@id":"https:\/\/www.skagentraad.dk\/#organization"},"potentialAction":[{"@type":"SearchAction","target":{"@type":"EntryPoint","urlTemplate":"https:\/\/www.skagentraad.dk\/?s={search_term_string}"},"query-input":"required name=search_term_string"}],"inLanguage":"en-GB"},{"@type":"Organization","@id":"https:\/\/www.skagentraad.dk\/#organization","name":"Skagen Tr\u00e5dindustri","url":"https:\/\/www.skagentraad.dk\/","logo":{"@type":"ImageObject","inLanguage":"en-GB","@id":"https:\/\/www.skagentraad.dk\/#\/schema\/logo\/image\/","url":"https:\/\/www.skagentraad.dk\/wp-content\/uploads\/2015\/01\/logo_top.png","contentUrl":"https:\/\/www.skagentraad.dk\/wp-content\/uploads\/2015\/01\/logo_top.png","width":350,"height":108,"caption":"Skagen Tr\u00e5dindustri"},"image":{"@id":"https:\/\/www.skagentraad.dk\/#\/schema\/logo\/image\/"}}]}},"_links":{"self":[{"href":"https:\/\/www.skagentraad.dk\/en\/wp-json\/wp\/v2\/product\/3109"}],"collection":[{"href":"https:\/\/www.skagentraad.dk\/en\/wp-json\/wp\/v2\/product"}],"about":[{"href":"https:\/\/www.skagentraad.dk\/en\/wp-json\/wp\/v2\/types\/product"}],"wp:featuredmedia":[{"embeddable":true,"href":"https:\/\/www.skagentraad.dk\/en\/wp-json\/wp\/v2\/media\/3111"}],"wp:attachment":[{"href":"https:\/\/www.skagentraad.dk\/en\/wp-json\/wp\/v2\/media?parent=3109"}],"wp:term":[{"taxonomy":"product_cat","embeddable":true,"href":"https:\/\/www.skagentraad.dk\/en\/wp-json\/wp\/v2\/product_cat?post=3109"},{"taxonomy":"product_tag","embeddable":true,"href":"https:\/\/www.skagentraad.dk\/en\/wp-json\/wp\/v2\/product_tag?post=3109"}],"curies":[{"name":"wp","href":"https:\/\/api.w.org\/{rel}","templated":true}]}}