{"id":3120,"date":"2021-02-15T12:05:31","date_gmt":"2021-02-15T12:05:31","guid":{"rendered":"https:\/\/www.skagentraad.dk\/?post_type=product&#038;p=3120"},"modified":"2021-04-21T10:10:37","modified_gmt":"2021-04-21T10:10:37","slug":"sidefalsbinder","status":"publish","type":"product","link":"https:\/\/www.skagentraad.dk\/en\/product\/sidefalsbinder\/","title":{"rendered":"Tie for interlocking bricks"},"content":{"rendered":"<p><strong><span style=\"text-decoration: underline;\">Material - Tie for interlocking bricks:<\/span><br \/>\n<\/strong>&#8211; Rustfri st\u00e5l A2 &#8211; EN 1.4301<\/p>\n<p>These are both produced in round and flat stainless steel.<\/p>\n<p>Produced by Skagen Tr\u00e5dindustri<\/p>\n\n<table id=\"tablepress-48\" class=\"tablepress tablepress-id-48\">\n<thead>\n<tr class=\"row-1 odd\">\n\t<th class=\"column-1\">Item no.:<\/th><th class=\"column-2\">Specifications:<\/th><th class=\"column-3\">Dimension:<\/th>\n<\/tr>\n<\/thead>\n<tbody class=\"row-hover\">\n<tr class=\"row-2 even\">\n\t<td class=\"column-1\">22003801<\/td><td class=\"column-2\">TM1<\/td><td class=\"column-3\">38x73 mm.<\/td>\n<\/tr>\n<tr class=\"row-3 odd\">\n\t<td class=\"column-1\">22003802<\/td><td class=\"column-2\">TM2<\/td><td class=\"column-3\">38x73 mm.<\/td>\n<\/tr>\n<tr class=\"row-4 even\">\n\t<td class=\"column-1\">22003803<\/td><td class=\"column-2\">TM3<\/td><td class=\"column-3\">38x73 mm.<\/td>\n<\/tr>\n<tr class=\"row-5 odd\">\n\t<td class=\"column-1\">22003804<\/td><td class=\"column-2\">TM4<\/td><td class=\"column-3\">38x73 mm.<\/td>\n<\/tr>\n<tr class=\"row-6 even\">\n\t<td class=\"column-1\">22003808<\/td><td class=\"column-2\">TM8<\/td><td class=\"column-3\">38x73 mm.<\/td>\n<\/tr>\n<\/tbody>\n<\/table>\n<!-- #tablepress-48 from cache -->\n<span><span><a href=\"https:\/\/www.skagentraad.dk\/en\/\">Home<\/a><\/span><\/span>","protected":false},"excerpt":{"rendered":"[wpseo_breadcrumb]\n<p><strong>Sidefalsbinder til montering af falstagsten.<\/strong><\/p>\n<p>&nbsp;<\/p>\n","protected":false},"featured_media":3115,"template":"","meta":[],"product_cat":[67,69],"product_tag":[121,82,96,120],"yoast_head":"<!-- This site is optimized with the Yoast SEO plugin v19.13 - https:\/\/yoast.com\/wordpress\/plugins\/seo\/ -->\n<title>Sidefalsbinder - Skagen Tr\u00e5dindustri - Leverand\u00f8r af armeringsst\u00e5l<\/title>\n<meta name=\"description\" content=\"Skagen Tr\u00e5dindustri har et stort udvalg af produkter til taget. Blandt andet denne sidefalsbinder i b\u00e5de fladt og rundt rustfrit st\u00e5l.\" \/>\n<meta name=\"robots\" content=\"index, follow, max-snippet:-1, max-image-preview:large, max-video-preview:-1\" \/>\n<link rel=\"canonical\" href=\"https:\/\/www.skagentraad.dk\/en\/product\/sidefalsbinder\/\" \/>\n<meta property=\"og:locale\" content=\"en_GB\" \/>\n<meta property=\"og:type\" content=\"article\" \/>\n<meta property=\"og:title\" content=\"Sidefalsbinder - Skagen Tr\u00e5dindustri - Leverand\u00f8r af armeringsst\u00e5l\" \/>\n<meta property=\"og:description\" content=\"Skagen Tr\u00e5dindustri har et stort udvalg af produkter til taget. Blandt andet denne sidefalsbinder i b\u00e5de fladt og rundt rustfrit st\u00e5l.\" \/>\n<meta property=\"og:url\" content=\"https:\/\/www.skagentraad.dk\/en\/product\/sidefalsbinder\/\" \/>\n<meta property=\"og:site_name\" content=\"Skagen Tr\u00e5dindustri\" \/>\n<meta property=\"article:modified_time\" content=\"2021-04-21T10:10:37+00:00\" \/>\n<meta property=\"og:image\" content=\"https:\/\/www.skagentraad.dk\/wp-content\/uploads\/2021\/02\/Sidefalsginder-rund-scaled.jpg\" \/>\n\t<meta property=\"og:image:width\" content=\"1920\" \/>\n\t<meta property=\"og:image:height\" content=\"2560\" \/>\n\t<meta property=\"og:image:type\" content=\"image\/jpeg\" \/>\n<meta name=\"twitter:card\" content=\"summary_large_image\" \/>\n<meta name=\"twitter:label1\" content=\"Estimated reading time\" \/>\n\t<meta name=\"twitter:data1\" content=\"1 minute\" \/>\n<script type=\"application\/ld+json\" class=\"yoast-schema-graph\">{\"@context\":\"https:\/\/schema.org\",\"@graph\":[{\"@type\":\"WebPage\",\"@id\":\"https:\/\/www.skagentraad.dk\/en\/product\/sidefalsbinder\/\",\"url\":\"https:\/\/www.skagentraad.dk\/en\/product\/sidefalsbinder\/\",\"name\":\"Sidefalsbinder - Skagen Tr\u00e5dindustri - Leverand\u00f8r af armeringsst\u00e5l\",\"isPartOf\":{\"@id\":\"https:\/\/www.skagentraad.dk\/#website\"},\"datePublished\":\"2021-02-15T12:05:31+00:00\",\"dateModified\":\"2021-04-21T10:10:37+00:00\",\"description\":\"Skagen Tr\u00e5dindustri har et stort udvalg af produkter til taget. Blandt andet denne sidefalsbinder i b\u00e5de fladt og rundt rustfrit st\u00e5l.\",\"breadcrumb\":{\"@id\":\"https:\/\/www.skagentraad.dk\/en\/product\/sidefalsbinder\/#breadcrumb\"},\"inLanguage\":\"en-GB\",\"potentialAction\":[{\"@type\":\"ReadAction\",\"target\":[\"https:\/\/www.skagentraad.dk\/en\/product\/sidefalsbinder\/\"]}]},{\"@type\":\"BreadcrumbList\",\"@id\":\"https:\/\/www.skagentraad.dk\/en\/product\/sidefalsbinder\/#breadcrumb\",\"itemListElement\":[{\"@type\":\"ListItem\",\"position\":1,\"name\":\"Hjem\",\"item\":\"https:\/\/www.skagentraad.dk\/\"},{\"@type\":\"ListItem\",\"position\":2,\"name\":\"Produkter\",\"item\":\"https:\/\/www.skagentraad.dk\/produkter\/\"},{\"@type\":\"ListItem\",\"position\":3,\"name\":\"Tag\",\"item\":\"https:\/\/www.skagentraad.dk\/en\/product-category\/tag\/\"},{\"@type\":\"ListItem\",\"position\":4,\"name\":\"Sidefalsbinder\"}]},{\"@type\":\"WebSite\",\"@id\":\"https:\/\/www.skagentraad.dk\/#website\",\"url\":\"https:\/\/www.skagentraad.dk\/\",\"name\":\"Skagen Tr\u00e5dindustri\",\"description\":\"Leverand\u00f8r af rustfrit armeringsst\u00e5l til brug for bygge- og anl\u00e6gsbranchen\",\"publisher\":{\"@id\":\"https:\/\/www.skagentraad.dk\/#organization\"},\"potentialAction\":[{\"@type\":\"SearchAction\",\"target\":{\"@type\":\"EntryPoint\",\"urlTemplate\":\"https:\/\/www.skagentraad.dk\/?s={search_term_string}\"},\"query-input\":\"required name=search_term_string\"}],\"inLanguage\":\"en-GB\"},{\"@type\":\"Organization\",\"@id\":\"https:\/\/www.skagentraad.dk\/#organization\",\"name\":\"Skagen Tr\u00e5dindustri\",\"url\":\"https:\/\/www.skagentraad.dk\/\",\"logo\":{\"@type\":\"ImageObject\",\"inLanguage\":\"en-GB\",\"@id\":\"https:\/\/www.skagentraad.dk\/#\/schema\/logo\/image\/\",\"url\":\"https:\/\/www.skagentraad.dk\/wp-content\/uploads\/2015\/01\/logo_top.png\",\"contentUrl\":\"https:\/\/www.skagentraad.dk\/wp-content\/uploads\/2015\/01\/logo_top.png\",\"width\":350,\"height\":108,\"caption\":\"Skagen Tr\u00e5dindustri\"},\"image\":{\"@id\":\"https:\/\/www.skagentraad.dk\/#\/schema\/logo\/image\/\"}}]}<\/script>\n<!-- \/ Yoast SEO plugin. -->","yoast_head_json":{"title":"Sidefalsbinder - Skagen Tr\u00e5dindustri - Leverand\u00f8r af armeringsst\u00e5l","description":"Skagen Tr\u00e5dindustri har et stort udvalg af produkter til taget. Blandt andet denne sidefalsbinder i b\u00e5de fladt og rundt rustfrit st\u00e5l.","robots":{"index":"index","follow":"follow","max-snippet":"max-snippet:-1","max-image-preview":"max-image-preview:large","max-video-preview":"max-video-preview:-1"},"canonical":"https:\/\/www.skagentraad.dk\/en\/product\/sidefalsbinder\/","og_locale":"en_GB","og_type":"article","og_title":"Sidefalsbinder - Skagen Tr\u00e5dindustri - Leverand\u00f8r af armeringsst\u00e5l","og_description":"Skagen Tr\u00e5dindustri har et stort udvalg af produkter til taget. Blandt andet denne sidefalsbinder i b\u00e5de fladt og rundt rustfrit st\u00e5l.","og_url":"https:\/\/www.skagentraad.dk\/en\/product\/sidefalsbinder\/","og_site_name":"Skagen Tr\u00e5dindustri","article_modified_time":"2021-04-21T10:10:37+00:00","og_image":[{"width":1920,"height":2560,"url":"https:\/\/www.skagentraad.dk\/wp-content\/uploads\/2021\/02\/Sidefalsginder-rund-scaled.jpg","type":"image\/jpeg"}],"twitter_card":"summary_large_image","twitter_misc":{"Estimated reading time":"1 minute"},"schema":{"@context":"https:\/\/schema.org","@graph":[{"@type":"WebPage","@id":"https:\/\/www.skagentraad.dk\/en\/product\/sidefalsbinder\/","url":"https:\/\/www.skagentraad.dk\/en\/product\/sidefalsbinder\/","name":"Sidefalsbinder - Skagen Tr\u00e5dindustri - Leverand\u00f8r af armeringsst\u00e5l","isPartOf":{"@id":"https:\/\/www.skagentraad.dk\/#website"},"datePublished":"2021-02-15T12:05:31+00:00","dateModified":"2021-04-21T10:10:37+00:00","description":"Skagen Tr\u00e5dindustri har et stort udvalg af produkter til taget. Blandt andet denne sidefalsbinder i b\u00e5de fladt og rundt rustfrit st\u00e5l.","breadcrumb":{"@id":"https:\/\/www.skagentraad.dk\/en\/product\/sidefalsbinder\/#breadcrumb"},"inLanguage":"en-GB","potentialAction":[{"@type":"ReadAction","target":["https:\/\/www.skagentraad.dk\/en\/product\/sidefalsbinder\/"]}]},{"@type":"BreadcrumbList","@id":"https:\/\/www.skagentraad.dk\/en\/product\/sidefalsbinder\/#breadcrumb","itemListElement":[{"@type":"ListItem","position":1,"name":"Hjem","item":"https:\/\/www.skagentraad.dk\/"},{"@type":"ListItem","position":2,"name":"Produkter","item":"https:\/\/www.skagentraad.dk\/produkter\/"},{"@type":"ListItem","position":3,"name":"Tag","item":"https:\/\/www.skagentraad.dk\/en\/product-category\/tag\/"},{"@type":"ListItem","position":4,"name":"Sidefalsbinder"}]},{"@type":"WebSite","@id":"https:\/\/www.skagentraad.dk\/#website","url":"https:\/\/www.skagentraad.dk\/","name":"Skagen Tr\u00e5dindustri","description":"Supplier of stainless reinforcing steel to the construction industry","publisher":{"@id":"https:\/\/www.skagentraad.dk\/#organization"},"potentialAction":[{"@type":"SearchAction","target":{"@type":"EntryPoint","urlTemplate":"https:\/\/www.skagentraad.dk\/?s={search_term_string}"},"query-input":"required name=search_term_string"}],"inLanguage":"en-GB"},{"@type":"Organization","@id":"https:\/\/www.skagentraad.dk\/#organization","name":"Skagen Tr\u00e5dindustri","url":"https:\/\/www.skagentraad.dk\/","logo":{"@type":"ImageObject","inLanguage":"en-GB","@id":"https:\/\/www.skagentraad.dk\/#\/schema\/logo\/image\/","url":"https:\/\/www.skagentraad.dk\/wp-content\/uploads\/2015\/01\/logo_top.png","contentUrl":"https:\/\/www.skagentraad.dk\/wp-content\/uploads\/2015\/01\/logo_top.png","width":350,"height":108,"caption":"Skagen Tr\u00e5dindustri"},"image":{"@id":"https:\/\/www.skagentraad.dk\/#\/schema\/logo\/image\/"}}]}},"_links":{"self":[{"href":"https:\/\/www.skagentraad.dk\/en\/wp-json\/wp\/v2\/product\/3120"}],"collection":[{"href":"https:\/\/www.skagentraad.dk\/en\/wp-json\/wp\/v2\/product"}],"about":[{"href":"https:\/\/www.skagentraad.dk\/en\/wp-json\/wp\/v2\/types\/product"}],"wp:featuredmedia":[{"embeddable":true,"href":"https:\/\/www.skagentraad.dk\/en\/wp-json\/wp\/v2\/media\/3115"}],"wp:attachment":[{"href":"https:\/\/www.skagentraad.dk\/en\/wp-json\/wp\/v2\/media?parent=3120"}],"wp:term":[{"taxonomy":"product_cat","embeddable":true,"href":"https:\/\/www.skagentraad.dk\/en\/wp-json\/wp\/v2\/product_cat?post=3120"},{"taxonomy":"product_tag","embeddable":true,"href":"https:\/\/www.skagentraad.dk\/en\/wp-json\/wp\/v2\/product_tag?post=3120"}],"curies":[{"name":"wp","href":"https:\/\/api.w.org\/{rel}","templated":true}]}}