{"id":3387,"date":"2021-03-08T09:44:38","date_gmt":"2021-03-08T09:44:38","guid":{"rendered":"https:\/\/www.skagentraad.dk\/?post_type=product&#038;p=3387"},"modified":"2025-04-28T14:37:50","modified_gmt":"2025-04-28T13:37:50","slug":"haengeboejle","status":"publish","type":"product","link":"https:\/\/www.skagentraad.dk\/en\/product\/haengeboejle\/","title":{"rendered":"ST H\u00e6ngeb\u00f8jle"},"content":{"rendered":"<p><span style=\"text-decoration: underline;\"><strong>Materiale &#8211; ST H\u00e6ngeb\u00f8jle:<\/strong><\/span><strong><br \/>\n<\/strong>- Ribbed reinforcement stainless steel - EN 1.4301<br \/>\n- Duplex steel - EN 1.4362<br \/>\n- Acid-proof steel - EN 1.4401<\/p>\n<p>Certified according to BS 6744<\/p>\n<p>Smooth reinforcement steel is certfified according to EN 10025.<\/p>\n<p>Ribbed reinforcement steel is certified according to EN 10080.<\/p>\n<p>The brackets are produced by Skagen Tr\u00e5dindustri.<\/p>\n\n<table id=\"tablepress-50\" class=\"tablepress tablepress-id-50\">\n<thead>\n<tr class=\"row-1 odd\">\n\t<th class=\"column-1\">Item no.:<\/th><th class=\"column-2\">Diameter:<\/th><th class=\"column-3\">Lengths:<\/th><th class=\"column-4\">V\u00e6gt pr. stk. i kg.<\/th>\n<\/tr>\n<\/thead>\n<tbody class=\"row-hover\">\n<tr class=\"row-2 even\">\n\t<td class=\"column-1\">10607304<\/td><td class=\"column-2\">Diam.: 7,00 mm.<\/td><td class=\"column-3\">300mm.<\/td><td class=\"column-4\">0,43 kg.<\/td>\n<\/tr>\n<tr class=\"row-3 odd\">\n\t<td class=\"column-1\">10607305<\/td><td class=\"column-2\">Diam.: 7,00 mm.<\/td><td class=\"column-3\">350mm. (short)<\/td><td class=\"column-4\">0,39 kg.<\/td>\n<\/tr>\n<tr class=\"row-4 even\">\n\t<td class=\"column-1\">10607306<\/td><td class=\"column-2\">Diam.: 7,00 mm.<\/td><td class=\"column-3\">350mm.<\/td><td class=\"column-4\">0,43 kg.<\/td>\n<\/tr>\n<tr class=\"row-5 odd\">\n\t<td class=\"column-1\">10607307<\/td><td class=\"column-2\">Diam.: 7,00 mm.<\/td><td class=\"column-3\">400mm.<\/td><td class=\"column-4\">0,50 kg.<\/td>\n<\/tr>\n<\/tbody>\n<\/table>\n<!-- #tablepress-50 from cache -->\n<span><span><a href=\"https:\/\/www.skagentraad.dk\/en\/\">Home<\/a><\/span><\/span>","protected":false},"excerpt":{"rendered":"[wpseo_breadcrumb]\n<p>ST H\u00e6ngeb\u00f8jler bukkes efter kundetegning.<\/p>\n<p>ST H\u00e6ngeb\u00f8jler udf\u00f8res i glat og ribbet armeringsst\u00e5l.<\/p>\n<p>&nbsp;<\/p>\n","protected":false},"featured_media":3383,"template":"","meta":[],"product_cat":[61,63,64,106],"product_tag":[],"yoast_head":"<!-- This site is optimized with the Yoast SEO plugin v19.13 - https:\/\/yoast.com\/wordpress\/plugins\/seo\/ -->\n<title>ST H\u00e6ngeb\u00f8jle i armeringsst\u00e5l - Skagen Tr\u00e5dindustri - +45 70 20 05 07<\/title>\n<meta name=\"description\" content=\"Skagen Tr\u00e5dindustri producerer et stort udvalg af b\u00f8jler i diverse former og dimensioner. Bl.a. denne h\u00e6ngeb\u00f8jle i armeringsst\u00e5l.\" \/>\n<meta name=\"robots\" content=\"index, follow, max-snippet:-1, max-image-preview:large, max-video-preview:-1\" \/>\n<link rel=\"canonical\" href=\"https:\/\/www.skagentraad.dk\/en\/product\/haengeboejle\/\" \/>\n<meta property=\"og:locale\" content=\"en_GB\" \/>\n<meta property=\"og:type\" content=\"article\" \/>\n<meta property=\"og:title\" content=\"ST H\u00e6ngeb\u00f8jle i armeringsst\u00e5l - Skagen Tr\u00e5dindustri - +45 70 20 05 07\" \/>\n<meta property=\"og:description\" content=\"Skagen Tr\u00e5dindustri producerer et stort udvalg af b\u00f8jler i diverse former og dimensioner. Bl.a. denne h\u00e6ngeb\u00f8jle i armeringsst\u00e5l.\" \/>\n<meta property=\"og:url\" content=\"https:\/\/www.skagentraad.dk\/en\/product\/haengeboejle\/\" \/>\n<meta property=\"og:site_name\" content=\"Skagen Tr\u00e5dindustri\" \/>\n<meta property=\"article:modified_time\" content=\"2025-04-28T13:37:50+00:00\" \/>\n<meta property=\"og:image\" content=\"https:\/\/www.skagentraad.dk\/wp-content\/uploads\/2021\/03\/daekboejle-scaled.jpg\" \/>\n\t<meta property=\"og:image:width\" content=\"1217\" \/>\n\t<meta property=\"og:image:height\" content=\"2560\" \/>\n\t<meta property=\"og:image:type\" content=\"image\/jpeg\" \/>\n<meta name=\"twitter:card\" content=\"summary_large_image\" \/>\n<meta name=\"twitter:label1\" content=\"Estimated reading time\" \/>\n\t<meta name=\"twitter:data1\" content=\"1 minute\" \/>\n<script type=\"application\/ld+json\" class=\"yoast-schema-graph\">{\"@context\":\"https:\/\/schema.org\",\"@graph\":[{\"@type\":\"WebPage\",\"@id\":\"https:\/\/www.skagentraad.dk\/product\/haengeboejle\/\",\"url\":\"https:\/\/www.skagentraad.dk\/product\/haengeboejle\/\",\"name\":\"ST H\u00e6ngeb\u00f8jle i armeringsst\u00e5l - Skagen Tr\u00e5dindustri - +45 70 20 05 07\",\"isPartOf\":{\"@id\":\"https:\/\/www.skagentraad.dk\/#website\"},\"datePublished\":\"2021-03-08T09:44:38+00:00\",\"dateModified\":\"2025-04-28T13:37:50+00:00\",\"description\":\"Skagen Tr\u00e5dindustri producerer et stort udvalg af b\u00f8jler i diverse former og dimensioner. Bl.a. denne h\u00e6ngeb\u00f8jle i armeringsst\u00e5l.\",\"breadcrumb\":{\"@id\":\"https:\/\/www.skagentraad.dk\/product\/haengeboejle\/#breadcrumb\"},\"inLanguage\":\"en-GB\",\"potentialAction\":[{\"@type\":\"ReadAction\",\"target\":[\"https:\/\/www.skagentraad.dk\/product\/haengeboejle\/\"]}]},{\"@type\":\"BreadcrumbList\",\"@id\":\"https:\/\/www.skagentraad.dk\/product\/haengeboejle\/#breadcrumb\",\"itemListElement\":[{\"@type\":\"ListItem\",\"position\":1,\"name\":\"Hjem\",\"item\":\"https:\/\/www.skagentraad.dk\/\"},{\"@type\":\"ListItem\",\"position\":2,\"name\":\"Produkter\",\"item\":\"https:\/\/www.skagentraad.dk\/produkter\/\"},{\"@type\":\"ListItem\",\"position\":3,\"name\":\"Armeringsst\u00e5l\",\"item\":\"https:\/\/www.skagentraad.dk\/en\/product-category\/armeringsstaal\/\"},{\"@type\":\"ListItem\",\"position\":4,\"name\":\"ST H\u00e6ngeb\u00f8jle\"}]},{\"@type\":\"WebSite\",\"@id\":\"https:\/\/www.skagentraad.dk\/#website\",\"url\":\"https:\/\/www.skagentraad.dk\/\",\"name\":\"Skagen Tr\u00e5dindustri\",\"description\":\"Leverand\u00f8r af rustfrit armeringsst\u00e5l til brug for bygge- og anl\u00e6gsbranchen\",\"publisher\":{\"@id\":\"https:\/\/www.skagentraad.dk\/#organization\"},\"potentialAction\":[{\"@type\":\"SearchAction\",\"target\":{\"@type\":\"EntryPoint\",\"urlTemplate\":\"https:\/\/www.skagentraad.dk\/?s={search_term_string}\"},\"query-input\":\"required name=search_term_string\"}],\"inLanguage\":\"en-GB\"},{\"@type\":\"Organization\",\"@id\":\"https:\/\/www.skagentraad.dk\/#organization\",\"name\":\"Skagen Tr\u00e5dindustri\",\"url\":\"https:\/\/www.skagentraad.dk\/\",\"logo\":{\"@type\":\"ImageObject\",\"inLanguage\":\"en-GB\",\"@id\":\"https:\/\/www.skagentraad.dk\/#\/schema\/logo\/image\/\",\"url\":\"https:\/\/www.skagentraad.dk\/wp-content\/uploads\/2015\/01\/logo_top.png\",\"contentUrl\":\"https:\/\/www.skagentraad.dk\/wp-content\/uploads\/2015\/01\/logo_top.png\",\"width\":350,\"height\":108,\"caption\":\"Skagen Tr\u00e5dindustri\"},\"image\":{\"@id\":\"https:\/\/www.skagentraad.dk\/#\/schema\/logo\/image\/\"}}]}<\/script>\n<!-- \/ Yoast SEO plugin. -->","yoast_head_json":{"title":"ST H\u00e6ngeb\u00f8jle i armeringsst\u00e5l - Skagen Tr\u00e5dindustri - +45 70 20 05 07","description":"Skagen Tr\u00e5dindustri producerer et stort udvalg af b\u00f8jler i diverse former og dimensioner. Bl.a. denne h\u00e6ngeb\u00f8jle i armeringsst\u00e5l.","robots":{"index":"index","follow":"follow","max-snippet":"max-snippet:-1","max-image-preview":"max-image-preview:large","max-video-preview":"max-video-preview:-1"},"canonical":"https:\/\/www.skagentraad.dk\/en\/product\/haengeboejle\/","og_locale":"en_GB","og_type":"article","og_title":"ST H\u00e6ngeb\u00f8jle i armeringsst\u00e5l - Skagen Tr\u00e5dindustri - +45 70 20 05 07","og_description":"Skagen Tr\u00e5dindustri producerer et stort udvalg af b\u00f8jler i diverse former og dimensioner. Bl.a. denne h\u00e6ngeb\u00f8jle i armeringsst\u00e5l.","og_url":"https:\/\/www.skagentraad.dk\/en\/product\/haengeboejle\/","og_site_name":"Skagen Tr\u00e5dindustri","article_modified_time":"2025-04-28T13:37:50+00:00","og_image":[{"width":1217,"height":2560,"url":"https:\/\/www.skagentraad.dk\/wp-content\/uploads\/2021\/03\/daekboejle-scaled.jpg","type":"image\/jpeg"}],"twitter_card":"summary_large_image","twitter_misc":{"Estimated reading time":"1 minute"},"schema":{"@context":"https:\/\/schema.org","@graph":[{"@type":"WebPage","@id":"https:\/\/www.skagentraad.dk\/product\/haengeboejle\/","url":"https:\/\/www.skagentraad.dk\/product\/haengeboejle\/","name":"ST H\u00e6ngeb\u00f8jle i armeringsst\u00e5l - Skagen Tr\u00e5dindustri - +45 70 20 05 07","isPartOf":{"@id":"https:\/\/www.skagentraad.dk\/#website"},"datePublished":"2021-03-08T09:44:38+00:00","dateModified":"2025-04-28T13:37:50+00:00","description":"Skagen Tr\u00e5dindustri producerer et stort udvalg af b\u00f8jler i diverse former og dimensioner. Bl.a. denne h\u00e6ngeb\u00f8jle i armeringsst\u00e5l.","breadcrumb":{"@id":"https:\/\/www.skagentraad.dk\/product\/haengeboejle\/#breadcrumb"},"inLanguage":"en-GB","potentialAction":[{"@type":"ReadAction","target":["https:\/\/www.skagentraad.dk\/product\/haengeboejle\/"]}]},{"@type":"BreadcrumbList","@id":"https:\/\/www.skagentraad.dk\/product\/haengeboejle\/#breadcrumb","itemListElement":[{"@type":"ListItem","position":1,"name":"Hjem","item":"https:\/\/www.skagentraad.dk\/"},{"@type":"ListItem","position":2,"name":"Produkter","item":"https:\/\/www.skagentraad.dk\/produkter\/"},{"@type":"ListItem","position":3,"name":"Armeringsst\u00e5l","item":"https:\/\/www.skagentraad.dk\/en\/product-category\/armeringsstaal\/"},{"@type":"ListItem","position":4,"name":"ST H\u00e6ngeb\u00f8jle"}]},{"@type":"WebSite","@id":"https:\/\/www.skagentraad.dk\/#website","url":"https:\/\/www.skagentraad.dk\/","name":"Skagen Tr\u00e5dindustri","description":"Supplier of stainless reinforcing steel to the construction industry","publisher":{"@id":"https:\/\/www.skagentraad.dk\/#organization"},"potentialAction":[{"@type":"SearchAction","target":{"@type":"EntryPoint","urlTemplate":"https:\/\/www.skagentraad.dk\/?s={search_term_string}"},"query-input":"required name=search_term_string"}],"inLanguage":"en-GB"},{"@type":"Organization","@id":"https:\/\/www.skagentraad.dk\/#organization","name":"Skagen Tr\u00e5dindustri","url":"https:\/\/www.skagentraad.dk\/","logo":{"@type":"ImageObject","inLanguage":"en-GB","@id":"https:\/\/www.skagentraad.dk\/#\/schema\/logo\/image\/","url":"https:\/\/www.skagentraad.dk\/wp-content\/uploads\/2015\/01\/logo_top.png","contentUrl":"https:\/\/www.skagentraad.dk\/wp-content\/uploads\/2015\/01\/logo_top.png","width":350,"height":108,"caption":"Skagen Tr\u00e5dindustri"},"image":{"@id":"https:\/\/www.skagentraad.dk\/#\/schema\/logo\/image\/"}}]}},"_links":{"self":[{"href":"https:\/\/www.skagentraad.dk\/en\/wp-json\/wp\/v2\/product\/3387"}],"collection":[{"href":"https:\/\/www.skagentraad.dk\/en\/wp-json\/wp\/v2\/product"}],"about":[{"href":"https:\/\/www.skagentraad.dk\/en\/wp-json\/wp\/v2\/types\/product"}],"wp:featuredmedia":[{"embeddable":true,"href":"https:\/\/www.skagentraad.dk\/en\/wp-json\/wp\/v2\/media\/3383"}],"wp:attachment":[{"href":"https:\/\/www.skagentraad.dk\/en\/wp-json\/wp\/v2\/media?parent=3387"}],"wp:term":[{"taxonomy":"product_cat","embeddable":true,"href":"https:\/\/www.skagentraad.dk\/en\/wp-json\/wp\/v2\/product_cat?post=3387"},{"taxonomy":"product_tag","embeddable":true,"href":"https:\/\/www.skagentraad.dk\/en\/wp-json\/wp\/v2\/product_tag?post=3387"}],"curies":[{"name":"wp","href":"https:\/\/api.w.org\/{rel}","templated":true}]}}