{"id":3428,"date":"2021-03-11T08:51:59","date_gmt":"2021-03-11T08:51:59","guid":{"rendered":"https:\/\/www.skagentraad.dk\/?post_type=product&#038;p=3428"},"modified":"2025-04-28T14:36:31","modified_gmt":"2025-04-28T13:36:31","slug":"forpladebinder","status":"publish","type":"product","link":"https:\/\/www.skagentraad.dk\/en\/product\/forpladebinder\/","title":{"rendered":"ST Forpladebinder"},"content":{"rendered":"<p><span style=\"text-decoration: underline;\"><strong>Materiale &#8211; ST Forpladebinder:<\/strong><\/span><br \/>\n- Stainless steel - 1.4301<\/p>\n\n<table id=\"tablepress-23\" class=\"tablepress tablepress-id-23\">\n<thead>\n<tr class=\"row-1 odd\">\n\t<th class=\"column-1\">Item number<\/th><th class=\"column-2\">Diameter<\/th><th class=\"column-3\">Dimension<\/th><th class=\"column-4\">Quantity\/package<\/th><th class=\"column-5\">V\u00e6gt pr. stk. i kg.<\/th>\n<\/tr>\n<\/thead>\n<tbody class=\"row-hover\">\n<tr class=\"row-2 even\">\n\t<td class=\"column-1\">10305220<\/td><td class=\"column-2\">Diam. 5,00 mm. <\/td><td class=\"column-3\">200x2000mm.<\/td><td class=\"column-4\">1000<\/td><td class=\"column-5\">0,435 kg.<\/td>\n<\/tr>\n<tr class=\"row-3 odd\">\n\t<td class=\"column-1\">10305230<\/td><td class=\"column-2\">Diam. 5,00 mm.<\/td><td class=\"column-3\">230x2000mm.<\/td><td class=\"column-4\">1000<\/td><td class=\"column-5\">0,445 kg.<\/td>\n<\/tr>\n<tr class=\"row-4 even\">\n\t<td class=\"column-1\">10305250<\/td><td class=\"column-2\">Diam. 5,00 mm. <\/td><td class=\"column-3\">250x2000mm.<\/td><td class=\"column-4\">1000<\/td><td class=\"column-5\">0,450 kg.<\/td>\n<\/tr>\n<tr class=\"row-5 odd\">\n\t<td class=\"column-1\">10305300<\/td><td class=\"column-2\">Diam. 5,00 mm. <\/td><td class=\"column-3\">300x2000mm.<\/td><td class=\"column-4\">1000<\/td><td class=\"column-5\">0,470 kg.<\/td>\n<\/tr>\n<tr class=\"row-6 even\">\n\t<td class=\"column-1\">10305330<\/td><td class=\"column-2\">Diam. 5,00 mm. <\/td><td class=\"column-3\">330x2000mm.<\/td><td class=\"column-4\">1000<\/td><td class=\"column-5\">0,485 kg. <\/td>\n<\/tr>\n<tr class=\"row-7 odd\">\n\t<td class=\"column-1\">10305350<\/td><td class=\"column-2\">Diam. 5,00 mm. <\/td><td class=\"column-3\">350x2000mm.<\/td><td class=\"column-4\">1000<\/td><td class=\"column-5\">0,490 kg.<\/td>\n<\/tr>\n<tr class=\"row-8 even\">\n\t<td class=\"column-1\">10305375<\/td><td class=\"column-2\">Diam. 5,00 mm. <\/td><td class=\"column-3\">375x2000mm.<\/td><td class=\"column-4\">1000<\/td><td class=\"column-5\">0,505 kg.<\/td>\n<\/tr>\n<tr class=\"row-9 odd\">\n\t<td class=\"column-1\">10305380<\/td><td class=\"column-2\">Diam. 5,00 mm. <\/td><td class=\"column-3\">380x2000mm.<\/td><td class=\"column-4\">1000<\/td><td class=\"column-5\">0,506 kg.<\/td>\n<\/tr>\n<tr class=\"row-10 even\">\n\t<td class=\"column-1\">10305400<\/td><td class=\"column-2\">Diam. 5,00 mm. <\/td><td class=\"column-3\">400x2000mm.<\/td><td class=\"column-4\">1000<\/td><td class=\"column-5\">0,510 kg.<\/td>\n<\/tr>\n<tr class=\"row-11 odd\">\n\t<td class=\"column-1\">10305430<\/td><td class=\"column-2\">Diam. 5,00 mm. <\/td><td class=\"column-3\">430x2000mm.<\/td><td class=\"column-4\">1000<\/td><td class=\"column-5\">0,525 kg.<\/td>\n<\/tr>\n<tr class=\"row-12 even\">\n\t<td class=\"column-1\">10305450<\/td><td class=\"column-2\">Diam. 5,00 mm. <\/td><td class=\"column-3\">450x2000mm.<\/td><td class=\"column-4\">1000<\/td><td class=\"column-5\">0,53 kg.<\/td>\n<\/tr>\n<tr class=\"row-13 odd\">\n\t<td class=\"column-1\">10305480<\/td><td class=\"column-2\">Diam. 5,00 mm. <\/td><td class=\"column-3\">480x2000mm.<\/td><td class=\"column-4\">1000<\/td><td class=\"column-5\">0,545 kg.<\/td>\n<\/tr>\n<tr class=\"row-14 even\">\n\t<td class=\"column-1\">10305520<\/td><td class=\"column-2\">Diam. 5,00 mm. <\/td><td class=\"column-3\">520x2000mm.<\/td><td class=\"column-4\">1000<\/td><td class=\"column-5\">0,56 kg.<\/td>\n<\/tr>\n<tr class=\"row-15 odd\">\n\t<td class=\"column-1\">10305550<\/td><td class=\"column-2\">Diam. 5,00 mm. <\/td><td class=\"column-3\">550x2000mm.<\/td><td class=\"column-4\">1000<\/td><td class=\"column-5\">0,575 kg.<\/td>\n<\/tr>\n<\/tbody>\n<\/table>\n<!-- #tablepress-23 from cache -->\n<span><span><a href=\"https:\/\/www.skagentraad.dk\/en\/\">Home<\/a><\/span><\/span>","protected":false},"excerpt":{"rendered":"[wpseo_breadcrumb]\n<p>&nbsp;<\/p>\n","protected":false},"featured_media":3425,"template":"","meta":[],"product_cat":[61,63],"product_tag":[],"yoast_head":"<!-- This site is optimized with the Yoast SEO plugin v19.13 - https:\/\/yoast.com\/wordpress\/plugins\/seo\/ -->\n<title>ST Forpladebinder - Skagen Tr\u00e5dindustri - Leverand\u00f8r af armeringsst\u00e5l<\/title>\n<meta name=\"description\" content=\"Skagen Tr\u00e5dindustri producerer mange produkter til betonelementfabrikker. Heriblandt denne forpladebinder af rustfrit st\u00e5l.\" \/>\n<meta name=\"robots\" content=\"index, follow, max-snippet:-1, max-image-preview:large, max-video-preview:-1\" \/>\n<link rel=\"canonical\" href=\"https:\/\/www.skagentraad.dk\/en\/product\/forpladebinder\/\" \/>\n<meta property=\"og:locale\" content=\"en_GB\" \/>\n<meta property=\"og:type\" content=\"article\" \/>\n<meta property=\"og:title\" content=\"ST Forpladebinder - Skagen Tr\u00e5dindustri - Leverand\u00f8r af armeringsst\u00e5l\" \/>\n<meta property=\"og:description\" content=\"Skagen Tr\u00e5dindustri producerer mange produkter til betonelementfabrikker. Heriblandt denne forpladebinder af rustfrit st\u00e5l.\" \/>\n<meta property=\"og:url\" content=\"https:\/\/www.skagentraad.dk\/en\/product\/forpladebinder\/\" \/>\n<meta property=\"og:site_name\" content=\"Skagen Tr\u00e5dindustri\" \/>\n<meta property=\"article:modified_time\" content=\"2025-04-28T13:36:31+00:00\" \/>\n<meta property=\"og:image\" content=\"https:\/\/www.skagentraad.dk\/wp-content\/uploads\/2021\/03\/forpladebinderen-scaled.jpg\" \/>\n\t<meta property=\"og:image:width\" content=\"1715\" \/>\n\t<meta property=\"og:image:height\" content=\"2560\" \/>\n\t<meta property=\"og:image:type\" content=\"image\/jpeg\" \/>\n<meta name=\"twitter:card\" content=\"summary_large_image\" \/>\n<meta name=\"twitter:label1\" content=\"Estimated reading time\" \/>\n\t<meta name=\"twitter:data1\" content=\"1 minute\" \/>\n<script type=\"application\/ld+json\" class=\"yoast-schema-graph\">{\"@context\":\"https:\/\/schema.org\",\"@graph\":[{\"@type\":\"WebPage\",\"@id\":\"https:\/\/www.skagentraad.dk\/product\/forpladebinder\/\",\"url\":\"https:\/\/www.skagentraad.dk\/product\/forpladebinder\/\",\"name\":\"ST Forpladebinder - Skagen Tr\u00e5dindustri - Leverand\u00f8r af armeringsst\u00e5l\",\"isPartOf\":{\"@id\":\"https:\/\/www.skagentraad.dk\/#website\"},\"datePublished\":\"2021-03-11T08:51:59+00:00\",\"dateModified\":\"2025-04-28T13:36:31+00:00\",\"description\":\"Skagen Tr\u00e5dindustri producerer mange produkter til betonelementfabrikker. Heriblandt denne forpladebinder af rustfrit st\u00e5l.\",\"breadcrumb\":{\"@id\":\"https:\/\/www.skagentraad.dk\/product\/forpladebinder\/#breadcrumb\"},\"inLanguage\":\"en-GB\",\"potentialAction\":[{\"@type\":\"ReadAction\",\"target\":[\"https:\/\/www.skagentraad.dk\/product\/forpladebinder\/\"]}]},{\"@type\":\"BreadcrumbList\",\"@id\":\"https:\/\/www.skagentraad.dk\/product\/forpladebinder\/#breadcrumb\",\"itemListElement\":[{\"@type\":\"ListItem\",\"position\":1,\"name\":\"Hjem\",\"item\":\"https:\/\/www.skagentraad.dk\/\"},{\"@type\":\"ListItem\",\"position\":2,\"name\":\"Produkter\",\"item\":\"https:\/\/www.skagentraad.dk\/produkter\/\"},{\"@type\":\"ListItem\",\"position\":3,\"name\":\"Betonelementer\",\"item\":\"https:\/\/www.skagentraad.dk\/product-category\/betonelementer\/\"},{\"@type\":\"ListItem\",\"position\":4,\"name\":\"ST Forpladebinder\"}]},{\"@type\":\"WebSite\",\"@id\":\"https:\/\/www.skagentraad.dk\/#website\",\"url\":\"https:\/\/www.skagentraad.dk\/\",\"name\":\"Skagen Tr\u00e5dindustri\",\"description\":\"Leverand\u00f8r af rustfrit armeringsst\u00e5l til brug for bygge- og anl\u00e6gsbranchen\",\"publisher\":{\"@id\":\"https:\/\/www.skagentraad.dk\/#organization\"},\"potentialAction\":[{\"@type\":\"SearchAction\",\"target\":{\"@type\":\"EntryPoint\",\"urlTemplate\":\"https:\/\/www.skagentraad.dk\/?s={search_term_string}\"},\"query-input\":\"required name=search_term_string\"}],\"inLanguage\":\"en-GB\"},{\"@type\":\"Organization\",\"@id\":\"https:\/\/www.skagentraad.dk\/#organization\",\"name\":\"Skagen Tr\u00e5dindustri\",\"url\":\"https:\/\/www.skagentraad.dk\/\",\"logo\":{\"@type\":\"ImageObject\",\"inLanguage\":\"en-GB\",\"@id\":\"https:\/\/www.skagentraad.dk\/#\/schema\/logo\/image\/\",\"url\":\"https:\/\/www.skagentraad.dk\/wp-content\/uploads\/2015\/01\/logo_top.png\",\"contentUrl\":\"https:\/\/www.skagentraad.dk\/wp-content\/uploads\/2015\/01\/logo_top.png\",\"width\":350,\"height\":108,\"caption\":\"Skagen Tr\u00e5dindustri\"},\"image\":{\"@id\":\"https:\/\/www.skagentraad.dk\/#\/schema\/logo\/image\/\"}}]}<\/script>\n<!-- \/ Yoast SEO plugin. -->","yoast_head_json":{"title":"ST Forpladebinder - Skagen Tr\u00e5dindustri - Leverand\u00f8r af armeringsst\u00e5l","description":"Skagen Tr\u00e5dindustri producerer mange produkter til betonelementfabrikker. Heriblandt denne forpladebinder af rustfrit st\u00e5l.","robots":{"index":"index","follow":"follow","max-snippet":"max-snippet:-1","max-image-preview":"max-image-preview:large","max-video-preview":"max-video-preview:-1"},"canonical":"https:\/\/www.skagentraad.dk\/en\/product\/forpladebinder\/","og_locale":"en_GB","og_type":"article","og_title":"ST Forpladebinder - Skagen Tr\u00e5dindustri - Leverand\u00f8r af armeringsst\u00e5l","og_description":"Skagen Tr\u00e5dindustri producerer mange produkter til betonelementfabrikker. Heriblandt denne forpladebinder af rustfrit st\u00e5l.","og_url":"https:\/\/www.skagentraad.dk\/en\/product\/forpladebinder\/","og_site_name":"Skagen Tr\u00e5dindustri","article_modified_time":"2025-04-28T13:36:31+00:00","og_image":[{"width":1715,"height":2560,"url":"https:\/\/www.skagentraad.dk\/wp-content\/uploads\/2021\/03\/forpladebinderen-scaled.jpg","type":"image\/jpeg"}],"twitter_card":"summary_large_image","twitter_misc":{"Estimated reading time":"1 minute"},"schema":{"@context":"https:\/\/schema.org","@graph":[{"@type":"WebPage","@id":"https:\/\/www.skagentraad.dk\/product\/forpladebinder\/","url":"https:\/\/www.skagentraad.dk\/product\/forpladebinder\/","name":"ST Forpladebinder - Skagen Tr\u00e5dindustri - Leverand\u00f8r af armeringsst\u00e5l","isPartOf":{"@id":"https:\/\/www.skagentraad.dk\/#website"},"datePublished":"2021-03-11T08:51:59+00:00","dateModified":"2025-04-28T13:36:31+00:00","description":"Skagen Tr\u00e5dindustri producerer mange produkter til betonelementfabrikker. Heriblandt denne forpladebinder af rustfrit st\u00e5l.","breadcrumb":{"@id":"https:\/\/www.skagentraad.dk\/product\/forpladebinder\/#breadcrumb"},"inLanguage":"en-GB","potentialAction":[{"@type":"ReadAction","target":["https:\/\/www.skagentraad.dk\/product\/forpladebinder\/"]}]},{"@type":"BreadcrumbList","@id":"https:\/\/www.skagentraad.dk\/product\/forpladebinder\/#breadcrumb","itemListElement":[{"@type":"ListItem","position":1,"name":"Hjem","item":"https:\/\/www.skagentraad.dk\/"},{"@type":"ListItem","position":2,"name":"Produkter","item":"https:\/\/www.skagentraad.dk\/produkter\/"},{"@type":"ListItem","position":3,"name":"Betonelementer","item":"https:\/\/www.skagentraad.dk\/product-category\/betonelementer\/"},{"@type":"ListItem","position":4,"name":"ST Forpladebinder"}]},{"@type":"WebSite","@id":"https:\/\/www.skagentraad.dk\/#website","url":"https:\/\/www.skagentraad.dk\/","name":"Skagen Tr\u00e5dindustri","description":"Supplier of stainless reinforcing steel to the construction industry","publisher":{"@id":"https:\/\/www.skagentraad.dk\/#organization"},"potentialAction":[{"@type":"SearchAction","target":{"@type":"EntryPoint","urlTemplate":"https:\/\/www.skagentraad.dk\/?s={search_term_string}"},"query-input":"required name=search_term_string"}],"inLanguage":"en-GB"},{"@type":"Organization","@id":"https:\/\/www.skagentraad.dk\/#organization","name":"Skagen Tr\u00e5dindustri","url":"https:\/\/www.skagentraad.dk\/","logo":{"@type":"ImageObject","inLanguage":"en-GB","@id":"https:\/\/www.skagentraad.dk\/#\/schema\/logo\/image\/","url":"https:\/\/www.skagentraad.dk\/wp-content\/uploads\/2015\/01\/logo_top.png","contentUrl":"https:\/\/www.skagentraad.dk\/wp-content\/uploads\/2015\/01\/logo_top.png","width":350,"height":108,"caption":"Skagen Tr\u00e5dindustri"},"image":{"@id":"https:\/\/www.skagentraad.dk\/#\/schema\/logo\/image\/"}}]}},"_links":{"self":[{"href":"https:\/\/www.skagentraad.dk\/en\/wp-json\/wp\/v2\/product\/3428"}],"collection":[{"href":"https:\/\/www.skagentraad.dk\/en\/wp-json\/wp\/v2\/product"}],"about":[{"href":"https:\/\/www.skagentraad.dk\/en\/wp-json\/wp\/v2\/types\/product"}],"wp:featuredmedia":[{"embeddable":true,"href":"https:\/\/www.skagentraad.dk\/en\/wp-json\/wp\/v2\/media\/3425"}],"wp:attachment":[{"href":"https:\/\/www.skagentraad.dk\/en\/wp-json\/wp\/v2\/media?parent=3428"}],"wp:term":[{"taxonomy":"product_cat","embeddable":true,"href":"https:\/\/www.skagentraad.dk\/en\/wp-json\/wp\/v2\/product_cat?post=3428"},{"taxonomy":"product_tag","embeddable":true,"href":"https:\/\/www.skagentraad.dk\/en\/wp-json\/wp\/v2\/product_tag?post=3428"}],"curies":[{"name":"wp","href":"https:\/\/api.w.org\/{rel}","templated":true}]}}