{"id":3443,"date":"2021-03-26T09:50:15","date_gmt":"2021-03-26T09:50:15","guid":{"rendered":"https:\/\/www.skagentraad.dk\/?post_type=product&#038;p=3443"},"modified":"2021-06-14T07:19:17","modified_gmt":"2021-06-14T07:19:17","slug":"staalfiber","status":"publish","type":"product","link":"https:\/\/www.skagentraad.dk\/en\/product\/staalfiber\/","title":{"rendered":"Steel fiber"},"content":{"rendered":"<p>Material - steel fiber<br \/>\n- Stainless steel - 1.4301<br \/>\n- Duplex steel - 1.4362<br \/>\n- Acid-proof steel - 1.4401<\/p>\n<p>Examples of dimensions:<br \/>\n0,2 mm. x 10,0 mm.<br \/>\n0,3 mm. x 12,5 mm.<br \/>\n0,3 mm. x 20,0 mm.<\/p>\n<span><span><a href=\"https:\/\/www.skagentraad.dk\/en\/\">Home<\/a><\/span><\/span>","protected":false},"excerpt":{"rendered":"[wpseo_breadcrumb]\n<p>St\u00e5lfibre til indst\u00f8bning i betonelementer fremfor armeringsnet.<\/p>\n","protected":false},"featured_media":3618,"template":"","meta":[],"product_cat":[61,104],"product_tag":[130],"yoast_head":"<!-- This site is optimized with the Yoast SEO plugin v19.13 - https:\/\/yoast.com\/wordpress\/plugins\/seo\/ -->\n<title>St\u00e5lfiber - Skagen Tr\u00e5dindustri - Leverand\u00f8r af armeringsnet<\/title>\n<meta name=\"description\" content=\"Skagen Tr\u00e5dindustri producerer rustfrit st\u00e5lfiber til betonindustrien. Kontakt os for at h\u00f8re n\u00e6rmere om vores st\u00e5lfiber.\" \/>\n<meta name=\"robots\" content=\"index, follow, max-snippet:-1, max-image-preview:large, max-video-preview:-1\" \/>\n<link rel=\"canonical\" href=\"https:\/\/www.skagentraad.dk\/en\/product\/staalfiber\/\" \/>\n<meta property=\"og:locale\" content=\"en_GB\" \/>\n<meta property=\"og:type\" content=\"article\" \/>\n<meta property=\"og:title\" content=\"St\u00e5lfiber - Skagen Tr\u00e5dindustri - Leverand\u00f8r af armeringsnet\" \/>\n<meta property=\"og:description\" content=\"Skagen Tr\u00e5dindustri producerer rustfrit st\u00e5lfiber til betonindustrien. Kontakt os for at h\u00f8re n\u00e6rmere om vores st\u00e5lfiber.\" \/>\n<meta property=\"og:url\" content=\"https:\/\/www.skagentraad.dk\/en\/product\/staalfiber\/\" \/>\n<meta property=\"og:site_name\" content=\"Skagen Tr\u00e5dindustri\" \/>\n<meta property=\"article:modified_time\" content=\"2021-06-14T07:19:17+00:00\" \/>\n<meta property=\"og:image\" content=\"https:\/\/www.skagentraad.dk\/wp-content\/uploads\/2021\/05\/Staalfibre.jpg\" \/>\n\t<meta property=\"og:image:width\" content=\"640\" \/>\n\t<meta property=\"og:image:height\" content=\"554\" \/>\n\t<meta property=\"og:image:type\" content=\"image\/jpeg\" \/>\n<meta name=\"twitter:card\" content=\"summary_large_image\" \/>\n<meta name=\"twitter:label1\" content=\"Estimated reading time\" \/>\n\t<meta name=\"twitter:data1\" content=\"1 minute\" \/>\n<script type=\"application\/ld+json\" class=\"yoast-schema-graph\">{\"@context\":\"https:\/\/schema.org\",\"@graph\":[{\"@type\":\"WebPage\",\"@id\":\"https:\/\/www.skagentraad.dk\/en\/product\/staalfiber\/\",\"url\":\"https:\/\/www.skagentraad.dk\/en\/product\/staalfiber\/\",\"name\":\"St\u00e5lfiber - Skagen Tr\u00e5dindustri - Leverand\u00f8r af armeringsnet\",\"isPartOf\":{\"@id\":\"https:\/\/www.skagentraad.dk\/#website\"},\"datePublished\":\"2021-03-26T09:50:15+00:00\",\"dateModified\":\"2021-06-14T07:19:17+00:00\",\"description\":\"Skagen Tr\u00e5dindustri producerer rustfrit st\u00e5lfiber til betonindustrien. Kontakt os for at h\u00f8re n\u00e6rmere om vores st\u00e5lfiber.\",\"breadcrumb\":{\"@id\":\"https:\/\/www.skagentraad.dk\/en\/product\/staalfiber\/#breadcrumb\"},\"inLanguage\":\"en-GB\",\"potentialAction\":[{\"@type\":\"ReadAction\",\"target\":[\"https:\/\/www.skagentraad.dk\/en\/product\/staalfiber\/\"]}]},{\"@type\":\"BreadcrumbList\",\"@id\":\"https:\/\/www.skagentraad.dk\/en\/product\/staalfiber\/#breadcrumb\",\"itemListElement\":[{\"@type\":\"ListItem\",\"position\":1,\"name\":\"Hjem\",\"item\":\"https:\/\/www.skagentraad.dk\/\"},{\"@type\":\"ListItem\",\"position\":2,\"name\":\"Produkter\",\"item\":\"https:\/\/www.skagentraad.dk\/produkter\/\"},{\"@type\":\"ListItem\",\"position\":3,\"name\":\"Betonelementer\",\"item\":\"https:\/\/www.skagentraad.dk\/product-category\/betonelementer\/\"},{\"@type\":\"ListItem\",\"position\":4,\"name\":\"St\u00e5lfiber\"}]},{\"@type\":\"WebSite\",\"@id\":\"https:\/\/www.skagentraad.dk\/#website\",\"url\":\"https:\/\/www.skagentraad.dk\/\",\"name\":\"Skagen Tr\u00e5dindustri\",\"description\":\"Leverand\u00f8r af rustfrit armeringsst\u00e5l til brug for bygge- og anl\u00e6gsbranchen\",\"publisher\":{\"@id\":\"https:\/\/www.skagentraad.dk\/#organization\"},\"potentialAction\":[{\"@type\":\"SearchAction\",\"target\":{\"@type\":\"EntryPoint\",\"urlTemplate\":\"https:\/\/www.skagentraad.dk\/?s={search_term_string}\"},\"query-input\":\"required name=search_term_string\"}],\"inLanguage\":\"en-GB\"},{\"@type\":\"Organization\",\"@id\":\"https:\/\/www.skagentraad.dk\/#organization\",\"name\":\"Skagen Tr\u00e5dindustri\",\"url\":\"https:\/\/www.skagentraad.dk\/\",\"logo\":{\"@type\":\"ImageObject\",\"inLanguage\":\"en-GB\",\"@id\":\"https:\/\/www.skagentraad.dk\/#\/schema\/logo\/image\/\",\"url\":\"https:\/\/www.skagentraad.dk\/wp-content\/uploads\/2015\/01\/logo_top.png\",\"contentUrl\":\"https:\/\/www.skagentraad.dk\/wp-content\/uploads\/2015\/01\/logo_top.png\",\"width\":350,\"height\":108,\"caption\":\"Skagen Tr\u00e5dindustri\"},\"image\":{\"@id\":\"https:\/\/www.skagentraad.dk\/#\/schema\/logo\/image\/\"}}]}<\/script>\n<!-- \/ Yoast SEO plugin. -->","yoast_head_json":{"title":"St\u00e5lfiber - Skagen Tr\u00e5dindustri - Leverand\u00f8r af armeringsnet","description":"Skagen Tr\u00e5dindustri producerer rustfrit st\u00e5lfiber til betonindustrien. Kontakt os for at h\u00f8re n\u00e6rmere om vores st\u00e5lfiber.","robots":{"index":"index","follow":"follow","max-snippet":"max-snippet:-1","max-image-preview":"max-image-preview:large","max-video-preview":"max-video-preview:-1"},"canonical":"https:\/\/www.skagentraad.dk\/en\/product\/staalfiber\/","og_locale":"en_GB","og_type":"article","og_title":"St\u00e5lfiber - Skagen Tr\u00e5dindustri - Leverand\u00f8r af armeringsnet","og_description":"Skagen Tr\u00e5dindustri producerer rustfrit st\u00e5lfiber til betonindustrien. Kontakt os for at h\u00f8re n\u00e6rmere om vores st\u00e5lfiber.","og_url":"https:\/\/www.skagentraad.dk\/en\/product\/staalfiber\/","og_site_name":"Skagen Tr\u00e5dindustri","article_modified_time":"2021-06-14T07:19:17+00:00","og_image":[{"width":640,"height":554,"url":"https:\/\/www.skagentraad.dk\/wp-content\/uploads\/2021\/05\/Staalfibre.jpg","type":"image\/jpeg"}],"twitter_card":"summary_large_image","twitter_misc":{"Estimated reading time":"1 minute"},"schema":{"@context":"https:\/\/schema.org","@graph":[{"@type":"WebPage","@id":"https:\/\/www.skagentraad.dk\/en\/product\/staalfiber\/","url":"https:\/\/www.skagentraad.dk\/en\/product\/staalfiber\/","name":"St\u00e5lfiber - Skagen Tr\u00e5dindustri - Leverand\u00f8r af armeringsnet","isPartOf":{"@id":"https:\/\/www.skagentraad.dk\/#website"},"datePublished":"2021-03-26T09:50:15+00:00","dateModified":"2021-06-14T07:19:17+00:00","description":"Skagen Tr\u00e5dindustri producerer rustfrit st\u00e5lfiber til betonindustrien. Kontakt os for at h\u00f8re n\u00e6rmere om vores st\u00e5lfiber.","breadcrumb":{"@id":"https:\/\/www.skagentraad.dk\/en\/product\/staalfiber\/#breadcrumb"},"inLanguage":"en-GB","potentialAction":[{"@type":"ReadAction","target":["https:\/\/www.skagentraad.dk\/en\/product\/staalfiber\/"]}]},{"@type":"BreadcrumbList","@id":"https:\/\/www.skagentraad.dk\/en\/product\/staalfiber\/#breadcrumb","itemListElement":[{"@type":"ListItem","position":1,"name":"Hjem","item":"https:\/\/www.skagentraad.dk\/"},{"@type":"ListItem","position":2,"name":"Produkter","item":"https:\/\/www.skagentraad.dk\/produkter\/"},{"@type":"ListItem","position":3,"name":"Betonelementer","item":"https:\/\/www.skagentraad.dk\/product-category\/betonelementer\/"},{"@type":"ListItem","position":4,"name":"St\u00e5lfiber"}]},{"@type":"WebSite","@id":"https:\/\/www.skagentraad.dk\/#website","url":"https:\/\/www.skagentraad.dk\/","name":"Skagen Tr\u00e5dindustri","description":"Supplier of stainless reinforcing steel to the construction industry","publisher":{"@id":"https:\/\/www.skagentraad.dk\/#organization"},"potentialAction":[{"@type":"SearchAction","target":{"@type":"EntryPoint","urlTemplate":"https:\/\/www.skagentraad.dk\/?s={search_term_string}"},"query-input":"required name=search_term_string"}],"inLanguage":"en-GB"},{"@type":"Organization","@id":"https:\/\/www.skagentraad.dk\/#organization","name":"Skagen Tr\u00e5dindustri","url":"https:\/\/www.skagentraad.dk\/","logo":{"@type":"ImageObject","inLanguage":"en-GB","@id":"https:\/\/www.skagentraad.dk\/#\/schema\/logo\/image\/","url":"https:\/\/www.skagentraad.dk\/wp-content\/uploads\/2015\/01\/logo_top.png","contentUrl":"https:\/\/www.skagentraad.dk\/wp-content\/uploads\/2015\/01\/logo_top.png","width":350,"height":108,"caption":"Skagen Tr\u00e5dindustri"},"image":{"@id":"https:\/\/www.skagentraad.dk\/#\/schema\/logo\/image\/"}}]}},"_links":{"self":[{"href":"https:\/\/www.skagentraad.dk\/en\/wp-json\/wp\/v2\/product\/3443"}],"collection":[{"href":"https:\/\/www.skagentraad.dk\/en\/wp-json\/wp\/v2\/product"}],"about":[{"href":"https:\/\/www.skagentraad.dk\/en\/wp-json\/wp\/v2\/types\/product"}],"wp:featuredmedia":[{"embeddable":true,"href":"https:\/\/www.skagentraad.dk\/en\/wp-json\/wp\/v2\/media\/3618"}],"wp:attachment":[{"href":"https:\/\/www.skagentraad.dk\/en\/wp-json\/wp\/v2\/media?parent=3443"}],"wp:term":[{"taxonomy":"product_cat","embeddable":true,"href":"https:\/\/www.skagentraad.dk\/en\/wp-json\/wp\/v2\/product_cat?post=3443"},{"taxonomy":"product_tag","embeddable":true,"href":"https:\/\/www.skagentraad.dk\/en\/wp-json\/wp\/v2\/product_tag?post=3443"}],"curies":[{"name":"wp","href":"https:\/\/api.w.org\/{rel}","templated":true}]}}