{"id":3784,"date":"2021-08-16T08:46:44","date_gmt":"2021-08-16T07:46:44","guid":{"rendered":"https:\/\/www.skagentraad.dk\/?post_type=product&#038;p=3784"},"modified":"2025-04-28T14:32:49","modified_gmt":"2025-04-28T13:32:49","slug":"selvskaerende-murbinder-med-boelge-til-porebeton","status":"publish","type":"product","link":"https:\/\/www.skagentraad.dk\/en\/product\/selvskaerende-murbinder-med-boelge-til-porebeton\/","title":{"rendered":"ST SELVSK\u00c6RENDE MURBINDER MED B\u00d8LGE TIL POREBETON"},"content":{"rendered":"<p><strong><span style=\"text-decoration: underline;\">Materiale &#8211; ST selvsk\u00e6rende murbinder med b\u00f8lge til porebeton:<\/span><br \/>\n<\/strong>- Stainless steel A2 - EN 1.4301 - SS 142 332<br \/>\n- Acid proof steel A4 - EN 1.4401<\/p>\n<p>Certified according to EN 10088-5<\/p>\n<p><span style=\"text-decoration: underline;\"><strong>Montage &#8211; ST selvsk\u00e6rende murbinder med b\u00f8lge:<\/strong><\/span><br \/>\n&#8211; Vores ST selvsk\u00e6rende murbinder skal monteres i porebeton<\/p>\n<p>Denne ST selvsk\u00e6rende murbinder skal ikke ombukkes, hvorfor l\u00e6ngder skal passe til murv\u00e6rket. Indmures min. 50mm. i skalmur.<\/p>\n<p>ST Selvsk\u00e6rende murbinder produceres af Skagen Tr\u00e5dindustri.<\/p>\n\n<table id=\"tablepress-12\" class=\"tablepress tablepress-id-12\">\n<thead>\n<tr class=\"row-1 odd\">\n\t<th class=\"column-1\">Item number<\/th><th class=\"column-2\">DB-nummer<\/th><th class=\"column-3\">Diameter<\/th><th class=\"column-4\">Lengths<\/th><th class=\"column-5\">Quantity\/package<\/th><th class=\"column-6\">V\u00e6gt pr. stk. i kg.<\/th>\n<\/tr>\n<\/thead>\n<tbody class=\"row-hover\">\n<tr class=\"row-2 even\">\n\t<td class=\"column-1\">15204160<\/td><td class=\"column-2\">2358072<\/td><td class=\"column-3\">4,2 mm.<\/td><td class=\"column-4\">160mm.<\/td><td class=\"column-5\">250<\/td><td class=\"column-6\">0,018 kg.<\/td>\n<\/tr>\n<tr class=\"row-3 odd\">\n\t<td class=\"column-1\">15204180<\/td><td class=\"column-2\">2358075<\/td><td class=\"column-3\">4,2 mm.<\/td><td class=\"column-4\">180mm.<\/td><td class=\"column-5\">250<\/td><td class=\"column-6\">0,02 kg.<\/td>\n<\/tr>\n<tr class=\"row-4 even\">\n\t<td class=\"column-1\">15204210<\/td><td class=\"column-2\">2358076<\/td><td class=\"column-3\">4,2 mm.<\/td><td class=\"column-4\">210mm.<\/td><td class=\"column-5\">250<\/td><td class=\"column-6\">0,023 kg.<\/td>\n<\/tr>\n<tr class=\"row-5 odd\">\n\t<td class=\"column-1\">15204235<\/td><td class=\"column-2\">2353848<\/td><td class=\"column-3\">4,2 mm.<\/td><td class=\"column-4\">235mm.<\/td><td class=\"column-5\">250<\/td><td class=\"column-6\">0,0255 kg.<\/td>\n<\/tr>\n<tr class=\"row-6 even\">\n\t<td class=\"column-1\">15204260<\/td><td class=\"column-2\">2358077<\/td><td class=\"column-3\">4,2 mm.<\/td><td class=\"column-4\">260mm.<\/td><td class=\"column-5\">250<\/td><td class=\"column-6\">0,028 kg.<\/td>\n<\/tr>\n<tr class=\"row-7 odd\">\n\t<td class=\"column-1\">15204285<\/td><td class=\"column-2\">2358079<\/td><td class=\"column-3\">4,2 mm.<\/td><td class=\"column-4\">285mm.<\/td><td class=\"column-5\">250<\/td><td class=\"column-6\">0,0305 kg.<\/td>\n<\/tr>\n<tr class=\"row-8 even\">\n\t<td class=\"column-1\">15204300<\/td><td class=\"column-2\">2358080<\/td><td class=\"column-3\">4,2 mm.<\/td><td class=\"column-4\">300mm.<\/td><td class=\"column-5\">250<\/td><td class=\"column-6\">0,032 kg.<\/td>\n<\/tr>\n<tr class=\"row-9 odd\">\n\t<td class=\"column-1\">15204335<\/td><td class=\"column-2\">2358082<\/td><td class=\"column-3\">4,2 mm.<\/td><td class=\"column-4\">335mm.<\/td><td class=\"column-5\">250<\/td><td class=\"column-6\">0,0355 kg.<\/td>\n<\/tr>\n<tr class=\"row-10 even\">\n\t<td class=\"column-1\">15204360<\/td><td class=\"column-2\">2358084<\/td><td class=\"column-3\">4,2 mm.<\/td><td class=\"column-4\">360mm.<\/td><td class=\"column-5\">250<\/td><td class=\"column-6\">0,038 kg.<\/td>\n<\/tr>\n<tr class=\"row-11 odd\">\n\t<td class=\"column-1\">15204400<\/td><td class=\"column-2\">2358086<\/td><td class=\"column-3\">4,2 mm.<\/td><td class=\"column-4\">400mm.<\/td><td class=\"column-5\">250<\/td><td class=\"column-6\">0,042 kg.<\/td>\n<\/tr>\n<tr class=\"row-12 even\">\n\t<td class=\"column-1\">15204450<\/td><td class=\"column-2\">2358087<\/td><td class=\"column-3\">4,2 mm.<\/td><td class=\"column-4\">450mm.<\/td><td class=\"column-5\">250<\/td><td class=\"column-6\">0,047 kg.<\/td>\n<\/tr>\n<tr class=\"row-13 odd\">\n\t<td class=\"column-1\">15204500<\/td><td class=\"column-2\">2358088<\/td><td class=\"column-3\">4,2 mm.<\/td><td class=\"column-4\">500mm.<\/td><td class=\"column-5\">250<\/td><td class=\"column-6\">0,052 kg.<\/td>\n<\/tr>\n<tr class=\"row-14 even\">\n\t<td class=\"column-1\">15204550<\/td><td class=\"column-2\">2358090<\/td><td class=\"column-3\">4,2 mm.<\/td><td class=\"column-4\">550mm.<\/td><td class=\"column-5\">250<\/td><td class=\"column-6\">0,057 kg.<\/td>\n<\/tr>\n<tr class=\"row-15 odd\">\n\t<td class=\"column-1\">15204600<\/td><td class=\"column-2\">2358091<\/td><td class=\"column-3\">4,2 mm.<\/td><td class=\"column-4\">600mm.<\/td><td class=\"column-5\">250<\/td><td class=\"column-6\">0,062 kg.<\/td>\n<\/tr>\n<tr class=\"row-16 even\">\n\t<td class=\"column-1\"><\/td><td class=\"column-2\"><\/td><td class=\"column-3\"><\/td><td class=\"column-4\"><\/td><td class=\"column-5\"><\/td><td class=\"column-6\"><\/td>\n<\/tr>\n<tr class=\"row-17 odd\">\n\t<td class=\"column-1\">ACCOMPANIMENT<\/td><td class=\"column-2\"><\/td><td class=\"column-3\"><\/td><td class=\"column-4\"><\/td><td class=\"column-5\"><\/td><td class=\"column-6\"><\/td>\n<\/tr>\n<tr class=\"row-18 even\">\n\t<td class=\"column-1\">16209102<\/td><td class=\"column-2\">2353852<\/td><td class=\"column-3\"><\/td><td class=\"column-4\">Drill for self-cutting wall tie with wave<\/td><td class=\"column-5\">1<\/td><td class=\"column-6\"><\/td>\n<\/tr>\n<\/tbody>\n<\/table>\n<!-- #tablepress-12 from cache -->\n<span><span><a href=\"https:\/\/www.skagentraad.dk\/en\/\">Home<\/a><\/span><\/span>","protected":false},"excerpt":{"rendered":"[wpseo_breadcrumb]\n<p>Til indskruning direkte i porebeton.<\/p>\n<p>&nbsp;<\/p>\n<p>&nbsp;<\/p>\n<p>&nbsp;<\/p>\n<p>&nbsp;<\/p>\n<p>&nbsp;<\/p>\n","protected":false},"featured_media":3174,"template":"","meta":[],"product_cat":[128,132],"product_tag":[],"yoast_head":"<!-- This site is optimized with the Yoast SEO plugin v19.13 - https:\/\/yoast.com\/wordpress\/plugins\/seo\/ -->\n<title>Selvsk\u00e6rende murbinder med b\u00f8lge til porebeton - Skagen Tr\u00e5dindustri<\/title>\n<meta name=\"description\" content=\"Skagen Tr\u00e5dindustri producerer vi selv murbindere i h\u00f8jeste st\u00e5lkvalitet. Blandt andet denne selvsk\u00e6rende murbinder med b\u00f8lge til porebeton.\" \/>\n<meta name=\"robots\" content=\"index, follow, max-snippet:-1, max-image-preview:large, max-video-preview:-1\" \/>\n<link rel=\"canonical\" href=\"https:\/\/www.skagentraad.dk\/en\/product\/selvskaerende-murbinder-med-boelge-til-porebeton\/\" \/>\n<meta property=\"og:locale\" content=\"en_GB\" \/>\n<meta property=\"og:type\" content=\"article\" \/>\n<meta property=\"og:title\" content=\"Selvsk\u00e6rende murbinder med b\u00f8lge til porebeton - Skagen Tr\u00e5dindustri\" \/>\n<meta property=\"og:description\" content=\"Skagen Tr\u00e5dindustri producerer vi selv murbindere i h\u00f8jeste st\u00e5lkvalitet. Blandt andet denne selvsk\u00e6rende murbinder med b\u00f8lge til porebeton.\" \/>\n<meta property=\"og:url\" content=\"https:\/\/www.skagentraad.dk\/en\/product\/selvskaerende-murbinder-med-boelge-til-porebeton\/\" \/>\n<meta property=\"og:site_name\" content=\"Skagen Tr\u00e5dindustri\" \/>\n<meta property=\"article:modified_time\" content=\"2025-04-28T13:32:49+00:00\" \/>\n<meta property=\"og:image\" content=\"https:\/\/www.skagentraad.dk\/wp-content\/uploads\/2021\/02\/Selvskaerende-murbinder-med-boelge-1-scaled.jpg\" \/>\n\t<meta property=\"og:image:width\" content=\"2560\" \/>\n\t<meta property=\"og:image:height\" content=\"1920\" \/>\n\t<meta property=\"og:image:type\" content=\"image\/jpeg\" \/>\n<meta name=\"twitter:card\" content=\"summary_large_image\" \/>\n<meta name=\"twitter:label1\" content=\"Estimated reading time\" \/>\n\t<meta name=\"twitter:data1\" content=\"1 minute\" \/>\n<script type=\"application\/ld+json\" class=\"yoast-schema-graph\">{\"@context\":\"https:\/\/schema.org\",\"@graph\":[{\"@type\":\"WebPage\",\"@id\":\"https:\/\/www.skagentraad.dk\/product\/selvskaerende-murbinder-med-boelge-til-porebeton\/\",\"url\":\"https:\/\/www.skagentraad.dk\/product\/selvskaerende-murbinder-med-boelge-til-porebeton\/\",\"name\":\"Selvsk\u00e6rende murbinder med b\u00f8lge til porebeton - Skagen Tr\u00e5dindustri\",\"isPartOf\":{\"@id\":\"https:\/\/www.skagentraad.dk\/#website\"},\"datePublished\":\"2021-08-16T07:46:44+00:00\",\"dateModified\":\"2025-04-28T13:32:49+00:00\",\"description\":\"Skagen Tr\u00e5dindustri producerer vi selv murbindere i h\u00f8jeste st\u00e5lkvalitet. Blandt andet denne selvsk\u00e6rende murbinder med b\u00f8lge til porebeton.\",\"breadcrumb\":{\"@id\":\"https:\/\/www.skagentraad.dk\/product\/selvskaerende-murbinder-med-boelge-til-porebeton\/#breadcrumb\"},\"inLanguage\":\"en-GB\",\"potentialAction\":[{\"@type\":\"ReadAction\",\"target\":[\"https:\/\/www.skagentraad.dk\/product\/selvskaerende-murbinder-med-boelge-til-porebeton\/\"]}]},{\"@type\":\"BreadcrumbList\",\"@id\":\"https:\/\/www.skagentraad.dk\/product\/selvskaerende-murbinder-med-boelge-til-porebeton\/#breadcrumb\",\"itemListElement\":[{\"@type\":\"ListItem\",\"position\":1,\"name\":\"Hjem\",\"item\":\"https:\/\/www.skagentraad.dk\/\"},{\"@type\":\"ListItem\",\"position\":2,\"name\":\"Produkter\",\"item\":\"https:\/\/www.skagentraad.dk\/produkter\/\"},{\"@type\":\"ListItem\",\"position\":3,\"name\":\"Porebeton\",\"item\":\"https:\/\/www.skagentraad.dk\/product-category\/porebeton-produkter\/\"},{\"@type\":\"ListItem\",\"position\":4,\"name\":\"Murbindere til porebeton\",\"item\":\"https:\/\/www.skagentraad.dk\/en\/product-category\/porebeton-produkter\/murbindere-til-porebeton\/\"},{\"@type\":\"ListItem\",\"position\":5,\"name\":\"ST SELVSK\u00c6RENDE MURBINDER MED B\u00d8LGE TIL POREBETON\"}]},{\"@type\":\"WebSite\",\"@id\":\"https:\/\/www.skagentraad.dk\/#website\",\"url\":\"https:\/\/www.skagentraad.dk\/\",\"name\":\"Skagen Tr\u00e5dindustri\",\"description\":\"Leverand\u00f8r af rustfrit armeringsst\u00e5l til brug for bygge- og anl\u00e6gsbranchen\",\"publisher\":{\"@id\":\"https:\/\/www.skagentraad.dk\/#organization\"},\"potentialAction\":[{\"@type\":\"SearchAction\",\"target\":{\"@type\":\"EntryPoint\",\"urlTemplate\":\"https:\/\/www.skagentraad.dk\/?s={search_term_string}\"},\"query-input\":\"required name=search_term_string\"}],\"inLanguage\":\"en-GB\"},{\"@type\":\"Organization\",\"@id\":\"https:\/\/www.skagentraad.dk\/#organization\",\"name\":\"Skagen Tr\u00e5dindustri\",\"url\":\"https:\/\/www.skagentraad.dk\/\",\"logo\":{\"@type\":\"ImageObject\",\"inLanguage\":\"en-GB\",\"@id\":\"https:\/\/www.skagentraad.dk\/#\/schema\/logo\/image\/\",\"url\":\"https:\/\/www.skagentraad.dk\/wp-content\/uploads\/2015\/01\/logo_top.png\",\"contentUrl\":\"https:\/\/www.skagentraad.dk\/wp-content\/uploads\/2015\/01\/logo_top.png\",\"width\":350,\"height\":108,\"caption\":\"Skagen Tr\u00e5dindustri\"},\"image\":{\"@id\":\"https:\/\/www.skagentraad.dk\/#\/schema\/logo\/image\/\"}}]}<\/script>\n<!-- \/ Yoast SEO plugin. -->","yoast_head_json":{"title":"Selvsk\u00e6rende murbinder med b\u00f8lge til porebeton - Skagen Tr\u00e5dindustri","description":"Skagen Tr\u00e5dindustri producerer vi selv murbindere i h\u00f8jeste st\u00e5lkvalitet. Blandt andet denne selvsk\u00e6rende murbinder med b\u00f8lge til porebeton.","robots":{"index":"index","follow":"follow","max-snippet":"max-snippet:-1","max-image-preview":"max-image-preview:large","max-video-preview":"max-video-preview:-1"},"canonical":"https:\/\/www.skagentraad.dk\/en\/product\/selvskaerende-murbinder-med-boelge-til-porebeton\/","og_locale":"en_GB","og_type":"article","og_title":"Selvsk\u00e6rende murbinder med b\u00f8lge til porebeton - Skagen Tr\u00e5dindustri","og_description":"Skagen Tr\u00e5dindustri producerer vi selv murbindere i h\u00f8jeste st\u00e5lkvalitet. Blandt andet denne selvsk\u00e6rende murbinder med b\u00f8lge til porebeton.","og_url":"https:\/\/www.skagentraad.dk\/en\/product\/selvskaerende-murbinder-med-boelge-til-porebeton\/","og_site_name":"Skagen Tr\u00e5dindustri","article_modified_time":"2025-04-28T13:32:49+00:00","og_image":[{"width":2560,"height":1920,"url":"https:\/\/www.skagentraad.dk\/wp-content\/uploads\/2021\/02\/Selvskaerende-murbinder-med-boelge-1-scaled.jpg","type":"image\/jpeg"}],"twitter_card":"summary_large_image","twitter_misc":{"Estimated reading time":"1 minute"},"schema":{"@context":"https:\/\/schema.org","@graph":[{"@type":"WebPage","@id":"https:\/\/www.skagentraad.dk\/product\/selvskaerende-murbinder-med-boelge-til-porebeton\/","url":"https:\/\/www.skagentraad.dk\/product\/selvskaerende-murbinder-med-boelge-til-porebeton\/","name":"Selvsk\u00e6rende murbinder med b\u00f8lge til porebeton - Skagen Tr\u00e5dindustri","isPartOf":{"@id":"https:\/\/www.skagentraad.dk\/#website"},"datePublished":"2021-08-16T07:46:44+00:00","dateModified":"2025-04-28T13:32:49+00:00","description":"Skagen Tr\u00e5dindustri producerer vi selv murbindere i h\u00f8jeste st\u00e5lkvalitet. Blandt andet denne selvsk\u00e6rende murbinder med b\u00f8lge til porebeton.","breadcrumb":{"@id":"https:\/\/www.skagentraad.dk\/product\/selvskaerende-murbinder-med-boelge-til-porebeton\/#breadcrumb"},"inLanguage":"en-GB","potentialAction":[{"@type":"ReadAction","target":["https:\/\/www.skagentraad.dk\/product\/selvskaerende-murbinder-med-boelge-til-porebeton\/"]}]},{"@type":"BreadcrumbList","@id":"https:\/\/www.skagentraad.dk\/product\/selvskaerende-murbinder-med-boelge-til-porebeton\/#breadcrumb","itemListElement":[{"@type":"ListItem","position":1,"name":"Hjem","item":"https:\/\/www.skagentraad.dk\/"},{"@type":"ListItem","position":2,"name":"Produkter","item":"https:\/\/www.skagentraad.dk\/produkter\/"},{"@type":"ListItem","position":3,"name":"Porebeton","item":"https:\/\/www.skagentraad.dk\/product-category\/porebeton-produkter\/"},{"@type":"ListItem","position":4,"name":"Murbindere til porebeton","item":"https:\/\/www.skagentraad.dk\/en\/product-category\/porebeton-produkter\/murbindere-til-porebeton\/"},{"@type":"ListItem","position":5,"name":"ST SELVSK\u00c6RENDE MURBINDER MED B\u00d8LGE TIL POREBETON"}]},{"@type":"WebSite","@id":"https:\/\/www.skagentraad.dk\/#website","url":"https:\/\/www.skagentraad.dk\/","name":"Skagen Tr\u00e5dindustri","description":"Supplier of stainless reinforcing steel to the construction industry","publisher":{"@id":"https:\/\/www.skagentraad.dk\/#organization"},"potentialAction":[{"@type":"SearchAction","target":{"@type":"EntryPoint","urlTemplate":"https:\/\/www.skagentraad.dk\/?s={search_term_string}"},"query-input":"required name=search_term_string"}],"inLanguage":"en-GB"},{"@type":"Organization","@id":"https:\/\/www.skagentraad.dk\/#organization","name":"Skagen Tr\u00e5dindustri","url":"https:\/\/www.skagentraad.dk\/","logo":{"@type":"ImageObject","inLanguage":"en-GB","@id":"https:\/\/www.skagentraad.dk\/#\/schema\/logo\/image\/","url":"https:\/\/www.skagentraad.dk\/wp-content\/uploads\/2015\/01\/logo_top.png","contentUrl":"https:\/\/www.skagentraad.dk\/wp-content\/uploads\/2015\/01\/logo_top.png","width":350,"height":108,"caption":"Skagen Tr\u00e5dindustri"},"image":{"@id":"https:\/\/www.skagentraad.dk\/#\/schema\/logo\/image\/"}}]}},"_links":{"self":[{"href":"https:\/\/www.skagentraad.dk\/en\/wp-json\/wp\/v2\/product\/3784"}],"collection":[{"href":"https:\/\/www.skagentraad.dk\/en\/wp-json\/wp\/v2\/product"}],"about":[{"href":"https:\/\/www.skagentraad.dk\/en\/wp-json\/wp\/v2\/types\/product"}],"wp:featuredmedia":[{"embeddable":true,"href":"https:\/\/www.skagentraad.dk\/en\/wp-json\/wp\/v2\/media\/3174"}],"wp:attachment":[{"href":"https:\/\/www.skagentraad.dk\/en\/wp-json\/wp\/v2\/media?parent=3784"}],"wp:term":[{"taxonomy":"product_cat","embeddable":true,"href":"https:\/\/www.skagentraad.dk\/en\/wp-json\/wp\/v2\/product_cat?post=3784"},{"taxonomy":"product_tag","embeddable":true,"href":"https:\/\/www.skagentraad.dk\/en\/wp-json\/wp\/v2\/product_tag?post=3784"}],"curies":[{"name":"wp","href":"https:\/\/api.w.org\/{rel}","templated":true}]}}