{"id":3790,"date":"2021-09-08T12:14:15","date_gmt":"2021-09-08T12:14:15","guid":{"rendered":"https:\/\/www.skagentraad.dk\/?post_type=product&#038;p=3790"},"modified":"2025-04-28T14:30:04","modified_gmt":"2025-04-28T13:30:04","slug":"ekspansionsmurbinder-med-boelge","status":"publish","type":"product","link":"https:\/\/www.skagentraad.dk\/en\/product\/ekspansionsmurbinder-med-boelge\/","title":{"rendered":"ST Ekspansionsmurbinder med b\u00f8lge"},"content":{"rendered":"<p>Vores ST Ekspansionsmurbinder med b\u00f8lge.<\/p>\n<p>Produceres i forskellige l\u00e6ngder.<\/p>\n<p>Ekspansionsmurbinder produceres af Skagen Tr\u00e5dindustri.<\/p>\n<span><span><a href=\"https:\/\/www.skagentraad.dk\/en\/\">Home<\/a><\/span><\/span>","protected":false},"excerpt":{"rendered":"<p>Vores ST Ekspansionsmurbinder med b\u00f8lge. Produceres i forskellige l\u00e6ngder. Ekspansionsmurbinder produceres af Skagen Tr\u00e5dindustri.<\/p>","protected":false},"featured_media":3792,"template":"","meta":[],"product_cat":[57,59,61,62],"product_tag":[],"yoast_head":"<!-- This site is optimized with the Yoast SEO plugin v19.13 - https:\/\/yoast.com\/wordpress\/plugins\/seo\/ -->\n<title>ST Ekspansionsmurbinder med b\u00f8lge - Skagen Tr\u00e5dindustri<\/title>\n<meta name=\"description\" content=\"Skagen Tr\u00e5dindustri producerer b\u00e5de ekspansionsmurbinder med b\u00f8lge samt uden b\u00f8lge. Kontakt os for at h\u00f8re n\u00e6rmere om dine muligheder.\" \/>\n<meta name=\"robots\" content=\"index, follow, max-snippet:-1, max-image-preview:large, max-video-preview:-1\" \/>\n<link rel=\"canonical\" href=\"https:\/\/www.skagentraad.dk\/en\/product\/ekspansionsmurbinder-med-boelge\/\" \/>\n<meta property=\"og:locale\" content=\"en_GB\" \/>\n<meta property=\"og:type\" content=\"article\" \/>\n<meta property=\"og:title\" content=\"ST Ekspansionsmurbinder med b\u00f8lge - Skagen Tr\u00e5dindustri\" \/>\n<meta property=\"og:description\" content=\"Skagen Tr\u00e5dindustri producerer b\u00e5de ekspansionsmurbinder med b\u00f8lge samt uden b\u00f8lge. Kontakt os for at h\u00f8re n\u00e6rmere om dine muligheder.\" \/>\n<meta property=\"og:url\" content=\"https:\/\/www.skagentraad.dk\/en\/product\/ekspansionsmurbinder-med-boelge\/\" \/>\n<meta property=\"og:site_name\" content=\"Skagen Tr\u00e5dindustri\" \/>\n<meta property=\"article:modified_time\" content=\"2025-04-28T13:30:04+00:00\" \/>\n<meta property=\"og:image\" content=\"https:\/\/www.skagentraad.dk\/wp-content\/uploads\/2021\/09\/ekspansionsbinder-med-boelge-scaled.jpg\" \/>\n\t<meta property=\"og:image:width\" content=\"1920\" \/>\n\t<meta property=\"og:image:height\" content=\"2560\" \/>\n\t<meta property=\"og:image:type\" content=\"image\/jpeg\" \/>\n<meta name=\"twitter:card\" content=\"summary_large_image\" \/>\n<meta name=\"twitter:label1\" content=\"Estimated reading time\" \/>\n\t<meta name=\"twitter:data1\" content=\"1 minute\" \/>\n<script type=\"application\/ld+json\" class=\"yoast-schema-graph\">{\"@context\":\"https:\/\/schema.org\",\"@graph\":[{\"@type\":\"WebPage\",\"@id\":\"https:\/\/www.skagentraad.dk\/product\/ekspansionsmurbinder-med-boelge\/\",\"url\":\"https:\/\/www.skagentraad.dk\/product\/ekspansionsmurbinder-med-boelge\/\",\"name\":\"ST Ekspansionsmurbinder med b\u00f8lge - Skagen Tr\u00e5dindustri\",\"isPartOf\":{\"@id\":\"https:\/\/www.skagentraad.dk\/#website\"},\"datePublished\":\"2021-09-08T12:14:15+00:00\",\"dateModified\":\"2025-04-28T13:30:04+00:00\",\"description\":\"Skagen Tr\u00e5dindustri producerer b\u00e5de ekspansionsmurbinder med b\u00f8lge samt uden b\u00f8lge. Kontakt os for at h\u00f8re n\u00e6rmere om dine muligheder.\",\"breadcrumb\":{\"@id\":\"https:\/\/www.skagentraad.dk\/product\/ekspansionsmurbinder-med-boelge\/#breadcrumb\"},\"inLanguage\":\"en-GB\",\"potentialAction\":[{\"@type\":\"ReadAction\",\"target\":[\"https:\/\/www.skagentraad.dk\/product\/ekspansionsmurbinder-med-boelge\/\"]}]},{\"@type\":\"BreadcrumbList\",\"@id\":\"https:\/\/www.skagentraad.dk\/product\/ekspansionsmurbinder-med-boelge\/#breadcrumb\",\"itemListElement\":[{\"@type\":\"ListItem\",\"position\":1,\"name\":\"Hjem\",\"item\":\"https:\/\/www.skagentraad.dk\/\"},{\"@type\":\"ListItem\",\"position\":2,\"name\":\"Produkter\",\"item\":\"https:\/\/www.skagentraad.dk\/produkter\/\"},{\"@type\":\"ListItem\",\"position\":3,\"name\":\"Mur\",\"item\":\"https:\/\/www.skagentraad.dk\/product-category\/mur\/\"},{\"@type\":\"ListItem\",\"position\":4,\"name\":\"ST Ekspansionsmurbinder med b\u00f8lge\"}]},{\"@type\":\"WebSite\",\"@id\":\"https:\/\/www.skagentraad.dk\/#website\",\"url\":\"https:\/\/www.skagentraad.dk\/\",\"name\":\"Skagen Tr\u00e5dindustri\",\"description\":\"Leverand\u00f8r af rustfrit armeringsst\u00e5l til brug for bygge- og anl\u00e6gsbranchen\",\"publisher\":{\"@id\":\"https:\/\/www.skagentraad.dk\/#organization\"},\"potentialAction\":[{\"@type\":\"SearchAction\",\"target\":{\"@type\":\"EntryPoint\",\"urlTemplate\":\"https:\/\/www.skagentraad.dk\/?s={search_term_string}\"},\"query-input\":\"required name=search_term_string\"}],\"inLanguage\":\"en-GB\"},{\"@type\":\"Organization\",\"@id\":\"https:\/\/www.skagentraad.dk\/#organization\",\"name\":\"Skagen Tr\u00e5dindustri\",\"url\":\"https:\/\/www.skagentraad.dk\/\",\"logo\":{\"@type\":\"ImageObject\",\"inLanguage\":\"en-GB\",\"@id\":\"https:\/\/www.skagentraad.dk\/#\/schema\/logo\/image\/\",\"url\":\"https:\/\/www.skagentraad.dk\/wp-content\/uploads\/2015\/01\/logo_top.png\",\"contentUrl\":\"https:\/\/www.skagentraad.dk\/wp-content\/uploads\/2015\/01\/logo_top.png\",\"width\":350,\"height\":108,\"caption\":\"Skagen Tr\u00e5dindustri\"},\"image\":{\"@id\":\"https:\/\/www.skagentraad.dk\/#\/schema\/logo\/image\/\"}}]}<\/script>\n<!-- \/ Yoast SEO plugin. -->","yoast_head_json":{"title":"ST Ekspansionsmurbinder med b\u00f8lge - Skagen Tr\u00e5dindustri","description":"Skagen Tr\u00e5dindustri producerer b\u00e5de ekspansionsmurbinder med b\u00f8lge samt uden b\u00f8lge. Kontakt os for at h\u00f8re n\u00e6rmere om dine muligheder.","robots":{"index":"index","follow":"follow","max-snippet":"max-snippet:-1","max-image-preview":"max-image-preview:large","max-video-preview":"max-video-preview:-1"},"canonical":"https:\/\/www.skagentraad.dk\/en\/product\/ekspansionsmurbinder-med-boelge\/","og_locale":"en_GB","og_type":"article","og_title":"ST Ekspansionsmurbinder med b\u00f8lge - Skagen Tr\u00e5dindustri","og_description":"Skagen Tr\u00e5dindustri producerer b\u00e5de ekspansionsmurbinder med b\u00f8lge samt uden b\u00f8lge. Kontakt os for at h\u00f8re n\u00e6rmere om dine muligheder.","og_url":"https:\/\/www.skagentraad.dk\/en\/product\/ekspansionsmurbinder-med-boelge\/","og_site_name":"Skagen Tr\u00e5dindustri","article_modified_time":"2025-04-28T13:30:04+00:00","og_image":[{"width":1920,"height":2560,"url":"https:\/\/www.skagentraad.dk\/wp-content\/uploads\/2021\/09\/ekspansionsbinder-med-boelge-scaled.jpg","type":"image\/jpeg"}],"twitter_card":"summary_large_image","twitter_misc":{"Estimated reading time":"1 minute"},"schema":{"@context":"https:\/\/schema.org","@graph":[{"@type":"WebPage","@id":"https:\/\/www.skagentraad.dk\/product\/ekspansionsmurbinder-med-boelge\/","url":"https:\/\/www.skagentraad.dk\/product\/ekspansionsmurbinder-med-boelge\/","name":"ST Ekspansionsmurbinder med b\u00f8lge - Skagen Tr\u00e5dindustri","isPartOf":{"@id":"https:\/\/www.skagentraad.dk\/#website"},"datePublished":"2021-09-08T12:14:15+00:00","dateModified":"2025-04-28T13:30:04+00:00","description":"Skagen Tr\u00e5dindustri producerer b\u00e5de ekspansionsmurbinder med b\u00f8lge samt uden b\u00f8lge. Kontakt os for at h\u00f8re n\u00e6rmere om dine muligheder.","breadcrumb":{"@id":"https:\/\/www.skagentraad.dk\/product\/ekspansionsmurbinder-med-boelge\/#breadcrumb"},"inLanguage":"en-GB","potentialAction":[{"@type":"ReadAction","target":["https:\/\/www.skagentraad.dk\/product\/ekspansionsmurbinder-med-boelge\/"]}]},{"@type":"BreadcrumbList","@id":"https:\/\/www.skagentraad.dk\/product\/ekspansionsmurbinder-med-boelge\/#breadcrumb","itemListElement":[{"@type":"ListItem","position":1,"name":"Hjem","item":"https:\/\/www.skagentraad.dk\/"},{"@type":"ListItem","position":2,"name":"Produkter","item":"https:\/\/www.skagentraad.dk\/produkter\/"},{"@type":"ListItem","position":3,"name":"Mur","item":"https:\/\/www.skagentraad.dk\/product-category\/mur\/"},{"@type":"ListItem","position":4,"name":"ST Ekspansionsmurbinder med b\u00f8lge"}]},{"@type":"WebSite","@id":"https:\/\/www.skagentraad.dk\/#website","url":"https:\/\/www.skagentraad.dk\/","name":"Skagen Tr\u00e5dindustri","description":"Supplier of stainless reinforcing steel to the construction industry","publisher":{"@id":"https:\/\/www.skagentraad.dk\/#organization"},"potentialAction":[{"@type":"SearchAction","target":{"@type":"EntryPoint","urlTemplate":"https:\/\/www.skagentraad.dk\/?s={search_term_string}"},"query-input":"required name=search_term_string"}],"inLanguage":"en-GB"},{"@type":"Organization","@id":"https:\/\/www.skagentraad.dk\/#organization","name":"Skagen Tr\u00e5dindustri","url":"https:\/\/www.skagentraad.dk\/","logo":{"@type":"ImageObject","inLanguage":"en-GB","@id":"https:\/\/www.skagentraad.dk\/#\/schema\/logo\/image\/","url":"https:\/\/www.skagentraad.dk\/wp-content\/uploads\/2015\/01\/logo_top.png","contentUrl":"https:\/\/www.skagentraad.dk\/wp-content\/uploads\/2015\/01\/logo_top.png","width":350,"height":108,"caption":"Skagen Tr\u00e5dindustri"},"image":{"@id":"https:\/\/www.skagentraad.dk\/#\/schema\/logo\/image\/"}}]}},"_links":{"self":[{"href":"https:\/\/www.skagentraad.dk\/en\/wp-json\/wp\/v2\/product\/3790"}],"collection":[{"href":"https:\/\/www.skagentraad.dk\/en\/wp-json\/wp\/v2\/product"}],"about":[{"href":"https:\/\/www.skagentraad.dk\/en\/wp-json\/wp\/v2\/types\/product"}],"wp:featuredmedia":[{"embeddable":true,"href":"https:\/\/www.skagentraad.dk\/en\/wp-json\/wp\/v2\/media\/3792"}],"wp:attachment":[{"href":"https:\/\/www.skagentraad.dk\/en\/wp-json\/wp\/v2\/media?parent=3790"}],"wp:term":[{"taxonomy":"product_cat","embeddable":true,"href":"https:\/\/www.skagentraad.dk\/en\/wp-json\/wp\/v2\/product_cat?post=3790"},{"taxonomy":"product_tag","embeddable":true,"href":"https:\/\/www.skagentraad.dk\/en\/wp-json\/wp\/v2\/product_tag?post=3790"}],"curies":[{"name":"wp","href":"https:\/\/api.w.org\/{rel}","templated":true}]}}