{"id":3794,"date":"2021-09-17T08:17:52","date_gmt":"2021-09-17T08:17:52","guid":{"rendered":"https:\/\/www.skagentraad.dk\/?post_type=product&#038;p=3794"},"modified":"2023-01-27T13:01:09","modified_gmt":"2023-01-27T12:01:09","slug":"dryfix-renoveringsbinder","status":"publish","type":"product","link":"https:\/\/www.skagentraad.dk\/en\/product\/dryfix-renoveringsbinder\/","title":{"rendered":"DryFix renoveringsmurbinder"},"content":{"rendered":"<h1><strong>DryFix renoveringsbinder:<\/strong><\/h1>\n<p>Kvalitet: Rustfrit st\u00e5l &#8211; 1.4301<\/p>\n<p>Dimensioner: \u00d88mm.<\/p>\n\n<table id=\"tablepress-56\" class=\"tablepress tablepress-id-56\">\n<thead>\n<tr class=\"row-1 odd\">\n\t<th class=\"column-1\">Item no.:<\/th><th class=\"column-2\">Diameter:<\/th><th class=\"column-3\">L\u00e6ngde:<\/th>\n<\/tr>\n<\/thead>\n<tbody class=\"row-hover\">\n<tr class=\"row-2 even\">\n\t<td class=\"column-1\">14108155<\/td><td class=\"column-2\">Diam.: 8,00 mm.<\/td><td class=\"column-3\">155mm.<\/td>\n<\/tr>\n<tr class=\"row-3 odd\">\n\t<td class=\"column-1\">14108170<\/td><td class=\"column-2\">Diam.: 8,00 mm.<\/td><td class=\"column-3\">170mm.<\/td>\n<\/tr>\n<tr class=\"row-4 even\">\n\t<td class=\"column-1\">14108195<\/td><td class=\"column-2\">Diam.: 8,00 mm.<\/td><td class=\"column-3\">195mm.<\/td>\n<\/tr>\n<tr class=\"row-5 odd\">\n\t<td class=\"column-1\">14108210<\/td><td class=\"column-2\">Diam.: 8,00 mm.<\/td><td class=\"column-3\">210mm.<\/td>\n<\/tr>\n<tr class=\"row-6 even\">\n\t<td class=\"column-1\">14108220<\/td><td class=\"column-2\">Diam.: 8,00 mm.<\/td><td class=\"column-3\">220mm.<\/td>\n<\/tr>\n<tr class=\"row-7 odd\">\n\t<td class=\"column-1\">14108240<\/td><td class=\"column-2\">Diam.: 8,00 mm.<\/td><td class=\"column-3\">240mm.<\/td>\n<\/tr>\n<tr class=\"row-8 even\">\n\t<td class=\"column-1\">14108245<\/td><td class=\"column-2\">Diam.: 8,00 mm.<\/td><td class=\"column-3\">245mm.<\/td>\n<\/tr>\n<tr class=\"row-9 odd\">\n\t<td class=\"column-1\">14108260<\/td><td class=\"column-2\">Diam.: 8,00 mm.<\/td><td class=\"column-3\">260mm.<\/td>\n<\/tr>\n<tr class=\"row-10 even\">\n\t<td class=\"column-1\">14108270<\/td><td class=\"column-2\">Diam.: 8,00 mm.<\/td><td class=\"column-3\">270mm.<\/td>\n<\/tr>\n<tr class=\"row-11 odd\">\n\t<td class=\"column-1\">14108280<\/td><td class=\"column-2\">Diam.: 8,00 mm.<\/td><td class=\"column-3\">280mm.<\/td>\n<\/tr>\n<tr class=\"row-12 even\">\n\t<td class=\"column-1\">14108295<\/td><td class=\"column-2\">Diam.: 8,00 mm.<\/td><td class=\"column-3\">295mm.<\/td>\n<\/tr>\n<tr class=\"row-13 odd\">\n\t<td class=\"column-1\">14108300<\/td><td class=\"column-2\">Diam.: 8,00 mm.<\/td><td class=\"column-3\">300mm.<\/td>\n<\/tr>\n<tr class=\"row-14 even\">\n\t<td class=\"column-1\">14108310<\/td><td class=\"column-2\">Diam.: 8,00 mm.<\/td><td class=\"column-3\">310mm.<\/td>\n<\/tr>\n<tr class=\"row-15 odd\">\n\t<td class=\"column-1\">14108330<\/td><td class=\"column-2\">Diam.: 8,00 mm.<\/td><td class=\"column-3\">330mm.<\/td>\n<\/tr>\n<tr class=\"row-16 even\">\n\t<td class=\"column-1\">14108350<\/td><td class=\"column-2\">Diam.: 8,00 mm.<\/td><td class=\"column-3\">350mm.<\/td>\n<\/tr>\n<\/tbody>\n<\/table>\n<!-- #tablepress-56 from cache -->\n<span><span><a href=\"https:\/\/www.skagentraad.dk\/en\/\">Home<\/a><\/span><\/span>","protected":false},"excerpt":{"rendered":"<p>DryFix renoveringsbinder bruges til at afhj\u00e6lpe og stabilisere murv\u00e6rk.<\/p>\n<p>Denne murbinder er ekstrem str\u00e6k grundet dens udformning, og derudover er den meget let at montere.<\/p>\n<p>Til montage af DryFix renoveringsbinderen benyttes et specielt stykke v\u00e6rkt\u00f8j samt et bor. Begge ses p\u00e5 billederne.<\/p>","protected":false},"featured_media":3798,"template":"","meta":[],"product_cat":[134,57],"product_tag":[],"yoast_head":"<!-- This site is optimized with the Yoast SEO plugin v19.13 - https:\/\/yoast.com\/wordpress\/plugins\/seo\/ -->\n<title>DryFix renoveringsbinder - Skagen Tr\u00e5dindustri<\/title>\n<meta name=\"description\" content=\"Skagen Tr\u00e5dindustri lagerf\u00f8rer denne DryFix renoveringsbinder. Denne murbinder bruges blandt andet til at afhj\u00e6lpe og renovere murv\u00e6rk.\" \/>\n<meta name=\"robots\" content=\"index, follow, max-snippet:-1, max-image-preview:large, max-video-preview:-1\" \/>\n<link rel=\"canonical\" href=\"https:\/\/www.skagentraad.dk\/en\/product\/dryfix-renoveringsbinder\/\" \/>\n<meta property=\"og:locale\" content=\"en_GB\" \/>\n<meta property=\"og:type\" content=\"article\" \/>\n<meta property=\"og:title\" content=\"DryFix renoveringsbinder - Skagen Tr\u00e5dindustri\" \/>\n<meta property=\"og:description\" content=\"Skagen Tr\u00e5dindustri lagerf\u00f8rer denne DryFix renoveringsbinder. Denne murbinder bruges blandt andet til at afhj\u00e6lpe og renovere murv\u00e6rk.\" \/>\n<meta property=\"og:url\" content=\"https:\/\/www.skagentraad.dk\/en\/product\/dryfix-renoveringsbinder\/\" \/>\n<meta property=\"og:site_name\" content=\"Skagen Tr\u00e5dindustri\" \/>\n<meta property=\"article:modified_time\" content=\"2023-01-27T12:01:09+00:00\" \/>\n<meta property=\"og:image\" content=\"https:\/\/www.skagentraad.dk\/wp-content\/uploads\/2021\/09\/DryFix1.jpg\" \/>\n\t<meta property=\"og:image:width\" content=\"240\" \/>\n\t<meta property=\"og:image:height\" content=\"320\" \/>\n\t<meta property=\"og:image:type\" content=\"image\/jpeg\" \/>\n<meta name=\"twitter:card\" content=\"summary_large_image\" \/>\n<meta name=\"twitter:label1\" content=\"Estimated reading time\" \/>\n\t<meta name=\"twitter:data1\" content=\"1 minute\" \/>\n<script type=\"application\/ld+json\" class=\"yoast-schema-graph\">{\"@context\":\"https:\/\/schema.org\",\"@graph\":[{\"@type\":\"WebPage\",\"@id\":\"https:\/\/www.skagentraad.dk\/product\/dryfix-renoveringsbinder\/\",\"url\":\"https:\/\/www.skagentraad.dk\/product\/dryfix-renoveringsbinder\/\",\"name\":\"DryFix renoveringsbinder - Skagen Tr\u00e5dindustri\",\"isPartOf\":{\"@id\":\"https:\/\/www.skagentraad.dk\/#website\"},\"datePublished\":\"2021-09-17T08:17:52+00:00\",\"dateModified\":\"2023-01-27T12:01:09+00:00\",\"description\":\"Skagen Tr\u00e5dindustri lagerf\u00f8rer denne DryFix renoveringsbinder. Denne murbinder bruges blandt andet til at afhj\u00e6lpe og renovere murv\u00e6rk.\",\"breadcrumb\":{\"@id\":\"https:\/\/www.skagentraad.dk\/product\/dryfix-renoveringsbinder\/#breadcrumb\"},\"inLanguage\":\"en-GB\",\"potentialAction\":[{\"@type\":\"ReadAction\",\"target\":[\"https:\/\/www.skagentraad.dk\/product\/dryfix-renoveringsbinder\/\"]}]},{\"@type\":\"BreadcrumbList\",\"@id\":\"https:\/\/www.skagentraad.dk\/product\/dryfix-renoveringsbinder\/#breadcrumb\",\"itemListElement\":[{\"@type\":\"ListItem\",\"position\":1,\"name\":\"Hjem\",\"item\":\"https:\/\/www.skagentraad.dk\/\"},{\"@type\":\"ListItem\",\"position\":2,\"name\":\"Produkter\",\"item\":\"https:\/\/www.skagentraad.dk\/produkter\/\"},{\"@type\":\"ListItem\",\"position\":3,\"name\":\"Mur\",\"item\":\"https:\/\/www.skagentraad.dk\/product-category\/mur\/\"},{\"@type\":\"ListItem\",\"position\":4,\"name\":\"DryFix renoveringsmurbinder\"}]},{\"@type\":\"WebSite\",\"@id\":\"https:\/\/www.skagentraad.dk\/#website\",\"url\":\"https:\/\/www.skagentraad.dk\/\",\"name\":\"Skagen Tr\u00e5dindustri\",\"description\":\"Leverand\u00f8r af rustfrit armeringsst\u00e5l til brug for bygge- og anl\u00e6gsbranchen\",\"publisher\":{\"@id\":\"https:\/\/www.skagentraad.dk\/#organization\"},\"potentialAction\":[{\"@type\":\"SearchAction\",\"target\":{\"@type\":\"EntryPoint\",\"urlTemplate\":\"https:\/\/www.skagentraad.dk\/?s={search_term_string}\"},\"query-input\":\"required name=search_term_string\"}],\"inLanguage\":\"en-GB\"},{\"@type\":\"Organization\",\"@id\":\"https:\/\/www.skagentraad.dk\/#organization\",\"name\":\"Skagen Tr\u00e5dindustri\",\"url\":\"https:\/\/www.skagentraad.dk\/\",\"logo\":{\"@type\":\"ImageObject\",\"inLanguage\":\"en-GB\",\"@id\":\"https:\/\/www.skagentraad.dk\/#\/schema\/logo\/image\/\",\"url\":\"https:\/\/www.skagentraad.dk\/wp-content\/uploads\/2015\/01\/logo_top.png\",\"contentUrl\":\"https:\/\/www.skagentraad.dk\/wp-content\/uploads\/2015\/01\/logo_top.png\",\"width\":350,\"height\":108,\"caption\":\"Skagen Tr\u00e5dindustri\"},\"image\":{\"@id\":\"https:\/\/www.skagentraad.dk\/#\/schema\/logo\/image\/\"}}]}<\/script>\n<!-- \/ Yoast SEO plugin. -->","yoast_head_json":{"title":"DryFix renoveringsbinder - Skagen Tr\u00e5dindustri","description":"Skagen Tr\u00e5dindustri lagerf\u00f8rer denne DryFix renoveringsbinder. Denne murbinder bruges blandt andet til at afhj\u00e6lpe og renovere murv\u00e6rk.","robots":{"index":"index","follow":"follow","max-snippet":"max-snippet:-1","max-image-preview":"max-image-preview:large","max-video-preview":"max-video-preview:-1"},"canonical":"https:\/\/www.skagentraad.dk\/en\/product\/dryfix-renoveringsbinder\/","og_locale":"en_GB","og_type":"article","og_title":"DryFix renoveringsbinder - Skagen Tr\u00e5dindustri","og_description":"Skagen Tr\u00e5dindustri lagerf\u00f8rer denne DryFix renoveringsbinder. Denne murbinder bruges blandt andet til at afhj\u00e6lpe og renovere murv\u00e6rk.","og_url":"https:\/\/www.skagentraad.dk\/en\/product\/dryfix-renoveringsbinder\/","og_site_name":"Skagen Tr\u00e5dindustri","article_modified_time":"2023-01-27T12:01:09+00:00","og_image":[{"width":240,"height":320,"url":"https:\/\/www.skagentraad.dk\/wp-content\/uploads\/2021\/09\/DryFix1.jpg","type":"image\/jpeg"}],"twitter_card":"summary_large_image","twitter_misc":{"Estimated reading time":"1 minute"},"schema":{"@context":"https:\/\/schema.org","@graph":[{"@type":"WebPage","@id":"https:\/\/www.skagentraad.dk\/product\/dryfix-renoveringsbinder\/","url":"https:\/\/www.skagentraad.dk\/product\/dryfix-renoveringsbinder\/","name":"DryFix renoveringsbinder - Skagen Tr\u00e5dindustri","isPartOf":{"@id":"https:\/\/www.skagentraad.dk\/#website"},"datePublished":"2021-09-17T08:17:52+00:00","dateModified":"2023-01-27T12:01:09+00:00","description":"Skagen Tr\u00e5dindustri lagerf\u00f8rer denne DryFix renoveringsbinder. Denne murbinder bruges blandt andet til at afhj\u00e6lpe og renovere murv\u00e6rk.","breadcrumb":{"@id":"https:\/\/www.skagentraad.dk\/product\/dryfix-renoveringsbinder\/#breadcrumb"},"inLanguage":"en-GB","potentialAction":[{"@type":"ReadAction","target":["https:\/\/www.skagentraad.dk\/product\/dryfix-renoveringsbinder\/"]}]},{"@type":"BreadcrumbList","@id":"https:\/\/www.skagentraad.dk\/product\/dryfix-renoveringsbinder\/#breadcrumb","itemListElement":[{"@type":"ListItem","position":1,"name":"Hjem","item":"https:\/\/www.skagentraad.dk\/"},{"@type":"ListItem","position":2,"name":"Produkter","item":"https:\/\/www.skagentraad.dk\/produkter\/"},{"@type":"ListItem","position":3,"name":"Mur","item":"https:\/\/www.skagentraad.dk\/product-category\/mur\/"},{"@type":"ListItem","position":4,"name":"DryFix renoveringsmurbinder"}]},{"@type":"WebSite","@id":"https:\/\/www.skagentraad.dk\/#website","url":"https:\/\/www.skagentraad.dk\/","name":"Skagen Tr\u00e5dindustri","description":"Supplier of stainless reinforcing steel to the construction industry","publisher":{"@id":"https:\/\/www.skagentraad.dk\/#organization"},"potentialAction":[{"@type":"SearchAction","target":{"@type":"EntryPoint","urlTemplate":"https:\/\/www.skagentraad.dk\/?s={search_term_string}"},"query-input":"required name=search_term_string"}],"inLanguage":"en-GB"},{"@type":"Organization","@id":"https:\/\/www.skagentraad.dk\/#organization","name":"Skagen Tr\u00e5dindustri","url":"https:\/\/www.skagentraad.dk\/","logo":{"@type":"ImageObject","inLanguage":"en-GB","@id":"https:\/\/www.skagentraad.dk\/#\/schema\/logo\/image\/","url":"https:\/\/www.skagentraad.dk\/wp-content\/uploads\/2015\/01\/logo_top.png","contentUrl":"https:\/\/www.skagentraad.dk\/wp-content\/uploads\/2015\/01\/logo_top.png","width":350,"height":108,"caption":"Skagen Tr\u00e5dindustri"},"image":{"@id":"https:\/\/www.skagentraad.dk\/#\/schema\/logo\/image\/"}}]}},"_links":{"self":[{"href":"https:\/\/www.skagentraad.dk\/en\/wp-json\/wp\/v2\/product\/3794"}],"collection":[{"href":"https:\/\/www.skagentraad.dk\/en\/wp-json\/wp\/v2\/product"}],"about":[{"href":"https:\/\/www.skagentraad.dk\/en\/wp-json\/wp\/v2\/types\/product"}],"wp:featuredmedia":[{"embeddable":true,"href":"https:\/\/www.skagentraad.dk\/en\/wp-json\/wp\/v2\/media\/3798"}],"wp:attachment":[{"href":"https:\/\/www.skagentraad.dk\/en\/wp-json\/wp\/v2\/media?parent=3794"}],"wp:term":[{"taxonomy":"product_cat","embeddable":true,"href":"https:\/\/www.skagentraad.dk\/en\/wp-json\/wp\/v2\/product_cat?post=3794"},{"taxonomy":"product_tag","embeddable":true,"href":"https:\/\/www.skagentraad.dk\/en\/wp-json\/wp\/v2\/product_tag?post=3794"}],"curies":[{"name":"wp","href":"https:\/\/api.w.org\/{rel}","templated":true}]}}