{"id":4072,"date":"2024-05-07T12:46:27","date_gmt":"2024-05-07T11:46:27","guid":{"rendered":"https:\/\/www.skagentraad.dk\/?post_type=product&#038;p=4072"},"modified":"2025-06-10T08:26:08","modified_gmt":"2025-06-10T07:26:08","slug":"armeringsnet-rustfri","status":"publish","type":"product","link":"https:\/\/www.skagentraad.dk\/en\/product\/armeringsnet-rustfri\/","title":{"rendered":"ST Armeringsnet &#8211; Rustfrie syrefaste"},"content":{"rendered":"<p>Skagen Tr\u00e5dindustri er lagerf\u00f8rende i rustfri armeringsnet i en syrefast kvalitet.<\/p>\n<p>Material:<br \/>\n1.4362<\/p>\n<p>St\u00f8rrelser:<br \/>\n5000x2150mm.<\/p>\n<p>Maskest\u00f8rrelser:<br \/>\n\u00d83 &#8211; 50&#215;50<br \/>\n\u00d84 &#8211; 50&#215;50, 75&#215;75<br \/>\n\u00d86 &#8211; 50&#215;50, 100&#215;100, 150&#215;150<br \/>\n\u00d88 &#8211; 100&#215;100<\/p>","protected":false},"excerpt":{"rendered":"<p>Skagen Tr\u00e5dindustri er lagerf\u00f8rende i rustfri armeringsnet i en syrefast kvalitet. Kvalitet: 1.4362 St\u00f8rrelser: 5000x2150mm. Maskest\u00f8rrelser: \u00d83 &#8211; 50&#215;50 \u00d84 &#8211; 50&#215;50, 75&#215;75 \u00d86 &#8211; 50&#215;50, 100&#215;100, 150&#215;150 \u00d88 &#8211; 100&#215;100<\/p>","protected":false},"featured_media":4070,"template":"","meta":[],"product_cat":[136,64],"product_tag":[],"yoast_head":"<!-- This site is optimized with the Yoast SEO plugin v19.13 - https:\/\/yoast.com\/wordpress\/plugins\/seo\/ -->\n<title>ST Armeringsnet - Rustfrie syrefaste - Skagen Tr\u00e5dindustri<\/title>\n<meta name=\"description\" content=\"Skagen Tr\u00e5dindustri er lagerf\u00f8rende i rustfri armeringsnet i syrefast kvalitet til favorable priser. Armeringsnet findes med forskellige maskest\u00f8rrelser.\" \/>\n<meta name=\"robots\" content=\"index, follow, max-snippet:-1, max-image-preview:large, max-video-preview:-1\" \/>\n<link rel=\"canonical\" href=\"https:\/\/www.skagentraad.dk\/en\/product\/armeringsnet-rustfri\/\" \/>\n<meta property=\"og:locale\" content=\"en_GB\" \/>\n<meta property=\"og:type\" content=\"article\" \/>\n<meta property=\"og:title\" content=\"ST Armeringsnet - Rustfrie syrefaste - Skagen Tr\u00e5dindustri\" \/>\n<meta property=\"og:description\" content=\"Skagen Tr\u00e5dindustri er lagerf\u00f8rende i rustfri armeringsnet i syrefast kvalitet til favorable priser. Armeringsnet findes med forskellige maskest\u00f8rrelser.\" \/>\n<meta property=\"og:url\" content=\"https:\/\/www.skagentraad.dk\/en\/product\/armeringsnet-rustfri\/\" \/>\n<meta property=\"og:site_name\" content=\"Skagen Tr\u00e5dindustri\" \/>\n<meta property=\"article:modified_time\" content=\"2025-06-10T07:26:08+00:00\" \/>\n<meta property=\"og:image\" content=\"https:\/\/www.skagentraad.dk\/wp-content\/uploads\/2024\/05\/Rustfrie-armeringsnet-scaled.jpg\" \/>\n\t<meta property=\"og:image:width\" content=\"1920\" \/>\n\t<meta property=\"og:image:height\" content=\"2560\" \/>\n\t<meta property=\"og:image:type\" content=\"image\/jpeg\" \/>\n<meta name=\"twitter:card\" content=\"summary_large_image\" \/>\n<meta name=\"twitter:label1\" content=\"Estimated reading time\" \/>\n\t<meta name=\"twitter:data1\" content=\"1 minute\" \/>\n<script type=\"application\/ld+json\" class=\"yoast-schema-graph\">{\"@context\":\"https:\/\/schema.org\",\"@graph\":[{\"@type\":\"WebPage\",\"@id\":\"https:\/\/www.skagentraad.dk\/product\/armeringsnet-rustfri\/\",\"url\":\"https:\/\/www.skagentraad.dk\/product\/armeringsnet-rustfri\/\",\"name\":\"ST Armeringsnet - Rustfrie syrefaste - Skagen Tr\u00e5dindustri\",\"isPartOf\":{\"@id\":\"https:\/\/www.skagentraad.dk\/#website\"},\"datePublished\":\"2024-05-07T11:46:27+00:00\",\"dateModified\":\"2025-06-10T07:26:08+00:00\",\"description\":\"Skagen Tr\u00e5dindustri er lagerf\u00f8rende i rustfri armeringsnet i syrefast kvalitet til favorable priser. Armeringsnet findes med forskellige maskest\u00f8rrelser.\",\"breadcrumb\":{\"@id\":\"https:\/\/www.skagentraad.dk\/product\/armeringsnet-rustfri\/#breadcrumb\"},\"inLanguage\":\"en-GB\",\"potentialAction\":[{\"@type\":\"ReadAction\",\"target\":[\"https:\/\/www.skagentraad.dk\/product\/armeringsnet-rustfri\/\"]}]},{\"@type\":\"BreadcrumbList\",\"@id\":\"https:\/\/www.skagentraad.dk\/product\/armeringsnet-rustfri\/#breadcrumb\",\"itemListElement\":[{\"@type\":\"ListItem\",\"position\":1,\"name\":\"Hjem\",\"item\":\"https:\/\/www.skagentraad.dk\/\"},{\"@type\":\"ListItem\",\"position\":2,\"name\":\"Produkter\",\"item\":\"https:\/\/www.skagentraad.dk\/produkter\/\"},{\"@type\":\"ListItem\",\"position\":3,\"name\":\"Armeringsst\u00e5l\",\"item\":\"https:\/\/www.skagentraad.dk\/en\/product-category\/armeringsstaal\/\"},{\"@type\":\"ListItem\",\"position\":4,\"name\":\"ST Armeringsnet &#8211; Rustfrie syrefaste\"}]},{\"@type\":\"WebSite\",\"@id\":\"https:\/\/www.skagentraad.dk\/#website\",\"url\":\"https:\/\/www.skagentraad.dk\/\",\"name\":\"Skagen Tr\u00e5dindustri\",\"description\":\"Leverand\u00f8r af rustfrit armeringsst\u00e5l til brug for bygge- og anl\u00e6gsbranchen\",\"publisher\":{\"@id\":\"https:\/\/www.skagentraad.dk\/#organization\"},\"potentialAction\":[{\"@type\":\"SearchAction\",\"target\":{\"@type\":\"EntryPoint\",\"urlTemplate\":\"https:\/\/www.skagentraad.dk\/?s={search_term_string}\"},\"query-input\":\"required name=search_term_string\"}],\"inLanguage\":\"en-GB\"},{\"@type\":\"Organization\",\"@id\":\"https:\/\/www.skagentraad.dk\/#organization\",\"name\":\"Skagen Tr\u00e5dindustri\",\"url\":\"https:\/\/www.skagentraad.dk\/\",\"logo\":{\"@type\":\"ImageObject\",\"inLanguage\":\"en-GB\",\"@id\":\"https:\/\/www.skagentraad.dk\/#\/schema\/logo\/image\/\",\"url\":\"https:\/\/www.skagentraad.dk\/wp-content\/uploads\/2015\/01\/logo_top.png\",\"contentUrl\":\"https:\/\/www.skagentraad.dk\/wp-content\/uploads\/2015\/01\/logo_top.png\",\"width\":350,\"height\":108,\"caption\":\"Skagen Tr\u00e5dindustri\"},\"image\":{\"@id\":\"https:\/\/www.skagentraad.dk\/#\/schema\/logo\/image\/\"}}]}<\/script>\n<!-- \/ Yoast SEO plugin. -->","yoast_head_json":{"title":"ST Armeringsnet - Rustfrie syrefaste - Skagen Tr\u00e5dindustri","description":"Skagen Tr\u00e5dindustri er lagerf\u00f8rende i rustfri armeringsnet i syrefast kvalitet til favorable priser. Armeringsnet findes med forskellige maskest\u00f8rrelser.","robots":{"index":"index","follow":"follow","max-snippet":"max-snippet:-1","max-image-preview":"max-image-preview:large","max-video-preview":"max-video-preview:-1"},"canonical":"https:\/\/www.skagentraad.dk\/en\/product\/armeringsnet-rustfri\/","og_locale":"en_GB","og_type":"article","og_title":"ST Armeringsnet - Rustfrie syrefaste - Skagen Tr\u00e5dindustri","og_description":"Skagen Tr\u00e5dindustri er lagerf\u00f8rende i rustfri armeringsnet i syrefast kvalitet til favorable priser. Armeringsnet findes med forskellige maskest\u00f8rrelser.","og_url":"https:\/\/www.skagentraad.dk\/en\/product\/armeringsnet-rustfri\/","og_site_name":"Skagen Tr\u00e5dindustri","article_modified_time":"2025-06-10T07:26:08+00:00","og_image":[{"width":1920,"height":2560,"url":"https:\/\/www.skagentraad.dk\/wp-content\/uploads\/2024\/05\/Rustfrie-armeringsnet-scaled.jpg","type":"image\/jpeg"}],"twitter_card":"summary_large_image","twitter_misc":{"Estimated reading time":"1 minute"},"schema":{"@context":"https:\/\/schema.org","@graph":[{"@type":"WebPage","@id":"https:\/\/www.skagentraad.dk\/product\/armeringsnet-rustfri\/","url":"https:\/\/www.skagentraad.dk\/product\/armeringsnet-rustfri\/","name":"ST Armeringsnet - Rustfrie syrefaste - Skagen Tr\u00e5dindustri","isPartOf":{"@id":"https:\/\/www.skagentraad.dk\/#website"},"datePublished":"2024-05-07T11:46:27+00:00","dateModified":"2025-06-10T07:26:08+00:00","description":"Skagen Tr\u00e5dindustri er lagerf\u00f8rende i rustfri armeringsnet i syrefast kvalitet til favorable priser. Armeringsnet findes med forskellige maskest\u00f8rrelser.","breadcrumb":{"@id":"https:\/\/www.skagentraad.dk\/product\/armeringsnet-rustfri\/#breadcrumb"},"inLanguage":"en-GB","potentialAction":[{"@type":"ReadAction","target":["https:\/\/www.skagentraad.dk\/product\/armeringsnet-rustfri\/"]}]},{"@type":"BreadcrumbList","@id":"https:\/\/www.skagentraad.dk\/product\/armeringsnet-rustfri\/#breadcrumb","itemListElement":[{"@type":"ListItem","position":1,"name":"Hjem","item":"https:\/\/www.skagentraad.dk\/"},{"@type":"ListItem","position":2,"name":"Produkter","item":"https:\/\/www.skagentraad.dk\/produkter\/"},{"@type":"ListItem","position":3,"name":"Armeringsst\u00e5l","item":"https:\/\/www.skagentraad.dk\/en\/product-category\/armeringsstaal\/"},{"@type":"ListItem","position":4,"name":"ST Armeringsnet &#8211; Rustfrie syrefaste"}]},{"@type":"WebSite","@id":"https:\/\/www.skagentraad.dk\/#website","url":"https:\/\/www.skagentraad.dk\/","name":"Skagen Tr\u00e5dindustri","description":"Supplier of stainless reinforcing steel to the construction industry","publisher":{"@id":"https:\/\/www.skagentraad.dk\/#organization"},"potentialAction":[{"@type":"SearchAction","target":{"@type":"EntryPoint","urlTemplate":"https:\/\/www.skagentraad.dk\/?s={search_term_string}"},"query-input":"required name=search_term_string"}],"inLanguage":"en-GB"},{"@type":"Organization","@id":"https:\/\/www.skagentraad.dk\/#organization","name":"Skagen Tr\u00e5dindustri","url":"https:\/\/www.skagentraad.dk\/","logo":{"@type":"ImageObject","inLanguage":"en-GB","@id":"https:\/\/www.skagentraad.dk\/#\/schema\/logo\/image\/","url":"https:\/\/www.skagentraad.dk\/wp-content\/uploads\/2015\/01\/logo_top.png","contentUrl":"https:\/\/www.skagentraad.dk\/wp-content\/uploads\/2015\/01\/logo_top.png","width":350,"height":108,"caption":"Skagen Tr\u00e5dindustri"},"image":{"@id":"https:\/\/www.skagentraad.dk\/#\/schema\/logo\/image\/"}}]}},"_links":{"self":[{"href":"https:\/\/www.skagentraad.dk\/en\/wp-json\/wp\/v2\/product\/4072"}],"collection":[{"href":"https:\/\/www.skagentraad.dk\/en\/wp-json\/wp\/v2\/product"}],"about":[{"href":"https:\/\/www.skagentraad.dk\/en\/wp-json\/wp\/v2\/types\/product"}],"wp:featuredmedia":[{"embeddable":true,"href":"https:\/\/www.skagentraad.dk\/en\/wp-json\/wp\/v2\/media\/4070"}],"wp:attachment":[{"href":"https:\/\/www.skagentraad.dk\/en\/wp-json\/wp\/v2\/media?parent=4072"}],"wp:term":[{"taxonomy":"product_cat","embeddable":true,"href":"https:\/\/www.skagentraad.dk\/en\/wp-json\/wp\/v2\/product_cat?post=4072"},{"taxonomy":"product_tag","embeddable":true,"href":"https:\/\/www.skagentraad.dk\/en\/wp-json\/wp\/v2\/product_tag?post=4072"}],"curies":[{"name":"wp","href":"https:\/\/api.w.org\/{rel}","templated":true}]}}